{"id":6974,"date":"2026-05-06T09:50:01","date_gmt":"2026-05-06T09:50:01","guid":{"rendered":"https:\/\/suveleht.ee\/?post_type=product&#038;p=6974"},"modified":"2026-05-06T10:27:39","modified_gmt":"2026-05-06T10:27:39","slug":"west-548m2","status":"publish","type":"product","link":"https:\/\/suveleht.ee\/en\/toode\/west-548m2\/","title":{"rendered":"West 5,48m2"},"content":{"rendered":"","protected":false},"excerpt":{"rendered":"<p>* TASUTA TRANSPORT<br \/>\n* Garantii 2 aastat<br \/>\nMajakomplektis on seinadetailid, katusetalad, katuselauad, p\u00f5randalauad, immutatud alusraam, liistud, avat\u00e4ited ja kinnitusvahendid (kruvid, naelad jms). Katusekate ei kuulu komplekti.<\/p>\n<p>Ehitus: Tuuletapiga nurga\u00fchendus<br \/>\nSeina paksus 28 mm:<br \/>\nP\u00f5randa pindala: 5,48 m2<br \/>\nHarja k\u00f5rgus: 241 cm<br \/>\nSeina k\u00f5rgus: 205 cm<br \/>\nKatuse \u00fcleulatus eest: 21 cm<br \/>\nKatuse pindala: 8,25 m2<br \/>\nKatusekalle: 15\u00b0<br \/>\nUks: 1 x 149,4 x 173,6 cm<br \/>\nAken: 2 x 52,5 x 156 cm<br \/>\nP\u00f5randalauad: 15 x 90 mm<br \/>\nKatuselauad: 15 x 90 mm<br \/>\nImmutatud alusraam: 45 x 45 mm<br \/>\nPakend: 330 x 118 x 66 cm 560 kg<\/p>\n","protected":false},"featured_media":6975,"template":"","meta":{"inline_featured_image":false},"product_brand":[],"product_cat":[45],"product_tag":[],"class_list":{"0":"post-6974","1":"product","2":"type-product","3":"status-publish","4":"has-post-thumbnail","6":"product_cat-aiamajad","8":"first","9":"instock","10":"sale","11":"taxable","12":"shipping-taxable","13":"purchasable","14":"product-type-simple"},"yoast_head":"<!-- This site is optimized with the Yoast SEO plugin v27.5 - https:\/\/yoast.com\/product\/yoast-seo-wordpress\/ -->\n<title>West 5,48m2 - Suveleht<\/title>\n<meta name=\"robots\" content=\"index, follow, max-snippet:-1, max-image-preview:large, max-video-preview:-1\" \/>\n<link rel=\"canonical\" href=\"https:\/\/suveleht.ee\/toode\/west-548m2\/\" \/>\n<meta property=\"og:locale\" content=\"en_US\" \/>\n<meta property=\"og:type\" content=\"article\" \/>\n<meta property=\"og:title\" content=\"West 5,48m2 - Suveleht\" \/>\n<meta property=\"og:description\" content=\"* TASUTA TRANSPORT * Garantii 2 aastat Majakomplektis on seinadetailid, katusetalad, katuselauad, p\u00f5randalauad, immutatud alusraam, liistud, avat\u00e4ited ja kinnitusvahendid (kruvid, naelad jms). Katusekate ei kuulu komplekti.  Ehitus: Tuuletapiga nurga\u00fchendus Seina paksus 28 mm: P\u00f5randa pindala: 5,48 m2 Harja k\u00f5rgus: 241 cm Seina k\u00f5rgus: 205 cm Katuse \u00fcleulatus eest: 21 cm Katuse pindala: 8,25 m2 Katusekalle: 15\u00b0 Uks: 1 x 149,4 x 173,6 cm  Aken: 2 x 52,5 x 156 cm P\u00f5randalauad: 15 x 90 mm Katuselauad: 15 x 90 mm Immutatud alusraam: 45 x 45 mm Pakend: 330 x 118 x 66 cm 560 kg\" \/>\n<meta property=\"og:url\" content=\"https:\/\/suveleht.ee\/toode\/west-548m2\/\" \/>\n<meta property=\"og:site_name\" content=\"Suveleht\" \/>\n<meta property=\"article:modified_time\" content=\"2026-05-06T10:27:39+00:00\" \/>\n<meta property=\"og:image\" content=\"http:\/\/suveleht.ee\/wp-content\/uploads\/2026\/05\/WEST-taust-1024x682.png\" \/>\n\t<meta property=\"og:image:width\" content=\"1024\" \/>\n\t<meta property=\"og:image:height\" content=\"682\" \/>\n\t<meta property=\"og:image:type\" content=\"image\/png\" \/>\n<meta name=\"twitter:card\" content=\"summary_large_image\" \/>\n<meta name=\"twitter:label1\" content=\"Est. reading time\" \/>\n\t<meta name=\"twitter:data1\" content=\"1 minute\" \/>\n<script type=\"application\/ld+json\" class=\"yoast-schema-graph\">{\"@context\":\"https:\\\/\\\/schema.org\",\"@graph\":[{\"@type\":\"WebPage\",\"@id\":\"https:\\\/\\\/suveleht.ee\\\/toode\\\/west-548m2\\\/\",\"url\":\"https:\\\/\\\/suveleht.ee\\\/toode\\\/west-548m2\\\/\",\"name\":\"West 5,48m2 - Suveleht\",\"isPartOf\":{\"@id\":\"https:\\\/\\\/suveleht.ee\\\/#website\"},\"primaryImageOfPage\":{\"@id\":\"https:\\\/\\\/suveleht.ee\\\/toode\\\/west-548m2\\\/#primaryimage\"},\"image\":{\"@id\":\"https:\\\/\\\/suveleht.ee\\\/toode\\\/west-548m2\\\/#primaryimage\"},\"thumbnailUrl\":\"https:\\\/\\\/suveleht.ee\\\/wp-content\\\/uploads\\\/2026\\\/05\\\/WEST-taust.png\",\"datePublished\":\"2026-05-06T09:50:01+00:00\",\"dateModified\":\"2026-05-06T10:27:39+00:00\",\"breadcrumb\":{\"@id\":\"https:\\\/\\\/suveleht.ee\\\/toode\\\/west-548m2\\\/#breadcrumb\"},\"inLanguage\":\"en-US\",\"potentialAction\":[{\"@type\":\"ReadAction\",\"target\":[\"https:\\\/\\\/suveleht.ee\\\/toode\\\/west-548m2\\\/\"]}]},{\"@type\":\"ImageObject\",\"inLanguage\":\"en-US\",\"@id\":\"https:\\\/\\\/suveleht.ee\\\/toode\\\/west-548m2\\\/#primaryimage\",\"url\":\"https:\\\/\\\/suveleht.ee\\\/wp-content\\\/uploads\\\/2026\\\/05\\\/WEST-taust.png\",\"contentUrl\":\"https:\\\/\\\/suveleht.ee\\\/wp-content\\\/uploads\\\/2026\\\/05\\\/WEST-taust.png\",\"width\":1264,\"height\":842},{\"@type\":\"BreadcrumbList\",\"@id\":\"https:\\\/\\\/suveleht.ee\\\/toode\\\/west-548m2\\\/#breadcrumb\",\"itemListElement\":[{\"@type\":\"ListItem\",\"position\":1,\"name\":\"Home\",\"item\":\"https:\\\/\\\/suveleht.ee\\\/\"},{\"@type\":\"ListItem\",\"position\":2,\"name\":\"Tooted\",\"item\":\"https:\\\/\\\/suveleht.ee\\\/tooted\\\/\"},{\"@type\":\"ListItem\",\"position\":3,\"name\":\"West 5,48m2\"}]},{\"@type\":\"WebSite\",\"@id\":\"https:\\\/\\\/suveleht.ee\\\/#website\",\"url\":\"https:\\\/\\\/suveleht.ee\\\/\",\"name\":\"Suveleht\",\"description\":\"Eestis toodetud aiamajad, m\u00e4nguv\u00e4ljakud ja k\u00fcmblust\u00fcnnid\",\"potentialAction\":[{\"@type\":\"SearchAction\",\"target\":{\"@type\":\"EntryPoint\",\"urlTemplate\":\"https:\\\/\\\/suveleht.ee\\\/?s={search_term_string}\"},\"query-input\":{\"@type\":\"PropertyValueSpecification\",\"valueRequired\":true,\"valueName\":\"search_term_string\"}}],\"inLanguage\":\"en-US\"}]}<\/script>\n<!-- \/ Yoast SEO plugin. -->","yoast_head_json":{"title":"West 5,48m2 - Suveleht","robots":{"index":"index","follow":"follow","max-snippet":"max-snippet:-1","max-image-preview":"max-image-preview:large","max-video-preview":"max-video-preview:-1"},"canonical":"https:\/\/suveleht.ee\/toode\/west-548m2\/","og_locale":"en_US","og_type":"article","og_title":"West 5,48m2 - Suveleht","og_description":"* TASUTA TRANSPORT * Garantii 2 aastat Majakomplektis on seinadetailid, katusetalad, katuselauad, p\u00f5randalauad, immutatud alusraam, liistud, avat\u00e4ited ja kinnitusvahendid (kruvid, naelad jms). Katusekate ei kuulu komplekti.  Ehitus: Tuuletapiga nurga\u00fchendus Seina paksus 28 mm: P\u00f5randa pindala: 5,48 m2 Harja k\u00f5rgus: 241 cm Seina k\u00f5rgus: 205 cm Katuse \u00fcleulatus eest: 21 cm Katuse pindala: 8,25 m2 Katusekalle: 15\u00b0 Uks: 1 x 149,4 x 173,6 cm  Aken: 2 x 52,5 x 156 cm P\u00f5randalauad: 15 x 90 mm Katuselauad: 15 x 90 mm Immutatud alusraam: 45 x 45 mm Pakend: 330 x 118 x 66 cm 560 kg","og_url":"https:\/\/suveleht.ee\/toode\/west-548m2\/","og_site_name":"Suveleht","article_modified_time":"2026-05-06T10:27:39+00:00","og_image":[{"width":1024,"height":682,"url":"http:\/\/suveleht.ee\/wp-content\/uploads\/2026\/05\/WEST-taust-1024x682.png","type":"image\/png"}],"twitter_card":"summary_large_image","twitter_misc":{"Est. reading time":"1 minute"},"schema":{"@context":"https:\/\/schema.org","@graph":[{"@type":"WebPage","@id":"https:\/\/suveleht.ee\/toode\/west-548m2\/","url":"https:\/\/suveleht.ee\/toode\/west-548m2\/","name":"West 5,48m2 - Suveleht","isPartOf":{"@id":"https:\/\/suveleht.ee\/#website"},"primaryImageOfPage":{"@id":"https:\/\/suveleht.ee\/toode\/west-548m2\/#primaryimage"},"image":{"@id":"https:\/\/suveleht.ee\/toode\/west-548m2\/#primaryimage"},"thumbnailUrl":"https:\/\/suveleht.ee\/wp-content\/uploads\/2026\/05\/WEST-taust.png","datePublished":"2026-05-06T09:50:01+00:00","dateModified":"2026-05-06T10:27:39+00:00","breadcrumb":{"@id":"https:\/\/suveleht.ee\/toode\/west-548m2\/#breadcrumb"},"inLanguage":"en-US","potentialAction":[{"@type":"ReadAction","target":["https:\/\/suveleht.ee\/toode\/west-548m2\/"]}]},{"@type":"ImageObject","inLanguage":"en-US","@id":"https:\/\/suveleht.ee\/toode\/west-548m2\/#primaryimage","url":"https:\/\/suveleht.ee\/wp-content\/uploads\/2026\/05\/WEST-taust.png","contentUrl":"https:\/\/suveleht.ee\/wp-content\/uploads\/2026\/05\/WEST-taust.png","width":1264,"height":842},{"@type":"BreadcrumbList","@id":"https:\/\/suveleht.ee\/toode\/west-548m2\/#breadcrumb","itemListElement":[{"@type":"ListItem","position":1,"name":"Home","item":"https:\/\/suveleht.ee\/"},{"@type":"ListItem","position":2,"name":"Tooted","item":"https:\/\/suveleht.ee\/tooted\/"},{"@type":"ListItem","position":3,"name":"West 5,48m2"}]},{"@type":"WebSite","@id":"https:\/\/suveleht.ee\/#website","url":"https:\/\/suveleht.ee\/","name":"Suveleht","description":"Eestis toodetud aiamajad, m\u00e4nguv\u00e4ljakud ja k\u00fcmblust\u00fcnnid","potentialAction":[{"@type":"SearchAction","target":{"@type":"EntryPoint","urlTemplate":"https:\/\/suveleht.ee\/?s={search_term_string}"},"query-input":{"@type":"PropertyValueSpecification","valueRequired":true,"valueName":"search_term_string"}}],"inLanguage":"en-US"}]}},"_links":{"self":[{"href":"https:\/\/suveleht.ee\/en\/wp-json\/wp\/v2\/product\/6974","targetHints":{"allow":["GET"]}}],"collection":[{"href":"https:\/\/suveleht.ee\/en\/wp-json\/wp\/v2\/product"}],"about":[{"href":"https:\/\/suveleht.ee\/en\/wp-json\/wp\/v2\/types\/product"}],"wp:featuredmedia":[{"embeddable":true,"href":"https:\/\/suveleht.ee\/en\/wp-json\/wp\/v2\/media\/6975"}],"wp:attachment":[{"href":"https:\/\/suveleht.ee\/en\/wp-json\/wp\/v2\/media?parent=6974"}],"wp:term":[{"taxonomy":"product_brand","embeddable":true,"href":"https:\/\/suveleht.ee\/en\/wp-json\/wp\/v2\/product_brand?post=6974"},{"taxonomy":"product_cat","embeddable":true,"href":"https:\/\/suveleht.ee\/en\/wp-json\/wp\/v2\/product_cat?post=6974"},{"taxonomy":"product_tag","embeddable":true,"href":"https:\/\/suveleht.ee\/en\/wp-json\/wp\/v2\/product_tag?post=6974"}],"curies":[{"name":"wp","href":"https:\/\/api.w.org\/{rel}","templated":true}]}}