{"id":6936,"date":"2026-02-12T11:39:05","date_gmt":"2026-02-12T11:39:05","guid":{"rendered":"https:\/\/suveleht.ee\/?post_type=product&#038;p=6936"},"modified":"2026-02-12T11:39:05","modified_gmt":"2026-02-12T11:39:05","slug":"hedwig-136m2","status":"publish","type":"product","link":"https:\/\/suveleht.ee\/en\/toode\/hedwig-136m2\/","title":{"rendered":"Hedwig 13,6m2"},"content":{"rendered":"","protected":false},"excerpt":{"rendered":"<p>\u2022\tTASUTA TRANSPORT<br \/>\n\u2022\t5 AASTAT GARANTII<\/p>\n<p>Komplekt sisaldab k\u00f5iki paigaldamiseks vajaminevaid detaile: seinadetailid tuulet\u00f5kkekilega, katus ja p\u00f5rand punni ja soonega laudadest, kastetud vundamendiprussid, peensaetud v\u00e4lislaadis, metallist veeliist, uksed ja aknad tihendid, kinnitusvahendid.<br \/>\nKatusekattematerjal standardkomplekti ei kuulu.<\/p>\n<p>Ehitus: seinaelement<br \/>\nPindala: 13,6 m2<br \/>\nRuumala: 35,2m3<br \/>\nSeina paksus: 18 mm<br \/>\nKoguk\u00f5rgus: 297 cm<br \/>\nSeina k\u00f5rgus: 203 cm<br \/>\nKatuse \u00fcleulatuvus: 24 cm<br \/>\nKatuse pindala: 19,5 m2<br \/>\nKatusekalle: 20\u00b0<br \/>\nKatuselauad: 19 mm<br \/>\nP\u00f5radalaud: 19 mm<br \/>\nUkseava: 78&#215;191 cm<br \/>\nAkaava: 53&#215;82 cm<br \/>\nPakend: 6,2&#215;1,2&#215;1,0 m  1080kg<\/p>\n","protected":false},"featured_media":6937,"template":"","meta":{"inline_featured_image":false},"product_brand":[],"product_cat":[45],"product_tag":[],"class_list":{"0":"post-6936","1":"product","2":"type-product","3":"status-publish","4":"has-post-thumbnail","6":"product_cat-aiamajad","8":"first","9":"instock","10":"taxable","11":"shipping-taxable","12":"purchasable","13":"product-type-simple"},"yoast_head":"<!-- This site is optimized with the Yoast SEO plugin v27.3 - https:\/\/yoast.com\/product\/yoast-seo-wordpress\/ -->\n<title>Hedwig 13,6m2 - Suveleht<\/title>\n<meta name=\"robots\" content=\"index, follow, max-snippet:-1, max-image-preview:large, max-video-preview:-1\" \/>\n<link rel=\"canonical\" href=\"https:\/\/suveleht.ee\/toode\/hedwig-136m2\/\" \/>\n<meta property=\"og:locale\" content=\"en_US\" \/>\n<meta property=\"og:type\" content=\"article\" \/>\n<meta property=\"og:title\" content=\"Hedwig 13,6m2 - Suveleht\" \/>\n<meta property=\"og:description\" content=\"\u2022 TASUTA TRANSPORT \u2022 5 AASTAT GARANTII  Komplekt sisaldab k\u00f5iki paigaldamiseks vajaminevaid detaile: seinadetailid tuulet\u00f5kkekilega, katus ja p\u00f5rand punni ja soonega laudadest, kastetud vundamendiprussid, peensaetud v\u00e4lislaadis, metallist veeliist, uksed ja aknad tihendid, kinnitusvahendid. Katusekattematerjal standardkomplekti ei kuulu.  Ehitus: seinaelement Pindala: 13,6 m2 Ruumala: 35,2m3 Seina paksus: 18 mm Koguk\u00f5rgus: 297 cm Seina k\u00f5rgus: 203 cm Katuse \u00fcleulatuvus: 24 cm Katuse pindala: 19,5 m2 Katusekalle: 20\u00b0 Katuselauad: 19 mm P\u00f5radalaud: 19 mm Ukseava: 78x191 cm  Akaava: 53x82 cm Pakend: 6,2x1,2x1,0 m 1080kg\" \/>\n<meta property=\"og:url\" content=\"https:\/\/suveleht.ee\/toode\/hedwig-136m2\/\" \/>\n<meta property=\"og:site_name\" content=\"Suveleht\" \/>\n<meta property=\"og:image\" content=\"http:\/\/suveleht.ee\/wp-content\/uploads\/2026\/02\/1_Palmako_tiny_house_Hedwig_13.6_m2_NATURAL_wb.jpg\" \/>\n\t<meta property=\"og:image:width\" content=\"1200\" \/>\n\t<meta property=\"og:image:height\" content=\"900\" \/>\n\t<meta property=\"og:image:type\" content=\"image\/jpeg\" \/>\n<meta name=\"twitter:card\" content=\"summary_large_image\" \/>\n<meta name=\"twitter:label1\" content=\"Est. reading time\" \/>\n\t<meta name=\"twitter:data1\" content=\"1 minute\" \/>\n<script type=\"application\/ld+json\" class=\"yoast-schema-graph\">{\"@context\":\"https:\\\/\\\/schema.org\",\"@graph\":[{\"@type\":\"WebPage\",\"@id\":\"https:\\\/\\\/suveleht.ee\\\/toode\\\/hedwig-136m2\\\/\",\"url\":\"https:\\\/\\\/suveleht.ee\\\/toode\\\/hedwig-136m2\\\/\",\"name\":\"Hedwig 13,6m2 - Suveleht\",\"isPartOf\":{\"@id\":\"https:\\\/\\\/suveleht.ee\\\/#website\"},\"primaryImageOfPage\":{\"@id\":\"https:\\\/\\\/suveleht.ee\\\/toode\\\/hedwig-136m2\\\/#primaryimage\"},\"image\":{\"@id\":\"https:\\\/\\\/suveleht.ee\\\/toode\\\/hedwig-136m2\\\/#primaryimage\"},\"thumbnailUrl\":\"https:\\\/\\\/suveleht.ee\\\/wp-content\\\/uploads\\\/2026\\\/02\\\/1_Palmako_tiny_house_Hedwig_13.6_m2_NATURAL_wb.jpg\",\"datePublished\":\"2026-02-12T11:39:05+00:00\",\"breadcrumb\":{\"@id\":\"https:\\\/\\\/suveleht.ee\\\/toode\\\/hedwig-136m2\\\/#breadcrumb\"},\"inLanguage\":\"en-US\",\"potentialAction\":[{\"@type\":\"ReadAction\",\"target\":[\"https:\\\/\\\/suveleht.ee\\\/toode\\\/hedwig-136m2\\\/\"]}]},{\"@type\":\"ImageObject\",\"inLanguage\":\"en-US\",\"@id\":\"https:\\\/\\\/suveleht.ee\\\/toode\\\/hedwig-136m2\\\/#primaryimage\",\"url\":\"https:\\\/\\\/suveleht.ee\\\/wp-content\\\/uploads\\\/2026\\\/02\\\/1_Palmako_tiny_house_Hedwig_13.6_m2_NATURAL_wb.jpg\",\"contentUrl\":\"https:\\\/\\\/suveleht.ee\\\/wp-content\\\/uploads\\\/2026\\\/02\\\/1_Palmako_tiny_house_Hedwig_13.6_m2_NATURAL_wb.jpg\",\"width\":1200,\"height\":900},{\"@type\":\"BreadcrumbList\",\"@id\":\"https:\\\/\\\/suveleht.ee\\\/toode\\\/hedwig-136m2\\\/#breadcrumb\",\"itemListElement\":[{\"@type\":\"ListItem\",\"position\":1,\"name\":\"Home\",\"item\":\"https:\\\/\\\/suveleht.ee\\\/\"},{\"@type\":\"ListItem\",\"position\":2,\"name\":\"Tooted\",\"item\":\"https:\\\/\\\/suveleht.ee\\\/tooted\\\/\"},{\"@type\":\"ListItem\",\"position\":3,\"name\":\"Hedwig 13,6m2\"}]},{\"@type\":\"WebSite\",\"@id\":\"https:\\\/\\\/suveleht.ee\\\/#website\",\"url\":\"https:\\\/\\\/suveleht.ee\\\/\",\"name\":\"Suveleht\",\"description\":\"Eestis toodetud aiamajad, m\u00e4nguv\u00e4ljakud ja k\u00fcmblust\u00fcnnid\",\"potentialAction\":[{\"@type\":\"SearchAction\",\"target\":{\"@type\":\"EntryPoint\",\"urlTemplate\":\"https:\\\/\\\/suveleht.ee\\\/?s={search_term_string}\"},\"query-input\":{\"@type\":\"PropertyValueSpecification\",\"valueRequired\":true,\"valueName\":\"search_term_string\"}}],\"inLanguage\":\"en-US\"}]}<\/script>\n<!-- \/ Yoast SEO plugin. -->","yoast_head_json":{"title":"Hedwig 13,6m2 - Suveleht","robots":{"index":"index","follow":"follow","max-snippet":"max-snippet:-1","max-image-preview":"max-image-preview:large","max-video-preview":"max-video-preview:-1"},"canonical":"https:\/\/suveleht.ee\/toode\/hedwig-136m2\/","og_locale":"en_US","og_type":"article","og_title":"Hedwig 13,6m2 - Suveleht","og_description":"\u2022 TASUTA TRANSPORT \u2022 5 AASTAT GARANTII  Komplekt sisaldab k\u00f5iki paigaldamiseks vajaminevaid detaile: seinadetailid tuulet\u00f5kkekilega, katus ja p\u00f5rand punni ja soonega laudadest, kastetud vundamendiprussid, peensaetud v\u00e4lislaadis, metallist veeliist, uksed ja aknad tihendid, kinnitusvahendid. Katusekattematerjal standardkomplekti ei kuulu.  Ehitus: seinaelement Pindala: 13,6 m2 Ruumala: 35,2m3 Seina paksus: 18 mm Koguk\u00f5rgus: 297 cm Seina k\u00f5rgus: 203 cm Katuse \u00fcleulatuvus: 24 cm Katuse pindala: 19,5 m2 Katusekalle: 20\u00b0 Katuselauad: 19 mm P\u00f5radalaud: 19 mm Ukseava: 78x191 cm  Akaava: 53x82 cm Pakend: 6,2x1,2x1,0 m 1080kg","og_url":"https:\/\/suveleht.ee\/toode\/hedwig-136m2\/","og_site_name":"Suveleht","og_image":[{"width":1200,"height":900,"url":"http:\/\/suveleht.ee\/wp-content\/uploads\/2026\/02\/1_Palmako_tiny_house_Hedwig_13.6_m2_NATURAL_wb.jpg","type":"image\/jpeg"}],"twitter_card":"summary_large_image","twitter_misc":{"Est. reading time":"1 minute"},"schema":{"@context":"https:\/\/schema.org","@graph":[{"@type":"WebPage","@id":"https:\/\/suveleht.ee\/toode\/hedwig-136m2\/","url":"https:\/\/suveleht.ee\/toode\/hedwig-136m2\/","name":"Hedwig 13,6m2 - Suveleht","isPartOf":{"@id":"https:\/\/suveleht.ee\/#website"},"primaryImageOfPage":{"@id":"https:\/\/suveleht.ee\/toode\/hedwig-136m2\/#primaryimage"},"image":{"@id":"https:\/\/suveleht.ee\/toode\/hedwig-136m2\/#primaryimage"},"thumbnailUrl":"https:\/\/suveleht.ee\/wp-content\/uploads\/2026\/02\/1_Palmako_tiny_house_Hedwig_13.6_m2_NATURAL_wb.jpg","datePublished":"2026-02-12T11:39:05+00:00","breadcrumb":{"@id":"https:\/\/suveleht.ee\/toode\/hedwig-136m2\/#breadcrumb"},"inLanguage":"en-US","potentialAction":[{"@type":"ReadAction","target":["https:\/\/suveleht.ee\/toode\/hedwig-136m2\/"]}]},{"@type":"ImageObject","inLanguage":"en-US","@id":"https:\/\/suveleht.ee\/toode\/hedwig-136m2\/#primaryimage","url":"https:\/\/suveleht.ee\/wp-content\/uploads\/2026\/02\/1_Palmako_tiny_house_Hedwig_13.6_m2_NATURAL_wb.jpg","contentUrl":"https:\/\/suveleht.ee\/wp-content\/uploads\/2026\/02\/1_Palmako_tiny_house_Hedwig_13.6_m2_NATURAL_wb.jpg","width":1200,"height":900},{"@type":"BreadcrumbList","@id":"https:\/\/suveleht.ee\/toode\/hedwig-136m2\/#breadcrumb","itemListElement":[{"@type":"ListItem","position":1,"name":"Home","item":"https:\/\/suveleht.ee\/"},{"@type":"ListItem","position":2,"name":"Tooted","item":"https:\/\/suveleht.ee\/tooted\/"},{"@type":"ListItem","position":3,"name":"Hedwig 13,6m2"}]},{"@type":"WebSite","@id":"https:\/\/suveleht.ee\/#website","url":"https:\/\/suveleht.ee\/","name":"Suveleht","description":"Eestis toodetud aiamajad, m\u00e4nguv\u00e4ljakud ja k\u00fcmblust\u00fcnnid","potentialAction":[{"@type":"SearchAction","target":{"@type":"EntryPoint","urlTemplate":"https:\/\/suveleht.ee\/?s={search_term_string}"},"query-input":{"@type":"PropertyValueSpecification","valueRequired":true,"valueName":"search_term_string"}}],"inLanguage":"en-US"}]}},"_links":{"self":[{"href":"https:\/\/suveleht.ee\/en\/wp-json\/wp\/v2\/product\/6936","targetHints":{"allow":["GET"]}}],"collection":[{"href":"https:\/\/suveleht.ee\/en\/wp-json\/wp\/v2\/product"}],"about":[{"href":"https:\/\/suveleht.ee\/en\/wp-json\/wp\/v2\/types\/product"}],"wp:featuredmedia":[{"embeddable":true,"href":"https:\/\/suveleht.ee\/en\/wp-json\/wp\/v2\/media\/6937"}],"wp:attachment":[{"href":"https:\/\/suveleht.ee\/en\/wp-json\/wp\/v2\/media?parent=6936"}],"wp:term":[{"taxonomy":"product_brand","embeddable":true,"href":"https:\/\/suveleht.ee\/en\/wp-json\/wp\/v2\/product_brand?post=6936"},{"taxonomy":"product_cat","embeddable":true,"href":"https:\/\/suveleht.ee\/en\/wp-json\/wp\/v2\/product_cat?post=6936"},{"taxonomy":"product_tag","embeddable":true,"href":"https:\/\/suveleht.ee\/en\/wp-json\/wp\/v2\/product_tag?post=6936"}],"curies":[{"name":"wp","href":"https:\/\/api.w.org\/{rel}","templated":true}]}}