{"id":6858,"date":"2026-02-12T09:39:03","date_gmt":"2026-02-12T09:39:03","guid":{"rendered":"https:\/\/suveleht.ee\/?post_type=product&#038;p=6858"},"modified":"2026-02-12T09:39:03","modified_gmt":"2026-02-12T09:39:03","slug":"ella-69-82m2","status":"publish","type":"product","link":"https:\/\/suveleht.ee\/en\/toode\/ella-69-82m2\/","title":{"rendered":"Ella 6,9 + 8,2m2"},"content":{"rendered":"","protected":false},"excerpt":{"rendered":"<p>\u2022\tTASUTA TRANSPORT<br \/>\n\u2022\t5 AASTAT GARANTII<\/p>\n<p>Komplekt sisaldab k\u00f5iki paigaldamiseks vajaminevaid detaile: tuuletapiga seinadetailid, katus soon ja punniga laudadest, madal metalliga kaetud l\u00e4vepakk, tormiliistud, liimpuidust ukseraam, karastatud kahekordne klaas, kinnitusvahendid, silinderlukk.<br \/>\nV\u00f5imalik ehitada peegelpildis.<br \/>\nKatusekattematerjal ja p\u00f5rand standardkomplekti ei kuulu.<\/p>\n<p>Ehitus: tuuletapiga seinadetailid<br \/>\nPindala: 15,1 m2<br \/>\nRuumala: 30,8 m3<br \/>\nSeina paksus: 28 mm<br \/>\nKoguk\u00f5rgus: 214 cm<br \/>\nKatuse \u00fcleulatuvus: 20 cm<br \/>\nKatuse pindala: 18,5 m2<br \/>\nKatusekalle: 2,2\u00b0<br \/>\nKatuselauad: 19 mm<br \/>\nUkseava: 151&#215;175 cm<br \/>\nPakend: 4,5&#215;0,6&#215;0,5m 290kg<br \/>\n4,5&#215;1,2&#215;0,5m 490kg<\/p>\n","protected":false},"featured_media":6859,"template":"","meta":{"inline_featured_image":false},"product_brand":[],"product_cat":[46,47],"product_tag":[],"class_list":{"0":"post-6858","1":"product","2":"type-product","3":"status-publish","4":"has-post-thumbnail","6":"product_cat-hoiuruumid","7":"product_cat-valikoogid","9":"first","10":"instock","11":"taxable","12":"shipping-taxable","13":"purchasable","14":"product-type-simple"},"yoast_head":"<!-- This site is optimized with the Yoast SEO plugin v27.3 - https:\/\/yoast.com\/product\/yoast-seo-wordpress\/ -->\n<title>Ella 6,9 + 8,2m2 - Suveleht<\/title>\n<meta name=\"robots\" content=\"index, follow, max-snippet:-1, max-image-preview:large, max-video-preview:-1\" \/>\n<link rel=\"canonical\" href=\"https:\/\/suveleht.ee\/toode\/ella-69-82m2\/\" \/>\n<meta property=\"og:locale\" content=\"en_US\" \/>\n<meta property=\"og:type\" content=\"article\" \/>\n<meta property=\"og:title\" content=\"Ella 6,9 + 8,2m2 - Suveleht\" \/>\n<meta property=\"og:description\" content=\"\u2022 TASUTA TRANSPORT \u2022 5 AASTAT GARANTII  Komplekt sisaldab k\u00f5iki paigaldamiseks vajaminevaid detaile: tuuletapiga seinadetailid, katus soon ja punniga laudadest, madal metalliga kaetud l\u00e4vepakk, tormiliistud, liimpuidust ukseraam, karastatud kahekordne klaas, kinnitusvahendid, silinderlukk. V\u00f5imalik ehitada peegelpildis. Katusekattematerjal ja p\u00f5rand standardkomplekti ei kuulu.  Ehitus: tuuletapiga seinadetailid Pindala: 15,1 m2 Ruumala: 30,8 m3 Seina paksus: 28 mm Koguk\u00f5rgus: 214 cm Katuse \u00fcleulatuvus: 20 cm Katuse pindala: 18,5 m2 Katusekalle: 2,2\u00b0 Katuselauad: 19 mm Ukseava: 151x175 cm Pakend: 4,5x0,6x0,5m 290kg 4,5x1,2x0,5m 490kg\" \/>\n<meta property=\"og:url\" content=\"https:\/\/suveleht.ee\/toode\/ella-69-82m2\/\" \/>\n<meta property=\"og:site_name\" content=\"Suveleht\" \/>\n<meta property=\"og:image\" content=\"http:\/\/suveleht.ee\/wp-content\/uploads\/2026\/02\/1_Palmako_cabin_Ella_6.98.2_m2_NATURAL_wb.jpg\" \/>\n\t<meta property=\"og:image:width\" content=\"1200\" \/>\n\t<meta property=\"og:image:height\" content=\"900\" \/>\n\t<meta property=\"og:image:type\" content=\"image\/jpeg\" \/>\n<meta name=\"twitter:card\" content=\"summary_large_image\" \/>\n<meta name=\"twitter:label1\" content=\"Est. reading time\" \/>\n\t<meta name=\"twitter:data1\" content=\"1 minute\" \/>\n<script type=\"application\/ld+json\" class=\"yoast-schema-graph\">{\"@context\":\"https:\\\/\\\/schema.org\",\"@graph\":[{\"@type\":\"WebPage\",\"@id\":\"https:\\\/\\\/suveleht.ee\\\/toode\\\/ella-69-82m2\\\/\",\"url\":\"https:\\\/\\\/suveleht.ee\\\/toode\\\/ella-69-82m2\\\/\",\"name\":\"Ella 6,9 + 8,2m2 - Suveleht\",\"isPartOf\":{\"@id\":\"https:\\\/\\\/suveleht.ee\\\/#website\"},\"primaryImageOfPage\":{\"@id\":\"https:\\\/\\\/suveleht.ee\\\/toode\\\/ella-69-82m2\\\/#primaryimage\"},\"image\":{\"@id\":\"https:\\\/\\\/suveleht.ee\\\/toode\\\/ella-69-82m2\\\/#primaryimage\"},\"thumbnailUrl\":\"https:\\\/\\\/suveleht.ee\\\/wp-content\\\/uploads\\\/2026\\\/02\\\/1_Palmako_cabin_Ella_6.98.2_m2_NATURAL_wb.jpg\",\"datePublished\":\"2026-02-12T09:39:03+00:00\",\"breadcrumb\":{\"@id\":\"https:\\\/\\\/suveleht.ee\\\/toode\\\/ella-69-82m2\\\/#breadcrumb\"},\"inLanguage\":\"en-US\",\"potentialAction\":[{\"@type\":\"ReadAction\",\"target\":[\"https:\\\/\\\/suveleht.ee\\\/toode\\\/ella-69-82m2\\\/\"]}]},{\"@type\":\"ImageObject\",\"inLanguage\":\"en-US\",\"@id\":\"https:\\\/\\\/suveleht.ee\\\/toode\\\/ella-69-82m2\\\/#primaryimage\",\"url\":\"https:\\\/\\\/suveleht.ee\\\/wp-content\\\/uploads\\\/2026\\\/02\\\/1_Palmako_cabin_Ella_6.98.2_m2_NATURAL_wb.jpg\",\"contentUrl\":\"https:\\\/\\\/suveleht.ee\\\/wp-content\\\/uploads\\\/2026\\\/02\\\/1_Palmako_cabin_Ella_6.98.2_m2_NATURAL_wb.jpg\",\"width\":1200,\"height\":900},{\"@type\":\"BreadcrumbList\",\"@id\":\"https:\\\/\\\/suveleht.ee\\\/toode\\\/ella-69-82m2\\\/#breadcrumb\",\"itemListElement\":[{\"@type\":\"ListItem\",\"position\":1,\"name\":\"Home\",\"item\":\"https:\\\/\\\/suveleht.ee\\\/\"},{\"@type\":\"ListItem\",\"position\":2,\"name\":\"Tooted\",\"item\":\"https:\\\/\\\/suveleht.ee\\\/tooted\\\/\"},{\"@type\":\"ListItem\",\"position\":3,\"name\":\"Ella 6,9 + 8,2m2\"}]},{\"@type\":\"WebSite\",\"@id\":\"https:\\\/\\\/suveleht.ee\\\/#website\",\"url\":\"https:\\\/\\\/suveleht.ee\\\/\",\"name\":\"Suveleht\",\"description\":\"Eestis toodetud aiamajad, m\u00e4nguv\u00e4ljakud ja k\u00fcmblust\u00fcnnid\",\"potentialAction\":[{\"@type\":\"SearchAction\",\"target\":{\"@type\":\"EntryPoint\",\"urlTemplate\":\"https:\\\/\\\/suveleht.ee\\\/?s={search_term_string}\"},\"query-input\":{\"@type\":\"PropertyValueSpecification\",\"valueRequired\":true,\"valueName\":\"search_term_string\"}}],\"inLanguage\":\"en-US\"}]}<\/script>\n<!-- \/ Yoast SEO plugin. -->","yoast_head_json":{"title":"Ella 6,9 + 8,2m2 - Suveleht","robots":{"index":"index","follow":"follow","max-snippet":"max-snippet:-1","max-image-preview":"max-image-preview:large","max-video-preview":"max-video-preview:-1"},"canonical":"https:\/\/suveleht.ee\/toode\/ella-69-82m2\/","og_locale":"en_US","og_type":"article","og_title":"Ella 6,9 + 8,2m2 - Suveleht","og_description":"\u2022 TASUTA TRANSPORT \u2022 5 AASTAT GARANTII  Komplekt sisaldab k\u00f5iki paigaldamiseks vajaminevaid detaile: tuuletapiga seinadetailid, katus soon ja punniga laudadest, madal metalliga kaetud l\u00e4vepakk, tormiliistud, liimpuidust ukseraam, karastatud kahekordne klaas, kinnitusvahendid, silinderlukk. V\u00f5imalik ehitada peegelpildis. Katusekattematerjal ja p\u00f5rand standardkomplekti ei kuulu.  Ehitus: tuuletapiga seinadetailid Pindala: 15,1 m2 Ruumala: 30,8 m3 Seina paksus: 28 mm Koguk\u00f5rgus: 214 cm Katuse \u00fcleulatuvus: 20 cm Katuse pindala: 18,5 m2 Katusekalle: 2,2\u00b0 Katuselauad: 19 mm Ukseava: 151x175 cm Pakend: 4,5x0,6x0,5m 290kg 4,5x1,2x0,5m 490kg","og_url":"https:\/\/suveleht.ee\/toode\/ella-69-82m2\/","og_site_name":"Suveleht","og_image":[{"width":1200,"height":900,"url":"http:\/\/suveleht.ee\/wp-content\/uploads\/2026\/02\/1_Palmako_cabin_Ella_6.98.2_m2_NATURAL_wb.jpg","type":"image\/jpeg"}],"twitter_card":"summary_large_image","twitter_misc":{"Est. reading time":"1 minute"},"schema":{"@context":"https:\/\/schema.org","@graph":[{"@type":"WebPage","@id":"https:\/\/suveleht.ee\/toode\/ella-69-82m2\/","url":"https:\/\/suveleht.ee\/toode\/ella-69-82m2\/","name":"Ella 6,9 + 8,2m2 - Suveleht","isPartOf":{"@id":"https:\/\/suveleht.ee\/#website"},"primaryImageOfPage":{"@id":"https:\/\/suveleht.ee\/toode\/ella-69-82m2\/#primaryimage"},"image":{"@id":"https:\/\/suveleht.ee\/toode\/ella-69-82m2\/#primaryimage"},"thumbnailUrl":"https:\/\/suveleht.ee\/wp-content\/uploads\/2026\/02\/1_Palmako_cabin_Ella_6.98.2_m2_NATURAL_wb.jpg","datePublished":"2026-02-12T09:39:03+00:00","breadcrumb":{"@id":"https:\/\/suveleht.ee\/toode\/ella-69-82m2\/#breadcrumb"},"inLanguage":"en-US","potentialAction":[{"@type":"ReadAction","target":["https:\/\/suveleht.ee\/toode\/ella-69-82m2\/"]}]},{"@type":"ImageObject","inLanguage":"en-US","@id":"https:\/\/suveleht.ee\/toode\/ella-69-82m2\/#primaryimage","url":"https:\/\/suveleht.ee\/wp-content\/uploads\/2026\/02\/1_Palmako_cabin_Ella_6.98.2_m2_NATURAL_wb.jpg","contentUrl":"https:\/\/suveleht.ee\/wp-content\/uploads\/2026\/02\/1_Palmako_cabin_Ella_6.98.2_m2_NATURAL_wb.jpg","width":1200,"height":900},{"@type":"BreadcrumbList","@id":"https:\/\/suveleht.ee\/toode\/ella-69-82m2\/#breadcrumb","itemListElement":[{"@type":"ListItem","position":1,"name":"Home","item":"https:\/\/suveleht.ee\/"},{"@type":"ListItem","position":2,"name":"Tooted","item":"https:\/\/suveleht.ee\/tooted\/"},{"@type":"ListItem","position":3,"name":"Ella 6,9 + 8,2m2"}]},{"@type":"WebSite","@id":"https:\/\/suveleht.ee\/#website","url":"https:\/\/suveleht.ee\/","name":"Suveleht","description":"Eestis toodetud aiamajad, m\u00e4nguv\u00e4ljakud ja k\u00fcmblust\u00fcnnid","potentialAction":[{"@type":"SearchAction","target":{"@type":"EntryPoint","urlTemplate":"https:\/\/suveleht.ee\/?s={search_term_string}"},"query-input":{"@type":"PropertyValueSpecification","valueRequired":true,"valueName":"search_term_string"}}],"inLanguage":"en-US"}]}},"_links":{"self":[{"href":"https:\/\/suveleht.ee\/en\/wp-json\/wp\/v2\/product\/6858","targetHints":{"allow":["GET"]}}],"collection":[{"href":"https:\/\/suveleht.ee\/en\/wp-json\/wp\/v2\/product"}],"about":[{"href":"https:\/\/suveleht.ee\/en\/wp-json\/wp\/v2\/types\/product"}],"wp:featuredmedia":[{"embeddable":true,"href":"https:\/\/suveleht.ee\/en\/wp-json\/wp\/v2\/media\/6859"}],"wp:attachment":[{"href":"https:\/\/suveleht.ee\/en\/wp-json\/wp\/v2\/media?parent=6858"}],"wp:term":[{"taxonomy":"product_brand","embeddable":true,"href":"https:\/\/suveleht.ee\/en\/wp-json\/wp\/v2\/product_brand?post=6858"},{"taxonomy":"product_cat","embeddable":true,"href":"https:\/\/suveleht.ee\/en\/wp-json\/wp\/v2\/product_cat?post=6858"},{"taxonomy":"product_tag","embeddable":true,"href":"https:\/\/suveleht.ee\/en\/wp-json\/wp\/v2\/product_tag?post=6858"}],"curies":[{"name":"wp","href":"https:\/\/api.w.org\/{rel}","templated":true}]}}