{"id":6819,"date":"2026-02-12T08:37:32","date_gmt":"2026-02-12T08:37:32","guid":{"rendered":"https:\/\/suveleht.ee\/?post_type=product&#038;p=6819"},"modified":"2026-02-12T08:37:32","modified_gmt":"2026-02-12T08:37:32","slug":"cecilia-142m2","status":"publish","type":"product","link":"https:\/\/suveleht.ee\/en\/toode\/cecilia-142m2\/","title":{"rendered":"Cecilia 14,2m2"},"content":{"rendered":"","protected":false},"excerpt":{"rendered":"<p>\u2022\tTASUTA TRANSPORT<br \/>\n\u2022\t5 AASTAT GARANTII<\/p>\n<p>Komplekt sisaldab k\u00f5iki paigaldamiseks vajaminevaid detaile: tuuletapiga seinadetailid, katuse ja p\u00f5randa punni ja soonega lauad, kinnitusvahendid, silinderlukk.<br \/>\nKatusekattematerjal standardkomplekti ei kuulu.<\/p>\n<p>Ehitus: tuuletapiga nurga\u00fchendus<br \/>\nPindala v\u00e4lispiirdest: 15,7 m2<br \/>\nPindala: 14,2 m2<br \/>\nRuumala: 36 m3<br \/>\nSeina paksus: 70 mm<br \/>\nSeina k\u00f5rgus: 239 cm<br \/>\nKoguk\u00f5rgus: 279 cm<br \/>\nKatuse \u00fcleulatuvus: 93 cm<br \/>\nKatuse pindala: 29,3 m2<br \/>\nKatusekalle: 3\u00b0<br \/>\nKatuselauad: 19 mm<br \/>\nP\u00f5randalauad: 28mm<br \/>\nUkseava: 73&#215;195 cm<br \/>\n87&#215;198 cm; 177&#215;200 cm<br \/>\nAknaava m\u00f5\u00f5dud: 50&#215;50 cm<br \/>\nPakend: 2,2&#215;1,1x06m 340kg<br \/>\n6,0&#215;1,2x06m 1120kg<br \/>\n6,0&#215;1,2x07m 1580kg<\/p>\n","protected":false},"featured_media":6820,"template":"","meta":{"inline_featured_image":false},"product_brand":[],"product_cat":[48],"product_tag":[],"class_list":{"0":"post-6819","1":"product","2":"type-product","3":"status-publish","4":"has-post-thumbnail","6":"product_cat-modernsed-aiamajad","8":"first","9":"instock","10":"taxable","11":"shipping-taxable","12":"purchasable","13":"product-type-simple"},"yoast_head":"<!-- This site is optimized with the Yoast SEO plugin v27.3 - https:\/\/yoast.com\/product\/yoast-seo-wordpress\/ -->\n<title>Cecilia 14,2m2 - Suveleht<\/title>\n<meta name=\"robots\" content=\"index, follow, max-snippet:-1, max-image-preview:large, max-video-preview:-1\" \/>\n<link rel=\"canonical\" href=\"https:\/\/suveleht.ee\/toode\/cecilia-142m2\/\" \/>\n<meta property=\"og:locale\" content=\"en_US\" \/>\n<meta property=\"og:type\" content=\"article\" \/>\n<meta property=\"og:title\" content=\"Cecilia 14,2m2 - Suveleht\" \/>\n<meta property=\"og:description\" content=\"\u2022 TASUTA TRANSPORT \u2022 5 AASTAT GARANTII  Komplekt sisaldab k\u00f5iki paigaldamiseks vajaminevaid detaile: tuuletapiga seinadetailid, katuse ja p\u00f5randa punni ja soonega lauad, kinnitusvahendid, silinderlukk. Katusekattematerjal standardkomplekti ei kuulu.  Ehitus: tuuletapiga nurga\u00fchendus Pindala v\u00e4lispiirdest: 15,7 m2 Pindala: 14,2 m2 Ruumala: 36 m3 Seina paksus: 70 mm Seina k\u00f5rgus: 239 cm Koguk\u00f5rgus: 279 cm Katuse \u00fcleulatuvus: 93 cm Katuse pindala: 29,3 m2 Katusekalle: 3\u00b0 Katuselauad: 19 mm P\u00f5randalauad: 28mm Ukseava: 73x195 cm 87x198 cm; 177x200 cm Aknaava m\u00f5\u00f5dud: 50x50 cm Pakend: 2,2x1,1x06m 340kg 6,0x1,2x06m 1120kg 6,0x1,2x07m 1580kg\" \/>\n<meta property=\"og:url\" content=\"https:\/\/suveleht.ee\/toode\/cecilia-142m2\/\" \/>\n<meta property=\"og:site_name\" content=\"Suveleht\" \/>\n<meta property=\"og:image\" content=\"http:\/\/suveleht.ee\/wp-content\/uploads\/2026\/02\/1_Palmako_multiroom_cottage_Cecilia_14.2_m2_NATURAL_wb.jpg\" \/>\n\t<meta property=\"og:image:width\" content=\"1200\" \/>\n\t<meta property=\"og:image:height\" content=\"900\" \/>\n\t<meta property=\"og:image:type\" content=\"image\/jpeg\" \/>\n<meta name=\"twitter:card\" content=\"summary_large_image\" \/>\n<meta name=\"twitter:label1\" content=\"Est. reading time\" \/>\n\t<meta name=\"twitter:data1\" content=\"1 minute\" \/>\n<script type=\"application\/ld+json\" class=\"yoast-schema-graph\">{\"@context\":\"https:\\\/\\\/schema.org\",\"@graph\":[{\"@type\":\"WebPage\",\"@id\":\"https:\\\/\\\/suveleht.ee\\\/toode\\\/cecilia-142m2\\\/\",\"url\":\"https:\\\/\\\/suveleht.ee\\\/toode\\\/cecilia-142m2\\\/\",\"name\":\"Cecilia 14,2m2 - Suveleht\",\"isPartOf\":{\"@id\":\"https:\\\/\\\/suveleht.ee\\\/#website\"},\"primaryImageOfPage\":{\"@id\":\"https:\\\/\\\/suveleht.ee\\\/toode\\\/cecilia-142m2\\\/#primaryimage\"},\"image\":{\"@id\":\"https:\\\/\\\/suveleht.ee\\\/toode\\\/cecilia-142m2\\\/#primaryimage\"},\"thumbnailUrl\":\"https:\\\/\\\/suveleht.ee\\\/wp-content\\\/uploads\\\/2026\\\/02\\\/1_Palmako_multiroom_cottage_Cecilia_14.2_m2_NATURAL_wb.jpg\",\"datePublished\":\"2026-02-12T08:37:32+00:00\",\"breadcrumb\":{\"@id\":\"https:\\\/\\\/suveleht.ee\\\/toode\\\/cecilia-142m2\\\/#breadcrumb\"},\"inLanguage\":\"en-US\",\"potentialAction\":[{\"@type\":\"ReadAction\",\"target\":[\"https:\\\/\\\/suveleht.ee\\\/toode\\\/cecilia-142m2\\\/\"]}]},{\"@type\":\"ImageObject\",\"inLanguage\":\"en-US\",\"@id\":\"https:\\\/\\\/suveleht.ee\\\/toode\\\/cecilia-142m2\\\/#primaryimage\",\"url\":\"https:\\\/\\\/suveleht.ee\\\/wp-content\\\/uploads\\\/2026\\\/02\\\/1_Palmako_multiroom_cottage_Cecilia_14.2_m2_NATURAL_wb.jpg\",\"contentUrl\":\"https:\\\/\\\/suveleht.ee\\\/wp-content\\\/uploads\\\/2026\\\/02\\\/1_Palmako_multiroom_cottage_Cecilia_14.2_m2_NATURAL_wb.jpg\",\"width\":1200,\"height\":900},{\"@type\":\"BreadcrumbList\",\"@id\":\"https:\\\/\\\/suveleht.ee\\\/toode\\\/cecilia-142m2\\\/#breadcrumb\",\"itemListElement\":[{\"@type\":\"ListItem\",\"position\":1,\"name\":\"Home\",\"item\":\"https:\\\/\\\/suveleht.ee\\\/\"},{\"@type\":\"ListItem\",\"position\":2,\"name\":\"Tooted\",\"item\":\"https:\\\/\\\/suveleht.ee\\\/tooted\\\/\"},{\"@type\":\"ListItem\",\"position\":3,\"name\":\"Cecilia 14,2m2\"}]},{\"@type\":\"WebSite\",\"@id\":\"https:\\\/\\\/suveleht.ee\\\/#website\",\"url\":\"https:\\\/\\\/suveleht.ee\\\/\",\"name\":\"Suveleht\",\"description\":\"Eestis toodetud aiamajad, m\u00e4nguv\u00e4ljakud ja k\u00fcmblust\u00fcnnid\",\"potentialAction\":[{\"@type\":\"SearchAction\",\"target\":{\"@type\":\"EntryPoint\",\"urlTemplate\":\"https:\\\/\\\/suveleht.ee\\\/?s={search_term_string}\"},\"query-input\":{\"@type\":\"PropertyValueSpecification\",\"valueRequired\":true,\"valueName\":\"search_term_string\"}}],\"inLanguage\":\"en-US\"}]}<\/script>\n<!-- \/ Yoast SEO plugin. -->","yoast_head_json":{"title":"Cecilia 14,2m2 - Suveleht","robots":{"index":"index","follow":"follow","max-snippet":"max-snippet:-1","max-image-preview":"max-image-preview:large","max-video-preview":"max-video-preview:-1"},"canonical":"https:\/\/suveleht.ee\/toode\/cecilia-142m2\/","og_locale":"en_US","og_type":"article","og_title":"Cecilia 14,2m2 - Suveleht","og_description":"\u2022 TASUTA TRANSPORT \u2022 5 AASTAT GARANTII  Komplekt sisaldab k\u00f5iki paigaldamiseks vajaminevaid detaile: tuuletapiga seinadetailid, katuse ja p\u00f5randa punni ja soonega lauad, kinnitusvahendid, silinderlukk. Katusekattematerjal standardkomplekti ei kuulu.  Ehitus: tuuletapiga nurga\u00fchendus Pindala v\u00e4lispiirdest: 15,7 m2 Pindala: 14,2 m2 Ruumala: 36 m3 Seina paksus: 70 mm Seina k\u00f5rgus: 239 cm Koguk\u00f5rgus: 279 cm Katuse \u00fcleulatuvus: 93 cm Katuse pindala: 29,3 m2 Katusekalle: 3\u00b0 Katuselauad: 19 mm P\u00f5randalauad: 28mm Ukseava: 73x195 cm 87x198 cm; 177x200 cm Aknaava m\u00f5\u00f5dud: 50x50 cm Pakend: 2,2x1,1x06m 340kg 6,0x1,2x06m 1120kg 6,0x1,2x07m 1580kg","og_url":"https:\/\/suveleht.ee\/toode\/cecilia-142m2\/","og_site_name":"Suveleht","og_image":[{"width":1200,"height":900,"url":"http:\/\/suveleht.ee\/wp-content\/uploads\/2026\/02\/1_Palmako_multiroom_cottage_Cecilia_14.2_m2_NATURAL_wb.jpg","type":"image\/jpeg"}],"twitter_card":"summary_large_image","twitter_misc":{"Est. reading time":"1 minute"},"schema":{"@context":"https:\/\/schema.org","@graph":[{"@type":"WebPage","@id":"https:\/\/suveleht.ee\/toode\/cecilia-142m2\/","url":"https:\/\/suveleht.ee\/toode\/cecilia-142m2\/","name":"Cecilia 14,2m2 - Suveleht","isPartOf":{"@id":"https:\/\/suveleht.ee\/#website"},"primaryImageOfPage":{"@id":"https:\/\/suveleht.ee\/toode\/cecilia-142m2\/#primaryimage"},"image":{"@id":"https:\/\/suveleht.ee\/toode\/cecilia-142m2\/#primaryimage"},"thumbnailUrl":"https:\/\/suveleht.ee\/wp-content\/uploads\/2026\/02\/1_Palmako_multiroom_cottage_Cecilia_14.2_m2_NATURAL_wb.jpg","datePublished":"2026-02-12T08:37:32+00:00","breadcrumb":{"@id":"https:\/\/suveleht.ee\/toode\/cecilia-142m2\/#breadcrumb"},"inLanguage":"en-US","potentialAction":[{"@type":"ReadAction","target":["https:\/\/suveleht.ee\/toode\/cecilia-142m2\/"]}]},{"@type":"ImageObject","inLanguage":"en-US","@id":"https:\/\/suveleht.ee\/toode\/cecilia-142m2\/#primaryimage","url":"https:\/\/suveleht.ee\/wp-content\/uploads\/2026\/02\/1_Palmako_multiroom_cottage_Cecilia_14.2_m2_NATURAL_wb.jpg","contentUrl":"https:\/\/suveleht.ee\/wp-content\/uploads\/2026\/02\/1_Palmako_multiroom_cottage_Cecilia_14.2_m2_NATURAL_wb.jpg","width":1200,"height":900},{"@type":"BreadcrumbList","@id":"https:\/\/suveleht.ee\/toode\/cecilia-142m2\/#breadcrumb","itemListElement":[{"@type":"ListItem","position":1,"name":"Home","item":"https:\/\/suveleht.ee\/"},{"@type":"ListItem","position":2,"name":"Tooted","item":"https:\/\/suveleht.ee\/tooted\/"},{"@type":"ListItem","position":3,"name":"Cecilia 14,2m2"}]},{"@type":"WebSite","@id":"https:\/\/suveleht.ee\/#website","url":"https:\/\/suveleht.ee\/","name":"Suveleht","description":"Eestis toodetud aiamajad, m\u00e4nguv\u00e4ljakud ja k\u00fcmblust\u00fcnnid","potentialAction":[{"@type":"SearchAction","target":{"@type":"EntryPoint","urlTemplate":"https:\/\/suveleht.ee\/?s={search_term_string}"},"query-input":{"@type":"PropertyValueSpecification","valueRequired":true,"valueName":"search_term_string"}}],"inLanguage":"en-US"}]}},"_links":{"self":[{"href":"https:\/\/suveleht.ee\/en\/wp-json\/wp\/v2\/product\/6819","targetHints":{"allow":["GET"]}}],"collection":[{"href":"https:\/\/suveleht.ee\/en\/wp-json\/wp\/v2\/product"}],"about":[{"href":"https:\/\/suveleht.ee\/en\/wp-json\/wp\/v2\/types\/product"}],"wp:featuredmedia":[{"embeddable":true,"href":"https:\/\/suveleht.ee\/en\/wp-json\/wp\/v2\/media\/6820"}],"wp:attachment":[{"href":"https:\/\/suveleht.ee\/en\/wp-json\/wp\/v2\/media?parent=6819"}],"wp:term":[{"taxonomy":"product_brand","embeddable":true,"href":"https:\/\/suveleht.ee\/en\/wp-json\/wp\/v2\/product_brand?post=6819"},{"taxonomy":"product_cat","embeddable":true,"href":"https:\/\/suveleht.ee\/en\/wp-json\/wp\/v2\/product_cat?post=6819"},{"taxonomy":"product_tag","embeddable":true,"href":"https:\/\/suveleht.ee\/en\/wp-json\/wp\/v2\/product_tag?post=6819"}],"curies":[{"name":"wp","href":"https:\/\/api.w.org\/{rel}","templated":true}]}}