{"id":6767,"date":"2026-02-02T08:09:40","date_gmt":"2026-02-02T08:09:40","guid":{"rendered":"https:\/\/suveleht.ee\/?post_type=product&#038;p=6767"},"modified":"2026-02-02T08:09:40","modified_gmt":"2026-02-02T08:09:40","slug":"amanda-112m2","status":"publish","type":"product","link":"https:\/\/suveleht.ee\/en\/toode\/amanda-112m2\/","title":{"rendered":"Amanda 11,2m2"},"content":{"rendered":"","protected":false},"excerpt":{"rendered":"<p>* TASUTA TRANSPORT<br \/>\n* Garantii 5 aastat<br \/>\nAmanda 11,2 m2 on valgusk\u00fcllane suvemaja suurte klaasitud, 4mm karastatud klaas, l\u00fckandustega. Seinadetailid on tuuletapiga. Katus, p\u00f5rand punni ja soonega laudadest.<br \/>\nMajakomplekt sisaldab k\u00f5iki paigaldamiseks vajaminevaid detaile: kastetud vundamendiprussid, tuuletapiga seinadetailid, katusetalad, -lauad ja -liistud, p\u00f5randalauad ning avat\u00e4ited. Lisaks on pakis ka kinnitusvahendid (kruvid, naelad jms).<br \/>\nKatusekattematerjal standardkomplekti ei kuulu.<\/p>\n<p>Ehitus: Tuuletapiga seinadetailid<br \/>\nPindala: 11,2 m2<br \/>\nRuumala: 26,7 m3<br \/>\nSeina paksus: 44 mm<br \/>\nSeinam\u00f5\u00f5dud: 390&#215;300 cm<br \/>\nDetailim\u00f5\u00f5dud: 390&#215;300 cm<br \/>\nSeina k\u00f5rgus: 228 cm<br \/>\nKoguk\u00f5rgus: 280 cm<br \/>\nKatuse \u00fcleulatus: 20 cm<br \/>\nKatuse pindala: 15,1 m2<br \/>\nKatusekalle: 17,2\u00b0<br \/>\nKatuselauad: 19 mm<br \/>\nP\u00f5randalauad: 19 mm<br \/>\nUkseava: 88&#215;187 cm<br \/>\n176&#215;187 cm<br \/>\nPakend: 3,1&#215;1,1&#215;0,4 m, 210 kg<br \/>\n4,5&#215;1,2&#215;0,7 m, 930 kg<\/p>\n","protected":false},"featured_media":6768,"template":"","meta":{"inline_featured_image":false},"product_brand":[],"product_cat":[48],"product_tag":[],"class_list":{"0":"post-6767","1":"product","2":"type-product","3":"status-publish","4":"has-post-thumbnail","6":"product_cat-modernsed-aiamajad","8":"first","9":"instock","10":"taxable","11":"shipping-taxable","12":"purchasable","13":"product-type-simple"},"yoast_head":"<!-- This site is optimized with the Yoast SEO plugin v27.3 - https:\/\/yoast.com\/product\/yoast-seo-wordpress\/ -->\n<title>Amanda 11,2m2 - Suveleht<\/title>\n<meta name=\"robots\" content=\"index, follow, max-snippet:-1, max-image-preview:large, max-video-preview:-1\" \/>\n<link rel=\"canonical\" href=\"https:\/\/suveleht.ee\/toode\/amanda-112m2\/\" \/>\n<meta property=\"og:locale\" content=\"en_US\" \/>\n<meta property=\"og:type\" content=\"article\" \/>\n<meta property=\"og:title\" content=\"Amanda 11,2m2 - Suveleht\" \/>\n<meta property=\"og:description\" content=\"* TASUTA TRANSPORT * Garantii 5 aastat Amanda 11,2 m2 on valgusk\u00fcllane suvemaja suurte klaasitud, 4mm karastatud klaas, l\u00fckandustega. Seinadetailid on tuuletapiga. Katus, p\u00f5rand punni ja soonega laudadest.  Majakomplekt sisaldab k\u00f5iki paigaldamiseks vajaminevaid detaile: kastetud vundamendiprussid, tuuletapiga seinadetailid, katusetalad, -lauad ja -liistud, p\u00f5randalauad ning avat\u00e4ited. Lisaks on pakis ka kinnitusvahendid (kruvid, naelad jms). Katusekattematerjal standardkomplekti ei kuulu.  Ehitus: Tuuletapiga seinadetailid Pindala: 11,2 m2 Ruumala: 26,7 m3 Seina paksus: 44 mm Seinam\u00f5\u00f5dud: 390x300 cm Detailim\u00f5\u00f5dud: 390x300 cm Seina k\u00f5rgus: 228 cm Koguk\u00f5rgus: 280 cm Katuse \u00fcleulatus: 20 cm Katuse pindala: 15,1 m2 Katusekalle: 17,2\u00b0 Katuselauad: 19 mm P\u00f5randalauad: 19 mm Ukseava: 88x187 cm 176x187 cm Pakend: 3,1x1,1x0,4 m, 210 kg 4,5x1,2x0,7 m, 930 kg\" \/>\n<meta property=\"og:url\" content=\"https:\/\/suveleht.ee\/toode\/amanda-112m2\/\" \/>\n<meta property=\"og:site_name\" content=\"Suveleht\" \/>\n<meta property=\"og:image\" content=\"http:\/\/suveleht.ee\/wp-content\/uploads\/2026\/02\/1_Palmako_cabin_Amanda_Slide_11.2_m2_NATURAL_wb.jpg\" \/>\n\t<meta property=\"og:image:width\" content=\"1200\" \/>\n\t<meta property=\"og:image:height\" content=\"900\" \/>\n\t<meta property=\"og:image:type\" content=\"image\/jpeg\" \/>\n<meta name=\"twitter:card\" content=\"summary_large_image\" \/>\n<meta name=\"twitter:label1\" content=\"Est. reading time\" \/>\n\t<meta name=\"twitter:data1\" content=\"1 minute\" \/>\n<script type=\"application\/ld+json\" class=\"yoast-schema-graph\">{\"@context\":\"https:\\\/\\\/schema.org\",\"@graph\":[{\"@type\":\"WebPage\",\"@id\":\"https:\\\/\\\/suveleht.ee\\\/toode\\\/amanda-112m2\\\/\",\"url\":\"https:\\\/\\\/suveleht.ee\\\/toode\\\/amanda-112m2\\\/\",\"name\":\"Amanda 11,2m2 - Suveleht\",\"isPartOf\":{\"@id\":\"https:\\\/\\\/suveleht.ee\\\/#website\"},\"primaryImageOfPage\":{\"@id\":\"https:\\\/\\\/suveleht.ee\\\/toode\\\/amanda-112m2\\\/#primaryimage\"},\"image\":{\"@id\":\"https:\\\/\\\/suveleht.ee\\\/toode\\\/amanda-112m2\\\/#primaryimage\"},\"thumbnailUrl\":\"https:\\\/\\\/suveleht.ee\\\/wp-content\\\/uploads\\\/2026\\\/02\\\/1_Palmako_cabin_Amanda_Slide_11.2_m2_NATURAL_wb.jpg\",\"datePublished\":\"2026-02-02T08:09:40+00:00\",\"breadcrumb\":{\"@id\":\"https:\\\/\\\/suveleht.ee\\\/toode\\\/amanda-112m2\\\/#breadcrumb\"},\"inLanguage\":\"en-US\",\"potentialAction\":[{\"@type\":\"ReadAction\",\"target\":[\"https:\\\/\\\/suveleht.ee\\\/toode\\\/amanda-112m2\\\/\"]}]},{\"@type\":\"ImageObject\",\"inLanguage\":\"en-US\",\"@id\":\"https:\\\/\\\/suveleht.ee\\\/toode\\\/amanda-112m2\\\/#primaryimage\",\"url\":\"https:\\\/\\\/suveleht.ee\\\/wp-content\\\/uploads\\\/2026\\\/02\\\/1_Palmako_cabin_Amanda_Slide_11.2_m2_NATURAL_wb.jpg\",\"contentUrl\":\"https:\\\/\\\/suveleht.ee\\\/wp-content\\\/uploads\\\/2026\\\/02\\\/1_Palmako_cabin_Amanda_Slide_11.2_m2_NATURAL_wb.jpg\",\"width\":1200,\"height\":900},{\"@type\":\"BreadcrumbList\",\"@id\":\"https:\\\/\\\/suveleht.ee\\\/toode\\\/amanda-112m2\\\/#breadcrumb\",\"itemListElement\":[{\"@type\":\"ListItem\",\"position\":1,\"name\":\"Home\",\"item\":\"https:\\\/\\\/suveleht.ee\\\/\"},{\"@type\":\"ListItem\",\"position\":2,\"name\":\"Tooted\",\"item\":\"https:\\\/\\\/suveleht.ee\\\/tooted\\\/\"},{\"@type\":\"ListItem\",\"position\":3,\"name\":\"Amanda 11,2m2\"}]},{\"@type\":\"WebSite\",\"@id\":\"https:\\\/\\\/suveleht.ee\\\/#website\",\"url\":\"https:\\\/\\\/suveleht.ee\\\/\",\"name\":\"Suveleht\",\"description\":\"Eestis toodetud aiamajad, m\u00e4nguv\u00e4ljakud ja k\u00fcmblust\u00fcnnid\",\"potentialAction\":[{\"@type\":\"SearchAction\",\"target\":{\"@type\":\"EntryPoint\",\"urlTemplate\":\"https:\\\/\\\/suveleht.ee\\\/?s={search_term_string}\"},\"query-input\":{\"@type\":\"PropertyValueSpecification\",\"valueRequired\":true,\"valueName\":\"search_term_string\"}}],\"inLanguage\":\"en-US\"}]}<\/script>\n<!-- \/ Yoast SEO plugin. -->","yoast_head_json":{"title":"Amanda 11,2m2 - Suveleht","robots":{"index":"index","follow":"follow","max-snippet":"max-snippet:-1","max-image-preview":"max-image-preview:large","max-video-preview":"max-video-preview:-1"},"canonical":"https:\/\/suveleht.ee\/toode\/amanda-112m2\/","og_locale":"en_US","og_type":"article","og_title":"Amanda 11,2m2 - Suveleht","og_description":"* TASUTA TRANSPORT * Garantii 5 aastat Amanda 11,2 m2 on valgusk\u00fcllane suvemaja suurte klaasitud, 4mm karastatud klaas, l\u00fckandustega. Seinadetailid on tuuletapiga. Katus, p\u00f5rand punni ja soonega laudadest.  Majakomplekt sisaldab k\u00f5iki paigaldamiseks vajaminevaid detaile: kastetud vundamendiprussid, tuuletapiga seinadetailid, katusetalad, -lauad ja -liistud, p\u00f5randalauad ning avat\u00e4ited. Lisaks on pakis ka kinnitusvahendid (kruvid, naelad jms). Katusekattematerjal standardkomplekti ei kuulu.  Ehitus: Tuuletapiga seinadetailid Pindala: 11,2 m2 Ruumala: 26,7 m3 Seina paksus: 44 mm Seinam\u00f5\u00f5dud: 390x300 cm Detailim\u00f5\u00f5dud: 390x300 cm Seina k\u00f5rgus: 228 cm Koguk\u00f5rgus: 280 cm Katuse \u00fcleulatus: 20 cm Katuse pindala: 15,1 m2 Katusekalle: 17,2\u00b0 Katuselauad: 19 mm P\u00f5randalauad: 19 mm Ukseava: 88x187 cm 176x187 cm Pakend: 3,1x1,1x0,4 m, 210 kg 4,5x1,2x0,7 m, 930 kg","og_url":"https:\/\/suveleht.ee\/toode\/amanda-112m2\/","og_site_name":"Suveleht","og_image":[{"width":1200,"height":900,"url":"http:\/\/suveleht.ee\/wp-content\/uploads\/2026\/02\/1_Palmako_cabin_Amanda_Slide_11.2_m2_NATURAL_wb.jpg","type":"image\/jpeg"}],"twitter_card":"summary_large_image","twitter_misc":{"Est. reading time":"1 minute"},"schema":{"@context":"https:\/\/schema.org","@graph":[{"@type":"WebPage","@id":"https:\/\/suveleht.ee\/toode\/amanda-112m2\/","url":"https:\/\/suveleht.ee\/toode\/amanda-112m2\/","name":"Amanda 11,2m2 - Suveleht","isPartOf":{"@id":"https:\/\/suveleht.ee\/#website"},"primaryImageOfPage":{"@id":"https:\/\/suveleht.ee\/toode\/amanda-112m2\/#primaryimage"},"image":{"@id":"https:\/\/suveleht.ee\/toode\/amanda-112m2\/#primaryimage"},"thumbnailUrl":"https:\/\/suveleht.ee\/wp-content\/uploads\/2026\/02\/1_Palmako_cabin_Amanda_Slide_11.2_m2_NATURAL_wb.jpg","datePublished":"2026-02-02T08:09:40+00:00","breadcrumb":{"@id":"https:\/\/suveleht.ee\/toode\/amanda-112m2\/#breadcrumb"},"inLanguage":"en-US","potentialAction":[{"@type":"ReadAction","target":["https:\/\/suveleht.ee\/toode\/amanda-112m2\/"]}]},{"@type":"ImageObject","inLanguage":"en-US","@id":"https:\/\/suveleht.ee\/toode\/amanda-112m2\/#primaryimage","url":"https:\/\/suveleht.ee\/wp-content\/uploads\/2026\/02\/1_Palmako_cabin_Amanda_Slide_11.2_m2_NATURAL_wb.jpg","contentUrl":"https:\/\/suveleht.ee\/wp-content\/uploads\/2026\/02\/1_Palmako_cabin_Amanda_Slide_11.2_m2_NATURAL_wb.jpg","width":1200,"height":900},{"@type":"BreadcrumbList","@id":"https:\/\/suveleht.ee\/toode\/amanda-112m2\/#breadcrumb","itemListElement":[{"@type":"ListItem","position":1,"name":"Home","item":"https:\/\/suveleht.ee\/"},{"@type":"ListItem","position":2,"name":"Tooted","item":"https:\/\/suveleht.ee\/tooted\/"},{"@type":"ListItem","position":3,"name":"Amanda 11,2m2"}]},{"@type":"WebSite","@id":"https:\/\/suveleht.ee\/#website","url":"https:\/\/suveleht.ee\/","name":"Suveleht","description":"Eestis toodetud aiamajad, m\u00e4nguv\u00e4ljakud ja k\u00fcmblust\u00fcnnid","potentialAction":[{"@type":"SearchAction","target":{"@type":"EntryPoint","urlTemplate":"https:\/\/suveleht.ee\/?s={search_term_string}"},"query-input":{"@type":"PropertyValueSpecification","valueRequired":true,"valueName":"search_term_string"}}],"inLanguage":"en-US"}]}},"_links":{"self":[{"href":"https:\/\/suveleht.ee\/en\/wp-json\/wp\/v2\/product\/6767","targetHints":{"allow":["GET"]}}],"collection":[{"href":"https:\/\/suveleht.ee\/en\/wp-json\/wp\/v2\/product"}],"about":[{"href":"https:\/\/suveleht.ee\/en\/wp-json\/wp\/v2\/types\/product"}],"wp:featuredmedia":[{"embeddable":true,"href":"https:\/\/suveleht.ee\/en\/wp-json\/wp\/v2\/media\/6768"}],"wp:attachment":[{"href":"https:\/\/suveleht.ee\/en\/wp-json\/wp\/v2\/media?parent=6767"}],"wp:term":[{"taxonomy":"product_brand","embeddable":true,"href":"https:\/\/suveleht.ee\/en\/wp-json\/wp\/v2\/product_brand?post=6767"},{"taxonomy":"product_cat","embeddable":true,"href":"https:\/\/suveleht.ee\/en\/wp-json\/wp\/v2\/product_cat?post=6767"},{"taxonomy":"product_tag","embeddable":true,"href":"https:\/\/suveleht.ee\/en\/wp-json\/wp\/v2\/product_tag?post=6767"}],"curies":[{"name":"wp","href":"https:\/\/api.w.org\/{rel}","templated":true}]}}