{"id":6315,"date":"2024-06-19T11:40:04","date_gmt":"2024-06-19T11:40:04","guid":{"rendered":"https:\/\/suveleht.ee\/?post_type=product&#038;p=6315"},"modified":"2026-01-28T10:56:11","modified_gmt":"2026-01-28T10:56:11","slug":"grace-112-m2-slide-plus","status":"publish","type":"product","link":"https:\/\/suveleht.ee\/en\/toode\/grace-112-m2-slide-plus\/","title":{"rendered":"Grace 11,2 m2 Slide Plus"},"content":{"rendered":"","protected":false},"excerpt":{"rendered":"<p>* TASUTA TRANSPORT<br \/>\n* Garantii 5 aastat<\/p>\n<p>Grace 11,2 Slide Plus on modernne ja valgusk\u00fcllane aiamaja. Suure l\u00fckanduksega mudelil avaneb uks maja ette. Seinapaksus on toekas 56mm. Majal on tugevad liimpuidust sarikad ja kastetud vundamendiprussid. Komplekti kuulub ka p\u00f5rand.<br \/>\nMajakomplekt sisaldab k\u00f5iki paigaldamiseks vajaminevaid detaile: kastetud alusraam, seinadetailid, katusetalad, -lauad ja -liistud ning avat\u00e4ited. Lisaks on pakis ka kinnitusvahendid (kruvid, naelad jms). Katusekattematerjal standardkomplekti ei kuulu.<\/p>\n<p>Pindala: 11.2 m2<br \/>\nV\u00e4lispindala: 12.0 m2<br \/>\nRuumala: 27.4 m3<br \/>\nSeina paksus: 56 mm<br \/>\nSeinam\u00f5\u00f5dud: 400 x 300 cm<br \/>\nSeina k\u00f5rgus: 231 cm<br \/>\nKoguk\u00f5rgus: 274 cm<br \/>\nP\u00f5randa pindala: 11.2 m2<br \/>\nKatuse \u00fcleulatus: 81 cm<br \/>\nKatuse pindala: 17.8 m2<br \/>\nKatusekalle: 5.0\u00b0<br \/>\nKatuselauad: 19 mm<br \/>\nP\u00f5randalauad: 28mm<br \/>\nUkseava: 176 x 192 cm<br \/>\nPakend: 4.5&#215;1.2&#215;0.4 m, 1575 kg<br \/>\n        2.9&#215;1.2&#215;0.4 m, 200 kg<\/p>\n","protected":false},"featured_media":6320,"template":"","meta":{"inline_featured_image":false},"product_brand":[],"product_cat":[45,48],"product_tag":[],"class_list":{"0":"post-6315","1":"product","2":"type-product","3":"status-publish","4":"has-post-thumbnail","6":"product_cat-aiamajad","7":"product_cat-modernsed-aiamajad","9":"first","10":"instock","11":"taxable","12":"shipping-taxable","13":"purchasable","14":"product-type-simple"},"yoast_head":"<!-- This site is optimized with the Yoast SEO plugin v27.3 - https:\/\/yoast.com\/product\/yoast-seo-wordpress\/ -->\n<title>Grace 11,2 m2 Slide Plus - Suveleht<\/title>\n<meta name=\"description\" content=\"Grace-112-m2-slide-plus on modernne ja valgusk\u00fcllane aiamaja. Suure l\u00fckanduksega mudelil avaneb uks maja ette. Seinapaksus on toekas 56mm.\" \/>\n<meta name=\"robots\" content=\"index, follow, max-snippet:-1, max-image-preview:large, max-video-preview:-1\" \/>\n<link rel=\"canonical\" href=\"https:\/\/suveleht.ee\/toode\/grace-112-m2-slide-plus\/\" \/>\n<meta property=\"og:locale\" content=\"en_US\" \/>\n<meta property=\"og:type\" content=\"article\" \/>\n<meta property=\"og:title\" content=\"Grace 11,2 m2 Slide Plus - Suveleht\" \/>\n<meta property=\"og:description\" content=\"Grace-112-m2-slide-plus on modernne ja valgusk\u00fcllane aiamaja. Suure l\u00fckanduksega mudelil avaneb uks maja ette. Seinapaksus on toekas 56mm.\" \/>\n<meta property=\"og:url\" content=\"https:\/\/suveleht.ee\/toode\/grace-112-m2-slide-plus\/\" \/>\n<meta property=\"og:site_name\" content=\"Suveleht\" \/>\n<meta property=\"article:modified_time\" content=\"2026-01-28T10:56:11+00:00\" \/>\n<meta property=\"og:image\" content=\"http:\/\/suveleht.ee\/wp-content\/uploads\/2024\/06\/10_Palmako_Modern_Look_Grace_11.2_m2_Slide_Plus_NATURAL.jpg\" \/>\n\t<meta property=\"og:image:width\" content=\"2500\" \/>\n\t<meta property=\"og:image:height\" content=\"1875\" \/>\n\t<meta property=\"og:image:type\" content=\"image\/jpeg\" \/>\n<meta name=\"twitter:card\" content=\"summary_large_image\" \/>\n<meta name=\"twitter:label1\" content=\"Est. reading time\" \/>\n\t<meta name=\"twitter:data1\" content=\"1 minute\" \/>\n<script type=\"application\/ld+json\" class=\"yoast-schema-graph\">{\"@context\":\"https:\\\/\\\/schema.org\",\"@graph\":[{\"@type\":\"WebPage\",\"@id\":\"https:\\\/\\\/suveleht.ee\\\/toode\\\/grace-112-m2-slide-plus\\\/\",\"url\":\"https:\\\/\\\/suveleht.ee\\\/toode\\\/grace-112-m2-slide-plus\\\/\",\"name\":\"Grace 11,2 m2 Slide Plus - Suveleht\",\"isPartOf\":{\"@id\":\"https:\\\/\\\/suveleht.ee\\\/#website\"},\"primaryImageOfPage\":{\"@id\":\"https:\\\/\\\/suveleht.ee\\\/toode\\\/grace-112-m2-slide-plus\\\/#primaryimage\"},\"image\":{\"@id\":\"https:\\\/\\\/suveleht.ee\\\/toode\\\/grace-112-m2-slide-plus\\\/#primaryimage\"},\"thumbnailUrl\":\"https:\\\/\\\/suveleht.ee\\\/wp-content\\\/uploads\\\/2024\\\/06\\\/10_Palmako_Modern_Look_Grace_11.2_m2_Slide_Plus_NATURAL.jpg\",\"datePublished\":\"2024-06-19T11:40:04+00:00\",\"dateModified\":\"2026-01-28T10:56:11+00:00\",\"description\":\"Grace-112-m2-slide-plus on modernne ja valgusk\u00fcllane aiamaja. Suure l\u00fckanduksega mudelil avaneb uks maja ette. Seinapaksus on toekas 56mm.\",\"breadcrumb\":{\"@id\":\"https:\\\/\\\/suveleht.ee\\\/toode\\\/grace-112-m2-slide-plus\\\/#breadcrumb\"},\"inLanguage\":\"en-US\",\"potentialAction\":[{\"@type\":\"ReadAction\",\"target\":[\"https:\\\/\\\/suveleht.ee\\\/toode\\\/grace-112-m2-slide-plus\\\/\"]}]},{\"@type\":\"ImageObject\",\"inLanguage\":\"en-US\",\"@id\":\"https:\\\/\\\/suveleht.ee\\\/toode\\\/grace-112-m2-slide-plus\\\/#primaryimage\",\"url\":\"https:\\\/\\\/suveleht.ee\\\/wp-content\\\/uploads\\\/2024\\\/06\\\/10_Palmako_Modern_Look_Grace_11.2_m2_Slide_Plus_NATURAL.jpg\",\"contentUrl\":\"https:\\\/\\\/suveleht.ee\\\/wp-content\\\/uploads\\\/2024\\\/06\\\/10_Palmako_Modern_Look_Grace_11.2_m2_Slide_Plus_NATURAL.jpg\",\"width\":2500,\"height\":1875},{\"@type\":\"BreadcrumbList\",\"@id\":\"https:\\\/\\\/suveleht.ee\\\/toode\\\/grace-112-m2-slide-plus\\\/#breadcrumb\",\"itemListElement\":[{\"@type\":\"ListItem\",\"position\":1,\"name\":\"Home\",\"item\":\"https:\\\/\\\/suveleht.ee\\\/\"},{\"@type\":\"ListItem\",\"position\":2,\"name\":\"Tooted\",\"item\":\"https:\\\/\\\/suveleht.ee\\\/tooted\\\/\"},{\"@type\":\"ListItem\",\"position\":3,\"name\":\"Grace 11,2 m2 Slide Plus\"}]},{\"@type\":\"WebSite\",\"@id\":\"https:\\\/\\\/suveleht.ee\\\/#website\",\"url\":\"https:\\\/\\\/suveleht.ee\\\/\",\"name\":\"Suveleht\",\"description\":\"Eestis toodetud aiamajad, m\u00e4nguv\u00e4ljakud ja k\u00fcmblust\u00fcnnid\",\"potentialAction\":[{\"@type\":\"SearchAction\",\"target\":{\"@type\":\"EntryPoint\",\"urlTemplate\":\"https:\\\/\\\/suveleht.ee\\\/?s={search_term_string}\"},\"query-input\":{\"@type\":\"PropertyValueSpecification\",\"valueRequired\":true,\"valueName\":\"search_term_string\"}}],\"inLanguage\":\"en-US\"}]}<\/script>\n<!-- \/ Yoast SEO plugin. -->","yoast_head_json":{"title":"Grace 11,2 m2 Slide Plus - Suveleht","description":"Grace-112-m2-slide-plus on modernne ja valgusk\u00fcllane aiamaja. Suure l\u00fckanduksega mudelil avaneb uks maja ette. Seinapaksus on toekas 56mm.","robots":{"index":"index","follow":"follow","max-snippet":"max-snippet:-1","max-image-preview":"max-image-preview:large","max-video-preview":"max-video-preview:-1"},"canonical":"https:\/\/suveleht.ee\/toode\/grace-112-m2-slide-plus\/","og_locale":"en_US","og_type":"article","og_title":"Grace 11,2 m2 Slide Plus - Suveleht","og_description":"Grace-112-m2-slide-plus on modernne ja valgusk\u00fcllane aiamaja. Suure l\u00fckanduksega mudelil avaneb uks maja ette. Seinapaksus on toekas 56mm.","og_url":"https:\/\/suveleht.ee\/toode\/grace-112-m2-slide-plus\/","og_site_name":"Suveleht","article_modified_time":"2026-01-28T10:56:11+00:00","og_image":[{"width":2500,"height":1875,"url":"http:\/\/suveleht.ee\/wp-content\/uploads\/2024\/06\/10_Palmako_Modern_Look_Grace_11.2_m2_Slide_Plus_NATURAL.jpg","type":"image\/jpeg"}],"twitter_card":"summary_large_image","twitter_misc":{"Est. reading time":"1 minute"},"schema":{"@context":"https:\/\/schema.org","@graph":[{"@type":"WebPage","@id":"https:\/\/suveleht.ee\/toode\/grace-112-m2-slide-plus\/","url":"https:\/\/suveleht.ee\/toode\/grace-112-m2-slide-plus\/","name":"Grace 11,2 m2 Slide Plus - Suveleht","isPartOf":{"@id":"https:\/\/suveleht.ee\/#website"},"primaryImageOfPage":{"@id":"https:\/\/suveleht.ee\/toode\/grace-112-m2-slide-plus\/#primaryimage"},"image":{"@id":"https:\/\/suveleht.ee\/toode\/grace-112-m2-slide-plus\/#primaryimage"},"thumbnailUrl":"https:\/\/suveleht.ee\/wp-content\/uploads\/2024\/06\/10_Palmako_Modern_Look_Grace_11.2_m2_Slide_Plus_NATURAL.jpg","datePublished":"2024-06-19T11:40:04+00:00","dateModified":"2026-01-28T10:56:11+00:00","description":"Grace-112-m2-slide-plus on modernne ja valgusk\u00fcllane aiamaja. Suure l\u00fckanduksega mudelil avaneb uks maja ette. Seinapaksus on toekas 56mm.","breadcrumb":{"@id":"https:\/\/suveleht.ee\/toode\/grace-112-m2-slide-plus\/#breadcrumb"},"inLanguage":"en-US","potentialAction":[{"@type":"ReadAction","target":["https:\/\/suveleht.ee\/toode\/grace-112-m2-slide-plus\/"]}]},{"@type":"ImageObject","inLanguage":"en-US","@id":"https:\/\/suveleht.ee\/toode\/grace-112-m2-slide-plus\/#primaryimage","url":"https:\/\/suveleht.ee\/wp-content\/uploads\/2024\/06\/10_Palmako_Modern_Look_Grace_11.2_m2_Slide_Plus_NATURAL.jpg","contentUrl":"https:\/\/suveleht.ee\/wp-content\/uploads\/2024\/06\/10_Palmako_Modern_Look_Grace_11.2_m2_Slide_Plus_NATURAL.jpg","width":2500,"height":1875},{"@type":"BreadcrumbList","@id":"https:\/\/suveleht.ee\/toode\/grace-112-m2-slide-plus\/#breadcrumb","itemListElement":[{"@type":"ListItem","position":1,"name":"Home","item":"https:\/\/suveleht.ee\/"},{"@type":"ListItem","position":2,"name":"Tooted","item":"https:\/\/suveleht.ee\/tooted\/"},{"@type":"ListItem","position":3,"name":"Grace 11,2 m2 Slide Plus"}]},{"@type":"WebSite","@id":"https:\/\/suveleht.ee\/#website","url":"https:\/\/suveleht.ee\/","name":"Suveleht","description":"Eestis toodetud aiamajad, m\u00e4nguv\u00e4ljakud ja k\u00fcmblust\u00fcnnid","potentialAction":[{"@type":"SearchAction","target":{"@type":"EntryPoint","urlTemplate":"https:\/\/suveleht.ee\/?s={search_term_string}"},"query-input":{"@type":"PropertyValueSpecification","valueRequired":true,"valueName":"search_term_string"}}],"inLanguage":"en-US"}]}},"_links":{"self":[{"href":"https:\/\/suveleht.ee\/en\/wp-json\/wp\/v2\/product\/6315","targetHints":{"allow":["GET"]}}],"collection":[{"href":"https:\/\/suveleht.ee\/en\/wp-json\/wp\/v2\/product"}],"about":[{"href":"https:\/\/suveleht.ee\/en\/wp-json\/wp\/v2\/types\/product"}],"wp:featuredmedia":[{"embeddable":true,"href":"https:\/\/suveleht.ee\/en\/wp-json\/wp\/v2\/media\/6320"}],"wp:attachment":[{"href":"https:\/\/suveleht.ee\/en\/wp-json\/wp\/v2\/media?parent=6315"}],"wp:term":[{"taxonomy":"product_brand","embeddable":true,"href":"https:\/\/suveleht.ee\/en\/wp-json\/wp\/v2\/product_brand?post=6315"},{"taxonomy":"product_cat","embeddable":true,"href":"https:\/\/suveleht.ee\/en\/wp-json\/wp\/v2\/product_cat?post=6315"},{"taxonomy":"product_tag","embeddable":true,"href":"https:\/\/suveleht.ee\/en\/wp-json\/wp\/v2\/product_tag?post=6315"}],"curies":[{"name":"wp","href":"https:\/\/api.w.org\/{rel}","templated":true}]}}