{"id":6296,"date":"2024-06-19T10:00:07","date_gmt":"2024-06-19T10:00:07","guid":{"rendered":"https:\/\/suveleht.ee\/?post_type=product&#038;p=6296"},"modified":"2024-08-01T00:07:39","modified_gmt":"2024-08-01T00:07:39","slug":"britta-197-m2","status":"publish","type":"product","link":"https:\/\/suveleht.ee\/en\/toode\/britta-197-m2\/","title":{"rendered":"Britta 19,7 m2"},"content":{"rendered":"","protected":false},"excerpt":{"rendered":"<p>* TASUTA TRANSPORT<br \/>\n* Garantii 5 aastat<\/p>\n<p>Britta 19.7 m2 on m\u00f5nusa katusealusega, kahepoolse uksega aiamaja. Klaasitud Uksel on silinderlukk, liimpuidust ukseraam ja madal metalliga kaetud l\u00e4vepakk. P\u00f6\u00f6rd-kaldavaneval aknal on veenina. Majal on olemas tormiliistud. Katus on punni ja soonega laudadest, seinadetailid on tuuletapiga.<br \/>\nMajakomplekt sisaldab k\u00f5iki paigaldamiseks vajaminevaid detaile: kastetud alusraam, seinadetailid, katusetalad, -lauad ja -liistud ning avat\u00e4ited. Lisaks on pakis ka kinnitusvahendid (kruvid, naelad jms). Katusekattematerjal standardkomplekti ei kuulu. P\u00f5randa saab soovi korral juurde osta. <\/p>\n<p>Ehitus: Tuuletapiga seinadetailid<br \/>\nPindala: 19.7 m2<br \/>\nV\u00e4lispindala: 20.4 m2<br \/>\nRuumala: 46.7 m3<br \/>\nSeina paksus: 40 mm<br \/>\nSeinam\u00f5\u00f5dud: 480 x 425 cm<br \/>\nDetailim\u00f5\u00f5dud: 500 x 445 cm<br \/>\nSeina k\u00f5rgus: 205 cm<br \/>\nKoguk\u00f5rgus: 270 cm<br \/>\nP\u00f5randa pindala: 19.7 m2<br \/>\nKatuse \u00fcleulatus: 132 cm<br \/>\nKatuse pindala: 30.5 m2<br \/>\nKatusekalle: 14.7\u00b0<br \/>\nKatuselauad: 19 mm<br \/>\nUkseava: 151 x 186 cm<br \/>\nAknaava: 119 x 89 cm<br \/>\nPakend: 6.0&#215;1.2&#215;0.6 m, 1315 kg<\/p>\n","protected":false},"featured_media":6297,"template":"","meta":{"inline_featured_image":false},"product_brand":[],"product_cat":[45,46],"product_tag":[],"class_list":{"0":"post-6296","1":"product","2":"type-product","3":"status-publish","4":"has-post-thumbnail","6":"product_cat-aiamajad","7":"product_cat-hoiuruumid","9":"first","10":"instock","11":"taxable","12":"shipping-taxable","13":"purchasable","14":"product-type-simple"},"yoast_head":"<!-- This site is optimized with the Yoast SEO plugin v27.3 - https:\/\/yoast.com\/product\/yoast-seo-wordpress\/ -->\n<title>Britta 19,7 m2 - Suveleht<\/title>\n<meta name=\"description\" content=\"Britta-19-7-m2on m\u00f5nusa katusealusega, kahepoolse uksega aiamaja. Klaasitud Uksel on silinderlukk, liimpuidust ukseraam ja madal metalliga kaetud l\u00e4vepakk.\" \/>\n<meta name=\"robots\" content=\"index, follow, max-snippet:-1, max-image-preview:large, max-video-preview:-1\" \/>\n<link rel=\"canonical\" href=\"https:\/\/suveleht.ee\/toode\/britta-197-m2\/\" \/>\n<meta property=\"og:locale\" content=\"en_US\" \/>\n<meta property=\"og:type\" content=\"article\" \/>\n<meta property=\"og:title\" content=\"Britta 19,7 m2 - Suveleht\" \/>\n<meta property=\"og:description\" content=\"Britta-19-7-m2on m\u00f5nusa katusealusega, kahepoolse uksega aiamaja. Klaasitud Uksel on silinderlukk, liimpuidust ukseraam ja madal metalliga kaetud l\u00e4vepakk.\" \/>\n<meta property=\"og:url\" content=\"https:\/\/suveleht.ee\/toode\/britta-197-m2\/\" \/>\n<meta property=\"og:site_name\" content=\"Suveleht\" \/>\n<meta property=\"article:modified_time\" content=\"2024-08-01T00:07:39+00:00\" \/>\n<meta property=\"og:image\" content=\"http:\/\/suveleht.ee\/wp-content\/uploads\/2024\/06\/1_Palmako_cabin_Britta_19.7_m2_NATURAL.jpg\" \/>\n\t<meta property=\"og:image:width\" content=\"2000\" \/>\n\t<meta property=\"og:image:height\" content=\"1500\" \/>\n\t<meta property=\"og:image:type\" content=\"image\/jpeg\" \/>\n<meta name=\"twitter:card\" content=\"summary_large_image\" \/>\n<meta name=\"twitter:label1\" content=\"Est. reading time\" \/>\n\t<meta name=\"twitter:data1\" content=\"1 minute\" \/>\n<script type=\"application\/ld+json\" class=\"yoast-schema-graph\">{\"@context\":\"https:\\\/\\\/schema.org\",\"@graph\":[{\"@type\":\"WebPage\",\"@id\":\"https:\\\/\\\/suveleht.ee\\\/toode\\\/britta-197-m2\\\/\",\"url\":\"https:\\\/\\\/suveleht.ee\\\/toode\\\/britta-197-m2\\\/\",\"name\":\"Britta 19,7 m2 - Suveleht\",\"isPartOf\":{\"@id\":\"https:\\\/\\\/suveleht.ee\\\/#website\"},\"primaryImageOfPage\":{\"@id\":\"https:\\\/\\\/suveleht.ee\\\/toode\\\/britta-197-m2\\\/#primaryimage\"},\"image\":{\"@id\":\"https:\\\/\\\/suveleht.ee\\\/toode\\\/britta-197-m2\\\/#primaryimage\"},\"thumbnailUrl\":\"https:\\\/\\\/suveleht.ee\\\/wp-content\\\/uploads\\\/2024\\\/06\\\/1_Palmako_cabin_Britta_19.7_m2_NATURAL.jpg\",\"datePublished\":\"2024-06-19T10:00:07+00:00\",\"dateModified\":\"2024-08-01T00:07:39+00:00\",\"description\":\"Britta-19-7-m2on m\u00f5nusa katusealusega, kahepoolse uksega aiamaja. Klaasitud Uksel on silinderlukk, liimpuidust ukseraam ja madal metalliga kaetud l\u00e4vepakk.\",\"breadcrumb\":{\"@id\":\"https:\\\/\\\/suveleht.ee\\\/toode\\\/britta-197-m2\\\/#breadcrumb\"},\"inLanguage\":\"en-US\",\"potentialAction\":[{\"@type\":\"ReadAction\",\"target\":[\"https:\\\/\\\/suveleht.ee\\\/toode\\\/britta-197-m2\\\/\"]}]},{\"@type\":\"ImageObject\",\"inLanguage\":\"en-US\",\"@id\":\"https:\\\/\\\/suveleht.ee\\\/toode\\\/britta-197-m2\\\/#primaryimage\",\"url\":\"https:\\\/\\\/suveleht.ee\\\/wp-content\\\/uploads\\\/2024\\\/06\\\/1_Palmako_cabin_Britta_19.7_m2_NATURAL.jpg\",\"contentUrl\":\"https:\\\/\\\/suveleht.ee\\\/wp-content\\\/uploads\\\/2024\\\/06\\\/1_Palmako_cabin_Britta_19.7_m2_NATURAL.jpg\",\"width\":2000,\"height\":1500},{\"@type\":\"BreadcrumbList\",\"@id\":\"https:\\\/\\\/suveleht.ee\\\/toode\\\/britta-197-m2\\\/#breadcrumb\",\"itemListElement\":[{\"@type\":\"ListItem\",\"position\":1,\"name\":\"Home\",\"item\":\"https:\\\/\\\/suveleht.ee\\\/\"},{\"@type\":\"ListItem\",\"position\":2,\"name\":\"Tooted\",\"item\":\"https:\\\/\\\/suveleht.ee\\\/tooted\\\/\"},{\"@type\":\"ListItem\",\"position\":3,\"name\":\"Britta 19,7 m2\"}]},{\"@type\":\"WebSite\",\"@id\":\"https:\\\/\\\/suveleht.ee\\\/#website\",\"url\":\"https:\\\/\\\/suveleht.ee\\\/\",\"name\":\"Suveleht\",\"description\":\"Eestis toodetud aiamajad, m\u00e4nguv\u00e4ljakud ja k\u00fcmblust\u00fcnnid\",\"potentialAction\":[{\"@type\":\"SearchAction\",\"target\":{\"@type\":\"EntryPoint\",\"urlTemplate\":\"https:\\\/\\\/suveleht.ee\\\/?s={search_term_string}\"},\"query-input\":{\"@type\":\"PropertyValueSpecification\",\"valueRequired\":true,\"valueName\":\"search_term_string\"}}],\"inLanguage\":\"en-US\"}]}<\/script>\n<!-- \/ Yoast SEO plugin. -->","yoast_head_json":{"title":"Britta 19,7 m2 - Suveleht","description":"Britta-19-7-m2on m\u00f5nusa katusealusega, kahepoolse uksega aiamaja. Klaasitud Uksel on silinderlukk, liimpuidust ukseraam ja madal metalliga kaetud l\u00e4vepakk.","robots":{"index":"index","follow":"follow","max-snippet":"max-snippet:-1","max-image-preview":"max-image-preview:large","max-video-preview":"max-video-preview:-1"},"canonical":"https:\/\/suveleht.ee\/toode\/britta-197-m2\/","og_locale":"en_US","og_type":"article","og_title":"Britta 19,7 m2 - Suveleht","og_description":"Britta-19-7-m2on m\u00f5nusa katusealusega, kahepoolse uksega aiamaja. Klaasitud Uksel on silinderlukk, liimpuidust ukseraam ja madal metalliga kaetud l\u00e4vepakk.","og_url":"https:\/\/suveleht.ee\/toode\/britta-197-m2\/","og_site_name":"Suveleht","article_modified_time":"2024-08-01T00:07:39+00:00","og_image":[{"width":2000,"height":1500,"url":"http:\/\/suveleht.ee\/wp-content\/uploads\/2024\/06\/1_Palmako_cabin_Britta_19.7_m2_NATURAL.jpg","type":"image\/jpeg"}],"twitter_card":"summary_large_image","twitter_misc":{"Est. reading time":"1 minute"},"schema":{"@context":"https:\/\/schema.org","@graph":[{"@type":"WebPage","@id":"https:\/\/suveleht.ee\/toode\/britta-197-m2\/","url":"https:\/\/suveleht.ee\/toode\/britta-197-m2\/","name":"Britta 19,7 m2 - Suveleht","isPartOf":{"@id":"https:\/\/suveleht.ee\/#website"},"primaryImageOfPage":{"@id":"https:\/\/suveleht.ee\/toode\/britta-197-m2\/#primaryimage"},"image":{"@id":"https:\/\/suveleht.ee\/toode\/britta-197-m2\/#primaryimage"},"thumbnailUrl":"https:\/\/suveleht.ee\/wp-content\/uploads\/2024\/06\/1_Palmako_cabin_Britta_19.7_m2_NATURAL.jpg","datePublished":"2024-06-19T10:00:07+00:00","dateModified":"2024-08-01T00:07:39+00:00","description":"Britta-19-7-m2on m\u00f5nusa katusealusega, kahepoolse uksega aiamaja. Klaasitud Uksel on silinderlukk, liimpuidust ukseraam ja madal metalliga kaetud l\u00e4vepakk.","breadcrumb":{"@id":"https:\/\/suveleht.ee\/toode\/britta-197-m2\/#breadcrumb"},"inLanguage":"en-US","potentialAction":[{"@type":"ReadAction","target":["https:\/\/suveleht.ee\/toode\/britta-197-m2\/"]}]},{"@type":"ImageObject","inLanguage":"en-US","@id":"https:\/\/suveleht.ee\/toode\/britta-197-m2\/#primaryimage","url":"https:\/\/suveleht.ee\/wp-content\/uploads\/2024\/06\/1_Palmako_cabin_Britta_19.7_m2_NATURAL.jpg","contentUrl":"https:\/\/suveleht.ee\/wp-content\/uploads\/2024\/06\/1_Palmako_cabin_Britta_19.7_m2_NATURAL.jpg","width":2000,"height":1500},{"@type":"BreadcrumbList","@id":"https:\/\/suveleht.ee\/toode\/britta-197-m2\/#breadcrumb","itemListElement":[{"@type":"ListItem","position":1,"name":"Home","item":"https:\/\/suveleht.ee\/"},{"@type":"ListItem","position":2,"name":"Tooted","item":"https:\/\/suveleht.ee\/tooted\/"},{"@type":"ListItem","position":3,"name":"Britta 19,7 m2"}]},{"@type":"WebSite","@id":"https:\/\/suveleht.ee\/#website","url":"https:\/\/suveleht.ee\/","name":"Suveleht","description":"Eestis toodetud aiamajad, m\u00e4nguv\u00e4ljakud ja k\u00fcmblust\u00fcnnid","potentialAction":[{"@type":"SearchAction","target":{"@type":"EntryPoint","urlTemplate":"https:\/\/suveleht.ee\/?s={search_term_string}"},"query-input":{"@type":"PropertyValueSpecification","valueRequired":true,"valueName":"search_term_string"}}],"inLanguage":"en-US"}]}},"_links":{"self":[{"href":"https:\/\/suveleht.ee\/en\/wp-json\/wp\/v2\/product\/6296","targetHints":{"allow":["GET"]}}],"collection":[{"href":"https:\/\/suveleht.ee\/en\/wp-json\/wp\/v2\/product"}],"about":[{"href":"https:\/\/suveleht.ee\/en\/wp-json\/wp\/v2\/types\/product"}],"wp:featuredmedia":[{"embeddable":true,"href":"https:\/\/suveleht.ee\/en\/wp-json\/wp\/v2\/media\/6297"}],"wp:attachment":[{"href":"https:\/\/suveleht.ee\/en\/wp-json\/wp\/v2\/media?parent=6296"}],"wp:term":[{"taxonomy":"product_brand","embeddable":true,"href":"https:\/\/suveleht.ee\/en\/wp-json\/wp\/v2\/product_brand?post=6296"},{"taxonomy":"product_cat","embeddable":true,"href":"https:\/\/suveleht.ee\/en\/wp-json\/wp\/v2\/product_cat?post=6296"},{"taxonomy":"product_tag","embeddable":true,"href":"https:\/\/suveleht.ee\/en\/wp-json\/wp\/v2\/product_tag?post=6296"}],"curies":[{"name":"wp","href":"https:\/\/api.w.org\/{rel}","templated":true}]}}