{"id":6133,"date":"2024-05-23T11:45:19","date_gmt":"2024-05-23T11:45:19","guid":{"rendered":"https:\/\/suveleht.ee\/?post_type=product&#038;p=6133"},"modified":"2026-01-28T10:43:22","modified_gmt":"2026-01-28T10:43:22","slug":"andrea-171-m2-slide","status":"publish","type":"product","link":"https:\/\/suveleht.ee\/en\/toode\/andrea-171-m2-slide\/","title":{"rendered":"Andrea 17,1 m2 Slide"},"content":{"rendered":"","protected":false},"excerpt":{"rendered":"<p>* TASUTA TRANSPORT<br \/>\n* Garantii 5 aastat<\/p>\n<p>Andrea 17,1 m2 Slide on ruumikas, moodne ja valgusk\u00fcllane aiamaja. M\u00f5lemad l\u00fckanduksed ja aken on 4 mm karastatud klaasist. Aiamajal on modernne tappideta nurga\u00fchendus. Nii katus kui p\u00f5rand on punni ja soonega laudadest. Postid on tugevast liimpuidust, vundamendiprussid kastetud. Maja on v\u00f5imalik ehitada ka peegelpildis.<br \/>\nMajakomplekt sisaldab k\u00f5iki paigaldamiseks vajaminevaid detaile: kastetud alusraam, seinadetailid, p\u00f5randalauad ja -liistud, katusetalad, -lauad ja -liistud ning avat\u00e4ited. Lisaks on pakis ka kinnitusvahendid (kruvid, naelad jms). Katusekattematerjal standardkomplekti ei kuulu.<\/p>\n<p>Ehitus: Modernne tappideta nurga\u00fchendus<br \/>\nPindala: 17.1 m2<br \/>\nV\u00e4lispindala: 17.9 m2<br \/>\nRuumala: 41.0 m3<br \/>\nSeina paksus: 44 mm<br \/>\nSeinam\u00f5\u00f5dud: 595 x 300 cm<br \/>\nSeina k\u00f5rgus: 228 cm<br \/>\nKogu k\u00f5rgus: 264 cm<br \/>\nP\u00f5randa pindala: 17.1 m2<br \/>\nP\u00f5randalauad: 19 mm<br \/>\nKatuse \u00fcleulatus: 82 cm<br \/>\nKatuse pindala: 25.4 m2<br \/>\nKatusekalle: 4.4\u00b0<br \/>\nKatuselauad: 19 mm<br \/>\nUkseava: 88 x 187 cm; 176 x 187 cm<br \/>\nAknaava: 83 x 160 cm<br \/>\nPakend: 3.0&#215;1.0x0.5 m, 150 kg<br \/>\n6.0&#215;1.2&#215;0.9, 1625 kg<\/p>\n","protected":false},"featured_media":6134,"template":"","meta":{"inline_featured_image":false},"product_brand":[],"product_cat":[45,48],"product_tag":[],"class_list":{"0":"post-6133","1":"product","2":"type-product","3":"status-publish","4":"has-post-thumbnail","6":"product_cat-aiamajad","7":"product_cat-modernsed-aiamajad","9":"first","10":"instock","11":"taxable","12":"shipping-taxable","13":"purchasable","14":"product-type-simple"},"yoast_head":"<!-- This site is optimized with the Yoast SEO plugin v27.3 - https:\/\/yoast.com\/product\/yoast-seo-wordpress\/ -->\n<title>Andrea 17,1 m2 Slide - Suveleht<\/title>\n<meta name=\"description\" content=\"Andrea-171-m2-slide on ruumikas, moodne ja valgusk\u00fcllane aiamaja. M\u00f5lemad l\u00fckanduksed ja aken on 4 mm karastatud klaasist.\" \/>\n<meta name=\"robots\" content=\"index, follow, max-snippet:-1, max-image-preview:large, max-video-preview:-1\" \/>\n<link rel=\"canonical\" href=\"https:\/\/suveleht.ee\/toode\/andrea-171-m2-slide\/\" \/>\n<meta property=\"og:locale\" content=\"en_US\" \/>\n<meta property=\"og:type\" content=\"article\" \/>\n<meta property=\"og:title\" content=\"Andrea 17,1 m2 Slide - Suveleht\" \/>\n<meta property=\"og:description\" content=\"Andrea-171-m2-slide on ruumikas, moodne ja valgusk\u00fcllane aiamaja. M\u00f5lemad l\u00fckanduksed ja aken on 4 mm karastatud klaasist.\" \/>\n<meta property=\"og:url\" content=\"https:\/\/suveleht.ee\/toode\/andrea-171-m2-slide\/\" \/>\n<meta property=\"og:site_name\" content=\"Suveleht\" \/>\n<meta property=\"article:modified_time\" content=\"2026-01-28T10:43:22+00:00\" \/>\n<meta property=\"og:image\" content=\"http:\/\/suveleht.ee\/wp-content\/uploads\/2024\/05\/1_Palmako_cabin_Andrea_17.1_m2_Slide_NATURAL_wb.jpg\" \/>\n\t<meta property=\"og:image:width\" content=\"2500\" \/>\n\t<meta property=\"og:image:height\" content=\"1875\" \/>\n\t<meta property=\"og:image:type\" content=\"image\/jpeg\" \/>\n<meta name=\"twitter:card\" content=\"summary_large_image\" \/>\n<meta name=\"twitter:label1\" content=\"Est. reading time\" \/>\n\t<meta name=\"twitter:data1\" content=\"1 minute\" \/>\n<script type=\"application\/ld+json\" class=\"yoast-schema-graph\">{\"@context\":\"https:\\\/\\\/schema.org\",\"@graph\":[{\"@type\":\"WebPage\",\"@id\":\"https:\\\/\\\/suveleht.ee\\\/toode\\\/andrea-171-m2-slide\\\/\",\"url\":\"https:\\\/\\\/suveleht.ee\\\/toode\\\/andrea-171-m2-slide\\\/\",\"name\":\"Andrea 17,1 m2 Slide - Suveleht\",\"isPartOf\":{\"@id\":\"https:\\\/\\\/suveleht.ee\\\/#website\"},\"primaryImageOfPage\":{\"@id\":\"https:\\\/\\\/suveleht.ee\\\/toode\\\/andrea-171-m2-slide\\\/#primaryimage\"},\"image\":{\"@id\":\"https:\\\/\\\/suveleht.ee\\\/toode\\\/andrea-171-m2-slide\\\/#primaryimage\"},\"thumbnailUrl\":\"https:\\\/\\\/suveleht.ee\\\/wp-content\\\/uploads\\\/2024\\\/05\\\/1_Palmako_cabin_Andrea_17.1_m2_Slide_NATURAL_wb.jpg\",\"datePublished\":\"2024-05-23T11:45:19+00:00\",\"dateModified\":\"2026-01-28T10:43:22+00:00\",\"description\":\"Andrea-171-m2-slide on ruumikas, moodne ja valgusk\u00fcllane aiamaja. M\u00f5lemad l\u00fckanduksed ja aken on 4 mm karastatud klaasist.\",\"breadcrumb\":{\"@id\":\"https:\\\/\\\/suveleht.ee\\\/toode\\\/andrea-171-m2-slide\\\/#breadcrumb\"},\"inLanguage\":\"en-US\",\"potentialAction\":[{\"@type\":\"ReadAction\",\"target\":[\"https:\\\/\\\/suveleht.ee\\\/toode\\\/andrea-171-m2-slide\\\/\"]}]},{\"@type\":\"ImageObject\",\"inLanguage\":\"en-US\",\"@id\":\"https:\\\/\\\/suveleht.ee\\\/toode\\\/andrea-171-m2-slide\\\/#primaryimage\",\"url\":\"https:\\\/\\\/suveleht.ee\\\/wp-content\\\/uploads\\\/2024\\\/05\\\/1_Palmako_cabin_Andrea_17.1_m2_Slide_NATURAL_wb.jpg\",\"contentUrl\":\"https:\\\/\\\/suveleht.ee\\\/wp-content\\\/uploads\\\/2024\\\/05\\\/1_Palmako_cabin_Andrea_17.1_m2_Slide_NATURAL_wb.jpg\",\"width\":2500,\"height\":1875},{\"@type\":\"BreadcrumbList\",\"@id\":\"https:\\\/\\\/suveleht.ee\\\/toode\\\/andrea-171-m2-slide\\\/#breadcrumb\",\"itemListElement\":[{\"@type\":\"ListItem\",\"position\":1,\"name\":\"Home\",\"item\":\"https:\\\/\\\/suveleht.ee\\\/\"},{\"@type\":\"ListItem\",\"position\":2,\"name\":\"Tooted\",\"item\":\"https:\\\/\\\/suveleht.ee\\\/tooted\\\/\"},{\"@type\":\"ListItem\",\"position\":3,\"name\":\"Andrea 17,1 m2 Slide\"}]},{\"@type\":\"WebSite\",\"@id\":\"https:\\\/\\\/suveleht.ee\\\/#website\",\"url\":\"https:\\\/\\\/suveleht.ee\\\/\",\"name\":\"Suveleht\",\"description\":\"Eestis toodetud aiamajad, m\u00e4nguv\u00e4ljakud ja k\u00fcmblust\u00fcnnid\",\"potentialAction\":[{\"@type\":\"SearchAction\",\"target\":{\"@type\":\"EntryPoint\",\"urlTemplate\":\"https:\\\/\\\/suveleht.ee\\\/?s={search_term_string}\"},\"query-input\":{\"@type\":\"PropertyValueSpecification\",\"valueRequired\":true,\"valueName\":\"search_term_string\"}}],\"inLanguage\":\"en-US\"}]}<\/script>\n<!-- \/ Yoast SEO plugin. -->","yoast_head_json":{"title":"Andrea 17,1 m2 Slide - Suveleht","description":"Andrea-171-m2-slide on ruumikas, moodne ja valgusk\u00fcllane aiamaja. M\u00f5lemad l\u00fckanduksed ja aken on 4 mm karastatud klaasist.","robots":{"index":"index","follow":"follow","max-snippet":"max-snippet:-1","max-image-preview":"max-image-preview:large","max-video-preview":"max-video-preview:-1"},"canonical":"https:\/\/suveleht.ee\/toode\/andrea-171-m2-slide\/","og_locale":"en_US","og_type":"article","og_title":"Andrea 17,1 m2 Slide - Suveleht","og_description":"Andrea-171-m2-slide on ruumikas, moodne ja valgusk\u00fcllane aiamaja. M\u00f5lemad l\u00fckanduksed ja aken on 4 mm karastatud klaasist.","og_url":"https:\/\/suveleht.ee\/toode\/andrea-171-m2-slide\/","og_site_name":"Suveleht","article_modified_time":"2026-01-28T10:43:22+00:00","og_image":[{"width":2500,"height":1875,"url":"http:\/\/suveleht.ee\/wp-content\/uploads\/2024\/05\/1_Palmako_cabin_Andrea_17.1_m2_Slide_NATURAL_wb.jpg","type":"image\/jpeg"}],"twitter_card":"summary_large_image","twitter_misc":{"Est. reading time":"1 minute"},"schema":{"@context":"https:\/\/schema.org","@graph":[{"@type":"WebPage","@id":"https:\/\/suveleht.ee\/toode\/andrea-171-m2-slide\/","url":"https:\/\/suveleht.ee\/toode\/andrea-171-m2-slide\/","name":"Andrea 17,1 m2 Slide - Suveleht","isPartOf":{"@id":"https:\/\/suveleht.ee\/#website"},"primaryImageOfPage":{"@id":"https:\/\/suveleht.ee\/toode\/andrea-171-m2-slide\/#primaryimage"},"image":{"@id":"https:\/\/suveleht.ee\/toode\/andrea-171-m2-slide\/#primaryimage"},"thumbnailUrl":"https:\/\/suveleht.ee\/wp-content\/uploads\/2024\/05\/1_Palmako_cabin_Andrea_17.1_m2_Slide_NATURAL_wb.jpg","datePublished":"2024-05-23T11:45:19+00:00","dateModified":"2026-01-28T10:43:22+00:00","description":"Andrea-171-m2-slide on ruumikas, moodne ja valgusk\u00fcllane aiamaja. M\u00f5lemad l\u00fckanduksed ja aken on 4 mm karastatud klaasist.","breadcrumb":{"@id":"https:\/\/suveleht.ee\/toode\/andrea-171-m2-slide\/#breadcrumb"},"inLanguage":"en-US","potentialAction":[{"@type":"ReadAction","target":["https:\/\/suveleht.ee\/toode\/andrea-171-m2-slide\/"]}]},{"@type":"ImageObject","inLanguage":"en-US","@id":"https:\/\/suveleht.ee\/toode\/andrea-171-m2-slide\/#primaryimage","url":"https:\/\/suveleht.ee\/wp-content\/uploads\/2024\/05\/1_Palmako_cabin_Andrea_17.1_m2_Slide_NATURAL_wb.jpg","contentUrl":"https:\/\/suveleht.ee\/wp-content\/uploads\/2024\/05\/1_Palmako_cabin_Andrea_17.1_m2_Slide_NATURAL_wb.jpg","width":2500,"height":1875},{"@type":"BreadcrumbList","@id":"https:\/\/suveleht.ee\/toode\/andrea-171-m2-slide\/#breadcrumb","itemListElement":[{"@type":"ListItem","position":1,"name":"Home","item":"https:\/\/suveleht.ee\/"},{"@type":"ListItem","position":2,"name":"Tooted","item":"https:\/\/suveleht.ee\/tooted\/"},{"@type":"ListItem","position":3,"name":"Andrea 17,1 m2 Slide"}]},{"@type":"WebSite","@id":"https:\/\/suveleht.ee\/#website","url":"https:\/\/suveleht.ee\/","name":"Suveleht","description":"Eestis toodetud aiamajad, m\u00e4nguv\u00e4ljakud ja k\u00fcmblust\u00fcnnid","potentialAction":[{"@type":"SearchAction","target":{"@type":"EntryPoint","urlTemplate":"https:\/\/suveleht.ee\/?s={search_term_string}"},"query-input":{"@type":"PropertyValueSpecification","valueRequired":true,"valueName":"search_term_string"}}],"inLanguage":"en-US"}]}},"_links":{"self":[{"href":"https:\/\/suveleht.ee\/en\/wp-json\/wp\/v2\/product\/6133","targetHints":{"allow":["GET"]}}],"collection":[{"href":"https:\/\/suveleht.ee\/en\/wp-json\/wp\/v2\/product"}],"about":[{"href":"https:\/\/suveleht.ee\/en\/wp-json\/wp\/v2\/types\/product"}],"wp:featuredmedia":[{"embeddable":true,"href":"https:\/\/suveleht.ee\/en\/wp-json\/wp\/v2\/media\/6134"}],"wp:attachment":[{"href":"https:\/\/suveleht.ee\/en\/wp-json\/wp\/v2\/media?parent=6133"}],"wp:term":[{"taxonomy":"product_brand","embeddable":true,"href":"https:\/\/suveleht.ee\/en\/wp-json\/wp\/v2\/product_brand?post=6133"},{"taxonomy":"product_cat","embeddable":true,"href":"https:\/\/suveleht.ee\/en\/wp-json\/wp\/v2\/product_cat?post=6133"},{"taxonomy":"product_tag","embeddable":true,"href":"https:\/\/suveleht.ee\/en\/wp-json\/wp\/v2\/product_tag?post=6133"}],"curies":[{"name":"wp","href":"https:\/\/api.w.org\/{rel}","templated":true}]}}