{"id":5967,"date":"2024-05-23T09:00:06","date_gmt":"2024-05-23T09:00:06","guid":{"rendered":"https:\/\/suveleht.ee\/?post_type=product&#038;p=5967"},"modified":"2026-01-28T10:40:39","modified_gmt":"2026-01-28T10:40:39","slug":"andrea-112-79m2-slide-katusealusega","status":"publish","type":"product","link":"https:\/\/suveleht.ee\/en\/toode\/andrea-112-79m2-slide-katusealusega\/","title":{"rendered":"Andrea 11,2 + 7,9m2 Slide katusealusega"},"content":{"rendered":"","protected":false},"excerpt":{"rendered":"<p>* TASUTA TRANSPORT<br \/>\n* Garantii 5 aastat<\/p>\n<p>Andrea 11,2 + 7,9m2 on moodne ja valgusk\u00fcllane aiamaja koos varjupakkuva katusealusega. M\u00f5lemad l\u00fckanduksed on 4 mm karastatud klaasist. Aiamajal on modernne tappideta nurga\u00fchendus. Nii katus kui p\u00f5rand on punni ja soonega laudadest. Postid on tugevast liimpuidust, vundamendiprussid kastetud. Maja on v\u00f5imalik ehitada ka peegelpildis.<br \/>\nMajakomplekt sisaldab k\u00f5iki paigaldamiseks vajaminevaid detaile: kastetud alusraam, seinadetailid, p\u00f5randalauad ja -liistud, katusetalad, -lauad ja -liistud ning avat\u00e4ited. Lisaks on pakis ka kinnitusvahendid (kruvid, naelad jms). Katusekattematerjal standardkomplekti ei kuulu.<\/p>\n<p>Ehitus: Modernne tappideta nurga\u00fchendus<br \/>\nPindala: 19 m2<br \/>\nV\u00e4lispindala: 20 m2<br \/>\nRuumala: 26.7 m3<br \/>\nSeina paksus: 44 mm<br \/>\nSeinam\u00f5\u00f5dud: 693 x 300 cm<br \/>\nViiluseina k\u00f5rgus: 306 cm<br \/>\nSeina k\u00f5rgus: 228 cm<br \/>\nKogu k\u00f5rgus: 264 cm<br \/>\nP\u00f5randa pindala: 11.2 m2<br \/>\nP\u00f5randalauad: 19 mm<br \/>\nKatuse \u00fcleulatus: 82 cm<br \/>\nKatuse pindala: 29.5 m2<br \/>\nKatusekalle: 4.4\u00b0<br \/>\nKatuselauad: 19 mm<br \/>\nUkseava: 88 x 187 cm; 176 x 187 cm<br \/>\nPakend: 4.5&#215;1.2&#215;0.7 m 1022 kg<br \/>\n3.0&#215;1.0x0.5 m 140 kg<br \/>\n4.5&#215;1.2&#215;0.4 m 453 kg<\/p>\n","protected":false},"featured_media":6004,"template":"","meta":{"inline_featured_image":false},"product_brand":[],"product_cat":[45,48,47],"product_tag":[],"class_list":{"0":"post-5967","1":"product","2":"type-product","3":"status-publish","4":"has-post-thumbnail","6":"product_cat-aiamajad","7":"product_cat-modernsed-aiamajad","8":"product_cat-valikoogid","10":"first","11":"instock","12":"taxable","13":"shipping-taxable","14":"purchasable","15":"product-type-simple"},"yoast_head":"<!-- This site is optimized with the Yoast SEO plugin v27.3 - https:\/\/yoast.com\/product\/yoast-seo-wordpress\/ -->\n<title>Andrea 11,2 + 7,9m2 Slide katusealusega - Suveleht<\/title>\n<meta name=\"description\" content=\"andrea-112-79m2-slide-katusealusega on moodne ja valgusk\u00fcllane 44mm seinapaksusega aiamaja. L\u00fckanduksed 4 mm karastatud klaasist.\" \/>\n<meta name=\"robots\" content=\"index, follow, max-snippet:-1, max-image-preview:large, max-video-preview:-1\" \/>\n<link rel=\"canonical\" href=\"https:\/\/suveleht.ee\/toode\/andrea-112-79m2-slide-katusealusega\/\" \/>\n<meta property=\"og:locale\" content=\"en_US\" \/>\n<meta property=\"og:type\" content=\"article\" \/>\n<meta property=\"og:title\" content=\"Andrea 11,2 + 7,9m2 Slide katusealusega - Suveleht\" \/>\n<meta property=\"og:description\" content=\"andrea-112-79m2-slide-katusealusega on moodne ja valgusk\u00fcllane 44mm seinapaksusega aiamaja. L\u00fckanduksed 4 mm karastatud klaasist.\" \/>\n<meta property=\"og:url\" content=\"https:\/\/suveleht.ee\/toode\/andrea-112-79m2-slide-katusealusega\/\" \/>\n<meta property=\"og:site_name\" content=\"Suveleht\" \/>\n<meta property=\"article:modified_time\" content=\"2026-01-28T10:40:39+00:00\" \/>\n<meta property=\"og:image\" content=\"http:\/\/suveleht.ee\/wp-content\/uploads\/2024\/05\/1_Palmako_cabin_Andrea_11.27.9_m2_Slide_NATURAL_wb-.jpg\" \/>\n\t<meta property=\"og:image:width\" content=\"2500\" \/>\n\t<meta property=\"og:image:height\" content=\"1875\" \/>\n\t<meta property=\"og:image:type\" content=\"image\/jpeg\" \/>\n<meta name=\"twitter:card\" content=\"summary_large_image\" \/>\n<meta name=\"twitter:label1\" content=\"Est. reading time\" \/>\n\t<meta name=\"twitter:data1\" content=\"1 minute\" \/>\n<script type=\"application\/ld+json\" class=\"yoast-schema-graph\">{\"@context\":\"https:\\\/\\\/schema.org\",\"@graph\":[{\"@type\":\"WebPage\",\"@id\":\"https:\\\/\\\/suveleht.ee\\\/toode\\\/andrea-112-79m2-slide-katusealusega\\\/\",\"url\":\"https:\\\/\\\/suveleht.ee\\\/toode\\\/andrea-112-79m2-slide-katusealusega\\\/\",\"name\":\"Andrea 11,2 + 7,9m2 Slide katusealusega - Suveleht\",\"isPartOf\":{\"@id\":\"https:\\\/\\\/suveleht.ee\\\/#website\"},\"primaryImageOfPage\":{\"@id\":\"https:\\\/\\\/suveleht.ee\\\/toode\\\/andrea-112-79m2-slide-katusealusega\\\/#primaryimage\"},\"image\":{\"@id\":\"https:\\\/\\\/suveleht.ee\\\/toode\\\/andrea-112-79m2-slide-katusealusega\\\/#primaryimage\"},\"thumbnailUrl\":\"https:\\\/\\\/suveleht.ee\\\/wp-content\\\/uploads\\\/2024\\\/05\\\/1_Palmako_cabin_Andrea_11.27.9_m2_Slide_NATURAL_wb-.jpg\",\"datePublished\":\"2024-05-23T09:00:06+00:00\",\"dateModified\":\"2026-01-28T10:40:39+00:00\",\"description\":\"andrea-112-79m2-slide-katusealusega on moodne ja valgusk\u00fcllane 44mm seinapaksusega aiamaja. L\u00fckanduksed 4 mm karastatud klaasist.\",\"breadcrumb\":{\"@id\":\"https:\\\/\\\/suveleht.ee\\\/toode\\\/andrea-112-79m2-slide-katusealusega\\\/#breadcrumb\"},\"inLanguage\":\"en-US\",\"potentialAction\":[{\"@type\":\"ReadAction\",\"target\":[\"https:\\\/\\\/suveleht.ee\\\/toode\\\/andrea-112-79m2-slide-katusealusega\\\/\"]}]},{\"@type\":\"ImageObject\",\"inLanguage\":\"en-US\",\"@id\":\"https:\\\/\\\/suveleht.ee\\\/toode\\\/andrea-112-79m2-slide-katusealusega\\\/#primaryimage\",\"url\":\"https:\\\/\\\/suveleht.ee\\\/wp-content\\\/uploads\\\/2024\\\/05\\\/1_Palmako_cabin_Andrea_11.27.9_m2_Slide_NATURAL_wb-.jpg\",\"contentUrl\":\"https:\\\/\\\/suveleht.ee\\\/wp-content\\\/uploads\\\/2024\\\/05\\\/1_Palmako_cabin_Andrea_11.27.9_m2_Slide_NATURAL_wb-.jpg\",\"width\":2500,\"height\":1875},{\"@type\":\"BreadcrumbList\",\"@id\":\"https:\\\/\\\/suveleht.ee\\\/toode\\\/andrea-112-79m2-slide-katusealusega\\\/#breadcrumb\",\"itemListElement\":[{\"@type\":\"ListItem\",\"position\":1,\"name\":\"Home\",\"item\":\"https:\\\/\\\/suveleht.ee\\\/\"},{\"@type\":\"ListItem\",\"position\":2,\"name\":\"Tooted\",\"item\":\"https:\\\/\\\/suveleht.ee\\\/tooted\\\/\"},{\"@type\":\"ListItem\",\"position\":3,\"name\":\"Andrea 11,2 + 7,9m2 Slide katusealusega\"}]},{\"@type\":\"WebSite\",\"@id\":\"https:\\\/\\\/suveleht.ee\\\/#website\",\"url\":\"https:\\\/\\\/suveleht.ee\\\/\",\"name\":\"Suveleht\",\"description\":\"Eestis toodetud aiamajad, m\u00e4nguv\u00e4ljakud ja k\u00fcmblust\u00fcnnid\",\"potentialAction\":[{\"@type\":\"SearchAction\",\"target\":{\"@type\":\"EntryPoint\",\"urlTemplate\":\"https:\\\/\\\/suveleht.ee\\\/?s={search_term_string}\"},\"query-input\":{\"@type\":\"PropertyValueSpecification\",\"valueRequired\":true,\"valueName\":\"search_term_string\"}}],\"inLanguage\":\"en-US\"}]}<\/script>\n<!-- \/ Yoast SEO plugin. -->","yoast_head_json":{"title":"Andrea 11,2 + 7,9m2 Slide katusealusega - Suveleht","description":"andrea-112-79m2-slide-katusealusega on moodne ja valgusk\u00fcllane 44mm seinapaksusega aiamaja. L\u00fckanduksed 4 mm karastatud klaasist.","robots":{"index":"index","follow":"follow","max-snippet":"max-snippet:-1","max-image-preview":"max-image-preview:large","max-video-preview":"max-video-preview:-1"},"canonical":"https:\/\/suveleht.ee\/toode\/andrea-112-79m2-slide-katusealusega\/","og_locale":"en_US","og_type":"article","og_title":"Andrea 11,2 + 7,9m2 Slide katusealusega - Suveleht","og_description":"andrea-112-79m2-slide-katusealusega on moodne ja valgusk\u00fcllane 44mm seinapaksusega aiamaja. L\u00fckanduksed 4 mm karastatud klaasist.","og_url":"https:\/\/suveleht.ee\/toode\/andrea-112-79m2-slide-katusealusega\/","og_site_name":"Suveleht","article_modified_time":"2026-01-28T10:40:39+00:00","og_image":[{"width":2500,"height":1875,"url":"http:\/\/suveleht.ee\/wp-content\/uploads\/2024\/05\/1_Palmako_cabin_Andrea_11.27.9_m2_Slide_NATURAL_wb-.jpg","type":"image\/jpeg"}],"twitter_card":"summary_large_image","twitter_misc":{"Est. reading time":"1 minute"},"schema":{"@context":"https:\/\/schema.org","@graph":[{"@type":"WebPage","@id":"https:\/\/suveleht.ee\/toode\/andrea-112-79m2-slide-katusealusega\/","url":"https:\/\/suveleht.ee\/toode\/andrea-112-79m2-slide-katusealusega\/","name":"Andrea 11,2 + 7,9m2 Slide katusealusega - Suveleht","isPartOf":{"@id":"https:\/\/suveleht.ee\/#website"},"primaryImageOfPage":{"@id":"https:\/\/suveleht.ee\/toode\/andrea-112-79m2-slide-katusealusega\/#primaryimage"},"image":{"@id":"https:\/\/suveleht.ee\/toode\/andrea-112-79m2-slide-katusealusega\/#primaryimage"},"thumbnailUrl":"https:\/\/suveleht.ee\/wp-content\/uploads\/2024\/05\/1_Palmako_cabin_Andrea_11.27.9_m2_Slide_NATURAL_wb-.jpg","datePublished":"2024-05-23T09:00:06+00:00","dateModified":"2026-01-28T10:40:39+00:00","description":"andrea-112-79m2-slide-katusealusega on moodne ja valgusk\u00fcllane 44mm seinapaksusega aiamaja. L\u00fckanduksed 4 mm karastatud klaasist.","breadcrumb":{"@id":"https:\/\/suveleht.ee\/toode\/andrea-112-79m2-slide-katusealusega\/#breadcrumb"},"inLanguage":"en-US","potentialAction":[{"@type":"ReadAction","target":["https:\/\/suveleht.ee\/toode\/andrea-112-79m2-slide-katusealusega\/"]}]},{"@type":"ImageObject","inLanguage":"en-US","@id":"https:\/\/suveleht.ee\/toode\/andrea-112-79m2-slide-katusealusega\/#primaryimage","url":"https:\/\/suveleht.ee\/wp-content\/uploads\/2024\/05\/1_Palmako_cabin_Andrea_11.27.9_m2_Slide_NATURAL_wb-.jpg","contentUrl":"https:\/\/suveleht.ee\/wp-content\/uploads\/2024\/05\/1_Palmako_cabin_Andrea_11.27.9_m2_Slide_NATURAL_wb-.jpg","width":2500,"height":1875},{"@type":"BreadcrumbList","@id":"https:\/\/suveleht.ee\/toode\/andrea-112-79m2-slide-katusealusega\/#breadcrumb","itemListElement":[{"@type":"ListItem","position":1,"name":"Home","item":"https:\/\/suveleht.ee\/"},{"@type":"ListItem","position":2,"name":"Tooted","item":"https:\/\/suveleht.ee\/tooted\/"},{"@type":"ListItem","position":3,"name":"Andrea 11,2 + 7,9m2 Slide katusealusega"}]},{"@type":"WebSite","@id":"https:\/\/suveleht.ee\/#website","url":"https:\/\/suveleht.ee\/","name":"Suveleht","description":"Eestis toodetud aiamajad, m\u00e4nguv\u00e4ljakud ja k\u00fcmblust\u00fcnnid","potentialAction":[{"@type":"SearchAction","target":{"@type":"EntryPoint","urlTemplate":"https:\/\/suveleht.ee\/?s={search_term_string}"},"query-input":{"@type":"PropertyValueSpecification","valueRequired":true,"valueName":"search_term_string"}}],"inLanguage":"en-US"}]}},"_links":{"self":[{"href":"https:\/\/suveleht.ee\/en\/wp-json\/wp\/v2\/product\/5967","targetHints":{"allow":["GET"]}}],"collection":[{"href":"https:\/\/suveleht.ee\/en\/wp-json\/wp\/v2\/product"}],"about":[{"href":"https:\/\/suveleht.ee\/en\/wp-json\/wp\/v2\/types\/product"}],"wp:featuredmedia":[{"embeddable":true,"href":"https:\/\/suveleht.ee\/en\/wp-json\/wp\/v2\/media\/6004"}],"wp:attachment":[{"href":"https:\/\/suveleht.ee\/en\/wp-json\/wp\/v2\/media?parent=5967"}],"wp:term":[{"taxonomy":"product_brand","embeddable":true,"href":"https:\/\/suveleht.ee\/en\/wp-json\/wp\/v2\/product_brand?post=5967"},{"taxonomy":"product_cat","embeddable":true,"href":"https:\/\/suveleht.ee\/en\/wp-json\/wp\/v2\/product_cat?post=5967"},{"taxonomy":"product_tag","embeddable":true,"href":"https:\/\/suveleht.ee\/en\/wp-json\/wp\/v2\/product_tag?post=5967"}],"curies":[{"name":"wp","href":"https:\/\/api.w.org\/{rel}","templated":true}]}}