{"id":5499,"date":"2024-04-14T17:01:52","date_gmt":"2024-04-14T17:01:52","guid":{"rendered":"https:\/\/suveleht.ee\/?post_type=product&#038;p=5499"},"modified":"2026-02-26T08:32:57","modified_gmt":"2026-02-26T08:32:57","slug":"sanjose230","status":"publish","type":"product","link":"https:\/\/suveleht.ee\/en\/toode\/sanjose230\/","title":{"rendered":"San Jose 230 6,05m2"},"content":{"rendered":"","protected":false},"excerpt":{"rendered":"<p>San Jose sobib eelk\u00f5ige just v\u00e4iksemasse aeda nagu n\u00e4iteks ridaelamu aeda, kus ruumiga peab leidlik olema, kuid mis n\u00f5uab modernsema v\u00e4limusega ehitisi. Kuur sobib h\u00e4sti aiat\u00f6\u00f6riistade v\u00f5i aiam\u00f6\u00f6bli ladustamiseks, kahepoolsed Jan Jose uksed v\u00f5imaldavad ladustada kergelt ka muruniiduki. Komplekti kuuluvad seinad, uksed, katusetalad ja -liistud ja p\u00fcstituseks vajaminevad naelad\/kruvid.<\/p>\n<p>Kasutusalad: Hoiuruumid<br \/>\nEhitus: Tuuletapiga nurga\u00fchendus<br \/>\nSeina paksus: 28 mm<br \/>\nSeinam\u00f5\u00f5dud: 275&#215;230 cm<br \/>\nP\u00f5randa pindala: 6.05 m2<br \/>\nViiluseina k\u00f5rgus: 210.9 cm<br \/>\nSeina k\u00f5rgus: 188.1 cm<br \/>\nKatuse \u00fcleulatus; 20 cm<br \/>\nKatuse pindala: 8 m2<br \/>\nKatusekalle: 7.5\u00b0<br \/>\nUks<br \/>\n1 x 1494 x 1850 mm <\/p>\n","protected":false},"featured_media":5500,"template":"","meta":{"inline_featured_image":false},"product_brand":[],"product_cat":[45,46],"product_tag":[],"class_list":{"0":"post-5499","1":"product","2":"type-product","3":"status-publish","4":"has-post-thumbnail","6":"product_cat-aiamajad","7":"product_cat-hoiuruumid","9":"first","10":"instock","11":"taxable","12":"shipping-taxable","13":"purchasable","14":"product-type-simple"},"yoast_head":"<!-- This site is optimized with the Yoast SEO plugin v27.3 - https:\/\/yoast.com\/product\/yoast-seo-wordpress\/ -->\n<title>San Jose 230 6,05m2 - Suveleht<\/title>\n<meta name=\"robots\" content=\"index, follow, max-snippet:-1, max-image-preview:large, max-video-preview:-1\" \/>\n<link rel=\"canonical\" href=\"https:\/\/suveleht.ee\/toode\/sanjose230\/\" \/>\n<meta property=\"og:locale\" content=\"en_US\" \/>\n<meta property=\"og:type\" content=\"article\" \/>\n<meta property=\"og:title\" content=\"San Jose 230 6,05m2 - Suveleht\" \/>\n<meta property=\"og:description\" content=\"San Jose sobib eelk\u00f5ige just v\u00e4iksemasse aeda nagu n\u00e4iteks ridaelamu aeda, kus ruumiga peab leidlik olema, kuid mis n\u00f5uab modernsema v\u00e4limusega ehitisi. Kuur sobib h\u00e4sti aiat\u00f6\u00f6riistade v\u00f5i aiam\u00f6\u00f6bli ladustamiseks, kahepoolsed Jan Jose uksed v\u00f5imaldavad ladustada kergelt ka muruniiduki. Komplekti kuuluvad seinad, uksed, katusetalad ja -liistud ja p\u00fcstituseks vajaminevad naelad\/kruvid.  Kasutusalad: Hoiuruumid Ehitus: Tuuletapiga nurga\u00fchendus Seina paksus: 28 mm Seinam\u00f5\u00f5dud: 275x230 cm P\u00f5randa pindala: 6.05 m2 Viiluseina k\u00f5rgus: 210.9 cm Seina k\u00f5rgus: 188.1 cm Katuse \u00fcleulatus; 20 cm Katuse pindala: 8 m2 Katusekalle: 7.5\u00b0 Uks  1 x 1494 x 1850 mm\" \/>\n<meta property=\"og:url\" content=\"https:\/\/suveleht.ee\/toode\/sanjose230\/\" \/>\n<meta property=\"og:site_name\" content=\"Suveleht\" \/>\n<meta property=\"article:modified_time\" content=\"2026-02-26T08:32:57+00:00\" \/>\n<meta property=\"og:image\" content=\"http:\/\/suveleht.ee\/wp-content\/uploads\/2024\/04\/San-Jose-230-taust-1024x683.jpg\" \/>\n\t<meta property=\"og:image:width\" content=\"1024\" \/>\n\t<meta property=\"og:image:height\" content=\"683\" \/>\n\t<meta property=\"og:image:type\" content=\"image\/jpeg\" \/>\n<meta name=\"twitter:card\" content=\"summary_large_image\" \/>\n<meta name=\"twitter:label1\" content=\"Est. reading time\" \/>\n\t<meta name=\"twitter:data1\" content=\"1 minute\" \/>\n<script type=\"application\/ld+json\" class=\"yoast-schema-graph\">{\"@context\":\"https:\\\/\\\/schema.org\",\"@graph\":[{\"@type\":\"WebPage\",\"@id\":\"https:\\\/\\\/suveleht.ee\\\/toode\\\/sanjose230\\\/\",\"url\":\"https:\\\/\\\/suveleht.ee\\\/toode\\\/sanjose230\\\/\",\"name\":\"San Jose 230 6,05m2 - Suveleht\",\"isPartOf\":{\"@id\":\"https:\\\/\\\/suveleht.ee\\\/#website\"},\"primaryImageOfPage\":{\"@id\":\"https:\\\/\\\/suveleht.ee\\\/toode\\\/sanjose230\\\/#primaryimage\"},\"image\":{\"@id\":\"https:\\\/\\\/suveleht.ee\\\/toode\\\/sanjose230\\\/#primaryimage\"},\"thumbnailUrl\":\"https:\\\/\\\/suveleht.ee\\\/wp-content\\\/uploads\\\/2024\\\/04\\\/San-Jose-230-taust.jpg\",\"datePublished\":\"2024-04-14T17:01:52+00:00\",\"dateModified\":\"2026-02-26T08:32:57+00:00\",\"breadcrumb\":{\"@id\":\"https:\\\/\\\/suveleht.ee\\\/toode\\\/sanjose230\\\/#breadcrumb\"},\"inLanguage\":\"en-US\",\"potentialAction\":[{\"@type\":\"ReadAction\",\"target\":[\"https:\\\/\\\/suveleht.ee\\\/toode\\\/sanjose230\\\/\"]}]},{\"@type\":\"ImageObject\",\"inLanguage\":\"en-US\",\"@id\":\"https:\\\/\\\/suveleht.ee\\\/toode\\\/sanjose230\\\/#primaryimage\",\"url\":\"https:\\\/\\\/suveleht.ee\\\/wp-content\\\/uploads\\\/2024\\\/04\\\/San-Jose-230-taust.jpg\",\"contentUrl\":\"https:\\\/\\\/suveleht.ee\\\/wp-content\\\/uploads\\\/2024\\\/04\\\/San-Jose-230-taust.jpg\",\"width\":2500,\"height\":1667},{\"@type\":\"BreadcrumbList\",\"@id\":\"https:\\\/\\\/suveleht.ee\\\/toode\\\/sanjose230\\\/#breadcrumb\",\"itemListElement\":[{\"@type\":\"ListItem\",\"position\":1,\"name\":\"Home\",\"item\":\"https:\\\/\\\/suveleht.ee\\\/\"},{\"@type\":\"ListItem\",\"position\":2,\"name\":\"Tooted\",\"item\":\"https:\\\/\\\/suveleht.ee\\\/tooted\\\/\"},{\"@type\":\"ListItem\",\"position\":3,\"name\":\"San Jose 230 6,05m2\"}]},{\"@type\":\"WebSite\",\"@id\":\"https:\\\/\\\/suveleht.ee\\\/#website\",\"url\":\"https:\\\/\\\/suveleht.ee\\\/\",\"name\":\"Suveleht\",\"description\":\"Eestis toodetud aiamajad, m\u00e4nguv\u00e4ljakud ja k\u00fcmblust\u00fcnnid\",\"potentialAction\":[{\"@type\":\"SearchAction\",\"target\":{\"@type\":\"EntryPoint\",\"urlTemplate\":\"https:\\\/\\\/suveleht.ee\\\/?s={search_term_string}\"},\"query-input\":{\"@type\":\"PropertyValueSpecification\",\"valueRequired\":true,\"valueName\":\"search_term_string\"}}],\"inLanguage\":\"en-US\"}]}<\/script>\n<!-- \/ Yoast SEO plugin. -->","yoast_head_json":{"title":"San Jose 230 6,05m2 - Suveleht","robots":{"index":"index","follow":"follow","max-snippet":"max-snippet:-1","max-image-preview":"max-image-preview:large","max-video-preview":"max-video-preview:-1"},"canonical":"https:\/\/suveleht.ee\/toode\/sanjose230\/","og_locale":"en_US","og_type":"article","og_title":"San Jose 230 6,05m2 - Suveleht","og_description":"San Jose sobib eelk\u00f5ige just v\u00e4iksemasse aeda nagu n\u00e4iteks ridaelamu aeda, kus ruumiga peab leidlik olema, kuid mis n\u00f5uab modernsema v\u00e4limusega ehitisi. Kuur sobib h\u00e4sti aiat\u00f6\u00f6riistade v\u00f5i aiam\u00f6\u00f6bli ladustamiseks, kahepoolsed Jan Jose uksed v\u00f5imaldavad ladustada kergelt ka muruniiduki. Komplekti kuuluvad seinad, uksed, katusetalad ja -liistud ja p\u00fcstituseks vajaminevad naelad\/kruvid.  Kasutusalad: Hoiuruumid Ehitus: Tuuletapiga nurga\u00fchendus Seina paksus: 28 mm Seinam\u00f5\u00f5dud: 275x230 cm P\u00f5randa pindala: 6.05 m2 Viiluseina k\u00f5rgus: 210.9 cm Seina k\u00f5rgus: 188.1 cm Katuse \u00fcleulatus; 20 cm Katuse pindala: 8 m2 Katusekalle: 7.5\u00b0 Uks  1 x 1494 x 1850 mm","og_url":"https:\/\/suveleht.ee\/toode\/sanjose230\/","og_site_name":"Suveleht","article_modified_time":"2026-02-26T08:32:57+00:00","og_image":[{"width":1024,"height":683,"url":"http:\/\/suveleht.ee\/wp-content\/uploads\/2024\/04\/San-Jose-230-taust-1024x683.jpg","type":"image\/jpeg"}],"twitter_card":"summary_large_image","twitter_misc":{"Est. reading time":"1 minute"},"schema":{"@context":"https:\/\/schema.org","@graph":[{"@type":"WebPage","@id":"https:\/\/suveleht.ee\/toode\/sanjose230\/","url":"https:\/\/suveleht.ee\/toode\/sanjose230\/","name":"San Jose 230 6,05m2 - Suveleht","isPartOf":{"@id":"https:\/\/suveleht.ee\/#website"},"primaryImageOfPage":{"@id":"https:\/\/suveleht.ee\/toode\/sanjose230\/#primaryimage"},"image":{"@id":"https:\/\/suveleht.ee\/toode\/sanjose230\/#primaryimage"},"thumbnailUrl":"https:\/\/suveleht.ee\/wp-content\/uploads\/2024\/04\/San-Jose-230-taust.jpg","datePublished":"2024-04-14T17:01:52+00:00","dateModified":"2026-02-26T08:32:57+00:00","breadcrumb":{"@id":"https:\/\/suveleht.ee\/toode\/sanjose230\/#breadcrumb"},"inLanguage":"en-US","potentialAction":[{"@type":"ReadAction","target":["https:\/\/suveleht.ee\/toode\/sanjose230\/"]}]},{"@type":"ImageObject","inLanguage":"en-US","@id":"https:\/\/suveleht.ee\/toode\/sanjose230\/#primaryimage","url":"https:\/\/suveleht.ee\/wp-content\/uploads\/2024\/04\/San-Jose-230-taust.jpg","contentUrl":"https:\/\/suveleht.ee\/wp-content\/uploads\/2024\/04\/San-Jose-230-taust.jpg","width":2500,"height":1667},{"@type":"BreadcrumbList","@id":"https:\/\/suveleht.ee\/toode\/sanjose230\/#breadcrumb","itemListElement":[{"@type":"ListItem","position":1,"name":"Home","item":"https:\/\/suveleht.ee\/"},{"@type":"ListItem","position":2,"name":"Tooted","item":"https:\/\/suveleht.ee\/tooted\/"},{"@type":"ListItem","position":3,"name":"San Jose 230 6,05m2"}]},{"@type":"WebSite","@id":"https:\/\/suveleht.ee\/#website","url":"https:\/\/suveleht.ee\/","name":"Suveleht","description":"Eestis toodetud aiamajad, m\u00e4nguv\u00e4ljakud ja k\u00fcmblust\u00fcnnid","potentialAction":[{"@type":"SearchAction","target":{"@type":"EntryPoint","urlTemplate":"https:\/\/suveleht.ee\/?s={search_term_string}"},"query-input":{"@type":"PropertyValueSpecification","valueRequired":true,"valueName":"search_term_string"}}],"inLanguage":"en-US"}]}},"_links":{"self":[{"href":"https:\/\/suveleht.ee\/en\/wp-json\/wp\/v2\/product\/5499","targetHints":{"allow":["GET"]}}],"collection":[{"href":"https:\/\/suveleht.ee\/en\/wp-json\/wp\/v2\/product"}],"about":[{"href":"https:\/\/suveleht.ee\/en\/wp-json\/wp\/v2\/types\/product"}],"wp:featuredmedia":[{"embeddable":true,"href":"https:\/\/suveleht.ee\/en\/wp-json\/wp\/v2\/media\/5500"}],"wp:attachment":[{"href":"https:\/\/suveleht.ee\/en\/wp-json\/wp\/v2\/media?parent=5499"}],"wp:term":[{"taxonomy":"product_brand","embeddable":true,"href":"https:\/\/suveleht.ee\/en\/wp-json\/wp\/v2\/product_brand?post=5499"},{"taxonomy":"product_cat","embeddable":true,"href":"https:\/\/suveleht.ee\/en\/wp-json\/wp\/v2\/product_cat?post=5499"},{"taxonomy":"product_tag","embeddable":true,"href":"https:\/\/suveleht.ee\/en\/wp-json\/wp\/v2\/product_tag?post=5499"}],"curies":[{"name":"wp","href":"https:\/\/api.w.org\/{rel}","templated":true}]}}