{"id":5366,"date":"2024-02-08T15:50:10","date_gmt":"2024-02-08T15:50:10","guid":{"rendered":"https:\/\/suveleht.ee\/?post_type=product&#038;p=5366"},"modified":"2026-02-26T09:05:58","modified_gmt":"2026-02-26T09:05:58","slug":"suvemaja-barbar-suure-varjualusega","status":"publish","type":"product","link":"https:\/\/suveleht.ee\/en\/toode\/suvemaja-barbar-suure-varjualusega\/","title":{"rendered":"Suvemaja BARBAR 26,89m2 + 19,25m2 varjualune"},"content":{"rendered":"<p>Ehitus: Kruvitav tappideta nurga\u00fchendus<br \/>\nSeina paksus: 44 mm<br \/>\nSeinam\u00f5\u00f5dud: 700&#215;400 cm<br \/>\nP\u00f5randa pindala: 26.89 m2<br \/>\nTerrassi pindala: 19.25 m2<br \/>\nViiluseina k\u00f5rgus: 250.8 cm<br \/>\nSeina k\u00f5rgus: 239.4 cm<br \/>\nKatuse \u00fcleulatus: 275 cm<br \/>\nKatuse pindala: 51.76 m2<br \/>\nKatusekalle: 1\u00b0<br \/>\nUks:<br \/>\n1 x 2658 x 1957 mm<br \/>\nAken:<br \/>\n2 x 1500 x 410 mm<br \/>\n1 x 560 x 1780 mm<br \/>\n1 x 560 x 1780 mm<br \/>\n1 x 1010 x 1780 mm<br \/>\nPakend:<br \/>\n630x118x66 cm 1403 kg<br \/>\n630x118x69 cm 1475 kg<\/p>\n","protected":false},"excerpt":{"rendered":"<p>* tasuta transport<br \/>\n* garantii 5 aastat<\/p>\n<p>BARBAR on t\u00e4nu oma suurusele ja avarale terassile suurep\u00e4rane aiamaja nii suvilaks kui ka k\u00fclalistemajaks. Antud mudel sobib h\u00e4sti pere ja s\u00f5pradega nii p\u00e4iksepaisteliste suvep\u00e4evade kui jahedate suve\u00f5htute veetmiseks. Majakomplekt sisaldab k\u00f5iki paigaldamiseks vajaminevaid detaile: immutatud alusraam, seinadetailid, p\u00f5randalauad ja p\u00f5randaliistud, katusetalad, katuselauad ja katuseliistud ning avat\u00e4ited. Lisaks on pakis ka kinnitusvahendid (kruvid, naelad jms). Majakomplekti ei kuulu terrass ja katusekate.<\/p>\n","protected":false},"featured_media":5373,"template":"","meta":{"inline_featured_image":false},"product_brand":[],"product_cat":[45],"product_tag":[],"class_list":{"0":"post-5366","1":"product","2":"type-product","3":"status-publish","4":"has-post-thumbnail","6":"product_cat-aiamajad","8":"first","9":"instock","10":"taxable","11":"shipping-taxable","12":"purchasable","13":"product-type-simple"},"yoast_head":"<!-- This site is optimized with the Yoast SEO plugin v27.3 - https:\/\/yoast.com\/product\/yoast-seo-wordpress\/ -->\n<title>Suvemaja Barbar suure varjualusega<\/title>\n<meta name=\"description\" content=\"Suvemaja Barbar suure varjualusega. Avaral ja valgusk\u00fcllasel 26,89m2 majal on 19,25m2 varjualune, mis pakub varju nii vihma kui p\u00e4ikese eest. Vaata lisaks.\" \/>\n<meta name=\"robots\" content=\"index, follow, max-snippet:-1, max-image-preview:large, max-video-preview:-1\" \/>\n<link rel=\"canonical\" href=\"https:\/\/suveleht.ee\/toode\/suvemaja-barbar-suure-varjualusega\/\" \/>\n<meta property=\"og:locale\" content=\"en_US\" \/>\n<meta property=\"og:type\" content=\"article\" \/>\n<meta property=\"og:title\" content=\"Suvemaja Barbar suure varjualusega\" \/>\n<meta property=\"og:description\" content=\"Suvemaja Barbar suure varjualusega. Avaral ja valgusk\u00fcllasel 26,89m2 majal on 19,25m2 varjualune, mis pakub varju nii vihma kui p\u00e4ikese eest. Vaata lisaks.\" \/>\n<meta property=\"og:url\" content=\"https:\/\/suveleht.ee\/toode\/suvemaja-barbar-suure-varjualusega\/\" \/>\n<meta property=\"og:site_name\" content=\"Suveleht\" \/>\n<meta property=\"article:modified_time\" content=\"2026-02-26T09:05:58+00:00\" \/>\n<meta property=\"og:image\" content=\"http:\/\/suveleht.ee\/wp-content\/uploads\/2024\/02\/barbartaust.jpg\" \/>\n\t<meta property=\"og:image:width\" content=\"2500\" \/>\n\t<meta property=\"og:image:height\" content=\"1667\" \/>\n\t<meta property=\"og:image:type\" content=\"image\/jpeg\" \/>\n<meta name=\"twitter:card\" content=\"summary_large_image\" \/>\n<meta name=\"twitter:label1\" content=\"Est. reading time\" \/>\n\t<meta name=\"twitter:data1\" content=\"1 minute\" \/>\n<script type=\"application\/ld+json\" class=\"yoast-schema-graph\">{\"@context\":\"https:\\\/\\\/schema.org\",\"@graph\":[{\"@type\":\"WebPage\",\"@id\":\"https:\\\/\\\/suveleht.ee\\\/toode\\\/suvemaja-barbar-suure-varjualusega\\\/\",\"url\":\"https:\\\/\\\/suveleht.ee\\\/toode\\\/suvemaja-barbar-suure-varjualusega\\\/\",\"name\":\"Suvemaja Barbar suure varjualusega\",\"isPartOf\":{\"@id\":\"https:\\\/\\\/suveleht.ee\\\/#website\"},\"primaryImageOfPage\":{\"@id\":\"https:\\\/\\\/suveleht.ee\\\/toode\\\/suvemaja-barbar-suure-varjualusega\\\/#primaryimage\"},\"image\":{\"@id\":\"https:\\\/\\\/suveleht.ee\\\/toode\\\/suvemaja-barbar-suure-varjualusega\\\/#primaryimage\"},\"thumbnailUrl\":\"https:\\\/\\\/suveleht.ee\\\/wp-content\\\/uploads\\\/2024\\\/02\\\/barbartaust.jpg\",\"datePublished\":\"2024-02-08T15:50:10+00:00\",\"dateModified\":\"2026-02-26T09:05:58+00:00\",\"description\":\"Suvemaja Barbar suure varjualusega. Avaral ja valgusk\u00fcllasel 26,89m2 majal on 19,25m2 varjualune, mis pakub varju nii vihma kui p\u00e4ikese eest. Vaata lisaks.\",\"breadcrumb\":{\"@id\":\"https:\\\/\\\/suveleht.ee\\\/toode\\\/suvemaja-barbar-suure-varjualusega\\\/#breadcrumb\"},\"inLanguage\":\"en-US\",\"potentialAction\":[{\"@type\":\"ReadAction\",\"target\":[\"https:\\\/\\\/suveleht.ee\\\/toode\\\/suvemaja-barbar-suure-varjualusega\\\/\"]}]},{\"@type\":\"ImageObject\",\"inLanguage\":\"en-US\",\"@id\":\"https:\\\/\\\/suveleht.ee\\\/toode\\\/suvemaja-barbar-suure-varjualusega\\\/#primaryimage\",\"url\":\"https:\\\/\\\/suveleht.ee\\\/wp-content\\\/uploads\\\/2024\\\/02\\\/barbartaust.jpg\",\"contentUrl\":\"https:\\\/\\\/suveleht.ee\\\/wp-content\\\/uploads\\\/2024\\\/02\\\/barbartaust.jpg\",\"width\":2500,\"height\":1667,\"caption\":\"Suvemaja Barbar Suveleht\"},{\"@type\":\"BreadcrumbList\",\"@id\":\"https:\\\/\\\/suveleht.ee\\\/toode\\\/suvemaja-barbar-suure-varjualusega\\\/#breadcrumb\",\"itemListElement\":[{\"@type\":\"ListItem\",\"position\":1,\"name\":\"Home\",\"item\":\"https:\\\/\\\/suveleht.ee\\\/\"},{\"@type\":\"ListItem\",\"position\":2,\"name\":\"Tooted\",\"item\":\"https:\\\/\\\/suveleht.ee\\\/tooted\\\/\"},{\"@type\":\"ListItem\",\"position\":3,\"name\":\"Suvemaja BARBAR 26,89m2 + 19,25m2 varjualune\"}]},{\"@type\":\"WebSite\",\"@id\":\"https:\\\/\\\/suveleht.ee\\\/#website\",\"url\":\"https:\\\/\\\/suveleht.ee\\\/\",\"name\":\"Suveleht\",\"description\":\"Eestis toodetud aiamajad, m\u00e4nguv\u00e4ljakud ja k\u00fcmblust\u00fcnnid\",\"potentialAction\":[{\"@type\":\"SearchAction\",\"target\":{\"@type\":\"EntryPoint\",\"urlTemplate\":\"https:\\\/\\\/suveleht.ee\\\/?s={search_term_string}\"},\"query-input\":{\"@type\":\"PropertyValueSpecification\",\"valueRequired\":true,\"valueName\":\"search_term_string\"}}],\"inLanguage\":\"en-US\"}]}<\/script>\n<!-- \/ Yoast SEO plugin. -->","yoast_head_json":{"title":"Suvemaja Barbar suure varjualusega","description":"Suvemaja Barbar suure varjualusega. Avaral ja valgusk\u00fcllasel 26,89m2 majal on 19,25m2 varjualune, mis pakub varju nii vihma kui p\u00e4ikese eest. Vaata lisaks.","robots":{"index":"index","follow":"follow","max-snippet":"max-snippet:-1","max-image-preview":"max-image-preview:large","max-video-preview":"max-video-preview:-1"},"canonical":"https:\/\/suveleht.ee\/toode\/suvemaja-barbar-suure-varjualusega\/","og_locale":"en_US","og_type":"article","og_title":"Suvemaja Barbar suure varjualusega","og_description":"Suvemaja Barbar suure varjualusega. Avaral ja valgusk\u00fcllasel 26,89m2 majal on 19,25m2 varjualune, mis pakub varju nii vihma kui p\u00e4ikese eest. Vaata lisaks.","og_url":"https:\/\/suveleht.ee\/toode\/suvemaja-barbar-suure-varjualusega\/","og_site_name":"Suveleht","article_modified_time":"2026-02-26T09:05:58+00:00","og_image":[{"width":2500,"height":1667,"url":"http:\/\/suveleht.ee\/wp-content\/uploads\/2024\/02\/barbartaust.jpg","type":"image\/jpeg"}],"twitter_card":"summary_large_image","twitter_misc":{"Est. reading time":"1 minute"},"schema":{"@context":"https:\/\/schema.org","@graph":[{"@type":"WebPage","@id":"https:\/\/suveleht.ee\/toode\/suvemaja-barbar-suure-varjualusega\/","url":"https:\/\/suveleht.ee\/toode\/suvemaja-barbar-suure-varjualusega\/","name":"Suvemaja Barbar suure varjualusega","isPartOf":{"@id":"https:\/\/suveleht.ee\/#website"},"primaryImageOfPage":{"@id":"https:\/\/suveleht.ee\/toode\/suvemaja-barbar-suure-varjualusega\/#primaryimage"},"image":{"@id":"https:\/\/suveleht.ee\/toode\/suvemaja-barbar-suure-varjualusega\/#primaryimage"},"thumbnailUrl":"https:\/\/suveleht.ee\/wp-content\/uploads\/2024\/02\/barbartaust.jpg","datePublished":"2024-02-08T15:50:10+00:00","dateModified":"2026-02-26T09:05:58+00:00","description":"Suvemaja Barbar suure varjualusega. Avaral ja valgusk\u00fcllasel 26,89m2 majal on 19,25m2 varjualune, mis pakub varju nii vihma kui p\u00e4ikese eest. Vaata lisaks.","breadcrumb":{"@id":"https:\/\/suveleht.ee\/toode\/suvemaja-barbar-suure-varjualusega\/#breadcrumb"},"inLanguage":"en-US","potentialAction":[{"@type":"ReadAction","target":["https:\/\/suveleht.ee\/toode\/suvemaja-barbar-suure-varjualusega\/"]}]},{"@type":"ImageObject","inLanguage":"en-US","@id":"https:\/\/suveleht.ee\/toode\/suvemaja-barbar-suure-varjualusega\/#primaryimage","url":"https:\/\/suveleht.ee\/wp-content\/uploads\/2024\/02\/barbartaust.jpg","contentUrl":"https:\/\/suveleht.ee\/wp-content\/uploads\/2024\/02\/barbartaust.jpg","width":2500,"height":1667,"caption":"Suvemaja Barbar Suveleht"},{"@type":"BreadcrumbList","@id":"https:\/\/suveleht.ee\/toode\/suvemaja-barbar-suure-varjualusega\/#breadcrumb","itemListElement":[{"@type":"ListItem","position":1,"name":"Home","item":"https:\/\/suveleht.ee\/"},{"@type":"ListItem","position":2,"name":"Tooted","item":"https:\/\/suveleht.ee\/tooted\/"},{"@type":"ListItem","position":3,"name":"Suvemaja BARBAR 26,89m2 + 19,25m2 varjualune"}]},{"@type":"WebSite","@id":"https:\/\/suveleht.ee\/#website","url":"https:\/\/suveleht.ee\/","name":"Suveleht","description":"Eestis toodetud aiamajad, m\u00e4nguv\u00e4ljakud ja k\u00fcmblust\u00fcnnid","potentialAction":[{"@type":"SearchAction","target":{"@type":"EntryPoint","urlTemplate":"https:\/\/suveleht.ee\/?s={search_term_string}"},"query-input":{"@type":"PropertyValueSpecification","valueRequired":true,"valueName":"search_term_string"}}],"inLanguage":"en-US"}]}},"_links":{"self":[{"href":"https:\/\/suveleht.ee\/en\/wp-json\/wp\/v2\/product\/5366","targetHints":{"allow":["GET"]}}],"collection":[{"href":"https:\/\/suveleht.ee\/en\/wp-json\/wp\/v2\/product"}],"about":[{"href":"https:\/\/suveleht.ee\/en\/wp-json\/wp\/v2\/types\/product"}],"wp:featuredmedia":[{"embeddable":true,"href":"https:\/\/suveleht.ee\/en\/wp-json\/wp\/v2\/media\/5373"}],"wp:attachment":[{"href":"https:\/\/suveleht.ee\/en\/wp-json\/wp\/v2\/media?parent=5366"}],"wp:term":[{"taxonomy":"product_brand","embeddable":true,"href":"https:\/\/suveleht.ee\/en\/wp-json\/wp\/v2\/product_brand?post=5366"},{"taxonomy":"product_cat","embeddable":true,"href":"https:\/\/suveleht.ee\/en\/wp-json\/wp\/v2\/product_cat?post=5366"},{"taxonomy":"product_tag","embeddable":true,"href":"https:\/\/suveleht.ee\/en\/wp-json\/wp\/v2\/product_tag?post=5366"}],"curies":[{"name":"wp","href":"https:\/\/api.w.org\/{rel}","templated":true}]}}