{"id":5351,"date":"2024-02-08T15:29:02","date_gmt":"2024-02-08T15:29:02","guid":{"rendered":"https:\/\/suveleht.ee\/?post_type=product&#038;p=5351"},"modified":"2026-02-26T09:48:31","modified_gmt":"2026-02-26T09:48:31","slug":"suvemaja-canda-4786m2-magamiskorrusega-81m2-terrass","status":"publish","type":"product","link":"https:\/\/suveleht.ee\/en\/toode\/suvemaja-canda-4786m2-magamiskorrusega-81m2-terrass\/","title":{"rendered":"Suvemaja CANDA 47,86m2 magamiskorrusega + 8,1m2 terrass"},"content":{"rendered":"","protected":false},"excerpt":{"rendered":"<p>* TASUTA TRANSPORT<br \/>\n* Garantii 5 aastat<br \/>\nCANDA on \u00fcks populaarseimaid valikuid meie klassikaliste suvilate seas. Rohkete akendega alumine korrus on avar ja valgusk\u00fcllane, lisaruumi pakub \u00e4rklikorrus, mida saab kasutada vastavalt soovile magamistoa v\u00f5i panipaigana. Avar katusealune terrass v\u00f5imaldab nautida v\u00e4rsket \u00f5hku ja \u00fcmbritsevat vaadet soojadel suvep\u00e4evadel. CANDA on suurep\u00e4rane valik suvekoduks maal v\u00f5i k\u00fclalistemajaks sinu aias. Majakomplekt sisaldab k\u00f5iki paigaldamiseks vajaminevaid detaile: immutatud alusraam, seinadetailid, p\u00f5randalauad ja p\u00f5randaliistud, katusetalad, katuselauad ja katuseliistud ning avat\u00e4ited. Lisaks on pakis ka kinnitusvahendid (kruvid, naelad jms). Majakomplekti ei kuulu katusekate. Tootmine 6-10 n\u00e4dalat.<\/p>\n<p>Ehitus: Tuuletapiga nurga\u00fchendus<br \/>\nSeina paksus: 70 mm<br \/>\nSeinam\u00f5\u00f5dud: 540&#215;640 cm<br \/>\nP\u00f5randa pindala: 47.86 m2<br \/>\nTerrassi pindala: 8.1 m2<br \/>\nViiluseina k\u00f5rgus: 448.8 cm<br \/>\nSeina k\u00f5rgus: 251.6 cm<br \/>\nKatuse \u00fcleulatus: 200 cm<br \/>\nKatuse pindala: 67.65 m2<br \/>\nKatusekalle: 36\u00b0<br \/>\nUks:<br \/>\n1 x 827 x 2000 mm<br \/>\n1 x 827 x 2000 mm<br \/>\nAken:<br \/>\n1 x 650 x 650 mm<br \/>\n3 x 916 x 1050 mm<br \/>\n3 x 1374 x 1050 mm<br \/>\nPakend:<br \/>\n900x115x82 cm 2461 kg<br \/>\n400x115x55 cm 734 kg<br \/>\n530x115x91 cm 1608 kg<br \/>\n530x115x89 cm 1573 kg<\/p>\n","protected":false},"featured_media":5364,"template":"","meta":{"inline_featured_image":false},"product_brand":[],"product_cat":[45],"product_tag":[],"class_list":{"0":"post-5351","1":"product","2":"type-product","3":"status-publish","4":"has-post-thumbnail","6":"product_cat-aiamajad","8":"first","9":"instock","10":"taxable","11":"shipping-taxable","12":"purchasable","13":"product-type-simple"},"yoast_head":"<!-- This site is optimized with the Yoast SEO plugin v27.3 - https:\/\/yoast.com\/product\/yoast-seo-wordpress\/ -->\n<title>Suvemaja CANDA 47,86m2 magamiskorrusega + 8,1m2 terrass - Suveleht<\/title>\n<meta name=\"robots\" content=\"index, follow, max-snippet:-1, max-image-preview:large, max-video-preview:-1\" \/>\n<link rel=\"canonical\" href=\"https:\/\/suveleht.ee\/toode\/suvemaja-canda-4786m2-magamiskorrusega-81m2-terrass\/\" \/>\n<meta property=\"og:locale\" content=\"en_US\" \/>\n<meta property=\"og:type\" content=\"article\" \/>\n<meta property=\"og:title\" content=\"Suvemaja CANDA 47,86m2 magamiskorrusega + 8,1m2 terrass - Suveleht\" \/>\n<meta property=\"og:description\" content=\"* TASUTA TRANSPORT * Garantii 5 aastat CANDA on \u00fcks populaarseimaid valikuid meie klassikaliste suvilate seas. Rohkete akendega alumine korrus on avar ja valgusk\u00fcllane, lisaruumi pakub \u00e4rklikorrus, mida saab kasutada vastavalt soovile magamistoa v\u00f5i panipaigana. Avar katusealune terrass v\u00f5imaldab nautida v\u00e4rsket \u00f5hku ja \u00fcmbritsevat vaadet soojadel suvep\u00e4evadel. CANDA on suurep\u00e4rane valik suvekoduks maal v\u00f5i k\u00fclalistemajaks sinu aias. Majakomplekt sisaldab k\u00f5iki paigaldamiseks vajaminevaid detaile: immutatud alusraam, seinadetailid, p\u00f5randalauad ja p\u00f5randaliistud, katusetalad, katuselauad ja katuseliistud ning avat\u00e4ited. Lisaks on pakis ka kinnitusvahendid (kruvid, naelad jms). Majakomplekti ei kuulu katusekate. Tootmine 6-10 n\u00e4dalat.  Ehitus: Tuuletapiga nurga\u00fchendus Seina paksus: 70 mm Seinam\u00f5\u00f5dud: 540x640 cm P\u00f5randa pindala: 47.86 m2 Terrassi pindala: 8.1 m2 Viiluseina k\u00f5rgus: 448.8 cm Seina k\u00f5rgus: 251.6 cm Katuse \u00fcleulatus: 200 cm Katuse pindala: 67.65 m2 Katusekalle: 36\u00b0 Uks: 1 x 827 x 2000 mm 1 x 827 x 2000 mm Aken: 1 x 650 x 650 mm 3 x 916 x 1050 mm 3 x 1374 x 1050 mm Pakend: 900x115x82 cm 2461 kg 400x115x55 cm 734 kg 530x115x91 cm 1608 kg 530x115x89 cm 1573 kg\" \/>\n<meta property=\"og:url\" content=\"https:\/\/suveleht.ee\/toode\/suvemaja-canda-4786m2-magamiskorrusega-81m2-terrass\/\" \/>\n<meta property=\"og:site_name\" content=\"Suveleht\" \/>\n<meta property=\"article:modified_time\" content=\"2026-02-26T09:48:31+00:00\" \/>\n<meta property=\"og:image\" content=\"http:\/\/suveleht.ee\/wp-content\/uploads\/2024\/02\/Candataust2.jpg\" \/>\n\t<meta property=\"og:image:width\" content=\"2291\" \/>\n\t<meta property=\"og:image:height\" content=\"1719\" \/>\n\t<meta property=\"og:image:type\" content=\"image\/jpeg\" \/>\n<meta name=\"twitter:card\" content=\"summary_large_image\" \/>\n<meta name=\"twitter:label1\" content=\"Est. reading time\" \/>\n\t<meta name=\"twitter:data1\" content=\"1 minute\" \/>\n<script type=\"application\/ld+json\" class=\"yoast-schema-graph\">{\"@context\":\"https:\\\/\\\/schema.org\",\"@graph\":[{\"@type\":\"WebPage\",\"@id\":\"https:\\\/\\\/suveleht.ee\\\/toode\\\/suvemaja-canda-4786m2-magamiskorrusega-81m2-terrass\\\/\",\"url\":\"https:\\\/\\\/suveleht.ee\\\/toode\\\/suvemaja-canda-4786m2-magamiskorrusega-81m2-terrass\\\/\",\"name\":\"Suvemaja CANDA 47,86m2 magamiskorrusega + 8,1m2 terrass - Suveleht\",\"isPartOf\":{\"@id\":\"https:\\\/\\\/suveleht.ee\\\/#website\"},\"primaryImageOfPage\":{\"@id\":\"https:\\\/\\\/suveleht.ee\\\/toode\\\/suvemaja-canda-4786m2-magamiskorrusega-81m2-terrass\\\/#primaryimage\"},\"image\":{\"@id\":\"https:\\\/\\\/suveleht.ee\\\/toode\\\/suvemaja-canda-4786m2-magamiskorrusega-81m2-terrass\\\/#primaryimage\"},\"thumbnailUrl\":\"https:\\\/\\\/suveleht.ee\\\/wp-content\\\/uploads\\\/2024\\\/02\\\/Candataust2.jpg\",\"datePublished\":\"2024-02-08T15:29:02+00:00\",\"dateModified\":\"2026-02-26T09:48:31+00:00\",\"breadcrumb\":{\"@id\":\"https:\\\/\\\/suveleht.ee\\\/toode\\\/suvemaja-canda-4786m2-magamiskorrusega-81m2-terrass\\\/#breadcrumb\"},\"inLanguage\":\"en-US\",\"potentialAction\":[{\"@type\":\"ReadAction\",\"target\":[\"https:\\\/\\\/suveleht.ee\\\/toode\\\/suvemaja-canda-4786m2-magamiskorrusega-81m2-terrass\\\/\"]}]},{\"@type\":\"ImageObject\",\"inLanguage\":\"en-US\",\"@id\":\"https:\\\/\\\/suveleht.ee\\\/toode\\\/suvemaja-canda-4786m2-magamiskorrusega-81m2-terrass\\\/#primaryimage\",\"url\":\"https:\\\/\\\/suveleht.ee\\\/wp-content\\\/uploads\\\/2024\\\/02\\\/Candataust2.jpg\",\"contentUrl\":\"https:\\\/\\\/suveleht.ee\\\/wp-content\\\/uploads\\\/2024\\\/02\\\/Candataust2.jpg\",\"width\":2291,\"height\":1719},{\"@type\":\"BreadcrumbList\",\"@id\":\"https:\\\/\\\/suveleht.ee\\\/toode\\\/suvemaja-canda-4786m2-magamiskorrusega-81m2-terrass\\\/#breadcrumb\",\"itemListElement\":[{\"@type\":\"ListItem\",\"position\":1,\"name\":\"Home\",\"item\":\"https:\\\/\\\/suveleht.ee\\\/\"},{\"@type\":\"ListItem\",\"position\":2,\"name\":\"Tooted\",\"item\":\"https:\\\/\\\/suveleht.ee\\\/tooted\\\/\"},{\"@type\":\"ListItem\",\"position\":3,\"name\":\"Suvemaja CANDA 47,86m2 magamiskorrusega + 8,1m2 terrass\"}]},{\"@type\":\"WebSite\",\"@id\":\"https:\\\/\\\/suveleht.ee\\\/#website\",\"url\":\"https:\\\/\\\/suveleht.ee\\\/\",\"name\":\"Suveleht\",\"description\":\"Eestis toodetud aiamajad, m\u00e4nguv\u00e4ljakud ja k\u00fcmblust\u00fcnnid\",\"potentialAction\":[{\"@type\":\"SearchAction\",\"target\":{\"@type\":\"EntryPoint\",\"urlTemplate\":\"https:\\\/\\\/suveleht.ee\\\/?s={search_term_string}\"},\"query-input\":{\"@type\":\"PropertyValueSpecification\",\"valueRequired\":true,\"valueName\":\"search_term_string\"}}],\"inLanguage\":\"en-US\"}]}<\/script>\n<!-- \/ Yoast SEO plugin. -->","yoast_head_json":{"title":"Suvemaja CANDA 47,86m2 magamiskorrusega + 8,1m2 terrass - Suveleht","robots":{"index":"index","follow":"follow","max-snippet":"max-snippet:-1","max-image-preview":"max-image-preview:large","max-video-preview":"max-video-preview:-1"},"canonical":"https:\/\/suveleht.ee\/toode\/suvemaja-canda-4786m2-magamiskorrusega-81m2-terrass\/","og_locale":"en_US","og_type":"article","og_title":"Suvemaja CANDA 47,86m2 magamiskorrusega + 8,1m2 terrass - Suveleht","og_description":"* TASUTA TRANSPORT * Garantii 5 aastat CANDA on \u00fcks populaarseimaid valikuid meie klassikaliste suvilate seas. Rohkete akendega alumine korrus on avar ja valgusk\u00fcllane, lisaruumi pakub \u00e4rklikorrus, mida saab kasutada vastavalt soovile magamistoa v\u00f5i panipaigana. Avar katusealune terrass v\u00f5imaldab nautida v\u00e4rsket \u00f5hku ja \u00fcmbritsevat vaadet soojadel suvep\u00e4evadel. CANDA on suurep\u00e4rane valik suvekoduks maal v\u00f5i k\u00fclalistemajaks sinu aias. Majakomplekt sisaldab k\u00f5iki paigaldamiseks vajaminevaid detaile: immutatud alusraam, seinadetailid, p\u00f5randalauad ja p\u00f5randaliistud, katusetalad, katuselauad ja katuseliistud ning avat\u00e4ited. Lisaks on pakis ka kinnitusvahendid (kruvid, naelad jms). Majakomplekti ei kuulu katusekate. Tootmine 6-10 n\u00e4dalat.  Ehitus: Tuuletapiga nurga\u00fchendus Seina paksus: 70 mm Seinam\u00f5\u00f5dud: 540x640 cm P\u00f5randa pindala: 47.86 m2 Terrassi pindala: 8.1 m2 Viiluseina k\u00f5rgus: 448.8 cm Seina k\u00f5rgus: 251.6 cm Katuse \u00fcleulatus: 200 cm Katuse pindala: 67.65 m2 Katusekalle: 36\u00b0 Uks: 1 x 827 x 2000 mm 1 x 827 x 2000 mm Aken: 1 x 650 x 650 mm 3 x 916 x 1050 mm 3 x 1374 x 1050 mm Pakend: 900x115x82 cm 2461 kg 400x115x55 cm 734 kg 530x115x91 cm 1608 kg 530x115x89 cm 1573 kg","og_url":"https:\/\/suveleht.ee\/toode\/suvemaja-canda-4786m2-magamiskorrusega-81m2-terrass\/","og_site_name":"Suveleht","article_modified_time":"2026-02-26T09:48:31+00:00","og_image":[{"width":2291,"height":1719,"url":"http:\/\/suveleht.ee\/wp-content\/uploads\/2024\/02\/Candataust2.jpg","type":"image\/jpeg"}],"twitter_card":"summary_large_image","twitter_misc":{"Est. reading time":"1 minute"},"schema":{"@context":"https:\/\/schema.org","@graph":[{"@type":"WebPage","@id":"https:\/\/suveleht.ee\/toode\/suvemaja-canda-4786m2-magamiskorrusega-81m2-terrass\/","url":"https:\/\/suveleht.ee\/toode\/suvemaja-canda-4786m2-magamiskorrusega-81m2-terrass\/","name":"Suvemaja CANDA 47,86m2 magamiskorrusega + 8,1m2 terrass - Suveleht","isPartOf":{"@id":"https:\/\/suveleht.ee\/#website"},"primaryImageOfPage":{"@id":"https:\/\/suveleht.ee\/toode\/suvemaja-canda-4786m2-magamiskorrusega-81m2-terrass\/#primaryimage"},"image":{"@id":"https:\/\/suveleht.ee\/toode\/suvemaja-canda-4786m2-magamiskorrusega-81m2-terrass\/#primaryimage"},"thumbnailUrl":"https:\/\/suveleht.ee\/wp-content\/uploads\/2024\/02\/Candataust2.jpg","datePublished":"2024-02-08T15:29:02+00:00","dateModified":"2026-02-26T09:48:31+00:00","breadcrumb":{"@id":"https:\/\/suveleht.ee\/toode\/suvemaja-canda-4786m2-magamiskorrusega-81m2-terrass\/#breadcrumb"},"inLanguage":"en-US","potentialAction":[{"@type":"ReadAction","target":["https:\/\/suveleht.ee\/toode\/suvemaja-canda-4786m2-magamiskorrusega-81m2-terrass\/"]}]},{"@type":"ImageObject","inLanguage":"en-US","@id":"https:\/\/suveleht.ee\/toode\/suvemaja-canda-4786m2-magamiskorrusega-81m2-terrass\/#primaryimage","url":"https:\/\/suveleht.ee\/wp-content\/uploads\/2024\/02\/Candataust2.jpg","contentUrl":"https:\/\/suveleht.ee\/wp-content\/uploads\/2024\/02\/Candataust2.jpg","width":2291,"height":1719},{"@type":"BreadcrumbList","@id":"https:\/\/suveleht.ee\/toode\/suvemaja-canda-4786m2-magamiskorrusega-81m2-terrass\/#breadcrumb","itemListElement":[{"@type":"ListItem","position":1,"name":"Home","item":"https:\/\/suveleht.ee\/"},{"@type":"ListItem","position":2,"name":"Tooted","item":"https:\/\/suveleht.ee\/tooted\/"},{"@type":"ListItem","position":3,"name":"Suvemaja CANDA 47,86m2 magamiskorrusega + 8,1m2 terrass"}]},{"@type":"WebSite","@id":"https:\/\/suveleht.ee\/#website","url":"https:\/\/suveleht.ee\/","name":"Suveleht","description":"Eestis toodetud aiamajad, m\u00e4nguv\u00e4ljakud ja k\u00fcmblust\u00fcnnid","potentialAction":[{"@type":"SearchAction","target":{"@type":"EntryPoint","urlTemplate":"https:\/\/suveleht.ee\/?s={search_term_string}"},"query-input":{"@type":"PropertyValueSpecification","valueRequired":true,"valueName":"search_term_string"}}],"inLanguage":"en-US"}]}},"_links":{"self":[{"href":"https:\/\/suveleht.ee\/en\/wp-json\/wp\/v2\/product\/5351","targetHints":{"allow":["GET"]}}],"collection":[{"href":"https:\/\/suveleht.ee\/en\/wp-json\/wp\/v2\/product"}],"about":[{"href":"https:\/\/suveleht.ee\/en\/wp-json\/wp\/v2\/types\/product"}],"wp:featuredmedia":[{"embeddable":true,"href":"https:\/\/suveleht.ee\/en\/wp-json\/wp\/v2\/media\/5364"}],"wp:attachment":[{"href":"https:\/\/suveleht.ee\/en\/wp-json\/wp\/v2\/media?parent=5351"}],"wp:term":[{"taxonomy":"product_brand","embeddable":true,"href":"https:\/\/suveleht.ee\/en\/wp-json\/wp\/v2\/product_brand?post=5351"},{"taxonomy":"product_cat","embeddable":true,"href":"https:\/\/suveleht.ee\/en\/wp-json\/wp\/v2\/product_cat?post=5351"},{"taxonomy":"product_tag","embeddable":true,"href":"https:\/\/suveleht.ee\/en\/wp-json\/wp\/v2\/product_tag?post=5351"}],"curies":[{"name":"wp","href":"https:\/\/api.w.org\/{rel}","templated":true}]}}