{"id":5329,"date":"2024-02-08T14:45:03","date_gmt":"2024-02-08T14:45:03","guid":{"rendered":"https:\/\/suveleht.ee\/?post_type=product&#038;p=5329"},"modified":"2024-05-06T05:52:01","modified_gmt":"2024-05-06T05:52:01","slug":"suvemaja-tigri-298m2-magamiskorrusega","status":"publish","type":"product","link":"https:\/\/suveleht.ee\/en\/toode\/suvemaja-tigri-298m2-magamiskorrusega\/","title":{"rendered":"Suvemaja TIGRI 29,8m2 magamiskorrusega"},"content":{"rendered":"","protected":false},"excerpt":{"rendered":"<p>* TASUTA TRANSPORT<br \/>\n* Garantii 5 aastat<br \/>\nTIGRI on kompaktne suvemaja v\u00e4iksemasse aeda v\u00f5i maakodusse. TIGRI mahutab suuretoa, k\u00f6\u00f6gi ja wc esimesele korrusele, avatud poolkorruse magamislavats katab v\u00e4iksema pere \u00f6\u00f6bimisvajaduse. Komplektis immutatud raam, p\u00f5rand, seinad, aknad ja uksed, katusetalad ja -lauad. Katusekattematerjal ei kuulu komplekti. Tootmine 6-10 n\u00e4dalat.<\/p>\n<p>Ehitus: Tuuletapiga nurga\u00fchendus<br \/>\nSeina paksus: 70 mm<br \/>\nSeinam\u00f5\u00f5dud: 570&#215;550 cm<br \/>\nP\u00f5randa pindala: 29.8 m2<br \/>\nViiluseina k\u00f5rgus: 360.4 cm<br \/>\nSeina k\u00f5rgus: 272 cm<br \/>\nKatuse \u00fcleulatus: 20 cm<br \/>\nKatuse pindala: 38.94 m2<br \/>\nKatusekalle: 17.6\u00b0<br \/>\nUks:<br \/>\n1 x 827 x 1933 mm<br \/>\n1 x 827 x 1933 mm<br \/>\nAken:<br \/>\n2 x 650 x 650 mm<br \/>\n2 x 702 x 1190 mm<br \/>\n2 x 1374 x 916 mm<br \/>\nPakend:<br \/>\n630x114x110 cm 2526 kg<br \/>\n480x114x65 cm 1138 kg<br \/>\n200x114x70 cm 511 kg<\/p>\n","protected":false},"featured_media":5340,"template":"","meta":{"inline_featured_image":false},"product_brand":[],"product_cat":[45],"product_tag":[],"class_list":{"0":"post-5329","1":"product","2":"type-product","3":"status-publish","4":"has-post-thumbnail","6":"product_cat-aiamajad","8":"first","9":"instock","10":"sale","11":"taxable","12":"shipping-taxable","13":"purchasable","14":"product-type-simple"},"yoast_head":"<!-- This site is optimized with the Yoast SEO plugin v27.3 - https:\/\/yoast.com\/product\/yoast-seo-wordpress\/ -->\n<title>Suvemaja TIGRI 29,8m2 magamiskorrusega - Suveleht<\/title>\n<meta name=\"robots\" content=\"index, follow, max-snippet:-1, max-image-preview:large, max-video-preview:-1\" \/>\n<link rel=\"canonical\" href=\"https:\/\/suveleht.ee\/toode\/suvemaja-tigri-298m2-magamiskorrusega\/\" \/>\n<meta property=\"og:locale\" content=\"en_US\" \/>\n<meta property=\"og:type\" content=\"article\" \/>\n<meta property=\"og:title\" content=\"Suvemaja TIGRI 29,8m2 magamiskorrusega - Suveleht\" \/>\n<meta property=\"og:description\" content=\"* TASUTA TRANSPORT * Garantii 5 aastat TIGRI on kompaktne suvemaja v\u00e4iksemasse aeda v\u00f5i maakodusse. TIGRI mahutab suuretoa, k\u00f6\u00f6gi ja wc esimesele korrusele, avatud poolkorruse magamislavats katab v\u00e4iksema pere \u00f6\u00f6bimisvajaduse. Komplektis immutatud raam, p\u00f5rand, seinad, aknad ja uksed, katusetalad ja -lauad. Katusekattematerjal ei kuulu komplekti. Tootmine 6-10 n\u00e4dalat.  Ehitus: Tuuletapiga nurga\u00fchendus Seina paksus: 70 mm Seinam\u00f5\u00f5dud: 570x550 cm P\u00f5randa pindala: 29.8 m2 Viiluseina k\u00f5rgus: 360.4 cm Seina k\u00f5rgus: 272 cm Katuse \u00fcleulatus: 20 cm Katuse pindala: 38.94 m2 Katusekalle: 17.6\u00b0 Uks: 1 x 827 x 1933 mm 1 x 827 x 1933 mm Aken: 2 x 650 x 650 mm 2 x 702 x 1190 mm 2 x 1374 x 916 mm Pakend: 630x114x110 cm 2526 kg 480x114x65 cm 1138 kg 200x114x70 cm 511 kg\" \/>\n<meta property=\"og:url\" content=\"https:\/\/suveleht.ee\/toode\/suvemaja-tigri-298m2-magamiskorrusega\/\" \/>\n<meta property=\"og:site_name\" content=\"Suveleht\" \/>\n<meta property=\"article:modified_time\" content=\"2024-05-06T05:52:01+00:00\" \/>\n<meta property=\"og:image\" content=\"http:\/\/suveleht.ee\/wp-content\/uploads\/2024\/02\/tigritaust-scaled.jpg\" \/>\n\t<meta property=\"og:image:width\" content=\"2560\" \/>\n\t<meta property=\"og:image:height\" content=\"1708\" \/>\n\t<meta property=\"og:image:type\" content=\"image\/jpeg\" \/>\n<meta name=\"twitter:card\" content=\"summary_large_image\" \/>\n<meta name=\"twitter:label1\" content=\"Est. reading time\" \/>\n\t<meta name=\"twitter:data1\" content=\"1 minute\" \/>\n<script type=\"application\/ld+json\" class=\"yoast-schema-graph\">{\"@context\":\"https:\\\/\\\/schema.org\",\"@graph\":[{\"@type\":\"WebPage\",\"@id\":\"https:\\\/\\\/suveleht.ee\\\/toode\\\/suvemaja-tigri-298m2-magamiskorrusega\\\/\",\"url\":\"https:\\\/\\\/suveleht.ee\\\/toode\\\/suvemaja-tigri-298m2-magamiskorrusega\\\/\",\"name\":\"Suvemaja TIGRI 29,8m2 magamiskorrusega - Suveleht\",\"isPartOf\":{\"@id\":\"https:\\\/\\\/suveleht.ee\\\/#website\"},\"primaryImageOfPage\":{\"@id\":\"https:\\\/\\\/suveleht.ee\\\/toode\\\/suvemaja-tigri-298m2-magamiskorrusega\\\/#primaryimage\"},\"image\":{\"@id\":\"https:\\\/\\\/suveleht.ee\\\/toode\\\/suvemaja-tigri-298m2-magamiskorrusega\\\/#primaryimage\"},\"thumbnailUrl\":\"https:\\\/\\\/suveleht.ee\\\/wp-content\\\/uploads\\\/2024\\\/02\\\/tigritaust-scaled.jpg\",\"datePublished\":\"2024-02-08T14:45:03+00:00\",\"dateModified\":\"2024-05-06T05:52:01+00:00\",\"breadcrumb\":{\"@id\":\"https:\\\/\\\/suveleht.ee\\\/toode\\\/suvemaja-tigri-298m2-magamiskorrusega\\\/#breadcrumb\"},\"inLanguage\":\"en-US\",\"potentialAction\":[{\"@type\":\"ReadAction\",\"target\":[\"https:\\\/\\\/suveleht.ee\\\/toode\\\/suvemaja-tigri-298m2-magamiskorrusega\\\/\"]}]},{\"@type\":\"ImageObject\",\"inLanguage\":\"en-US\",\"@id\":\"https:\\\/\\\/suveleht.ee\\\/toode\\\/suvemaja-tigri-298m2-magamiskorrusega\\\/#primaryimage\",\"url\":\"https:\\\/\\\/suveleht.ee\\\/wp-content\\\/uploads\\\/2024\\\/02\\\/tigritaust-scaled.jpg\",\"contentUrl\":\"https:\\\/\\\/suveleht.ee\\\/wp-content\\\/uploads\\\/2024\\\/02\\\/tigritaust-scaled.jpg\",\"width\":2560,\"height\":1708},{\"@type\":\"BreadcrumbList\",\"@id\":\"https:\\\/\\\/suveleht.ee\\\/toode\\\/suvemaja-tigri-298m2-magamiskorrusega\\\/#breadcrumb\",\"itemListElement\":[{\"@type\":\"ListItem\",\"position\":1,\"name\":\"Home\",\"item\":\"https:\\\/\\\/suveleht.ee\\\/\"},{\"@type\":\"ListItem\",\"position\":2,\"name\":\"Tooted\",\"item\":\"https:\\\/\\\/suveleht.ee\\\/tooted\\\/\"},{\"@type\":\"ListItem\",\"position\":3,\"name\":\"Suvemaja TIGRI 29,8m2 magamiskorrusega\"}]},{\"@type\":\"WebSite\",\"@id\":\"https:\\\/\\\/suveleht.ee\\\/#website\",\"url\":\"https:\\\/\\\/suveleht.ee\\\/\",\"name\":\"Suveleht\",\"description\":\"Eestis toodetud aiamajad, m\u00e4nguv\u00e4ljakud ja k\u00fcmblust\u00fcnnid\",\"potentialAction\":[{\"@type\":\"SearchAction\",\"target\":{\"@type\":\"EntryPoint\",\"urlTemplate\":\"https:\\\/\\\/suveleht.ee\\\/?s={search_term_string}\"},\"query-input\":{\"@type\":\"PropertyValueSpecification\",\"valueRequired\":true,\"valueName\":\"search_term_string\"}}],\"inLanguage\":\"en-US\"}]}<\/script>\n<!-- \/ Yoast SEO plugin. -->","yoast_head_json":{"title":"Suvemaja TIGRI 29,8m2 magamiskorrusega - Suveleht","robots":{"index":"index","follow":"follow","max-snippet":"max-snippet:-1","max-image-preview":"max-image-preview:large","max-video-preview":"max-video-preview:-1"},"canonical":"https:\/\/suveleht.ee\/toode\/suvemaja-tigri-298m2-magamiskorrusega\/","og_locale":"en_US","og_type":"article","og_title":"Suvemaja TIGRI 29,8m2 magamiskorrusega - Suveleht","og_description":"* TASUTA TRANSPORT * Garantii 5 aastat TIGRI on kompaktne suvemaja v\u00e4iksemasse aeda v\u00f5i maakodusse. TIGRI mahutab suuretoa, k\u00f6\u00f6gi ja wc esimesele korrusele, avatud poolkorruse magamislavats katab v\u00e4iksema pere \u00f6\u00f6bimisvajaduse. Komplektis immutatud raam, p\u00f5rand, seinad, aknad ja uksed, katusetalad ja -lauad. Katusekattematerjal ei kuulu komplekti. Tootmine 6-10 n\u00e4dalat.  Ehitus: Tuuletapiga nurga\u00fchendus Seina paksus: 70 mm Seinam\u00f5\u00f5dud: 570x550 cm P\u00f5randa pindala: 29.8 m2 Viiluseina k\u00f5rgus: 360.4 cm Seina k\u00f5rgus: 272 cm Katuse \u00fcleulatus: 20 cm Katuse pindala: 38.94 m2 Katusekalle: 17.6\u00b0 Uks: 1 x 827 x 1933 mm 1 x 827 x 1933 mm Aken: 2 x 650 x 650 mm 2 x 702 x 1190 mm 2 x 1374 x 916 mm Pakend: 630x114x110 cm 2526 kg 480x114x65 cm 1138 kg 200x114x70 cm 511 kg","og_url":"https:\/\/suveleht.ee\/toode\/suvemaja-tigri-298m2-magamiskorrusega\/","og_site_name":"Suveleht","article_modified_time":"2024-05-06T05:52:01+00:00","og_image":[{"width":2560,"height":1708,"url":"http:\/\/suveleht.ee\/wp-content\/uploads\/2024\/02\/tigritaust-scaled.jpg","type":"image\/jpeg"}],"twitter_card":"summary_large_image","twitter_misc":{"Est. reading time":"1 minute"},"schema":{"@context":"https:\/\/schema.org","@graph":[{"@type":"WebPage","@id":"https:\/\/suveleht.ee\/toode\/suvemaja-tigri-298m2-magamiskorrusega\/","url":"https:\/\/suveleht.ee\/toode\/suvemaja-tigri-298m2-magamiskorrusega\/","name":"Suvemaja TIGRI 29,8m2 magamiskorrusega - Suveleht","isPartOf":{"@id":"https:\/\/suveleht.ee\/#website"},"primaryImageOfPage":{"@id":"https:\/\/suveleht.ee\/toode\/suvemaja-tigri-298m2-magamiskorrusega\/#primaryimage"},"image":{"@id":"https:\/\/suveleht.ee\/toode\/suvemaja-tigri-298m2-magamiskorrusega\/#primaryimage"},"thumbnailUrl":"https:\/\/suveleht.ee\/wp-content\/uploads\/2024\/02\/tigritaust-scaled.jpg","datePublished":"2024-02-08T14:45:03+00:00","dateModified":"2024-05-06T05:52:01+00:00","breadcrumb":{"@id":"https:\/\/suveleht.ee\/toode\/suvemaja-tigri-298m2-magamiskorrusega\/#breadcrumb"},"inLanguage":"en-US","potentialAction":[{"@type":"ReadAction","target":["https:\/\/suveleht.ee\/toode\/suvemaja-tigri-298m2-magamiskorrusega\/"]}]},{"@type":"ImageObject","inLanguage":"en-US","@id":"https:\/\/suveleht.ee\/toode\/suvemaja-tigri-298m2-magamiskorrusega\/#primaryimage","url":"https:\/\/suveleht.ee\/wp-content\/uploads\/2024\/02\/tigritaust-scaled.jpg","contentUrl":"https:\/\/suveleht.ee\/wp-content\/uploads\/2024\/02\/tigritaust-scaled.jpg","width":2560,"height":1708},{"@type":"BreadcrumbList","@id":"https:\/\/suveleht.ee\/toode\/suvemaja-tigri-298m2-magamiskorrusega\/#breadcrumb","itemListElement":[{"@type":"ListItem","position":1,"name":"Home","item":"https:\/\/suveleht.ee\/"},{"@type":"ListItem","position":2,"name":"Tooted","item":"https:\/\/suveleht.ee\/tooted\/"},{"@type":"ListItem","position":3,"name":"Suvemaja TIGRI 29,8m2 magamiskorrusega"}]},{"@type":"WebSite","@id":"https:\/\/suveleht.ee\/#website","url":"https:\/\/suveleht.ee\/","name":"Suveleht","description":"Eestis toodetud aiamajad, m\u00e4nguv\u00e4ljakud ja k\u00fcmblust\u00fcnnid","potentialAction":[{"@type":"SearchAction","target":{"@type":"EntryPoint","urlTemplate":"https:\/\/suveleht.ee\/?s={search_term_string}"},"query-input":{"@type":"PropertyValueSpecification","valueRequired":true,"valueName":"search_term_string"}}],"inLanguage":"en-US"}]}},"_links":{"self":[{"href":"https:\/\/suveleht.ee\/en\/wp-json\/wp\/v2\/product\/5329","targetHints":{"allow":["GET"]}}],"collection":[{"href":"https:\/\/suveleht.ee\/en\/wp-json\/wp\/v2\/product"}],"about":[{"href":"https:\/\/suveleht.ee\/en\/wp-json\/wp\/v2\/types\/product"}],"wp:featuredmedia":[{"embeddable":true,"href":"https:\/\/suveleht.ee\/en\/wp-json\/wp\/v2\/media\/5340"}],"wp:attachment":[{"href":"https:\/\/suveleht.ee\/en\/wp-json\/wp\/v2\/media?parent=5329"}],"wp:term":[{"taxonomy":"product_brand","embeddable":true,"href":"https:\/\/suveleht.ee\/en\/wp-json\/wp\/v2\/product_brand?post=5329"},{"taxonomy":"product_cat","embeddable":true,"href":"https:\/\/suveleht.ee\/en\/wp-json\/wp\/v2\/product_cat?post=5329"},{"taxonomy":"product_tag","embeddable":true,"href":"https:\/\/suveleht.ee\/en\/wp-json\/wp\/v2\/product_tag?post=5329"}],"curies":[{"name":"wp","href":"https:\/\/api.w.org\/{rel}","templated":true}]}}