{"id":5320,"date":"2024-02-08T14:33:49","date_gmt":"2024-02-08T14:33:49","guid":{"rendered":"https:\/\/suveleht.ee\/?post_type=product&#038;p=5320"},"modified":"2024-03-16T13:52:54","modified_gmt":"2024-03-16T13:52:54","slug":"suvemaja-oru70-6019m2","status":"publish","type":"product","link":"https:\/\/suveleht.ee\/en\/toode\/suvemaja-oru70-6019m2\/","title":{"rendered":"Suvemaja ORU70  60,19m2"},"content":{"rendered":"","protected":false},"excerpt":{"rendered":"<p>* TASUTA TRANSPORT<br \/>\n* Garantii 5 aastat<br \/>\nORU 70 suvemaja mahutab k\u00f5ik perele vajaliku: k\u00f6\u00f6ginurk, suurtuba, wc ja kaks magamistuba. Komplektis immutatud raam, p\u00f5randalauad, seinad, aknad ja uksed, katusetalad ja -lauad ning montaa\u017eikott. Katusekattematerjal ei kuulu komplekti. Tarneaeg kuni 10 n\u00e4dalat.<\/p>\n<p>Ehitus: Tuuletapiga nurga\u00fchendus<br \/>\nSeina paksus: 70 mm<br \/>\nSeinam\u00f5\u00f5dud: 1050&#215;595 cm<br \/>\nP\u00f5randa pindala: 60.19 m2<br \/>\nViiluseina k\u00f5rgus: 326.4 cm<br \/>\nSeina k\u00f5rgus: 224.4 cm<br \/>\nKatuse \u00fcleulatus: 25 cm<br \/>\nKatuse pindala: 72.24 m2<br \/>\nKatusekalle: 11.1\u00b0<br \/>\nUks:<br \/>\n1 x 787 x 1980 mm<br \/>\n2 x 787 x 1980 mm<br \/>\n2 x 787 x 1980 mm<br \/>\nAken:<br \/>\n1 x 876 x 1010 mm<br \/>\n1 x 876 x 1010 mm<br \/>\n4 x 1334 x 1010 mm<br \/>\nPakend:<br \/>\n678x114x78 cm 1989 kg<br \/>\n678x114x74 cm 1887 kg<br \/>\n650x114x93 cm 2274 kg<br \/>\n200x114x106 cm 725 kg<\/p>\n","protected":false},"featured_media":5327,"template":"","meta":{"inline_featured_image":false},"product_brand":[],"product_cat":[45],"product_tag":[],"class_list":{"0":"post-5320","1":"product","2":"type-product","3":"status-publish","4":"has-post-thumbnail","6":"product_cat-aiamajad","8":"first","9":"instock","10":"taxable","11":"shipping-taxable","12":"purchasable","13":"product-type-simple"},"yoast_head":"<!-- This site is optimized with the Yoast SEO plugin v27.3 - https:\/\/yoast.com\/product\/yoast-seo-wordpress\/ -->\n<title>Suvemaja ORU70 60,19m2 - Suveleht<\/title>\n<meta name=\"robots\" content=\"index, follow, max-snippet:-1, max-image-preview:large, max-video-preview:-1\" \/>\n<link rel=\"canonical\" href=\"https:\/\/suveleht.ee\/toode\/suvemaja-oru70-6019m2\/\" \/>\n<meta property=\"og:locale\" content=\"en_US\" \/>\n<meta property=\"og:type\" content=\"article\" \/>\n<meta property=\"og:title\" content=\"Suvemaja ORU70 60,19m2 - Suveleht\" \/>\n<meta property=\"og:description\" content=\"* TASUTA TRANSPORT * Garantii 5 aastat ORU 70 suvemaja mahutab k\u00f5ik perele vajaliku: k\u00f6\u00f6ginurk, suurtuba, wc ja kaks magamistuba. Komplektis immutatud raam, p\u00f5randalauad, seinad, aknad ja uksed, katusetalad ja -lauad ning montaa\u017eikott. Katusekattematerjal ei kuulu komplekti. Tarneaeg kuni 10 n\u00e4dalat.  Ehitus: Tuuletapiga nurga\u00fchendus Seina paksus: 70 mm Seinam\u00f5\u00f5dud: 1050x595 cm P\u00f5randa pindala: 60.19 m2 Viiluseina k\u00f5rgus: 326.4 cm Seina k\u00f5rgus: 224.4 cm Katuse \u00fcleulatus: 25 cm Katuse pindala: 72.24 m2 Katusekalle: 11.1\u00b0 Uks:  1 x 787 x 1980 mm  2 x 787 x 1980 mm  2 x 787 x 1980 mm  Aken:  1 x 876 x 1010 mm  1 x 876 x 1010 mm  4 x 1334 x 1010 mm Pakend:  678x114x78 cm 1989 kg 678x114x74 cm 1887 kg 650x114x93 cm 2274 kg 200x114x106 cm 725 kg\" \/>\n<meta property=\"og:url\" content=\"https:\/\/suveleht.ee\/toode\/suvemaja-oru70-6019m2\/\" \/>\n<meta property=\"og:site_name\" content=\"Suveleht\" \/>\n<meta property=\"article:modified_time\" content=\"2024-03-16T13:52:54+00:00\" \/>\n<meta property=\"og:image\" content=\"http:\/\/suveleht.ee\/wp-content\/uploads\/2024\/02\/oru70taust-scaled.jpg\" \/>\n\t<meta property=\"og:image:width\" content=\"2560\" \/>\n\t<meta property=\"og:image:height\" content=\"1707\" \/>\n\t<meta property=\"og:image:type\" content=\"image\/jpeg\" \/>\n<meta name=\"twitter:card\" content=\"summary_large_image\" \/>\n<meta name=\"twitter:label1\" content=\"Est. reading time\" \/>\n\t<meta name=\"twitter:data1\" content=\"1 minute\" \/>\n<script type=\"application\/ld+json\" class=\"yoast-schema-graph\">{\"@context\":\"https:\\\/\\\/schema.org\",\"@graph\":[{\"@type\":\"WebPage\",\"@id\":\"https:\\\/\\\/suveleht.ee\\\/toode\\\/suvemaja-oru70-6019m2\\\/\",\"url\":\"https:\\\/\\\/suveleht.ee\\\/toode\\\/suvemaja-oru70-6019m2\\\/\",\"name\":\"Suvemaja ORU70 60,19m2 - Suveleht\",\"isPartOf\":{\"@id\":\"https:\\\/\\\/suveleht.ee\\\/#website\"},\"primaryImageOfPage\":{\"@id\":\"https:\\\/\\\/suveleht.ee\\\/toode\\\/suvemaja-oru70-6019m2\\\/#primaryimage\"},\"image\":{\"@id\":\"https:\\\/\\\/suveleht.ee\\\/toode\\\/suvemaja-oru70-6019m2\\\/#primaryimage\"},\"thumbnailUrl\":\"https:\\\/\\\/suveleht.ee\\\/wp-content\\\/uploads\\\/2024\\\/02\\\/oru70taust-scaled.jpg\",\"datePublished\":\"2024-02-08T14:33:49+00:00\",\"dateModified\":\"2024-03-16T13:52:54+00:00\",\"breadcrumb\":{\"@id\":\"https:\\\/\\\/suveleht.ee\\\/toode\\\/suvemaja-oru70-6019m2\\\/#breadcrumb\"},\"inLanguage\":\"en-US\",\"potentialAction\":[{\"@type\":\"ReadAction\",\"target\":[\"https:\\\/\\\/suveleht.ee\\\/toode\\\/suvemaja-oru70-6019m2\\\/\"]}]},{\"@type\":\"ImageObject\",\"inLanguage\":\"en-US\",\"@id\":\"https:\\\/\\\/suveleht.ee\\\/toode\\\/suvemaja-oru70-6019m2\\\/#primaryimage\",\"url\":\"https:\\\/\\\/suveleht.ee\\\/wp-content\\\/uploads\\\/2024\\\/02\\\/oru70taust-scaled.jpg\",\"contentUrl\":\"https:\\\/\\\/suveleht.ee\\\/wp-content\\\/uploads\\\/2024\\\/02\\\/oru70taust-scaled.jpg\",\"width\":2560,\"height\":1707},{\"@type\":\"BreadcrumbList\",\"@id\":\"https:\\\/\\\/suveleht.ee\\\/toode\\\/suvemaja-oru70-6019m2\\\/#breadcrumb\",\"itemListElement\":[{\"@type\":\"ListItem\",\"position\":1,\"name\":\"Home\",\"item\":\"https:\\\/\\\/suveleht.ee\\\/\"},{\"@type\":\"ListItem\",\"position\":2,\"name\":\"Tooted\",\"item\":\"https:\\\/\\\/suveleht.ee\\\/tooted\\\/\"},{\"@type\":\"ListItem\",\"position\":3,\"name\":\"Suvemaja ORU70 60,19m2\"}]},{\"@type\":\"WebSite\",\"@id\":\"https:\\\/\\\/suveleht.ee\\\/#website\",\"url\":\"https:\\\/\\\/suveleht.ee\\\/\",\"name\":\"Suveleht\",\"description\":\"Eestis toodetud aiamajad, m\u00e4nguv\u00e4ljakud ja k\u00fcmblust\u00fcnnid\",\"potentialAction\":[{\"@type\":\"SearchAction\",\"target\":{\"@type\":\"EntryPoint\",\"urlTemplate\":\"https:\\\/\\\/suveleht.ee\\\/?s={search_term_string}\"},\"query-input\":{\"@type\":\"PropertyValueSpecification\",\"valueRequired\":true,\"valueName\":\"search_term_string\"}}],\"inLanguage\":\"en-US\"}]}<\/script>\n<!-- \/ Yoast SEO plugin. -->","yoast_head_json":{"title":"Suvemaja ORU70 60,19m2 - Suveleht","robots":{"index":"index","follow":"follow","max-snippet":"max-snippet:-1","max-image-preview":"max-image-preview:large","max-video-preview":"max-video-preview:-1"},"canonical":"https:\/\/suveleht.ee\/toode\/suvemaja-oru70-6019m2\/","og_locale":"en_US","og_type":"article","og_title":"Suvemaja ORU70 60,19m2 - Suveleht","og_description":"* TASUTA TRANSPORT * Garantii 5 aastat ORU 70 suvemaja mahutab k\u00f5ik perele vajaliku: k\u00f6\u00f6ginurk, suurtuba, wc ja kaks magamistuba. Komplektis immutatud raam, p\u00f5randalauad, seinad, aknad ja uksed, katusetalad ja -lauad ning montaa\u017eikott. Katusekattematerjal ei kuulu komplekti. Tarneaeg kuni 10 n\u00e4dalat.  Ehitus: Tuuletapiga nurga\u00fchendus Seina paksus: 70 mm Seinam\u00f5\u00f5dud: 1050x595 cm P\u00f5randa pindala: 60.19 m2 Viiluseina k\u00f5rgus: 326.4 cm Seina k\u00f5rgus: 224.4 cm Katuse \u00fcleulatus: 25 cm Katuse pindala: 72.24 m2 Katusekalle: 11.1\u00b0 Uks:  1 x 787 x 1980 mm  2 x 787 x 1980 mm  2 x 787 x 1980 mm  Aken:  1 x 876 x 1010 mm  1 x 876 x 1010 mm  4 x 1334 x 1010 mm Pakend:  678x114x78 cm 1989 kg 678x114x74 cm 1887 kg 650x114x93 cm 2274 kg 200x114x106 cm 725 kg","og_url":"https:\/\/suveleht.ee\/toode\/suvemaja-oru70-6019m2\/","og_site_name":"Suveleht","article_modified_time":"2024-03-16T13:52:54+00:00","og_image":[{"width":2560,"height":1707,"url":"http:\/\/suveleht.ee\/wp-content\/uploads\/2024\/02\/oru70taust-scaled.jpg","type":"image\/jpeg"}],"twitter_card":"summary_large_image","twitter_misc":{"Est. reading time":"1 minute"},"schema":{"@context":"https:\/\/schema.org","@graph":[{"@type":"WebPage","@id":"https:\/\/suveleht.ee\/toode\/suvemaja-oru70-6019m2\/","url":"https:\/\/suveleht.ee\/toode\/suvemaja-oru70-6019m2\/","name":"Suvemaja ORU70 60,19m2 - Suveleht","isPartOf":{"@id":"https:\/\/suveleht.ee\/#website"},"primaryImageOfPage":{"@id":"https:\/\/suveleht.ee\/toode\/suvemaja-oru70-6019m2\/#primaryimage"},"image":{"@id":"https:\/\/suveleht.ee\/toode\/suvemaja-oru70-6019m2\/#primaryimage"},"thumbnailUrl":"https:\/\/suveleht.ee\/wp-content\/uploads\/2024\/02\/oru70taust-scaled.jpg","datePublished":"2024-02-08T14:33:49+00:00","dateModified":"2024-03-16T13:52:54+00:00","breadcrumb":{"@id":"https:\/\/suveleht.ee\/toode\/suvemaja-oru70-6019m2\/#breadcrumb"},"inLanguage":"en-US","potentialAction":[{"@type":"ReadAction","target":["https:\/\/suveleht.ee\/toode\/suvemaja-oru70-6019m2\/"]}]},{"@type":"ImageObject","inLanguage":"en-US","@id":"https:\/\/suveleht.ee\/toode\/suvemaja-oru70-6019m2\/#primaryimage","url":"https:\/\/suveleht.ee\/wp-content\/uploads\/2024\/02\/oru70taust-scaled.jpg","contentUrl":"https:\/\/suveleht.ee\/wp-content\/uploads\/2024\/02\/oru70taust-scaled.jpg","width":2560,"height":1707},{"@type":"BreadcrumbList","@id":"https:\/\/suveleht.ee\/toode\/suvemaja-oru70-6019m2\/#breadcrumb","itemListElement":[{"@type":"ListItem","position":1,"name":"Home","item":"https:\/\/suveleht.ee\/"},{"@type":"ListItem","position":2,"name":"Tooted","item":"https:\/\/suveleht.ee\/tooted\/"},{"@type":"ListItem","position":3,"name":"Suvemaja ORU70 60,19m2"}]},{"@type":"WebSite","@id":"https:\/\/suveleht.ee\/#website","url":"https:\/\/suveleht.ee\/","name":"Suveleht","description":"Eestis toodetud aiamajad, m\u00e4nguv\u00e4ljakud ja k\u00fcmblust\u00fcnnid","potentialAction":[{"@type":"SearchAction","target":{"@type":"EntryPoint","urlTemplate":"https:\/\/suveleht.ee\/?s={search_term_string}"},"query-input":{"@type":"PropertyValueSpecification","valueRequired":true,"valueName":"search_term_string"}}],"inLanguage":"en-US"}]}},"_links":{"self":[{"href":"https:\/\/suveleht.ee\/en\/wp-json\/wp\/v2\/product\/5320","targetHints":{"allow":["GET"]}}],"collection":[{"href":"https:\/\/suveleht.ee\/en\/wp-json\/wp\/v2\/product"}],"about":[{"href":"https:\/\/suveleht.ee\/en\/wp-json\/wp\/v2\/types\/product"}],"wp:featuredmedia":[{"embeddable":true,"href":"https:\/\/suveleht.ee\/en\/wp-json\/wp\/v2\/media\/5327"}],"wp:attachment":[{"href":"https:\/\/suveleht.ee\/en\/wp-json\/wp\/v2\/media?parent=5320"}],"wp:term":[{"taxonomy":"product_brand","embeddable":true,"href":"https:\/\/suveleht.ee\/en\/wp-json\/wp\/v2\/product_brand?post=5320"},{"taxonomy":"product_cat","embeddable":true,"href":"https:\/\/suveleht.ee\/en\/wp-json\/wp\/v2\/product_cat?post=5320"},{"taxonomy":"product_tag","embeddable":true,"href":"https:\/\/suveleht.ee\/en\/wp-json\/wp\/v2\/product_tag?post=5320"}],"curies":[{"name":"wp","href":"https:\/\/api.w.org\/{rel}","templated":true}]}}