{"id":5302,"date":"2024-02-08T14:04:39","date_gmt":"2024-02-08T14:04:39","guid":{"rendered":"https:\/\/suveleht.ee\/?post_type=product&#038;p=5302"},"modified":"2024-05-06T05:55:30","modified_gmt":"2024-05-06T05:55:30","slug":"suvemaja-setu-1676m2","status":"publish","type":"product","link":"https:\/\/suveleht.ee\/en\/toode\/suvemaja-setu-1676m2\/","title":{"rendered":"Suvemaja SETU 16,76m2"},"content":{"rendered":"","protected":false},"excerpt":{"rendered":"<p>* TASUTA TRANSPORT<br \/>\n* Garantii 5 aastat<br \/>\nSETU on klassikalise v\u00e4limusega 70mm seinaga ja pakettklaasidega suvemaja. Sobib ideaalselt aiamajaks, k\u00fclaliste majutamiseks v\u00f5i kodukontoriks. Komplekt sisaldab immutatud raami, p\u00f5randat, seinu, uksi ja aknaid, katusetalaisd ja -laudu ning montaa\u017eikotti. Katusekattematerjal ei kuulu komplekti. Tootmine 6-10 n\u00e4dalat.<\/p>\n<p>Ehitus: Tuuletapiga nurga\u00fchendus<br \/>\nSeina paksus: 70 mm<br \/>\nSeinam\u00f5\u00f5dud: 300&#215;600 cm<br \/>\nP\u00f5randa pindala: 16.76 m2<br \/>\nViiluseina k\u00f5rgus: 244.8 cm<br \/>\nSeina k\u00f5rgus: 204 cm<br \/>\nKatuse \u00fcleulatus: 30 cm<br \/>\nKatuse pindala: 23.76 m2<br \/>\nKatusekalle: 15.6\u00b0<br \/>\nUks: 1 x 1580 x 1865 mm<br \/>\nAken: 3 x 1100 x 1729 mm<br \/>\nPakend:<br \/>\n660x114x65 cm 1565 kg<br \/>\n200x114x51 cm 340 kg<\/p>\n","protected":false},"featured_media":5309,"template":"","meta":{"inline_featured_image":false},"product_brand":[],"product_cat":[45],"product_tag":[],"class_list":{"0":"post-5302","1":"product","2":"type-product","3":"status-publish","4":"has-post-thumbnail","6":"product_cat-aiamajad","8":"first","9":"instock","10":"sale","11":"taxable","12":"shipping-taxable","13":"purchasable","14":"product-type-simple"},"yoast_head":"<!-- This site is optimized with the Yoast SEO plugin v27.3 - https:\/\/yoast.com\/product\/yoast-seo-wordpress\/ -->\n<title>Suvemaja SETU 16,76m2 - Suveleht<\/title>\n<meta name=\"robots\" content=\"index, follow, max-snippet:-1, max-image-preview:large, max-video-preview:-1\" \/>\n<link rel=\"canonical\" href=\"https:\/\/suveleht.ee\/toode\/suvemaja-setu-1676m2\/\" \/>\n<meta property=\"og:locale\" content=\"en_US\" \/>\n<meta property=\"og:type\" content=\"article\" \/>\n<meta property=\"og:title\" content=\"Suvemaja SETU 16,76m2 - Suveleht\" \/>\n<meta property=\"og:description\" content=\"* TASUTA TRANSPORT * Garantii 5 aastat SETU on klassikalise v\u00e4limusega 70mm seinaga ja pakettklaasidega suvemaja. Sobib ideaalselt aiamajaks, k\u00fclaliste majutamiseks v\u00f5i kodukontoriks. Komplekt sisaldab immutatud raami, p\u00f5randat, seinu, uksi ja aknaid, katusetalaisd ja -laudu ning montaa\u017eikotti. Katusekattematerjal ei kuulu komplekti. Tootmine 6-10 n\u00e4dalat.  Ehitus: Tuuletapiga nurga\u00fchendus Seina paksus: 70 mm Seinam\u00f5\u00f5dud: 300x600 cm P\u00f5randa pindala: 16.76 m2 Viiluseina k\u00f5rgus: 244.8 cm Seina k\u00f5rgus: 204 cm Katuse \u00fcleulatus: 30 cm Katuse pindala: 23.76 m2 Katusekalle: 15.6\u00b0 Uks: 1 x 1580 x 1865 mm  Aken: 3 x 1100 x 1729 mm Pakend:  660x114x65 cm 1565 kg 200x114x51 cm 340 kg\" \/>\n<meta property=\"og:url\" content=\"https:\/\/suveleht.ee\/toode\/suvemaja-setu-1676m2\/\" \/>\n<meta property=\"og:site_name\" content=\"Suveleht\" \/>\n<meta property=\"article:modified_time\" content=\"2024-05-06T05:55:30+00:00\" \/>\n<meta property=\"og:image\" content=\"http:\/\/suveleht.ee\/wp-content\/uploads\/2024\/02\/setu1taust-scaled.jpg\" \/>\n\t<meta property=\"og:image:width\" content=\"2560\" \/>\n\t<meta property=\"og:image:height\" content=\"1708\" \/>\n\t<meta property=\"og:image:type\" content=\"image\/jpeg\" \/>\n<meta name=\"twitter:card\" content=\"summary_large_image\" \/>\n<meta name=\"twitter:label1\" content=\"Est. reading time\" \/>\n\t<meta name=\"twitter:data1\" content=\"1 minute\" \/>\n<script type=\"application\/ld+json\" class=\"yoast-schema-graph\">{\"@context\":\"https:\\\/\\\/schema.org\",\"@graph\":[{\"@type\":\"WebPage\",\"@id\":\"https:\\\/\\\/suveleht.ee\\\/toode\\\/suvemaja-setu-1676m2\\\/\",\"url\":\"https:\\\/\\\/suveleht.ee\\\/toode\\\/suvemaja-setu-1676m2\\\/\",\"name\":\"Suvemaja SETU 16,76m2 - Suveleht\",\"isPartOf\":{\"@id\":\"https:\\\/\\\/suveleht.ee\\\/#website\"},\"primaryImageOfPage\":{\"@id\":\"https:\\\/\\\/suveleht.ee\\\/toode\\\/suvemaja-setu-1676m2\\\/#primaryimage\"},\"image\":{\"@id\":\"https:\\\/\\\/suveleht.ee\\\/toode\\\/suvemaja-setu-1676m2\\\/#primaryimage\"},\"thumbnailUrl\":\"https:\\\/\\\/suveleht.ee\\\/wp-content\\\/uploads\\\/2024\\\/02\\\/setu1taust-scaled.jpg\",\"datePublished\":\"2024-02-08T14:04:39+00:00\",\"dateModified\":\"2024-05-06T05:55:30+00:00\",\"breadcrumb\":{\"@id\":\"https:\\\/\\\/suveleht.ee\\\/toode\\\/suvemaja-setu-1676m2\\\/#breadcrumb\"},\"inLanguage\":\"en-US\",\"potentialAction\":[{\"@type\":\"ReadAction\",\"target\":[\"https:\\\/\\\/suveleht.ee\\\/toode\\\/suvemaja-setu-1676m2\\\/\"]}]},{\"@type\":\"ImageObject\",\"inLanguage\":\"en-US\",\"@id\":\"https:\\\/\\\/suveleht.ee\\\/toode\\\/suvemaja-setu-1676m2\\\/#primaryimage\",\"url\":\"https:\\\/\\\/suveleht.ee\\\/wp-content\\\/uploads\\\/2024\\\/02\\\/setu1taust-scaled.jpg\",\"contentUrl\":\"https:\\\/\\\/suveleht.ee\\\/wp-content\\\/uploads\\\/2024\\\/02\\\/setu1taust-scaled.jpg\",\"width\":2560,\"height\":1708},{\"@type\":\"BreadcrumbList\",\"@id\":\"https:\\\/\\\/suveleht.ee\\\/toode\\\/suvemaja-setu-1676m2\\\/#breadcrumb\",\"itemListElement\":[{\"@type\":\"ListItem\",\"position\":1,\"name\":\"Home\",\"item\":\"https:\\\/\\\/suveleht.ee\\\/\"},{\"@type\":\"ListItem\",\"position\":2,\"name\":\"Tooted\",\"item\":\"https:\\\/\\\/suveleht.ee\\\/tooted\\\/\"},{\"@type\":\"ListItem\",\"position\":3,\"name\":\"Suvemaja SETU 16,76m2\"}]},{\"@type\":\"WebSite\",\"@id\":\"https:\\\/\\\/suveleht.ee\\\/#website\",\"url\":\"https:\\\/\\\/suveleht.ee\\\/\",\"name\":\"Suveleht\",\"description\":\"Eestis toodetud aiamajad, m\u00e4nguv\u00e4ljakud ja k\u00fcmblust\u00fcnnid\",\"potentialAction\":[{\"@type\":\"SearchAction\",\"target\":{\"@type\":\"EntryPoint\",\"urlTemplate\":\"https:\\\/\\\/suveleht.ee\\\/?s={search_term_string}\"},\"query-input\":{\"@type\":\"PropertyValueSpecification\",\"valueRequired\":true,\"valueName\":\"search_term_string\"}}],\"inLanguage\":\"en-US\"}]}<\/script>\n<!-- \/ Yoast SEO plugin. -->","yoast_head_json":{"title":"Suvemaja SETU 16,76m2 - Suveleht","robots":{"index":"index","follow":"follow","max-snippet":"max-snippet:-1","max-image-preview":"max-image-preview:large","max-video-preview":"max-video-preview:-1"},"canonical":"https:\/\/suveleht.ee\/toode\/suvemaja-setu-1676m2\/","og_locale":"en_US","og_type":"article","og_title":"Suvemaja SETU 16,76m2 - Suveleht","og_description":"* TASUTA TRANSPORT * Garantii 5 aastat SETU on klassikalise v\u00e4limusega 70mm seinaga ja pakettklaasidega suvemaja. Sobib ideaalselt aiamajaks, k\u00fclaliste majutamiseks v\u00f5i kodukontoriks. Komplekt sisaldab immutatud raami, p\u00f5randat, seinu, uksi ja aknaid, katusetalaisd ja -laudu ning montaa\u017eikotti. Katusekattematerjal ei kuulu komplekti. Tootmine 6-10 n\u00e4dalat.  Ehitus: Tuuletapiga nurga\u00fchendus Seina paksus: 70 mm Seinam\u00f5\u00f5dud: 300x600 cm P\u00f5randa pindala: 16.76 m2 Viiluseina k\u00f5rgus: 244.8 cm Seina k\u00f5rgus: 204 cm Katuse \u00fcleulatus: 30 cm Katuse pindala: 23.76 m2 Katusekalle: 15.6\u00b0 Uks: 1 x 1580 x 1865 mm  Aken: 3 x 1100 x 1729 mm Pakend:  660x114x65 cm 1565 kg 200x114x51 cm 340 kg","og_url":"https:\/\/suveleht.ee\/toode\/suvemaja-setu-1676m2\/","og_site_name":"Suveleht","article_modified_time":"2024-05-06T05:55:30+00:00","og_image":[{"width":2560,"height":1708,"url":"http:\/\/suveleht.ee\/wp-content\/uploads\/2024\/02\/setu1taust-scaled.jpg","type":"image\/jpeg"}],"twitter_card":"summary_large_image","twitter_misc":{"Est. reading time":"1 minute"},"schema":{"@context":"https:\/\/schema.org","@graph":[{"@type":"WebPage","@id":"https:\/\/suveleht.ee\/toode\/suvemaja-setu-1676m2\/","url":"https:\/\/suveleht.ee\/toode\/suvemaja-setu-1676m2\/","name":"Suvemaja SETU 16,76m2 - Suveleht","isPartOf":{"@id":"https:\/\/suveleht.ee\/#website"},"primaryImageOfPage":{"@id":"https:\/\/suveleht.ee\/toode\/suvemaja-setu-1676m2\/#primaryimage"},"image":{"@id":"https:\/\/suveleht.ee\/toode\/suvemaja-setu-1676m2\/#primaryimage"},"thumbnailUrl":"https:\/\/suveleht.ee\/wp-content\/uploads\/2024\/02\/setu1taust-scaled.jpg","datePublished":"2024-02-08T14:04:39+00:00","dateModified":"2024-05-06T05:55:30+00:00","breadcrumb":{"@id":"https:\/\/suveleht.ee\/toode\/suvemaja-setu-1676m2\/#breadcrumb"},"inLanguage":"en-US","potentialAction":[{"@type":"ReadAction","target":["https:\/\/suveleht.ee\/toode\/suvemaja-setu-1676m2\/"]}]},{"@type":"ImageObject","inLanguage":"en-US","@id":"https:\/\/suveleht.ee\/toode\/suvemaja-setu-1676m2\/#primaryimage","url":"https:\/\/suveleht.ee\/wp-content\/uploads\/2024\/02\/setu1taust-scaled.jpg","contentUrl":"https:\/\/suveleht.ee\/wp-content\/uploads\/2024\/02\/setu1taust-scaled.jpg","width":2560,"height":1708},{"@type":"BreadcrumbList","@id":"https:\/\/suveleht.ee\/toode\/suvemaja-setu-1676m2\/#breadcrumb","itemListElement":[{"@type":"ListItem","position":1,"name":"Home","item":"https:\/\/suveleht.ee\/"},{"@type":"ListItem","position":2,"name":"Tooted","item":"https:\/\/suveleht.ee\/tooted\/"},{"@type":"ListItem","position":3,"name":"Suvemaja SETU 16,76m2"}]},{"@type":"WebSite","@id":"https:\/\/suveleht.ee\/#website","url":"https:\/\/suveleht.ee\/","name":"Suveleht","description":"Eestis toodetud aiamajad, m\u00e4nguv\u00e4ljakud ja k\u00fcmblust\u00fcnnid","potentialAction":[{"@type":"SearchAction","target":{"@type":"EntryPoint","urlTemplate":"https:\/\/suveleht.ee\/?s={search_term_string}"},"query-input":{"@type":"PropertyValueSpecification","valueRequired":true,"valueName":"search_term_string"}}],"inLanguage":"en-US"}]}},"_links":{"self":[{"href":"https:\/\/suveleht.ee\/en\/wp-json\/wp\/v2\/product\/5302","targetHints":{"allow":["GET"]}}],"collection":[{"href":"https:\/\/suveleht.ee\/en\/wp-json\/wp\/v2\/product"}],"about":[{"href":"https:\/\/suveleht.ee\/en\/wp-json\/wp\/v2\/types\/product"}],"wp:featuredmedia":[{"embeddable":true,"href":"https:\/\/suveleht.ee\/en\/wp-json\/wp\/v2\/media\/5309"}],"wp:attachment":[{"href":"https:\/\/suveleht.ee\/en\/wp-json\/wp\/v2\/media?parent=5302"}],"wp:term":[{"taxonomy":"product_brand","embeddable":true,"href":"https:\/\/suveleht.ee\/en\/wp-json\/wp\/v2\/product_brand?post=5302"},{"taxonomy":"product_cat","embeddable":true,"href":"https:\/\/suveleht.ee\/en\/wp-json\/wp\/v2\/product_cat?post=5302"},{"taxonomy":"product_tag","embeddable":true,"href":"https:\/\/suveleht.ee\/en\/wp-json\/wp\/v2\/product_tag?post=5302"}],"curies":[{"name":"wp","href":"https:\/\/api.w.org\/{rel}","templated":true}]}}