{"id":5286,"date":"2024-02-08T11:33:52","date_gmt":"2024-02-08T11:33:52","guid":{"rendered":"https:\/\/suveleht.ee\/?post_type=product&#038;p=5286"},"modified":"2026-02-26T10:07:06","modified_gmt":"2026-02-26T10:07:06","slug":"suvemaja-oiste-507m2","status":"publish","type":"product","link":"https:\/\/suveleht.ee\/en\/toode\/suvemaja-oiste-507m2\/","title":{"rendered":"Suvemaja \u00d6ISTE 50,7m2"},"content":{"rendered":"","protected":false},"excerpt":{"rendered":"<p>* TASUTA TRANSPORT<br \/>\n* Garantii 5 aastat<br \/>\n\u00d6ISTE on meie k\u00f5ige uuem suvemaja mudel. Suured klaaspinnad teevad ruumi avaraks ja valgusk\u00fcllaseks, terrass on piisavalt suur, et p\u00e4ikesevanne nautida. Stiilne moderne lamekatus ja maja \u00fcldine ilme sobitab \u00d6ISTE igasse keskkonda. Komplekt sisaldab immutatud alusraami, p\u00f5randalaudu, seinu, katuselaudasid, aknaid, uksi, montaa\u017eivahendeid ja erinevaid liiste. Katusekattematerjal ei kuulu komplekti. Tarneaeg ca 10 n\u00e4dalat.<\/p>\n<p>Ehitus: Tuuletapiga nurga\u00fchendus<br \/>\nSeina paksus: 70 mm<br \/>\nSeinam\u00f5\u00f5dud: 900&#215;600 cm<br \/>\nP\u00f5randa pindala: 50.7 m2<br \/>\nViiluseina k\u00f5rgus: 317.97 cm<br \/>\nSeina k\u00f5rgus: 276.08 cm<br \/>\nKatuse \u00fcleulatus: 100 cm<br \/>\nKatuse pindala: 67.5 m2<br \/>\nKatusekalle: 3.3\u00b0<br \/>\nUks:<br \/>\n1 x 1600 x 2650 mm<br \/>\n1 x 1600 x 2650 mm<br \/>\n1 x 900 x 2000 mm<br \/>\n3 x 827 x 2000 mm<br \/>\nAken:<br \/>\n2 x 1374 x 916 mm<br \/>\n1 x 1100 x 1729 mm<br \/>\n1 x 1500 x 650 mm<br \/>\n2 x 1000 x 2650 mm<br \/>\nPakend:<br \/>\n735x114x60 cm 1760 kg<br \/>\n620x114x78 cm 1930 kg<br \/>\n620x114x78 cm 1930 kg<br \/>\n553x114x60 cm 1324 kg<\/p>\n","protected":false},"featured_media":5293,"template":"","meta":{"inline_featured_image":false},"product_brand":[],"product_cat":[45],"product_tag":[],"class_list":{"0":"post-5286","1":"product","2":"type-product","3":"status-publish","4":"has-post-thumbnail","6":"product_cat-aiamajad","8":"first","9":"instock","10":"taxable","11":"shipping-taxable","12":"purchasable","13":"product-type-simple"},"yoast_head":"<!-- This site is optimized with the Yoast SEO plugin v27.3 - https:\/\/yoast.com\/product\/yoast-seo-wordpress\/ -->\n<title>Suvemaja \u00d6ISTE 50,7m2 - Suveleht<\/title>\n<meta name=\"robots\" content=\"index, follow, max-snippet:-1, max-image-preview:large, max-video-preview:-1\" \/>\n<link rel=\"canonical\" href=\"https:\/\/suveleht.ee\/toode\/suvemaja-oiste-507m2\/\" \/>\n<meta property=\"og:locale\" content=\"en_US\" \/>\n<meta property=\"og:type\" content=\"article\" \/>\n<meta property=\"og:title\" content=\"Suvemaja \u00d6ISTE 50,7m2 - Suveleht\" \/>\n<meta property=\"og:description\" content=\"* TASUTA TRANSPORT * Garantii 5 aastat \u00d6ISTE on meie k\u00f5ige uuem suvemaja mudel. Suured klaaspinnad teevad ruumi avaraks ja valgusk\u00fcllaseks, terrass on piisavalt suur, et p\u00e4ikesevanne nautida. Stiilne moderne lamekatus ja maja \u00fcldine ilme sobitab \u00d6ISTE igasse keskkonda. Komplekt sisaldab immutatud alusraami, p\u00f5randalaudu, seinu, katuselaudasid, aknaid, uksi, montaa\u017eivahendeid ja erinevaid liiste. Katusekattematerjal ei kuulu komplekti. Tarneaeg ca 10 n\u00e4dalat.  Ehitus: Tuuletapiga nurga\u00fchendus Seina paksus: 70 mm Seinam\u00f5\u00f5dud: 900x600 cm P\u00f5randa pindala: 50.7 m2 Viiluseina k\u00f5rgus: 317.97 cm Seina k\u00f5rgus: 276.08 cm Katuse \u00fcleulatus: 100 cm Katuse pindala: 67.5 m2 Katusekalle: 3.3\u00b0 Uks:  1 x 1600 x 2650 mm  1 x 1600 x 2650 mm  1 x 900 x 2000 mm  3 x 827 x 2000 mm Aken:  2 x 1374 x 916 mm  1 x 1100 x 1729 mm  1 x 1500 x 650 mm  2 x 1000 x 2650 mm  Pakend:  735x114x60 cm 1760 kg 620x114x78 cm 1930 kg 620x114x78 cm 1930 kg 553x114x60 cm 1324 kg\" \/>\n<meta property=\"og:url\" content=\"https:\/\/suveleht.ee\/toode\/suvemaja-oiste-507m2\/\" \/>\n<meta property=\"og:site_name\" content=\"Suveleht\" \/>\n<meta property=\"article:modified_time\" content=\"2026-02-26T10:07:06+00:00\" \/>\n<meta property=\"og:image\" content=\"http:\/\/suveleht.ee\/wp-content\/uploads\/2024\/02\/oistetaust-1024x576.jpg\" \/>\n\t<meta property=\"og:image:width\" content=\"1024\" \/>\n\t<meta property=\"og:image:height\" content=\"576\" \/>\n\t<meta property=\"og:image:type\" content=\"image\/jpeg\" \/>\n<meta name=\"twitter:card\" content=\"summary_large_image\" \/>\n<meta name=\"twitter:label1\" content=\"Est. reading time\" \/>\n\t<meta name=\"twitter:data1\" content=\"1 minute\" \/>\n<script type=\"application\/ld+json\" class=\"yoast-schema-graph\">{\"@context\":\"https:\\\/\\\/schema.org\",\"@graph\":[{\"@type\":\"WebPage\",\"@id\":\"https:\\\/\\\/suveleht.ee\\\/toode\\\/suvemaja-oiste-507m2\\\/\",\"url\":\"https:\\\/\\\/suveleht.ee\\\/toode\\\/suvemaja-oiste-507m2\\\/\",\"name\":\"Suvemaja \u00d6ISTE 50,7m2 - Suveleht\",\"isPartOf\":{\"@id\":\"https:\\\/\\\/suveleht.ee\\\/#website\"},\"primaryImageOfPage\":{\"@id\":\"https:\\\/\\\/suveleht.ee\\\/toode\\\/suvemaja-oiste-507m2\\\/#primaryimage\"},\"image\":{\"@id\":\"https:\\\/\\\/suveleht.ee\\\/toode\\\/suvemaja-oiste-507m2\\\/#primaryimage\"},\"thumbnailUrl\":\"https:\\\/\\\/suveleht.ee\\\/wp-content\\\/uploads\\\/2024\\\/02\\\/oistetaust.jpg\",\"datePublished\":\"2024-02-08T11:33:52+00:00\",\"dateModified\":\"2026-02-26T10:07:06+00:00\",\"breadcrumb\":{\"@id\":\"https:\\\/\\\/suveleht.ee\\\/toode\\\/suvemaja-oiste-507m2\\\/#breadcrumb\"},\"inLanguage\":\"en-US\",\"potentialAction\":[{\"@type\":\"ReadAction\",\"target\":[\"https:\\\/\\\/suveleht.ee\\\/toode\\\/suvemaja-oiste-507m2\\\/\"]}]},{\"@type\":\"ImageObject\",\"inLanguage\":\"en-US\",\"@id\":\"https:\\\/\\\/suveleht.ee\\\/toode\\\/suvemaja-oiste-507m2\\\/#primaryimage\",\"url\":\"https:\\\/\\\/suveleht.ee\\\/wp-content\\\/uploads\\\/2024\\\/02\\\/oistetaust.jpg\",\"contentUrl\":\"https:\\\/\\\/suveleht.ee\\\/wp-content\\\/uploads\\\/2024\\\/02\\\/oistetaust.jpg\",\"width\":1920,\"height\":1080},{\"@type\":\"BreadcrumbList\",\"@id\":\"https:\\\/\\\/suveleht.ee\\\/toode\\\/suvemaja-oiste-507m2\\\/#breadcrumb\",\"itemListElement\":[{\"@type\":\"ListItem\",\"position\":1,\"name\":\"Home\",\"item\":\"https:\\\/\\\/suveleht.ee\\\/\"},{\"@type\":\"ListItem\",\"position\":2,\"name\":\"Tooted\",\"item\":\"https:\\\/\\\/suveleht.ee\\\/tooted\\\/\"},{\"@type\":\"ListItem\",\"position\":3,\"name\":\"Suvemaja \u00d6ISTE 50,7m2\"}]},{\"@type\":\"WebSite\",\"@id\":\"https:\\\/\\\/suveleht.ee\\\/#website\",\"url\":\"https:\\\/\\\/suveleht.ee\\\/\",\"name\":\"Suveleht\",\"description\":\"Eestis toodetud aiamajad, m\u00e4nguv\u00e4ljakud ja k\u00fcmblust\u00fcnnid\",\"potentialAction\":[{\"@type\":\"SearchAction\",\"target\":{\"@type\":\"EntryPoint\",\"urlTemplate\":\"https:\\\/\\\/suveleht.ee\\\/?s={search_term_string}\"},\"query-input\":{\"@type\":\"PropertyValueSpecification\",\"valueRequired\":true,\"valueName\":\"search_term_string\"}}],\"inLanguage\":\"en-US\"}]}<\/script>\n<!-- \/ Yoast SEO plugin. -->","yoast_head_json":{"title":"Suvemaja \u00d6ISTE 50,7m2 - Suveleht","robots":{"index":"index","follow":"follow","max-snippet":"max-snippet:-1","max-image-preview":"max-image-preview:large","max-video-preview":"max-video-preview:-1"},"canonical":"https:\/\/suveleht.ee\/toode\/suvemaja-oiste-507m2\/","og_locale":"en_US","og_type":"article","og_title":"Suvemaja \u00d6ISTE 50,7m2 - Suveleht","og_description":"* TASUTA TRANSPORT * Garantii 5 aastat \u00d6ISTE on meie k\u00f5ige uuem suvemaja mudel. Suured klaaspinnad teevad ruumi avaraks ja valgusk\u00fcllaseks, terrass on piisavalt suur, et p\u00e4ikesevanne nautida. Stiilne moderne lamekatus ja maja \u00fcldine ilme sobitab \u00d6ISTE igasse keskkonda. Komplekt sisaldab immutatud alusraami, p\u00f5randalaudu, seinu, katuselaudasid, aknaid, uksi, montaa\u017eivahendeid ja erinevaid liiste. Katusekattematerjal ei kuulu komplekti. Tarneaeg ca 10 n\u00e4dalat.  Ehitus: Tuuletapiga nurga\u00fchendus Seina paksus: 70 mm Seinam\u00f5\u00f5dud: 900x600 cm P\u00f5randa pindala: 50.7 m2 Viiluseina k\u00f5rgus: 317.97 cm Seina k\u00f5rgus: 276.08 cm Katuse \u00fcleulatus: 100 cm Katuse pindala: 67.5 m2 Katusekalle: 3.3\u00b0 Uks:  1 x 1600 x 2650 mm  1 x 1600 x 2650 mm  1 x 900 x 2000 mm  3 x 827 x 2000 mm Aken:  2 x 1374 x 916 mm  1 x 1100 x 1729 mm  1 x 1500 x 650 mm  2 x 1000 x 2650 mm  Pakend:  735x114x60 cm 1760 kg 620x114x78 cm 1930 kg 620x114x78 cm 1930 kg 553x114x60 cm 1324 kg","og_url":"https:\/\/suveleht.ee\/toode\/suvemaja-oiste-507m2\/","og_site_name":"Suveleht","article_modified_time":"2026-02-26T10:07:06+00:00","og_image":[{"width":1024,"height":576,"url":"http:\/\/suveleht.ee\/wp-content\/uploads\/2024\/02\/oistetaust-1024x576.jpg","type":"image\/jpeg"}],"twitter_card":"summary_large_image","twitter_misc":{"Est. reading time":"1 minute"},"schema":{"@context":"https:\/\/schema.org","@graph":[{"@type":"WebPage","@id":"https:\/\/suveleht.ee\/toode\/suvemaja-oiste-507m2\/","url":"https:\/\/suveleht.ee\/toode\/suvemaja-oiste-507m2\/","name":"Suvemaja \u00d6ISTE 50,7m2 - Suveleht","isPartOf":{"@id":"https:\/\/suveleht.ee\/#website"},"primaryImageOfPage":{"@id":"https:\/\/suveleht.ee\/toode\/suvemaja-oiste-507m2\/#primaryimage"},"image":{"@id":"https:\/\/suveleht.ee\/toode\/suvemaja-oiste-507m2\/#primaryimage"},"thumbnailUrl":"https:\/\/suveleht.ee\/wp-content\/uploads\/2024\/02\/oistetaust.jpg","datePublished":"2024-02-08T11:33:52+00:00","dateModified":"2026-02-26T10:07:06+00:00","breadcrumb":{"@id":"https:\/\/suveleht.ee\/toode\/suvemaja-oiste-507m2\/#breadcrumb"},"inLanguage":"en-US","potentialAction":[{"@type":"ReadAction","target":["https:\/\/suveleht.ee\/toode\/suvemaja-oiste-507m2\/"]}]},{"@type":"ImageObject","inLanguage":"en-US","@id":"https:\/\/suveleht.ee\/toode\/suvemaja-oiste-507m2\/#primaryimage","url":"https:\/\/suveleht.ee\/wp-content\/uploads\/2024\/02\/oistetaust.jpg","contentUrl":"https:\/\/suveleht.ee\/wp-content\/uploads\/2024\/02\/oistetaust.jpg","width":1920,"height":1080},{"@type":"BreadcrumbList","@id":"https:\/\/suveleht.ee\/toode\/suvemaja-oiste-507m2\/#breadcrumb","itemListElement":[{"@type":"ListItem","position":1,"name":"Home","item":"https:\/\/suveleht.ee\/"},{"@type":"ListItem","position":2,"name":"Tooted","item":"https:\/\/suveleht.ee\/tooted\/"},{"@type":"ListItem","position":3,"name":"Suvemaja \u00d6ISTE 50,7m2"}]},{"@type":"WebSite","@id":"https:\/\/suveleht.ee\/#website","url":"https:\/\/suveleht.ee\/","name":"Suveleht","description":"Eestis toodetud aiamajad, m\u00e4nguv\u00e4ljakud ja k\u00fcmblust\u00fcnnid","potentialAction":[{"@type":"SearchAction","target":{"@type":"EntryPoint","urlTemplate":"https:\/\/suveleht.ee\/?s={search_term_string}"},"query-input":{"@type":"PropertyValueSpecification","valueRequired":true,"valueName":"search_term_string"}}],"inLanguage":"en-US"}]}},"_links":{"self":[{"href":"https:\/\/suveleht.ee\/en\/wp-json\/wp\/v2\/product\/5286","targetHints":{"allow":["GET"]}}],"collection":[{"href":"https:\/\/suveleht.ee\/en\/wp-json\/wp\/v2\/product"}],"about":[{"href":"https:\/\/suveleht.ee\/en\/wp-json\/wp\/v2\/types\/product"}],"wp:featuredmedia":[{"embeddable":true,"href":"https:\/\/suveleht.ee\/en\/wp-json\/wp\/v2\/media\/5293"}],"wp:attachment":[{"href":"https:\/\/suveleht.ee\/en\/wp-json\/wp\/v2\/media?parent=5286"}],"wp:term":[{"taxonomy":"product_brand","embeddable":true,"href":"https:\/\/suveleht.ee\/en\/wp-json\/wp\/v2\/product_brand?post=5286"},{"taxonomy":"product_cat","embeddable":true,"href":"https:\/\/suveleht.ee\/en\/wp-json\/wp\/v2\/product_cat?post=5286"},{"taxonomy":"product_tag","embeddable":true,"href":"https:\/\/suveleht.ee\/en\/wp-json\/wp\/v2\/product_tag?post=5286"}],"curies":[{"name":"wp","href":"https:\/\/api.w.org\/{rel}","templated":true}]}}