{"id":5277,"date":"2024-02-08T11:24:09","date_gmt":"2024-02-08T11:24:09","guid":{"rendered":"https:\/\/suveleht.ee\/?post_type=product&#038;p=5277"},"modified":"2026-02-26T10:03:49","modified_gmt":"2026-02-26T10:03:49","slug":"suvemaja-oore-442m2-terrass","status":"publish","type":"product","link":"https:\/\/suveleht.ee\/en\/toode\/suvemaja-oore-442m2-terrass\/","title":{"rendered":"Suvemaja \u00d6\u00d6RE 44,2m2 + terrass"},"content":{"rendered":"","protected":false},"excerpt":{"rendered":"<p>* TASUTA TRANSPORT<br \/>\n* Garantii 5 aastat<br \/>\n2021 aastaks loodud super\u00e4ge mudel. K\u00f5igele on m\u00f5eldud. \u00d6\u00d6RE on ideaalne maja suvilaks, kus on avarust ja valgust siseruumides ja ohtralt ka terrassi pinda, kus grillida ja muid suvenaudinguid nautida. Suured klaaspinnad v\u00f5imaldavad nautida kauneid vaateid ja l\u00fckanduksed suurendavad siseruumide pinda. Komplekt sisaldab immutatud alusraami, p\u00f5randalaudu, seinu, katuselaudasid, laelaudu, aknaid, uksi, montaa\u017eivahendeid ja erinevaid liiste. Katusekattematerjal ei kuulu komplekti.<\/p>\n<p>Ehitus: Tuuletapiga nurga\u00fchendus<br \/>\nSeina paksus: 70 mm<br \/>\nSeinam\u00f5\u00f5dud: 1200&#215;530 cm<br \/>\nP\u00f5randa pindala: 44.2 m2<br \/>\nViiluseina k\u00f5rgus: 272 cm<br \/>\nSeina k\u00f5rgus: 320.96 cm<br \/>\nKatuse \u00fcleulatus: 100 cm<br \/>\nKatuse pindala: 86.8 m2<br \/>\nKatusekalle: 4.4\u00b0<br \/>\nUks:<br \/>\n1 x 900 x 2000 mm<br \/>\n2 x 1600 x 2000 mm<br \/>\n2 x 1600 x 2650 mm<br \/>\n4 x 827 x 2000 mm<br \/>\nAken:<br \/>\n2 x 916 x 916 mm<br \/>\n1 x 650 x 650 mm<br \/>\n2 x 1374 x 1050 mm<br \/>\n1 x 3600 x 2650 mm<br \/>\nPakend:<br \/>\n825x114x60 cm 1975 kg<br \/>\n680x114x70 cm 1899 kg<br \/>\n640x114x78 cm 1992 kg<br \/>\n535x114x78 cm 1665 kg<\/p>\n","protected":false},"featured_media":5284,"template":"","meta":{"inline_featured_image":false},"product_brand":[],"product_cat":[45],"product_tag":[],"class_list":{"0":"post-5277","1":"product","2":"type-product","3":"status-publish","4":"has-post-thumbnail","6":"product_cat-aiamajad","8":"first","9":"instock","10":"taxable","11":"shipping-taxable","12":"purchasable","13":"product-type-simple"},"yoast_head":"<!-- This site is optimized with the Yoast SEO plugin v27.3 - https:\/\/yoast.com\/product\/yoast-seo-wordpress\/ -->\n<title>Suvemaja \u00d6\u00d6RE 44,2m2 + terrass - Suveleht<\/title>\n<meta name=\"robots\" content=\"index, follow, max-snippet:-1, max-image-preview:large, max-video-preview:-1\" \/>\n<link rel=\"canonical\" href=\"https:\/\/suveleht.ee\/toode\/suvemaja-oore-442m2-terrass\/\" \/>\n<meta property=\"og:locale\" content=\"en_US\" \/>\n<meta property=\"og:type\" content=\"article\" \/>\n<meta property=\"og:title\" content=\"Suvemaja \u00d6\u00d6RE 44,2m2 + terrass - Suveleht\" \/>\n<meta property=\"og:description\" content=\"* TASUTA TRANSPORT * Garantii 5 aastat 2021 aastaks loodud super\u00e4ge mudel. K\u00f5igele on m\u00f5eldud. \u00d6\u00d6RE on ideaalne maja suvilaks, kus on avarust ja valgust siseruumides ja ohtralt ka terrassi pinda, kus grillida ja muid suvenaudinguid nautida. Suured klaaspinnad v\u00f5imaldavad nautida kauneid vaateid ja l\u00fckanduksed suurendavad siseruumide pinda. Komplekt sisaldab immutatud alusraami, p\u00f5randalaudu, seinu, katuselaudasid, laelaudu, aknaid, uksi, montaa\u017eivahendeid ja erinevaid liiste. Katusekattematerjal ei kuulu komplekti.  Ehitus: Tuuletapiga nurga\u00fchendus Seina paksus: 70 mm Seinam\u00f5\u00f5dud: 1200x530 cm P\u00f5randa pindala: 44.2 m2 Viiluseina k\u00f5rgus: 272 cm Seina k\u00f5rgus: 320.96 cm Katuse \u00fcleulatus: 100 cm Katuse pindala: 86.8 m2 Katusekalle: 4.4\u00b0 Uks:  1 x 900 x 2000 mm  2 x 1600 x 2000 mm  2 x 1600 x 2650 mm  4 x 827 x 2000 mm Aken:  2 x 916 x 916 mm  1 x 650 x 650 mm  2 x 1374 x 1050 mm  1 x 3600 x 2650 mm  Pakend:  825x114x60 cm 1975 kg 680x114x70 cm 1899 kg 640x114x78 cm 1992 kg 535x114x78 cm 1665 kg\" \/>\n<meta property=\"og:url\" content=\"https:\/\/suveleht.ee\/toode\/suvemaja-oore-442m2-terrass\/\" \/>\n<meta property=\"og:site_name\" content=\"Suveleht\" \/>\n<meta property=\"article:modified_time\" content=\"2026-02-26T10:03:49+00:00\" \/>\n<meta property=\"og:image\" content=\"http:\/\/suveleht.ee\/wp-content\/uploads\/2024\/02\/ooretaust-scaled.jpg\" \/>\n\t<meta property=\"og:image:width\" content=\"2560\" \/>\n\t<meta property=\"og:image:height\" content=\"1716\" \/>\n\t<meta property=\"og:image:type\" content=\"image\/jpeg\" \/>\n<meta name=\"twitter:card\" content=\"summary_large_image\" \/>\n<meta name=\"twitter:label1\" content=\"Est. reading time\" \/>\n\t<meta name=\"twitter:data1\" content=\"1 minute\" \/>\n<script type=\"application\/ld+json\" class=\"yoast-schema-graph\">{\"@context\":\"https:\\\/\\\/schema.org\",\"@graph\":[{\"@type\":\"WebPage\",\"@id\":\"https:\\\/\\\/suveleht.ee\\\/toode\\\/suvemaja-oore-442m2-terrass\\\/\",\"url\":\"https:\\\/\\\/suveleht.ee\\\/toode\\\/suvemaja-oore-442m2-terrass\\\/\",\"name\":\"Suvemaja \u00d6\u00d6RE 44,2m2 + terrass - Suveleht\",\"isPartOf\":{\"@id\":\"https:\\\/\\\/suveleht.ee\\\/#website\"},\"primaryImageOfPage\":{\"@id\":\"https:\\\/\\\/suveleht.ee\\\/toode\\\/suvemaja-oore-442m2-terrass\\\/#primaryimage\"},\"image\":{\"@id\":\"https:\\\/\\\/suveleht.ee\\\/toode\\\/suvemaja-oore-442m2-terrass\\\/#primaryimage\"},\"thumbnailUrl\":\"https:\\\/\\\/suveleht.ee\\\/wp-content\\\/uploads\\\/2024\\\/02\\\/ooretaust-scaled.jpg\",\"datePublished\":\"2024-02-08T11:24:09+00:00\",\"dateModified\":\"2026-02-26T10:03:49+00:00\",\"breadcrumb\":{\"@id\":\"https:\\\/\\\/suveleht.ee\\\/toode\\\/suvemaja-oore-442m2-terrass\\\/#breadcrumb\"},\"inLanguage\":\"en-US\",\"potentialAction\":[{\"@type\":\"ReadAction\",\"target\":[\"https:\\\/\\\/suveleht.ee\\\/toode\\\/suvemaja-oore-442m2-terrass\\\/\"]}]},{\"@type\":\"ImageObject\",\"inLanguage\":\"en-US\",\"@id\":\"https:\\\/\\\/suveleht.ee\\\/toode\\\/suvemaja-oore-442m2-terrass\\\/#primaryimage\",\"url\":\"https:\\\/\\\/suveleht.ee\\\/wp-content\\\/uploads\\\/2024\\\/02\\\/ooretaust-scaled.jpg\",\"contentUrl\":\"https:\\\/\\\/suveleht.ee\\\/wp-content\\\/uploads\\\/2024\\\/02\\\/ooretaust-scaled.jpg\",\"width\":2560,\"height\":1716},{\"@type\":\"BreadcrumbList\",\"@id\":\"https:\\\/\\\/suveleht.ee\\\/toode\\\/suvemaja-oore-442m2-terrass\\\/#breadcrumb\",\"itemListElement\":[{\"@type\":\"ListItem\",\"position\":1,\"name\":\"Home\",\"item\":\"https:\\\/\\\/suveleht.ee\\\/\"},{\"@type\":\"ListItem\",\"position\":2,\"name\":\"Tooted\",\"item\":\"https:\\\/\\\/suveleht.ee\\\/tooted\\\/\"},{\"@type\":\"ListItem\",\"position\":3,\"name\":\"Suvemaja \u00d6\u00d6RE 44,2m2 + terrass\"}]},{\"@type\":\"WebSite\",\"@id\":\"https:\\\/\\\/suveleht.ee\\\/#website\",\"url\":\"https:\\\/\\\/suveleht.ee\\\/\",\"name\":\"Suveleht\",\"description\":\"Eestis toodetud aiamajad, m\u00e4nguv\u00e4ljakud ja k\u00fcmblust\u00fcnnid\",\"potentialAction\":[{\"@type\":\"SearchAction\",\"target\":{\"@type\":\"EntryPoint\",\"urlTemplate\":\"https:\\\/\\\/suveleht.ee\\\/?s={search_term_string}\"},\"query-input\":{\"@type\":\"PropertyValueSpecification\",\"valueRequired\":true,\"valueName\":\"search_term_string\"}}],\"inLanguage\":\"en-US\"}]}<\/script>\n<!-- \/ Yoast SEO plugin. -->","yoast_head_json":{"title":"Suvemaja \u00d6\u00d6RE 44,2m2 + terrass - Suveleht","robots":{"index":"index","follow":"follow","max-snippet":"max-snippet:-1","max-image-preview":"max-image-preview:large","max-video-preview":"max-video-preview:-1"},"canonical":"https:\/\/suveleht.ee\/toode\/suvemaja-oore-442m2-terrass\/","og_locale":"en_US","og_type":"article","og_title":"Suvemaja \u00d6\u00d6RE 44,2m2 + terrass - Suveleht","og_description":"* TASUTA TRANSPORT * Garantii 5 aastat 2021 aastaks loodud super\u00e4ge mudel. K\u00f5igele on m\u00f5eldud. \u00d6\u00d6RE on ideaalne maja suvilaks, kus on avarust ja valgust siseruumides ja ohtralt ka terrassi pinda, kus grillida ja muid suvenaudinguid nautida. Suured klaaspinnad v\u00f5imaldavad nautida kauneid vaateid ja l\u00fckanduksed suurendavad siseruumide pinda. Komplekt sisaldab immutatud alusraami, p\u00f5randalaudu, seinu, katuselaudasid, laelaudu, aknaid, uksi, montaa\u017eivahendeid ja erinevaid liiste. Katusekattematerjal ei kuulu komplekti.  Ehitus: Tuuletapiga nurga\u00fchendus Seina paksus: 70 mm Seinam\u00f5\u00f5dud: 1200x530 cm P\u00f5randa pindala: 44.2 m2 Viiluseina k\u00f5rgus: 272 cm Seina k\u00f5rgus: 320.96 cm Katuse \u00fcleulatus: 100 cm Katuse pindala: 86.8 m2 Katusekalle: 4.4\u00b0 Uks:  1 x 900 x 2000 mm  2 x 1600 x 2000 mm  2 x 1600 x 2650 mm  4 x 827 x 2000 mm Aken:  2 x 916 x 916 mm  1 x 650 x 650 mm  2 x 1374 x 1050 mm  1 x 3600 x 2650 mm  Pakend:  825x114x60 cm 1975 kg 680x114x70 cm 1899 kg 640x114x78 cm 1992 kg 535x114x78 cm 1665 kg","og_url":"https:\/\/suveleht.ee\/toode\/suvemaja-oore-442m2-terrass\/","og_site_name":"Suveleht","article_modified_time":"2026-02-26T10:03:49+00:00","og_image":[{"width":2560,"height":1716,"url":"http:\/\/suveleht.ee\/wp-content\/uploads\/2024\/02\/ooretaust-scaled.jpg","type":"image\/jpeg"}],"twitter_card":"summary_large_image","twitter_misc":{"Est. reading time":"1 minute"},"schema":{"@context":"https:\/\/schema.org","@graph":[{"@type":"WebPage","@id":"https:\/\/suveleht.ee\/toode\/suvemaja-oore-442m2-terrass\/","url":"https:\/\/suveleht.ee\/toode\/suvemaja-oore-442m2-terrass\/","name":"Suvemaja \u00d6\u00d6RE 44,2m2 + terrass - Suveleht","isPartOf":{"@id":"https:\/\/suveleht.ee\/#website"},"primaryImageOfPage":{"@id":"https:\/\/suveleht.ee\/toode\/suvemaja-oore-442m2-terrass\/#primaryimage"},"image":{"@id":"https:\/\/suveleht.ee\/toode\/suvemaja-oore-442m2-terrass\/#primaryimage"},"thumbnailUrl":"https:\/\/suveleht.ee\/wp-content\/uploads\/2024\/02\/ooretaust-scaled.jpg","datePublished":"2024-02-08T11:24:09+00:00","dateModified":"2026-02-26T10:03:49+00:00","breadcrumb":{"@id":"https:\/\/suveleht.ee\/toode\/suvemaja-oore-442m2-terrass\/#breadcrumb"},"inLanguage":"en-US","potentialAction":[{"@type":"ReadAction","target":["https:\/\/suveleht.ee\/toode\/suvemaja-oore-442m2-terrass\/"]}]},{"@type":"ImageObject","inLanguage":"en-US","@id":"https:\/\/suveleht.ee\/toode\/suvemaja-oore-442m2-terrass\/#primaryimage","url":"https:\/\/suveleht.ee\/wp-content\/uploads\/2024\/02\/ooretaust-scaled.jpg","contentUrl":"https:\/\/suveleht.ee\/wp-content\/uploads\/2024\/02\/ooretaust-scaled.jpg","width":2560,"height":1716},{"@type":"BreadcrumbList","@id":"https:\/\/suveleht.ee\/toode\/suvemaja-oore-442m2-terrass\/#breadcrumb","itemListElement":[{"@type":"ListItem","position":1,"name":"Home","item":"https:\/\/suveleht.ee\/"},{"@type":"ListItem","position":2,"name":"Tooted","item":"https:\/\/suveleht.ee\/tooted\/"},{"@type":"ListItem","position":3,"name":"Suvemaja \u00d6\u00d6RE 44,2m2 + terrass"}]},{"@type":"WebSite","@id":"https:\/\/suveleht.ee\/#website","url":"https:\/\/suveleht.ee\/","name":"Suveleht","description":"Eestis toodetud aiamajad, m\u00e4nguv\u00e4ljakud ja k\u00fcmblust\u00fcnnid","potentialAction":[{"@type":"SearchAction","target":{"@type":"EntryPoint","urlTemplate":"https:\/\/suveleht.ee\/?s={search_term_string}"},"query-input":{"@type":"PropertyValueSpecification","valueRequired":true,"valueName":"search_term_string"}}],"inLanguage":"en-US"}]}},"_links":{"self":[{"href":"https:\/\/suveleht.ee\/en\/wp-json\/wp\/v2\/product\/5277","targetHints":{"allow":["GET"]}}],"collection":[{"href":"https:\/\/suveleht.ee\/en\/wp-json\/wp\/v2\/product"}],"about":[{"href":"https:\/\/suveleht.ee\/en\/wp-json\/wp\/v2\/types\/product"}],"wp:featuredmedia":[{"embeddable":true,"href":"https:\/\/suveleht.ee\/en\/wp-json\/wp\/v2\/media\/5284"}],"wp:attachment":[{"href":"https:\/\/suveleht.ee\/en\/wp-json\/wp\/v2\/media?parent=5277"}],"wp:term":[{"taxonomy":"product_brand","embeddable":true,"href":"https:\/\/suveleht.ee\/en\/wp-json\/wp\/v2\/product_brand?post=5277"},{"taxonomy":"product_cat","embeddable":true,"href":"https:\/\/suveleht.ee\/en\/wp-json\/wp\/v2\/product_cat?post=5277"},{"taxonomy":"product_tag","embeddable":true,"href":"https:\/\/suveleht.ee\/en\/wp-json\/wp\/v2\/product_tag?post=5277"}],"curies":[{"name":"wp","href":"https:\/\/api.w.org\/{rel}","templated":true}]}}