{"id":5264,"date":"2024-02-08T11:08:45","date_gmt":"2024-02-08T11:08:45","guid":{"rendered":"https:\/\/suveleht.ee\/?post_type=product&#038;p=5264"},"modified":"2026-02-26T10:12:27","modified_gmt":"2026-02-26T10:12:27","slug":"suvemaja-orro-398m2","status":"publish","type":"product","link":"https:\/\/suveleht.ee\/en\/toode\/suvemaja-orro-398m2\/","title":{"rendered":"Suvemaja \u00d6RRO 39,8m2"},"content":{"rendered":"","protected":false},"excerpt":{"rendered":"<p>* TASUTA TRANSPORT<br \/>\n* Garantii 5 aastat<br \/>\nKlassikalise v\u00e4limusega \u00d6RRO on avar ja valgusk\u00fcllane suvemaja. Esimesel korrusel on 3 tuba ning 2. korrusel ca 12m2 magamisala. Suur ruum on avatud, valgust lisavad teise korruse suured kolmnurksed aknad. Komplekt sisaldab immutatud alusraami, p\u00f5randalaudu, seinu, katuselaudasid, aknaid, uksi, montaa\u017eivahendeid ja erinevaid liiste. Katusekate ei kuulu komplekti.<\/p>\n<p>Ehitus: Tuuletapiga nurga\u00fchendus<br \/>\nSeina paksus: 70 mm<br \/>\nSeinam\u00f5\u00f5dud: 520&#215;620 cm<br \/>\nP\u00f5randa pindala: 39.8 m2<br \/>\nViiluseina k\u00f5rgus: 466.34 cm<br \/>\nSeina k\u00f5rgus: 258.4 cm<br \/>\nKatuse \u00fcleulatus: 60 cm<br \/>\nKatuse pindala: 51.3 m2<br \/>\nKatusekalle: 37\u00b0<br \/>\nUks :1 x 1580 x 1933 mm<br \/>\n2 x 827 x 1933 mm<br \/>\nAken :1 x 1595 x 1729 mm<br \/>\n2 x 1595 x 1448 mm<br \/>\n3 x 916 x 916 mm<br \/>\nPakend: 680x74x114 cm 2130 kg<br \/>\n520x114x70 cm 1440 kg<br \/>\n485x114x68 cm 1380 kg<br \/>\n200x114x64 cm 300 kg<\/p>\n","protected":false},"featured_media":5275,"template":"","meta":{"inline_featured_image":false},"product_brand":[],"product_cat":[45],"product_tag":[],"class_list":{"0":"post-5264","1":"product","2":"type-product","3":"status-publish","4":"has-post-thumbnail","6":"product_cat-aiamajad","8":"first","9":"instock","10":"taxable","11":"shipping-taxable","12":"purchasable","13":"product-type-simple"},"yoast_head":"<!-- This site is optimized with the Yoast SEO plugin v27.3 - https:\/\/yoast.com\/product\/yoast-seo-wordpress\/ -->\n<title>Suvemaja \u00d6RRO 39,8m2 - Suveleht<\/title>\n<meta name=\"robots\" content=\"index, follow, max-snippet:-1, max-image-preview:large, max-video-preview:-1\" \/>\n<link rel=\"canonical\" href=\"https:\/\/suveleht.ee\/toode\/suvemaja-orro-398m2\/\" \/>\n<meta property=\"og:locale\" content=\"en_US\" \/>\n<meta property=\"og:type\" content=\"article\" \/>\n<meta property=\"og:title\" content=\"Suvemaja \u00d6RRO 39,8m2 - Suveleht\" \/>\n<meta property=\"og:description\" content=\"* TASUTA TRANSPORT * Garantii 5 aastat Klassikalise v\u00e4limusega \u00d6RRO on avar ja valgusk\u00fcllane suvemaja. Esimesel korrusel on 3 tuba ning 2. korrusel ca 12m2 magamisala. Suur ruum on avatud, valgust lisavad teise korruse suured kolmnurksed aknad. Komplekt sisaldab immutatud alusraami, p\u00f5randalaudu, seinu, katuselaudasid, aknaid, uksi, montaa\u017eivahendeid ja erinevaid liiste. Katusekate ei kuulu komplekti.  Ehitus: Tuuletapiga nurga\u00fchendus Seina paksus: 70 mm Seinam\u00f5\u00f5dud: 520x620 cm P\u00f5randa pindala: 39.8 m2 Viiluseina k\u00f5rgus: 466.34 cm Seina k\u00f5rgus: 258.4 cm Katuse \u00fcleulatus: 60 cm Katuse pindala: 51.3 m2 Katusekalle: 37\u00b0 Uks :1 x 1580 x 1933 mm  2 x 827 x 1933 mm  Aken :1 x 1595 x 1729 mm  2 x 1595 x 1448 mm  3 x 916 x 916 mm Pakend: 680x74x114 cm 2130 kg 520x114x70 cm 1440 kg 485x114x68 cm 1380 kg 200x114x64 cm 300 kg\" \/>\n<meta property=\"og:url\" content=\"https:\/\/suveleht.ee\/toode\/suvemaja-orro-398m2\/\" \/>\n<meta property=\"og:site_name\" content=\"Suveleht\" \/>\n<meta property=\"article:modified_time\" content=\"2026-02-26T10:12:27+00:00\" \/>\n<meta property=\"og:image\" content=\"http:\/\/suveleht.ee\/wp-content\/uploads\/2024\/02\/orrotaust-scaled.jpg\" \/>\n\t<meta property=\"og:image:width\" content=\"2560\" \/>\n\t<meta property=\"og:image:height\" content=\"1440\" \/>\n\t<meta property=\"og:image:type\" content=\"image\/jpeg\" \/>\n<meta name=\"twitter:card\" content=\"summary_large_image\" \/>\n<meta name=\"twitter:label1\" content=\"Est. reading time\" \/>\n\t<meta name=\"twitter:data1\" content=\"1 minute\" \/>\n<script type=\"application\/ld+json\" class=\"yoast-schema-graph\">{\"@context\":\"https:\\\/\\\/schema.org\",\"@graph\":[{\"@type\":\"WebPage\",\"@id\":\"https:\\\/\\\/suveleht.ee\\\/toode\\\/suvemaja-orro-398m2\\\/\",\"url\":\"https:\\\/\\\/suveleht.ee\\\/toode\\\/suvemaja-orro-398m2\\\/\",\"name\":\"Suvemaja \u00d6RRO 39,8m2 - Suveleht\",\"isPartOf\":{\"@id\":\"https:\\\/\\\/suveleht.ee\\\/#website\"},\"primaryImageOfPage\":{\"@id\":\"https:\\\/\\\/suveleht.ee\\\/toode\\\/suvemaja-orro-398m2\\\/#primaryimage\"},\"image\":{\"@id\":\"https:\\\/\\\/suveleht.ee\\\/toode\\\/suvemaja-orro-398m2\\\/#primaryimage\"},\"thumbnailUrl\":\"https:\\\/\\\/suveleht.ee\\\/wp-content\\\/uploads\\\/2024\\\/02\\\/orrotaust-scaled.jpg\",\"datePublished\":\"2024-02-08T11:08:45+00:00\",\"dateModified\":\"2026-02-26T10:12:27+00:00\",\"breadcrumb\":{\"@id\":\"https:\\\/\\\/suveleht.ee\\\/toode\\\/suvemaja-orro-398m2\\\/#breadcrumb\"},\"inLanguage\":\"en-US\",\"potentialAction\":[{\"@type\":\"ReadAction\",\"target\":[\"https:\\\/\\\/suveleht.ee\\\/toode\\\/suvemaja-orro-398m2\\\/\"]}]},{\"@type\":\"ImageObject\",\"inLanguage\":\"en-US\",\"@id\":\"https:\\\/\\\/suveleht.ee\\\/toode\\\/suvemaja-orro-398m2\\\/#primaryimage\",\"url\":\"https:\\\/\\\/suveleht.ee\\\/wp-content\\\/uploads\\\/2024\\\/02\\\/orrotaust-scaled.jpg\",\"contentUrl\":\"https:\\\/\\\/suveleht.ee\\\/wp-content\\\/uploads\\\/2024\\\/02\\\/orrotaust-scaled.jpg\",\"width\":2560,\"height\":1440},{\"@type\":\"BreadcrumbList\",\"@id\":\"https:\\\/\\\/suveleht.ee\\\/toode\\\/suvemaja-orro-398m2\\\/#breadcrumb\",\"itemListElement\":[{\"@type\":\"ListItem\",\"position\":1,\"name\":\"Home\",\"item\":\"https:\\\/\\\/suveleht.ee\\\/\"},{\"@type\":\"ListItem\",\"position\":2,\"name\":\"Tooted\",\"item\":\"https:\\\/\\\/suveleht.ee\\\/tooted\\\/\"},{\"@type\":\"ListItem\",\"position\":3,\"name\":\"Suvemaja \u00d6RRO 39,8m2\"}]},{\"@type\":\"WebSite\",\"@id\":\"https:\\\/\\\/suveleht.ee\\\/#website\",\"url\":\"https:\\\/\\\/suveleht.ee\\\/\",\"name\":\"Suveleht\",\"description\":\"Eestis toodetud aiamajad, m\u00e4nguv\u00e4ljakud ja k\u00fcmblust\u00fcnnid\",\"potentialAction\":[{\"@type\":\"SearchAction\",\"target\":{\"@type\":\"EntryPoint\",\"urlTemplate\":\"https:\\\/\\\/suveleht.ee\\\/?s={search_term_string}\"},\"query-input\":{\"@type\":\"PropertyValueSpecification\",\"valueRequired\":true,\"valueName\":\"search_term_string\"}}],\"inLanguage\":\"en-US\"}]}<\/script>\n<!-- \/ Yoast SEO plugin. -->","yoast_head_json":{"title":"Suvemaja \u00d6RRO 39,8m2 - Suveleht","robots":{"index":"index","follow":"follow","max-snippet":"max-snippet:-1","max-image-preview":"max-image-preview:large","max-video-preview":"max-video-preview:-1"},"canonical":"https:\/\/suveleht.ee\/toode\/suvemaja-orro-398m2\/","og_locale":"en_US","og_type":"article","og_title":"Suvemaja \u00d6RRO 39,8m2 - Suveleht","og_description":"* TASUTA TRANSPORT * Garantii 5 aastat Klassikalise v\u00e4limusega \u00d6RRO on avar ja valgusk\u00fcllane suvemaja. Esimesel korrusel on 3 tuba ning 2. korrusel ca 12m2 magamisala. Suur ruum on avatud, valgust lisavad teise korruse suured kolmnurksed aknad. Komplekt sisaldab immutatud alusraami, p\u00f5randalaudu, seinu, katuselaudasid, aknaid, uksi, montaa\u017eivahendeid ja erinevaid liiste. Katusekate ei kuulu komplekti.  Ehitus: Tuuletapiga nurga\u00fchendus Seina paksus: 70 mm Seinam\u00f5\u00f5dud: 520x620 cm P\u00f5randa pindala: 39.8 m2 Viiluseina k\u00f5rgus: 466.34 cm Seina k\u00f5rgus: 258.4 cm Katuse \u00fcleulatus: 60 cm Katuse pindala: 51.3 m2 Katusekalle: 37\u00b0 Uks :1 x 1580 x 1933 mm  2 x 827 x 1933 mm  Aken :1 x 1595 x 1729 mm  2 x 1595 x 1448 mm  3 x 916 x 916 mm Pakend: 680x74x114 cm 2130 kg 520x114x70 cm 1440 kg 485x114x68 cm 1380 kg 200x114x64 cm 300 kg","og_url":"https:\/\/suveleht.ee\/toode\/suvemaja-orro-398m2\/","og_site_name":"Suveleht","article_modified_time":"2026-02-26T10:12:27+00:00","og_image":[{"width":2560,"height":1440,"url":"http:\/\/suveleht.ee\/wp-content\/uploads\/2024\/02\/orrotaust-scaled.jpg","type":"image\/jpeg"}],"twitter_card":"summary_large_image","twitter_misc":{"Est. reading time":"1 minute"},"schema":{"@context":"https:\/\/schema.org","@graph":[{"@type":"WebPage","@id":"https:\/\/suveleht.ee\/toode\/suvemaja-orro-398m2\/","url":"https:\/\/suveleht.ee\/toode\/suvemaja-orro-398m2\/","name":"Suvemaja \u00d6RRO 39,8m2 - Suveleht","isPartOf":{"@id":"https:\/\/suveleht.ee\/#website"},"primaryImageOfPage":{"@id":"https:\/\/suveleht.ee\/toode\/suvemaja-orro-398m2\/#primaryimage"},"image":{"@id":"https:\/\/suveleht.ee\/toode\/suvemaja-orro-398m2\/#primaryimage"},"thumbnailUrl":"https:\/\/suveleht.ee\/wp-content\/uploads\/2024\/02\/orrotaust-scaled.jpg","datePublished":"2024-02-08T11:08:45+00:00","dateModified":"2026-02-26T10:12:27+00:00","breadcrumb":{"@id":"https:\/\/suveleht.ee\/toode\/suvemaja-orro-398m2\/#breadcrumb"},"inLanguage":"en-US","potentialAction":[{"@type":"ReadAction","target":["https:\/\/suveleht.ee\/toode\/suvemaja-orro-398m2\/"]}]},{"@type":"ImageObject","inLanguage":"en-US","@id":"https:\/\/suveleht.ee\/toode\/suvemaja-orro-398m2\/#primaryimage","url":"https:\/\/suveleht.ee\/wp-content\/uploads\/2024\/02\/orrotaust-scaled.jpg","contentUrl":"https:\/\/suveleht.ee\/wp-content\/uploads\/2024\/02\/orrotaust-scaled.jpg","width":2560,"height":1440},{"@type":"BreadcrumbList","@id":"https:\/\/suveleht.ee\/toode\/suvemaja-orro-398m2\/#breadcrumb","itemListElement":[{"@type":"ListItem","position":1,"name":"Home","item":"https:\/\/suveleht.ee\/"},{"@type":"ListItem","position":2,"name":"Tooted","item":"https:\/\/suveleht.ee\/tooted\/"},{"@type":"ListItem","position":3,"name":"Suvemaja \u00d6RRO 39,8m2"}]},{"@type":"WebSite","@id":"https:\/\/suveleht.ee\/#website","url":"https:\/\/suveleht.ee\/","name":"Suveleht","description":"Eestis toodetud aiamajad, m\u00e4nguv\u00e4ljakud ja k\u00fcmblust\u00fcnnid","potentialAction":[{"@type":"SearchAction","target":{"@type":"EntryPoint","urlTemplate":"https:\/\/suveleht.ee\/?s={search_term_string}"},"query-input":{"@type":"PropertyValueSpecification","valueRequired":true,"valueName":"search_term_string"}}],"inLanguage":"en-US"}]}},"_links":{"self":[{"href":"https:\/\/suveleht.ee\/en\/wp-json\/wp\/v2\/product\/5264","targetHints":{"allow":["GET"]}}],"collection":[{"href":"https:\/\/suveleht.ee\/en\/wp-json\/wp\/v2\/product"}],"about":[{"href":"https:\/\/suveleht.ee\/en\/wp-json\/wp\/v2\/types\/product"}],"wp:featuredmedia":[{"embeddable":true,"href":"https:\/\/suveleht.ee\/en\/wp-json\/wp\/v2\/media\/5275"}],"wp:attachment":[{"href":"https:\/\/suveleht.ee\/en\/wp-json\/wp\/v2\/media?parent=5264"}],"wp:term":[{"taxonomy":"product_brand","embeddable":true,"href":"https:\/\/suveleht.ee\/en\/wp-json\/wp\/v2\/product_brand?post=5264"},{"taxonomy":"product_cat","embeddable":true,"href":"https:\/\/suveleht.ee\/en\/wp-json\/wp\/v2\/product_cat?post=5264"},{"taxonomy":"product_tag","embeddable":true,"href":"https:\/\/suveleht.ee\/en\/wp-json\/wp\/v2\/product_tag?post=5264"}],"curies":[{"name":"wp","href":"https:\/\/api.w.org\/{rel}","templated":true}]}}