{"id":5255,"date":"2024-02-08T10:32:01","date_gmt":"2024-02-08T10:32:01","guid":{"rendered":"https:\/\/suveleht.ee\/?post_type=product&#038;p=5255"},"modified":"2026-02-26T10:15:11","modified_gmt":"2026-02-26T10:15:11","slug":"aimaja-blues1-96m2-13m2-terrass","status":"publish","type":"product","link":"https:\/\/suveleht.ee\/en\/toode\/aimaja-blues1-96m2-13m2-terrass\/","title":{"rendered":"Suvemaja Blues1 9,6m2 + 13m2 terrass"},"content":{"rendered":"","protected":false},"excerpt":{"rendered":"<p>* TASUTA TRANSPORT<br \/>\n* Garantii 5 aastat<br \/>\nBLUES 1 on ideaalne majake suve nautimiseks. Kolmest k\u00fcljest terrassi alaga ja maja eest pika \u00fcleulatuvusega BLUES 1 v\u00f5imaldab korraldada suviseid \u00fcritusi maja terrassil, kaitseb ootamatu vihmasabina eest ja pakub ka p\u00e4ikesevarju. Pikad aknad ja pikkade klaasidega uksed muudavad maja siseosa m\u00f5nusalt valgusk\u00fcllaseks.Komplekt sisaldab immutatud raami ja p\u00f5randat, seinu, aknaid ja uksi, katusetalasid ja -laudu ning montaa\u017eikotti. Katusematerjal ei kuulu komplekti. Tarneaeg ca 10 n\u00e4dalat.<\/p>\n<p>Ehitus: Tuuletapiga nurga\u00fchendus<br \/>\nSeina paksus: 70 mm<br \/>\nSeinam\u00f5\u00f5dud: 300&#215;350 cm<br \/>\nP\u00f5randa pindala: 9.61 m2<br \/>\nViiluseina k\u00f5rgus: 299.2 cm<br \/>\nSeina k\u00f5rgus: 224.4 cm<br \/>\nKatuse \u00fcleulatus: 320 cm<br \/>\nKatuse pindala: 39.5 m2<br \/>\nKatusekalle: 20.8\u00b0<br \/>\nUks: 1 x 1540 x 1913 mm<br \/>\nAken: 1 x 916 x 916 mm<br \/>\n2 x 552 x 1729 mm<br \/>\n1 x 552 x 1729 mm<br \/>\nPakend:<br \/>\n790x114x50 cm 1500 kg<br \/>\n510x114x60 cm 1100 kg<br \/>\n200x114x40 cm 200 kg<\/p>\n","protected":false},"featured_media":5260,"template":"","meta":{"inline_featured_image":false},"product_brand":[],"product_cat":[45],"product_tag":[],"class_list":{"0":"post-5255","1":"product","2":"type-product","3":"status-publish","4":"has-post-thumbnail","6":"product_cat-aiamajad","8":"first","9":"instock","10":"sale","11":"taxable","12":"shipping-taxable","13":"purchasable","14":"product-type-simple"},"yoast_head":"<!-- This site is optimized with the Yoast SEO plugin v27.3 - https:\/\/yoast.com\/product\/yoast-seo-wordpress\/ -->\n<title>Suvemaja Blues1 9,6m2 + 13m2 terrass - Suveleht<\/title>\n<meta name=\"robots\" content=\"index, follow, max-snippet:-1, max-image-preview:large, max-video-preview:-1\" \/>\n<link rel=\"canonical\" href=\"https:\/\/suveleht.ee\/toode\/aimaja-blues1-96m2-13m2-terrass\/\" \/>\n<meta property=\"og:locale\" content=\"en_US\" \/>\n<meta property=\"og:type\" content=\"article\" \/>\n<meta property=\"og:title\" content=\"Suvemaja Blues1 9,6m2 + 13m2 terrass - Suveleht\" \/>\n<meta property=\"og:description\" content=\"* TASUTA TRANSPORT * Garantii 5 aastat BLUES 1 on ideaalne majake suve nautimiseks. Kolmest k\u00fcljest terrassi alaga ja maja eest pika \u00fcleulatuvusega BLUES 1 v\u00f5imaldab korraldada suviseid \u00fcritusi maja terrassil, kaitseb ootamatu vihmasabina eest ja pakub ka p\u00e4ikesevarju. Pikad aknad ja pikkade klaasidega uksed muudavad maja siseosa m\u00f5nusalt valgusk\u00fcllaseks.Komplekt sisaldab immutatud raami ja p\u00f5randat, seinu, aknaid ja uksi, katusetalasid ja -laudu ning montaa\u017eikotti. Katusematerjal ei kuulu komplekti. Tarneaeg ca 10 n\u00e4dalat.  Ehitus: Tuuletapiga nurga\u00fchendus Seina paksus: 70 mm Seinam\u00f5\u00f5dud: 300x350 cm P\u00f5randa pindala: 9.61 m2 Viiluseina k\u00f5rgus: 299.2 cm Seina k\u00f5rgus: 224.4 cm Katuse \u00fcleulatus: 320 cm Katuse pindala: 39.5 m2 Katusekalle: 20.8\u00b0 Uks: 1 x 1540 x 1913 mm  Aken: 1 x 916 x 916 mm  2 x 552 x 1729 mm  1 x 552 x 1729 mm  Pakend:  790x114x50 cm 1500 kg 510x114x60 cm 1100 kg 200x114x40 cm 200 kg\" \/>\n<meta property=\"og:url\" content=\"https:\/\/suveleht.ee\/toode\/aimaja-blues1-96m2-13m2-terrass\/\" \/>\n<meta property=\"og:site_name\" content=\"Suveleht\" \/>\n<meta property=\"article:modified_time\" content=\"2026-02-26T10:15:11+00:00\" \/>\n<meta property=\"og:image\" content=\"http:\/\/suveleht.ee\/wp-content\/uploads\/2024\/02\/Blues-1-taust-scaled.jpg\" \/>\n\t<meta property=\"og:image:width\" content=\"2560\" \/>\n\t<meta property=\"og:image:height\" content=\"1707\" \/>\n\t<meta property=\"og:image:type\" content=\"image\/jpeg\" \/>\n<meta name=\"twitter:card\" content=\"summary_large_image\" \/>\n<meta name=\"twitter:label1\" content=\"Est. reading time\" \/>\n\t<meta name=\"twitter:data1\" content=\"1 minute\" \/>\n<script type=\"application\/ld+json\" class=\"yoast-schema-graph\">{\"@context\":\"https:\\\/\\\/schema.org\",\"@graph\":[{\"@type\":\"WebPage\",\"@id\":\"https:\\\/\\\/suveleht.ee\\\/toode\\\/aimaja-blues1-96m2-13m2-terrass\\\/\",\"url\":\"https:\\\/\\\/suveleht.ee\\\/toode\\\/aimaja-blues1-96m2-13m2-terrass\\\/\",\"name\":\"Suvemaja Blues1 9,6m2 + 13m2 terrass - Suveleht\",\"isPartOf\":{\"@id\":\"https:\\\/\\\/suveleht.ee\\\/#website\"},\"primaryImageOfPage\":{\"@id\":\"https:\\\/\\\/suveleht.ee\\\/toode\\\/aimaja-blues1-96m2-13m2-terrass\\\/#primaryimage\"},\"image\":{\"@id\":\"https:\\\/\\\/suveleht.ee\\\/toode\\\/aimaja-blues1-96m2-13m2-terrass\\\/#primaryimage\"},\"thumbnailUrl\":\"https:\\\/\\\/suveleht.ee\\\/wp-content\\\/uploads\\\/2024\\\/02\\\/Blues-1-taust-scaled.jpg\",\"datePublished\":\"2024-02-08T10:32:01+00:00\",\"dateModified\":\"2026-02-26T10:15:11+00:00\",\"breadcrumb\":{\"@id\":\"https:\\\/\\\/suveleht.ee\\\/toode\\\/aimaja-blues1-96m2-13m2-terrass\\\/#breadcrumb\"},\"inLanguage\":\"en-US\",\"potentialAction\":[{\"@type\":\"ReadAction\",\"target\":[\"https:\\\/\\\/suveleht.ee\\\/toode\\\/aimaja-blues1-96m2-13m2-terrass\\\/\"]}]},{\"@type\":\"ImageObject\",\"inLanguage\":\"en-US\",\"@id\":\"https:\\\/\\\/suveleht.ee\\\/toode\\\/aimaja-blues1-96m2-13m2-terrass\\\/#primaryimage\",\"url\":\"https:\\\/\\\/suveleht.ee\\\/wp-content\\\/uploads\\\/2024\\\/02\\\/Blues-1-taust-scaled.jpg\",\"contentUrl\":\"https:\\\/\\\/suveleht.ee\\\/wp-content\\\/uploads\\\/2024\\\/02\\\/Blues-1-taust-scaled.jpg\",\"width\":2560,\"height\":1707},{\"@type\":\"BreadcrumbList\",\"@id\":\"https:\\\/\\\/suveleht.ee\\\/toode\\\/aimaja-blues1-96m2-13m2-terrass\\\/#breadcrumb\",\"itemListElement\":[{\"@type\":\"ListItem\",\"position\":1,\"name\":\"Home\",\"item\":\"https:\\\/\\\/suveleht.ee\\\/\"},{\"@type\":\"ListItem\",\"position\":2,\"name\":\"Tooted\",\"item\":\"https:\\\/\\\/suveleht.ee\\\/tooted\\\/\"},{\"@type\":\"ListItem\",\"position\":3,\"name\":\"Suvemaja Blues1 9,6m2 + 13m2 terrass\"}]},{\"@type\":\"WebSite\",\"@id\":\"https:\\\/\\\/suveleht.ee\\\/#website\",\"url\":\"https:\\\/\\\/suveleht.ee\\\/\",\"name\":\"Suveleht\",\"description\":\"Eestis toodetud aiamajad, m\u00e4nguv\u00e4ljakud ja k\u00fcmblust\u00fcnnid\",\"potentialAction\":[{\"@type\":\"SearchAction\",\"target\":{\"@type\":\"EntryPoint\",\"urlTemplate\":\"https:\\\/\\\/suveleht.ee\\\/?s={search_term_string}\"},\"query-input\":{\"@type\":\"PropertyValueSpecification\",\"valueRequired\":true,\"valueName\":\"search_term_string\"}}],\"inLanguage\":\"en-US\"}]}<\/script>\n<!-- \/ Yoast SEO plugin. -->","yoast_head_json":{"title":"Suvemaja Blues1 9,6m2 + 13m2 terrass - Suveleht","robots":{"index":"index","follow":"follow","max-snippet":"max-snippet:-1","max-image-preview":"max-image-preview:large","max-video-preview":"max-video-preview:-1"},"canonical":"https:\/\/suveleht.ee\/toode\/aimaja-blues1-96m2-13m2-terrass\/","og_locale":"en_US","og_type":"article","og_title":"Suvemaja Blues1 9,6m2 + 13m2 terrass - Suveleht","og_description":"* TASUTA TRANSPORT * Garantii 5 aastat BLUES 1 on ideaalne majake suve nautimiseks. Kolmest k\u00fcljest terrassi alaga ja maja eest pika \u00fcleulatuvusega BLUES 1 v\u00f5imaldab korraldada suviseid \u00fcritusi maja terrassil, kaitseb ootamatu vihmasabina eest ja pakub ka p\u00e4ikesevarju. Pikad aknad ja pikkade klaasidega uksed muudavad maja siseosa m\u00f5nusalt valgusk\u00fcllaseks.Komplekt sisaldab immutatud raami ja p\u00f5randat, seinu, aknaid ja uksi, katusetalasid ja -laudu ning montaa\u017eikotti. Katusematerjal ei kuulu komplekti. Tarneaeg ca 10 n\u00e4dalat.  Ehitus: Tuuletapiga nurga\u00fchendus Seina paksus: 70 mm Seinam\u00f5\u00f5dud: 300x350 cm P\u00f5randa pindala: 9.61 m2 Viiluseina k\u00f5rgus: 299.2 cm Seina k\u00f5rgus: 224.4 cm Katuse \u00fcleulatus: 320 cm Katuse pindala: 39.5 m2 Katusekalle: 20.8\u00b0 Uks: 1 x 1540 x 1913 mm  Aken: 1 x 916 x 916 mm  2 x 552 x 1729 mm  1 x 552 x 1729 mm  Pakend:  790x114x50 cm 1500 kg 510x114x60 cm 1100 kg 200x114x40 cm 200 kg","og_url":"https:\/\/suveleht.ee\/toode\/aimaja-blues1-96m2-13m2-terrass\/","og_site_name":"Suveleht","article_modified_time":"2026-02-26T10:15:11+00:00","og_image":[{"width":2560,"height":1707,"url":"http:\/\/suveleht.ee\/wp-content\/uploads\/2024\/02\/Blues-1-taust-scaled.jpg","type":"image\/jpeg"}],"twitter_card":"summary_large_image","twitter_misc":{"Est. reading time":"1 minute"},"schema":{"@context":"https:\/\/schema.org","@graph":[{"@type":"WebPage","@id":"https:\/\/suveleht.ee\/toode\/aimaja-blues1-96m2-13m2-terrass\/","url":"https:\/\/suveleht.ee\/toode\/aimaja-blues1-96m2-13m2-terrass\/","name":"Suvemaja Blues1 9,6m2 + 13m2 terrass - Suveleht","isPartOf":{"@id":"https:\/\/suveleht.ee\/#website"},"primaryImageOfPage":{"@id":"https:\/\/suveleht.ee\/toode\/aimaja-blues1-96m2-13m2-terrass\/#primaryimage"},"image":{"@id":"https:\/\/suveleht.ee\/toode\/aimaja-blues1-96m2-13m2-terrass\/#primaryimage"},"thumbnailUrl":"https:\/\/suveleht.ee\/wp-content\/uploads\/2024\/02\/Blues-1-taust-scaled.jpg","datePublished":"2024-02-08T10:32:01+00:00","dateModified":"2026-02-26T10:15:11+00:00","breadcrumb":{"@id":"https:\/\/suveleht.ee\/toode\/aimaja-blues1-96m2-13m2-terrass\/#breadcrumb"},"inLanguage":"en-US","potentialAction":[{"@type":"ReadAction","target":["https:\/\/suveleht.ee\/toode\/aimaja-blues1-96m2-13m2-terrass\/"]}]},{"@type":"ImageObject","inLanguage":"en-US","@id":"https:\/\/suveleht.ee\/toode\/aimaja-blues1-96m2-13m2-terrass\/#primaryimage","url":"https:\/\/suveleht.ee\/wp-content\/uploads\/2024\/02\/Blues-1-taust-scaled.jpg","contentUrl":"https:\/\/suveleht.ee\/wp-content\/uploads\/2024\/02\/Blues-1-taust-scaled.jpg","width":2560,"height":1707},{"@type":"BreadcrumbList","@id":"https:\/\/suveleht.ee\/toode\/aimaja-blues1-96m2-13m2-terrass\/#breadcrumb","itemListElement":[{"@type":"ListItem","position":1,"name":"Home","item":"https:\/\/suveleht.ee\/"},{"@type":"ListItem","position":2,"name":"Tooted","item":"https:\/\/suveleht.ee\/tooted\/"},{"@type":"ListItem","position":3,"name":"Suvemaja Blues1 9,6m2 + 13m2 terrass"}]},{"@type":"WebSite","@id":"https:\/\/suveleht.ee\/#website","url":"https:\/\/suveleht.ee\/","name":"Suveleht","description":"Eestis toodetud aiamajad, m\u00e4nguv\u00e4ljakud ja k\u00fcmblust\u00fcnnid","potentialAction":[{"@type":"SearchAction","target":{"@type":"EntryPoint","urlTemplate":"https:\/\/suveleht.ee\/?s={search_term_string}"},"query-input":{"@type":"PropertyValueSpecification","valueRequired":true,"valueName":"search_term_string"}}],"inLanguage":"en-US"}]}},"_links":{"self":[{"href":"https:\/\/suveleht.ee\/en\/wp-json\/wp\/v2\/product\/5255","targetHints":{"allow":["GET"]}}],"collection":[{"href":"https:\/\/suveleht.ee\/en\/wp-json\/wp\/v2\/product"}],"about":[{"href":"https:\/\/suveleht.ee\/en\/wp-json\/wp\/v2\/types\/product"}],"wp:featuredmedia":[{"embeddable":true,"href":"https:\/\/suveleht.ee\/en\/wp-json\/wp\/v2\/media\/5260"}],"wp:attachment":[{"href":"https:\/\/suveleht.ee\/en\/wp-json\/wp\/v2\/media?parent=5255"}],"wp:term":[{"taxonomy":"product_brand","embeddable":true,"href":"https:\/\/suveleht.ee\/en\/wp-json\/wp\/v2\/product_brand?post=5255"},{"taxonomy":"product_cat","embeddable":true,"href":"https:\/\/suveleht.ee\/en\/wp-json\/wp\/v2\/product_cat?post=5255"},{"taxonomy":"product_tag","embeddable":true,"href":"https:\/\/suveleht.ee\/en\/wp-json\/wp\/v2\/product_tag?post=5255"}],"curies":[{"name":"wp","href":"https:\/\/api.w.org\/{rel}","templated":true}]}}