{"id":5248,"date":"2024-02-08T10:04:12","date_gmt":"2024-02-08T10:04:12","guid":{"rendered":"https:\/\/suveleht.ee\/?post_type=product&#038;p=5248"},"modified":"2026-02-26T10:10:30","modified_gmt":"2026-02-26T10:10:30","slug":"aiamaja-rantso-2-1870m2-97m2-terrass","status":"publish","type":"product","link":"https:\/\/suveleht.ee\/en\/toode\/aiamaja-rantso-2-1870m2-97m2-terrass\/","title":{"rendered":"Suvemaja RANT\u0160O 2 18,70M2 + 9,7M2 terrass"},"content":{"rendered":"","protected":false},"excerpt":{"rendered":"<p>* TASUTA TRANSPORT<br \/>\n* Garantii 5 aastat<br \/>\nRANT\u0160O 2 on ruumikas ja valgusk\u00fcllane 70mm paksuse seinaga aiamaja. Aiamajal on isikup\u00e4rase rant\u0161oliku disainiga terrass, mis v\u00f5imaldab nii p\u00e4ikese kui vihma eest varju leida ja v\u00e4rskes \u00f5hus sooje suvep\u00e4evi nautida. Majal on kvaliteetsed pakettklaas-avat\u00e4ited. Esiseina suured klaaspinnad toovad tuppa p\u00e4evavalgust, mist\u00f5ttu aiamaja on igati sobiv suviseks kodukontoriks v\u00f5i suve\u00fcrituseks.  Majakomplekt sisaldab k\u00f5iki paigaldamiseks vajaminevaid detaile: immutatud alusraam, seinadetailid, p\u00f5randalauad ja -liistud, katusetalad, -lauad ja -liistud, terrassilauad ja -piirded ning avat\u00e4ited. Lisaks on pakis ka kinnitusvahendid (kruvid, naelad jms). Katusekattematerjal standardkomplekti ei kuulu. Tarneaeg ca 10 n\u00e4dalat.<\/p>\n<p>Ehitus: Tuuletapiga nurga\u00fchendus<br \/>\nSeina paksus: 70 mm<br \/>\nSeinam\u00f5\u00f5dud: 370&#215;540 cm<br \/>\nP\u00f5randa pindala: 18.73 m2<br \/>\nViiluseina k\u00f5rgus: 244.8 cm<br \/>\nSeina k\u00f5rgus: 217.6 cm<br \/>\nKatuse \u00fcleulatus: 30 cm<br \/>\nKatuse pindala: 35.1 m2<br \/>\nKatusekalle: 10\u00b0<br \/>\nUks: 1 x 1580 x 2000 mm 2+<br \/>\nAken: 1 x 1060 x 1280 mm 2+<br \/>\n1 x 1060 x 1280 mm 2+<br \/>\nPakend<br \/>\n600x114x96 cm 1904 kg<br \/>\n200x106x65 cm 400 kg<\/p>\n","protected":false},"featured_media":5253,"template":"","meta":{"inline_featured_image":false},"product_brand":[],"product_cat":[45],"product_tag":[],"class_list":{"0":"post-5248","1":"product","2":"type-product","3":"status-publish","4":"has-post-thumbnail","6":"product_cat-aiamajad","8":"first","9":"instock","10":"taxable","11":"shipping-taxable","12":"purchasable","13":"product-type-simple"},"yoast_head":"<!-- This site is optimized with the Yoast SEO plugin v27.3 - https:\/\/yoast.com\/product\/yoast-seo-wordpress\/ -->\n<title>Suvemaja RANT\u0160O 2 18,70M2 + 9,7M2 terrass - Suveleht<\/title>\n<meta name=\"robots\" content=\"index, follow, max-snippet:-1, max-image-preview:large, max-video-preview:-1\" \/>\n<link rel=\"canonical\" href=\"https:\/\/suveleht.ee\/toode\/aiamaja-rantso-2-1870m2-97m2-terrass\/\" \/>\n<meta property=\"og:locale\" content=\"en_US\" \/>\n<meta property=\"og:type\" content=\"article\" \/>\n<meta property=\"og:title\" content=\"Suvemaja RANT\u0160O 2 18,70M2 + 9,7M2 terrass - Suveleht\" \/>\n<meta property=\"og:description\" content=\"* TASUTA TRANSPORT * Garantii 5 aastat RANT\u0160O 2 on ruumikas ja valgusk\u00fcllane 70mm paksuse seinaga aiamaja. Aiamajal on isikup\u00e4rase rant\u0161oliku disainiga terrass, mis v\u00f5imaldab nii p\u00e4ikese kui vihma eest varju leida ja v\u00e4rskes \u00f5hus sooje suvep\u00e4evi nautida. Majal on kvaliteetsed pakettklaas-avat\u00e4ited. Esiseina suured klaaspinnad toovad tuppa p\u00e4evavalgust, mist\u00f5ttu aiamaja on igati sobiv suviseks kodukontoriks v\u00f5i suve\u00fcrituseks. Majakomplekt sisaldab k\u00f5iki paigaldamiseks vajaminevaid detaile: immutatud alusraam, seinadetailid, p\u00f5randalauad ja -liistud, katusetalad, -lauad ja -liistud, terrassilauad ja -piirded ning avat\u00e4ited. Lisaks on pakis ka kinnitusvahendid (kruvid, naelad jms). Katusekattematerjal standardkomplekti ei kuulu. Tarneaeg ca 10 n\u00e4dalat.  Ehitus: Tuuletapiga nurga\u00fchendus Seina paksus: 70 mm Seinam\u00f5\u00f5dud: 370x540 cm P\u00f5randa pindala: 18.73 m2 Viiluseina k\u00f5rgus: 244.8 cm Seina k\u00f5rgus: 217.6 cm Katuse \u00fcleulatus: 30 cm Katuse pindala: 35.1 m2 Katusekalle: 10\u00b0 Uks: 1 x 1580 x 2000 mm 2+ Aken: 1 x 1060 x 1280 mm 2+ 1 x 1060 x 1280 mm 2+ Pakend  600x114x96 cm 1904 kg 200x106x65 cm 400 kg\" \/>\n<meta property=\"og:url\" content=\"https:\/\/suveleht.ee\/toode\/aiamaja-rantso-2-1870m2-97m2-terrass\/\" \/>\n<meta property=\"og:site_name\" content=\"Suveleht\" \/>\n<meta property=\"article:modified_time\" content=\"2026-02-26T10:10:30+00:00\" \/>\n<meta property=\"og:image\" content=\"http:\/\/suveleht.ee\/wp-content\/uploads\/2024\/02\/rantso2taust-scaled.jpg\" \/>\n\t<meta property=\"og:image:width\" content=\"2560\" \/>\n\t<meta property=\"og:image:height\" content=\"1707\" \/>\n\t<meta property=\"og:image:type\" content=\"image\/jpeg\" \/>\n<meta name=\"twitter:card\" content=\"summary_large_image\" \/>\n<meta name=\"twitter:label1\" content=\"Est. reading time\" \/>\n\t<meta name=\"twitter:data1\" content=\"1 minute\" \/>\n<script type=\"application\/ld+json\" class=\"yoast-schema-graph\">{\"@context\":\"https:\\\/\\\/schema.org\",\"@graph\":[{\"@type\":\"WebPage\",\"@id\":\"https:\\\/\\\/suveleht.ee\\\/toode\\\/aiamaja-rantso-2-1870m2-97m2-terrass\\\/\",\"url\":\"https:\\\/\\\/suveleht.ee\\\/toode\\\/aiamaja-rantso-2-1870m2-97m2-terrass\\\/\",\"name\":\"Suvemaja RANT\u0160O 2 18,70M2 + 9,7M2 terrass - Suveleht\",\"isPartOf\":{\"@id\":\"https:\\\/\\\/suveleht.ee\\\/#website\"},\"primaryImageOfPage\":{\"@id\":\"https:\\\/\\\/suveleht.ee\\\/toode\\\/aiamaja-rantso-2-1870m2-97m2-terrass\\\/#primaryimage\"},\"image\":{\"@id\":\"https:\\\/\\\/suveleht.ee\\\/toode\\\/aiamaja-rantso-2-1870m2-97m2-terrass\\\/#primaryimage\"},\"thumbnailUrl\":\"https:\\\/\\\/suveleht.ee\\\/wp-content\\\/uploads\\\/2024\\\/02\\\/rantso2taust-scaled.jpg\",\"datePublished\":\"2024-02-08T10:04:12+00:00\",\"dateModified\":\"2026-02-26T10:10:30+00:00\",\"breadcrumb\":{\"@id\":\"https:\\\/\\\/suveleht.ee\\\/toode\\\/aiamaja-rantso-2-1870m2-97m2-terrass\\\/#breadcrumb\"},\"inLanguage\":\"en-US\",\"potentialAction\":[{\"@type\":\"ReadAction\",\"target\":[\"https:\\\/\\\/suveleht.ee\\\/toode\\\/aiamaja-rantso-2-1870m2-97m2-terrass\\\/\"]}]},{\"@type\":\"ImageObject\",\"inLanguage\":\"en-US\",\"@id\":\"https:\\\/\\\/suveleht.ee\\\/toode\\\/aiamaja-rantso-2-1870m2-97m2-terrass\\\/#primaryimage\",\"url\":\"https:\\\/\\\/suveleht.ee\\\/wp-content\\\/uploads\\\/2024\\\/02\\\/rantso2taust-scaled.jpg\",\"contentUrl\":\"https:\\\/\\\/suveleht.ee\\\/wp-content\\\/uploads\\\/2024\\\/02\\\/rantso2taust-scaled.jpg\",\"width\":2560,\"height\":1707},{\"@type\":\"BreadcrumbList\",\"@id\":\"https:\\\/\\\/suveleht.ee\\\/toode\\\/aiamaja-rantso-2-1870m2-97m2-terrass\\\/#breadcrumb\",\"itemListElement\":[{\"@type\":\"ListItem\",\"position\":1,\"name\":\"Home\",\"item\":\"https:\\\/\\\/suveleht.ee\\\/\"},{\"@type\":\"ListItem\",\"position\":2,\"name\":\"Tooted\",\"item\":\"https:\\\/\\\/suveleht.ee\\\/tooted\\\/\"},{\"@type\":\"ListItem\",\"position\":3,\"name\":\"Suvemaja RANT\u0160O 2 18,70M2 + 9,7M2 terrass\"}]},{\"@type\":\"WebSite\",\"@id\":\"https:\\\/\\\/suveleht.ee\\\/#website\",\"url\":\"https:\\\/\\\/suveleht.ee\\\/\",\"name\":\"Suveleht\",\"description\":\"Eestis toodetud aiamajad, m\u00e4nguv\u00e4ljakud ja k\u00fcmblust\u00fcnnid\",\"potentialAction\":[{\"@type\":\"SearchAction\",\"target\":{\"@type\":\"EntryPoint\",\"urlTemplate\":\"https:\\\/\\\/suveleht.ee\\\/?s={search_term_string}\"},\"query-input\":{\"@type\":\"PropertyValueSpecification\",\"valueRequired\":true,\"valueName\":\"search_term_string\"}}],\"inLanguage\":\"en-US\"}]}<\/script>\n<!-- \/ Yoast SEO plugin. -->","yoast_head_json":{"title":"Suvemaja RANT\u0160O 2 18,70M2 + 9,7M2 terrass - Suveleht","robots":{"index":"index","follow":"follow","max-snippet":"max-snippet:-1","max-image-preview":"max-image-preview:large","max-video-preview":"max-video-preview:-1"},"canonical":"https:\/\/suveleht.ee\/toode\/aiamaja-rantso-2-1870m2-97m2-terrass\/","og_locale":"en_US","og_type":"article","og_title":"Suvemaja RANT\u0160O 2 18,70M2 + 9,7M2 terrass - Suveleht","og_description":"* TASUTA TRANSPORT * Garantii 5 aastat RANT\u0160O 2 on ruumikas ja valgusk\u00fcllane 70mm paksuse seinaga aiamaja. Aiamajal on isikup\u00e4rase rant\u0161oliku disainiga terrass, mis v\u00f5imaldab nii p\u00e4ikese kui vihma eest varju leida ja v\u00e4rskes \u00f5hus sooje suvep\u00e4evi nautida. Majal on kvaliteetsed pakettklaas-avat\u00e4ited. Esiseina suured klaaspinnad toovad tuppa p\u00e4evavalgust, mist\u00f5ttu aiamaja on igati sobiv suviseks kodukontoriks v\u00f5i suve\u00fcrituseks. Majakomplekt sisaldab k\u00f5iki paigaldamiseks vajaminevaid detaile: immutatud alusraam, seinadetailid, p\u00f5randalauad ja -liistud, katusetalad, -lauad ja -liistud, terrassilauad ja -piirded ning avat\u00e4ited. Lisaks on pakis ka kinnitusvahendid (kruvid, naelad jms). Katusekattematerjal standardkomplekti ei kuulu. Tarneaeg ca 10 n\u00e4dalat.  Ehitus: Tuuletapiga nurga\u00fchendus Seina paksus: 70 mm Seinam\u00f5\u00f5dud: 370x540 cm P\u00f5randa pindala: 18.73 m2 Viiluseina k\u00f5rgus: 244.8 cm Seina k\u00f5rgus: 217.6 cm Katuse \u00fcleulatus: 30 cm Katuse pindala: 35.1 m2 Katusekalle: 10\u00b0 Uks: 1 x 1580 x 2000 mm 2+ Aken: 1 x 1060 x 1280 mm 2+ 1 x 1060 x 1280 mm 2+ Pakend  600x114x96 cm 1904 kg 200x106x65 cm 400 kg","og_url":"https:\/\/suveleht.ee\/toode\/aiamaja-rantso-2-1870m2-97m2-terrass\/","og_site_name":"Suveleht","article_modified_time":"2026-02-26T10:10:30+00:00","og_image":[{"width":2560,"height":1707,"url":"http:\/\/suveleht.ee\/wp-content\/uploads\/2024\/02\/rantso2taust-scaled.jpg","type":"image\/jpeg"}],"twitter_card":"summary_large_image","twitter_misc":{"Est. reading time":"1 minute"},"schema":{"@context":"https:\/\/schema.org","@graph":[{"@type":"WebPage","@id":"https:\/\/suveleht.ee\/toode\/aiamaja-rantso-2-1870m2-97m2-terrass\/","url":"https:\/\/suveleht.ee\/toode\/aiamaja-rantso-2-1870m2-97m2-terrass\/","name":"Suvemaja RANT\u0160O 2 18,70M2 + 9,7M2 terrass - Suveleht","isPartOf":{"@id":"https:\/\/suveleht.ee\/#website"},"primaryImageOfPage":{"@id":"https:\/\/suveleht.ee\/toode\/aiamaja-rantso-2-1870m2-97m2-terrass\/#primaryimage"},"image":{"@id":"https:\/\/suveleht.ee\/toode\/aiamaja-rantso-2-1870m2-97m2-terrass\/#primaryimage"},"thumbnailUrl":"https:\/\/suveleht.ee\/wp-content\/uploads\/2024\/02\/rantso2taust-scaled.jpg","datePublished":"2024-02-08T10:04:12+00:00","dateModified":"2026-02-26T10:10:30+00:00","breadcrumb":{"@id":"https:\/\/suveleht.ee\/toode\/aiamaja-rantso-2-1870m2-97m2-terrass\/#breadcrumb"},"inLanguage":"en-US","potentialAction":[{"@type":"ReadAction","target":["https:\/\/suveleht.ee\/toode\/aiamaja-rantso-2-1870m2-97m2-terrass\/"]}]},{"@type":"ImageObject","inLanguage":"en-US","@id":"https:\/\/suveleht.ee\/toode\/aiamaja-rantso-2-1870m2-97m2-terrass\/#primaryimage","url":"https:\/\/suveleht.ee\/wp-content\/uploads\/2024\/02\/rantso2taust-scaled.jpg","contentUrl":"https:\/\/suveleht.ee\/wp-content\/uploads\/2024\/02\/rantso2taust-scaled.jpg","width":2560,"height":1707},{"@type":"BreadcrumbList","@id":"https:\/\/suveleht.ee\/toode\/aiamaja-rantso-2-1870m2-97m2-terrass\/#breadcrumb","itemListElement":[{"@type":"ListItem","position":1,"name":"Home","item":"https:\/\/suveleht.ee\/"},{"@type":"ListItem","position":2,"name":"Tooted","item":"https:\/\/suveleht.ee\/tooted\/"},{"@type":"ListItem","position":3,"name":"Suvemaja RANT\u0160O 2 18,70M2 + 9,7M2 terrass"}]},{"@type":"WebSite","@id":"https:\/\/suveleht.ee\/#website","url":"https:\/\/suveleht.ee\/","name":"Suveleht","description":"Eestis toodetud aiamajad, m\u00e4nguv\u00e4ljakud ja k\u00fcmblust\u00fcnnid","potentialAction":[{"@type":"SearchAction","target":{"@type":"EntryPoint","urlTemplate":"https:\/\/suveleht.ee\/?s={search_term_string}"},"query-input":{"@type":"PropertyValueSpecification","valueRequired":true,"valueName":"search_term_string"}}],"inLanguage":"en-US"}]}},"_links":{"self":[{"href":"https:\/\/suveleht.ee\/en\/wp-json\/wp\/v2\/product\/5248","targetHints":{"allow":["GET"]}}],"collection":[{"href":"https:\/\/suveleht.ee\/en\/wp-json\/wp\/v2\/product"}],"about":[{"href":"https:\/\/suveleht.ee\/en\/wp-json\/wp\/v2\/types\/product"}],"wp:featuredmedia":[{"embeddable":true,"href":"https:\/\/suveleht.ee\/en\/wp-json\/wp\/v2\/media\/5253"}],"wp:attachment":[{"href":"https:\/\/suveleht.ee\/en\/wp-json\/wp\/v2\/media?parent=5248"}],"wp:term":[{"taxonomy":"product_brand","embeddable":true,"href":"https:\/\/suveleht.ee\/en\/wp-json\/wp\/v2\/product_brand?post=5248"},{"taxonomy":"product_cat","embeddable":true,"href":"https:\/\/suveleht.ee\/en\/wp-json\/wp\/v2\/product_cat?post=5248"},{"taxonomy":"product_tag","embeddable":true,"href":"https:\/\/suveleht.ee\/en\/wp-json\/wp\/v2\/product_tag?post=5248"}],"curies":[{"name":"wp","href":"https:\/\/api.w.org\/{rel}","templated":true}]}}