{"id":5221,"date":"2024-02-08T09:14:33","date_gmt":"2024-02-08T09:14:33","guid":{"rendered":"https:\/\/suveleht.ee\/?post_type=product&#038;p=5221"},"modified":"2026-02-26T09:03:59","modified_gmt":"2026-02-26T09:03:59","slug":"aiamaja-blues2-28m2-21m2-terrass","status":"publish","type":"product","link":"https:\/\/suveleht.ee\/en\/toode\/aiamaja-blues2-28m2-21m2-terrass\/","title":{"rendered":"Suvemaja BLUES2 28m2 + 21m2 terrass"},"content":{"rendered":"","protected":false},"excerpt":{"rendered":"<p>* TASUTA TRANSPORT<br \/>\n* Garantii 5 aastat<br \/>\nBlues 2 on erakordselt suure, katusega kaetud L-kujulise terrassiga suvemaja, mis annab v\u00f5imaluse vihma ja ereda p\u00e4ikse eest varjul olles v\u00e4rskes \u00f5hus l\u00f5\u00f5gastuda ja n\u00e4iteks hommikukohvi v\u00f5i grill\u00f5htuid nautida. Suvemaja koosneb kolmest eraldiseisvast ruumist, mist\u00f5ttu antud maja sobib suurep\u00e4raselt suvilaks, kodukontoriks v\u00f5i k\u00fclaliste majutamiseks.  Majakomplekt sisaldab k\u00f5iki paigaldamiseks vajaminevaid detaile: immutatud alusraam, seinadetailid, p\u00f5randalauad ja p\u00f5randaliistud, katusetalad, katuselauad ja katuseliistud ning avat\u00e4ited. Lisaks on pakis ka kinnitusvahendid (kruvid, naelad jms). Majakomplekti ei kuulu katusekate. Tarneaeg ca 10 n\u00e4dalat.<\/p>\n<p>Ehitus: Tuuletapiga nurga\u00fchendus<br \/>\nSeina paksus: 70 mm<br \/>\nSeinam\u00f5\u00f5dud: 500&#215;600 cm<br \/>\nP\u00f5randa pindala: 28 m2<br \/>\nTerrassi pindala: 21 m2<br \/>\nViiluseina k\u00f5rgus: 333.2 cm<br \/>\nSeina k\u00f5rgus: 244.8 cm<br \/>\nKatuse \u00fcleulatus: 320 cm<br \/>\nKatuse pindala: 73.32 m2<br \/>\nKatusekalle: 14.4\u00b0<br \/>\nUks: 1 x 1580 x 1933 mm<br \/>\n     1 x 827 x 1933 mm<br \/>\nAken: 1 x 552 x 1729 mm<br \/>\n      1 x 552 x 1729 mm<br \/>\n      1 x 1374 x 916 mm<br \/>\nPakend:<br \/>\n720x114x79 cm, 2250 kg<br \/>\n620x114x75 cm, 2020 kg<br \/>\n395x114x67 cm, 1050 kg<br \/>\n200x114x51 cm, 280 kg<\/p>\n","protected":false},"featured_media":5222,"template":"","meta":{"inline_featured_image":false},"product_brand":[],"product_cat":[45],"product_tag":[],"class_list":{"0":"post-5221","1":"product","2":"type-product","3":"status-publish","4":"has-post-thumbnail","6":"product_cat-aiamajad","8":"first","9":"instock","10":"taxable","11":"shipping-taxable","12":"purchasable","13":"product-type-simple"},"yoast_head":"<!-- This site is optimized with the Yoast SEO plugin v27.3 - https:\/\/yoast.com\/product\/yoast-seo-wordpress\/ -->\n<title>Suvemaja BLUES2 28m2 + 21m2 terrass - Suveleht<\/title>\n<meta name=\"robots\" content=\"index, follow, max-snippet:-1, max-image-preview:large, max-video-preview:-1\" \/>\n<link rel=\"canonical\" href=\"https:\/\/suveleht.ee\/toode\/aiamaja-blues2-28m2-21m2-terrass\/\" \/>\n<meta property=\"og:locale\" content=\"en_US\" \/>\n<meta property=\"og:type\" content=\"article\" \/>\n<meta property=\"og:title\" content=\"Suvemaja BLUES2 28m2 + 21m2 terrass - Suveleht\" \/>\n<meta property=\"og:description\" content=\"* TASUTA TRANSPORT * Garantii 5 aastat Blues 2 on erakordselt suure, katusega kaetud L-kujulise terrassiga suvemaja, mis annab v\u00f5imaluse vihma ja ereda p\u00e4ikse eest varjul olles v\u00e4rskes \u00f5hus l\u00f5\u00f5gastuda ja n\u00e4iteks hommikukohvi v\u00f5i grill\u00f5htuid nautida. Suvemaja koosneb kolmest eraldiseisvast ruumist, mist\u00f5ttu antud maja sobib suurep\u00e4raselt suvilaks, kodukontoriks v\u00f5i k\u00fclaliste majutamiseks. Majakomplekt sisaldab k\u00f5iki paigaldamiseks vajaminevaid detaile: immutatud alusraam, seinadetailid, p\u00f5randalauad ja p\u00f5randaliistud, katusetalad, katuselauad ja katuseliistud ning avat\u00e4ited. Lisaks on pakis ka kinnitusvahendid (kruvid, naelad jms). Majakomplekti ei kuulu katusekate. Tarneaeg ca 10 n\u00e4dalat.  Ehitus: Tuuletapiga nurga\u00fchendus Seina paksus: 70 mm Seinam\u00f5\u00f5dud: 500x600 cm P\u00f5randa pindala: 28 m2 Terrassi pindala: 21 m2 Viiluseina k\u00f5rgus: 333.2 cm Seina k\u00f5rgus: 244.8 cm Katuse \u00fcleulatus: 320 cm Katuse pindala: 73.32 m2 Katusekalle: 14.4\u00b0 Uks: 1 x 1580 x 1933 mm    1 x 827 x 1933 mm  Aken: 1 x 552 x 1729 mm     1 x 552 x 1729 mm     1 x 1374 x 916 mm  Pakend: 720x114x79 cm, 2250 kg 620x114x75 cm, 2020 kg 395x114x67 cm, 1050 kg 200x114x51 cm, 280 kg\" \/>\n<meta property=\"og:url\" content=\"https:\/\/suveleht.ee\/toode\/aiamaja-blues2-28m2-21m2-terrass\/\" \/>\n<meta property=\"og:site_name\" content=\"Suveleht\" \/>\n<meta property=\"article:modified_time\" content=\"2026-02-26T09:03:59+00:00\" \/>\n<meta property=\"og:image\" content=\"http:\/\/suveleht.ee\/wp-content\/uploads\/2024\/02\/Blues2taust-scaled.jpg\" \/>\n\t<meta property=\"og:image:width\" content=\"2560\" \/>\n\t<meta property=\"og:image:height\" content=\"1707\" \/>\n\t<meta property=\"og:image:type\" content=\"image\/jpeg\" \/>\n<meta name=\"twitter:card\" content=\"summary_large_image\" \/>\n<meta name=\"twitter:label1\" content=\"Est. reading time\" \/>\n\t<meta name=\"twitter:data1\" content=\"1 minute\" \/>\n<script type=\"application\/ld+json\" class=\"yoast-schema-graph\">{\"@context\":\"https:\\\/\\\/schema.org\",\"@graph\":[{\"@type\":\"WebPage\",\"@id\":\"https:\\\/\\\/suveleht.ee\\\/toode\\\/aiamaja-blues2-28m2-21m2-terrass\\\/\",\"url\":\"https:\\\/\\\/suveleht.ee\\\/toode\\\/aiamaja-blues2-28m2-21m2-terrass\\\/\",\"name\":\"Suvemaja BLUES2 28m2 + 21m2 terrass - Suveleht\",\"isPartOf\":{\"@id\":\"https:\\\/\\\/suveleht.ee\\\/#website\"},\"primaryImageOfPage\":{\"@id\":\"https:\\\/\\\/suveleht.ee\\\/toode\\\/aiamaja-blues2-28m2-21m2-terrass\\\/#primaryimage\"},\"image\":{\"@id\":\"https:\\\/\\\/suveleht.ee\\\/toode\\\/aiamaja-blues2-28m2-21m2-terrass\\\/#primaryimage\"},\"thumbnailUrl\":\"https:\\\/\\\/suveleht.ee\\\/wp-content\\\/uploads\\\/2024\\\/02\\\/Blues2taust-scaled.jpg\",\"datePublished\":\"2024-02-08T09:14:33+00:00\",\"dateModified\":\"2026-02-26T09:03:59+00:00\",\"breadcrumb\":{\"@id\":\"https:\\\/\\\/suveleht.ee\\\/toode\\\/aiamaja-blues2-28m2-21m2-terrass\\\/#breadcrumb\"},\"inLanguage\":\"en-US\",\"potentialAction\":[{\"@type\":\"ReadAction\",\"target\":[\"https:\\\/\\\/suveleht.ee\\\/toode\\\/aiamaja-blues2-28m2-21m2-terrass\\\/\"]}]},{\"@type\":\"ImageObject\",\"inLanguage\":\"en-US\",\"@id\":\"https:\\\/\\\/suveleht.ee\\\/toode\\\/aiamaja-blues2-28m2-21m2-terrass\\\/#primaryimage\",\"url\":\"https:\\\/\\\/suveleht.ee\\\/wp-content\\\/uploads\\\/2024\\\/02\\\/Blues2taust-scaled.jpg\",\"contentUrl\":\"https:\\\/\\\/suveleht.ee\\\/wp-content\\\/uploads\\\/2024\\\/02\\\/Blues2taust-scaled.jpg\",\"width\":2560,\"height\":1707},{\"@type\":\"BreadcrumbList\",\"@id\":\"https:\\\/\\\/suveleht.ee\\\/toode\\\/aiamaja-blues2-28m2-21m2-terrass\\\/#breadcrumb\",\"itemListElement\":[{\"@type\":\"ListItem\",\"position\":1,\"name\":\"Home\",\"item\":\"https:\\\/\\\/suveleht.ee\\\/\"},{\"@type\":\"ListItem\",\"position\":2,\"name\":\"Tooted\",\"item\":\"https:\\\/\\\/suveleht.ee\\\/tooted\\\/\"},{\"@type\":\"ListItem\",\"position\":3,\"name\":\"Suvemaja BLUES2 28m2 + 21m2 terrass\"}]},{\"@type\":\"WebSite\",\"@id\":\"https:\\\/\\\/suveleht.ee\\\/#website\",\"url\":\"https:\\\/\\\/suveleht.ee\\\/\",\"name\":\"Suveleht\",\"description\":\"Eestis toodetud aiamajad, m\u00e4nguv\u00e4ljakud ja k\u00fcmblust\u00fcnnid\",\"potentialAction\":[{\"@type\":\"SearchAction\",\"target\":{\"@type\":\"EntryPoint\",\"urlTemplate\":\"https:\\\/\\\/suveleht.ee\\\/?s={search_term_string}\"},\"query-input\":{\"@type\":\"PropertyValueSpecification\",\"valueRequired\":true,\"valueName\":\"search_term_string\"}}],\"inLanguage\":\"en-US\"}]}<\/script>\n<!-- \/ Yoast SEO plugin. -->","yoast_head_json":{"title":"Suvemaja BLUES2 28m2 + 21m2 terrass - Suveleht","robots":{"index":"index","follow":"follow","max-snippet":"max-snippet:-1","max-image-preview":"max-image-preview:large","max-video-preview":"max-video-preview:-1"},"canonical":"https:\/\/suveleht.ee\/toode\/aiamaja-blues2-28m2-21m2-terrass\/","og_locale":"en_US","og_type":"article","og_title":"Suvemaja BLUES2 28m2 + 21m2 terrass - Suveleht","og_description":"* TASUTA TRANSPORT * Garantii 5 aastat Blues 2 on erakordselt suure, katusega kaetud L-kujulise terrassiga suvemaja, mis annab v\u00f5imaluse vihma ja ereda p\u00e4ikse eest varjul olles v\u00e4rskes \u00f5hus l\u00f5\u00f5gastuda ja n\u00e4iteks hommikukohvi v\u00f5i grill\u00f5htuid nautida. Suvemaja koosneb kolmest eraldiseisvast ruumist, mist\u00f5ttu antud maja sobib suurep\u00e4raselt suvilaks, kodukontoriks v\u00f5i k\u00fclaliste majutamiseks. Majakomplekt sisaldab k\u00f5iki paigaldamiseks vajaminevaid detaile: immutatud alusraam, seinadetailid, p\u00f5randalauad ja p\u00f5randaliistud, katusetalad, katuselauad ja katuseliistud ning avat\u00e4ited. Lisaks on pakis ka kinnitusvahendid (kruvid, naelad jms). Majakomplekti ei kuulu katusekate. Tarneaeg ca 10 n\u00e4dalat.  Ehitus: Tuuletapiga nurga\u00fchendus Seina paksus: 70 mm Seinam\u00f5\u00f5dud: 500x600 cm P\u00f5randa pindala: 28 m2 Terrassi pindala: 21 m2 Viiluseina k\u00f5rgus: 333.2 cm Seina k\u00f5rgus: 244.8 cm Katuse \u00fcleulatus: 320 cm Katuse pindala: 73.32 m2 Katusekalle: 14.4\u00b0 Uks: 1 x 1580 x 1933 mm    1 x 827 x 1933 mm  Aken: 1 x 552 x 1729 mm     1 x 552 x 1729 mm     1 x 1374 x 916 mm  Pakend: 720x114x79 cm, 2250 kg 620x114x75 cm, 2020 kg 395x114x67 cm, 1050 kg 200x114x51 cm, 280 kg","og_url":"https:\/\/suveleht.ee\/toode\/aiamaja-blues2-28m2-21m2-terrass\/","og_site_name":"Suveleht","article_modified_time":"2026-02-26T09:03:59+00:00","og_image":[{"width":2560,"height":1707,"url":"http:\/\/suveleht.ee\/wp-content\/uploads\/2024\/02\/Blues2taust-scaled.jpg","type":"image\/jpeg"}],"twitter_card":"summary_large_image","twitter_misc":{"Est. reading time":"1 minute"},"schema":{"@context":"https:\/\/schema.org","@graph":[{"@type":"WebPage","@id":"https:\/\/suveleht.ee\/toode\/aiamaja-blues2-28m2-21m2-terrass\/","url":"https:\/\/suveleht.ee\/toode\/aiamaja-blues2-28m2-21m2-terrass\/","name":"Suvemaja BLUES2 28m2 + 21m2 terrass - Suveleht","isPartOf":{"@id":"https:\/\/suveleht.ee\/#website"},"primaryImageOfPage":{"@id":"https:\/\/suveleht.ee\/toode\/aiamaja-blues2-28m2-21m2-terrass\/#primaryimage"},"image":{"@id":"https:\/\/suveleht.ee\/toode\/aiamaja-blues2-28m2-21m2-terrass\/#primaryimage"},"thumbnailUrl":"https:\/\/suveleht.ee\/wp-content\/uploads\/2024\/02\/Blues2taust-scaled.jpg","datePublished":"2024-02-08T09:14:33+00:00","dateModified":"2026-02-26T09:03:59+00:00","breadcrumb":{"@id":"https:\/\/suveleht.ee\/toode\/aiamaja-blues2-28m2-21m2-terrass\/#breadcrumb"},"inLanguage":"en-US","potentialAction":[{"@type":"ReadAction","target":["https:\/\/suveleht.ee\/toode\/aiamaja-blues2-28m2-21m2-terrass\/"]}]},{"@type":"ImageObject","inLanguage":"en-US","@id":"https:\/\/suveleht.ee\/toode\/aiamaja-blues2-28m2-21m2-terrass\/#primaryimage","url":"https:\/\/suveleht.ee\/wp-content\/uploads\/2024\/02\/Blues2taust-scaled.jpg","contentUrl":"https:\/\/suveleht.ee\/wp-content\/uploads\/2024\/02\/Blues2taust-scaled.jpg","width":2560,"height":1707},{"@type":"BreadcrumbList","@id":"https:\/\/suveleht.ee\/toode\/aiamaja-blues2-28m2-21m2-terrass\/#breadcrumb","itemListElement":[{"@type":"ListItem","position":1,"name":"Home","item":"https:\/\/suveleht.ee\/"},{"@type":"ListItem","position":2,"name":"Tooted","item":"https:\/\/suveleht.ee\/tooted\/"},{"@type":"ListItem","position":3,"name":"Suvemaja BLUES2 28m2 + 21m2 terrass"}]},{"@type":"WebSite","@id":"https:\/\/suveleht.ee\/#website","url":"https:\/\/suveleht.ee\/","name":"Suveleht","description":"Eestis toodetud aiamajad, m\u00e4nguv\u00e4ljakud ja k\u00fcmblust\u00fcnnid","potentialAction":[{"@type":"SearchAction","target":{"@type":"EntryPoint","urlTemplate":"https:\/\/suveleht.ee\/?s={search_term_string}"},"query-input":{"@type":"PropertyValueSpecification","valueRequired":true,"valueName":"search_term_string"}}],"inLanguage":"en-US"}]}},"_links":{"self":[{"href":"https:\/\/suveleht.ee\/en\/wp-json\/wp\/v2\/product\/5221","targetHints":{"allow":["GET"]}}],"collection":[{"href":"https:\/\/suveleht.ee\/en\/wp-json\/wp\/v2\/product"}],"about":[{"href":"https:\/\/suveleht.ee\/en\/wp-json\/wp\/v2\/types\/product"}],"wp:featuredmedia":[{"embeddable":true,"href":"https:\/\/suveleht.ee\/en\/wp-json\/wp\/v2\/media\/5222"}],"wp:attachment":[{"href":"https:\/\/suveleht.ee\/en\/wp-json\/wp\/v2\/media?parent=5221"}],"wp:term":[{"taxonomy":"product_brand","embeddable":true,"href":"https:\/\/suveleht.ee\/en\/wp-json\/wp\/v2\/product_brand?post=5221"},{"taxonomy":"product_cat","embeddable":true,"href":"https:\/\/suveleht.ee\/en\/wp-json\/wp\/v2\/product_cat?post=5221"},{"taxonomy":"product_tag","embeddable":true,"href":"https:\/\/suveleht.ee\/en\/wp-json\/wp\/v2\/product_tag?post=5221"}],"curies":[{"name":"wp","href":"https:\/\/api.w.org\/{rel}","templated":true}]}}