{"id":5110,"date":"2023-08-01T19:44:32","date_gmt":"2023-08-01T19:44:32","guid":{"rendered":"https:\/\/suveleht.ee\/?post_type=product&#038;p=5110"},"modified":"2026-02-25T10:30:30","modified_gmt":"2026-02-25T10:30:30","slug":"domeo2-848m2","status":"publish","type":"product","link":"https:\/\/suveleht.ee\/en\/toode\/domeo2-848m2\/","title":{"rendered":"Domeo2 8,48m2"},"content":{"rendered":"","protected":false},"excerpt":{"rendered":"<p>* TASUTA TRANSPORT<br \/>\n* Garantii 5 aastat<br \/>\nMeie k\u00f5ige modernsem ajamajaseeria Domeo v\u00f5imaldab endale valida sobivaima lahenduse mitme erineva suuruse ja disaini seast. Suurte klaaspindadega l\u00fckanduksed minimalistlikult kitsaste alumiiniumraamidega annavad majale modernse aktsendi, tuues siseruumi rikkalikult valgust. Trendikad l\u00fckanduksed on ideaalses harmoonias kaasaegse lamekatuse ja sirge alumiiniumkattega nurgalahendusega. Seet\u00f5ttu sobib Domeo eriti h\u00e4sti kaunistama funkstiilis elamurajoonide aedu. Domeo 2 on sama suur kui Domeo 1, kuid lisaks kuulub selle mudeli komplekti trendikas varjualune, mis pakub v\u00e4iksematel grillipidudel kaitset nii p\u00e4ikese kui vihma eest. Majakomplekt sisaldab k\u00f5iki paigaldamiseks vajaminevaid detaile: immutatud alusraam, seinadetailid, p\u00f5randalauad ja -liistud, katusetalad, -lauad ja -liistud ning avat\u00e4ited. Lisaks on pakis ka kinnitusvahendid (kruvid, naelad jms). Katusekattematerjal ei kuulu komplekti.<\/p>\n<p>Ehitus: Kruvitav tappideta nurga\u00fchendus<br \/>\nSeina paksus: 44 mm<br \/>\nSeinam\u00f5\u00f5dud: 300&#215;300 cm<br \/>\nP\u00f5randa pindala: 8.48 m2<br \/>\nViiluseina k\u00f5rgus: 239.4 cm<br \/>\nSeina k\u00f5rgus: 239.4 cm<br \/>\nKatuse \u00fcleulatus: 214 cm<br \/>\nKatuse pindala: 15.71 m2<br \/>\nKatusekalle: 2.2\u00b0<br \/>\nUks: 1 x 2041 x 2026 mm<br \/>\nAken: 1 x 1003 x 2026 mm<br \/>\nPakend: 510x118x63 cm, 914 kg<br \/>\n245x118x27 cm, 190 kg<\/p>\n","protected":false},"featured_media":5113,"template":"","meta":{"inline_featured_image":false},"product_brand":[],"product_cat":[48],"product_tag":[],"class_list":{"0":"post-5110","1":"product","2":"type-product","3":"status-publish","4":"has-post-thumbnail","6":"product_cat-modernsed-aiamajad","8":"first","9":"instock","10":"taxable","11":"shipping-taxable","12":"purchasable","13":"product-type-variable"},"yoast_head":"<!-- This site is optimized with the Yoast SEO plugin v27.3 - https:\/\/yoast.com\/product\/yoast-seo-wordpress\/ -->\n<title>Domeo2 8,48m2 - Suveleht<\/title>\n<meta name=\"robots\" content=\"index, follow, max-snippet:-1, max-image-preview:large, max-video-preview:-1\" \/>\n<link rel=\"canonical\" href=\"https:\/\/suveleht.ee\/toode\/domeo2-848m2\/\" \/>\n<meta property=\"og:locale\" content=\"en_US\" \/>\n<meta property=\"og:type\" content=\"article\" \/>\n<meta property=\"og:title\" content=\"Domeo2 8,48m2 - Suveleht\" \/>\n<meta property=\"og:description\" content=\"* TASUTA TRANSPORT * Garantii 5 aastat Meie k\u00f5ige modernsem ajamajaseeria Domeo v\u00f5imaldab endale valida sobivaima lahenduse mitme erineva suuruse ja disaini seast. Suurte klaaspindadega l\u00fckanduksed minimalistlikult kitsaste alumiiniumraamidega annavad majale modernse aktsendi, tuues siseruumi rikkalikult valgust. Trendikad l\u00fckanduksed on ideaalses harmoonias kaasaegse lamekatuse ja sirge alumiiniumkattega nurgalahendusega. Seet\u00f5ttu sobib Domeo eriti h\u00e4sti kaunistama funkstiilis elamurajoonide aedu. Domeo 2 on sama suur kui Domeo 1, kuid lisaks kuulub selle mudeli komplekti trendikas varjualune, mis pakub v\u00e4iksematel grillipidudel kaitset nii p\u00e4ikese kui vihma eest. Majakomplekt sisaldab k\u00f5iki paigaldamiseks vajaminevaid detaile: immutatud alusraam, seinadetailid, p\u00f5randalauad ja -liistud, katusetalad, -lauad ja -liistud ning avat\u00e4ited. Lisaks on pakis ka kinnitusvahendid (kruvid, naelad jms). Katusekattematerjal ei kuulu komplekti.  Ehitus: Kruvitav tappideta nurga\u00fchendus Seina paksus: 44 mm Seinam\u00f5\u00f5dud: 300x300 cm P\u00f5randa pindala: 8.48 m2 Viiluseina k\u00f5rgus: 239.4 cm Seina k\u00f5rgus: 239.4 cm Katuse \u00fcleulatus: 214 cm Katuse pindala: 15.71 m2 Katusekalle: 2.2\u00b0 Uks: 1 x 2041 x 2026 mm Aken: 1 x 1003 x 2026 mm Pakend: 510x118x63 cm, 914 kg 245x118x27 cm, 190 kg\" \/>\n<meta property=\"og:url\" content=\"https:\/\/suveleht.ee\/toode\/domeo2-848m2\/\" \/>\n<meta property=\"og:site_name\" content=\"Suveleht\" \/>\n<meta property=\"article:modified_time\" content=\"2026-02-25T10:30:30+00:00\" \/>\n<meta property=\"og:image\" content=\"http:\/\/suveleht.ee\/wp-content\/uploads\/2023\/08\/Domeo2-taustaga-scaled.jpg\" \/>\n\t<meta property=\"og:image:width\" content=\"2560\" \/>\n\t<meta property=\"og:image:height\" content=\"1707\" \/>\n\t<meta property=\"og:image:type\" content=\"image\/jpeg\" \/>\n<meta name=\"twitter:card\" content=\"summary_large_image\" \/>\n<meta name=\"twitter:label1\" content=\"Est. reading time\" \/>\n\t<meta name=\"twitter:data1\" content=\"1 minute\" \/>\n<script type=\"application\/ld+json\" class=\"yoast-schema-graph\">{\"@context\":\"https:\\\/\\\/schema.org\",\"@graph\":[{\"@type\":\"WebPage\",\"@id\":\"https:\\\/\\\/suveleht.ee\\\/toode\\\/domeo2-848m2\\\/\",\"url\":\"https:\\\/\\\/suveleht.ee\\\/toode\\\/domeo2-848m2\\\/\",\"name\":\"Domeo2 8,48m2 - Suveleht\",\"isPartOf\":{\"@id\":\"https:\\\/\\\/suveleht.ee\\\/#website\"},\"primaryImageOfPage\":{\"@id\":\"https:\\\/\\\/suveleht.ee\\\/toode\\\/domeo2-848m2\\\/#primaryimage\"},\"image\":{\"@id\":\"https:\\\/\\\/suveleht.ee\\\/toode\\\/domeo2-848m2\\\/#primaryimage\"},\"thumbnailUrl\":\"https:\\\/\\\/suveleht.ee\\\/wp-content\\\/uploads\\\/2023\\\/08\\\/Domeo2-taustaga-scaled.jpg\",\"datePublished\":\"2023-08-01T19:44:32+00:00\",\"dateModified\":\"2026-02-25T10:30:30+00:00\",\"breadcrumb\":{\"@id\":\"https:\\\/\\\/suveleht.ee\\\/toode\\\/domeo2-848m2\\\/#breadcrumb\"},\"inLanguage\":\"en-US\",\"potentialAction\":[{\"@type\":\"ReadAction\",\"target\":[\"https:\\\/\\\/suveleht.ee\\\/toode\\\/domeo2-848m2\\\/\"]}]},{\"@type\":\"ImageObject\",\"inLanguage\":\"en-US\",\"@id\":\"https:\\\/\\\/suveleht.ee\\\/toode\\\/domeo2-848m2\\\/#primaryimage\",\"url\":\"https:\\\/\\\/suveleht.ee\\\/wp-content\\\/uploads\\\/2023\\\/08\\\/Domeo2-taustaga-scaled.jpg\",\"contentUrl\":\"https:\\\/\\\/suveleht.ee\\\/wp-content\\\/uploads\\\/2023\\\/08\\\/Domeo2-taustaga-scaled.jpg\",\"width\":2560,\"height\":1707},{\"@type\":\"BreadcrumbList\",\"@id\":\"https:\\\/\\\/suveleht.ee\\\/toode\\\/domeo2-848m2\\\/#breadcrumb\",\"itemListElement\":[{\"@type\":\"ListItem\",\"position\":1,\"name\":\"Home\",\"item\":\"https:\\\/\\\/suveleht.ee\\\/\"},{\"@type\":\"ListItem\",\"position\":2,\"name\":\"Tooted\",\"item\":\"https:\\\/\\\/suveleht.ee\\\/tooted\\\/\"},{\"@type\":\"ListItem\",\"position\":3,\"name\":\"Domeo2 8,48m2\"}]},{\"@type\":\"WebSite\",\"@id\":\"https:\\\/\\\/suveleht.ee\\\/#website\",\"url\":\"https:\\\/\\\/suveleht.ee\\\/\",\"name\":\"Suveleht\",\"description\":\"Eestis toodetud aiamajad, m\u00e4nguv\u00e4ljakud ja k\u00fcmblust\u00fcnnid\",\"potentialAction\":[{\"@type\":\"SearchAction\",\"target\":{\"@type\":\"EntryPoint\",\"urlTemplate\":\"https:\\\/\\\/suveleht.ee\\\/?s={search_term_string}\"},\"query-input\":{\"@type\":\"PropertyValueSpecification\",\"valueRequired\":true,\"valueName\":\"search_term_string\"}}],\"inLanguage\":\"en-US\"}]}<\/script>\n<!-- \/ Yoast SEO plugin. -->","yoast_head_json":{"title":"Domeo2 8,48m2 - Suveleht","robots":{"index":"index","follow":"follow","max-snippet":"max-snippet:-1","max-image-preview":"max-image-preview:large","max-video-preview":"max-video-preview:-1"},"canonical":"https:\/\/suveleht.ee\/toode\/domeo2-848m2\/","og_locale":"en_US","og_type":"article","og_title":"Domeo2 8,48m2 - Suveleht","og_description":"* TASUTA TRANSPORT * Garantii 5 aastat Meie k\u00f5ige modernsem ajamajaseeria Domeo v\u00f5imaldab endale valida sobivaima lahenduse mitme erineva suuruse ja disaini seast. Suurte klaaspindadega l\u00fckanduksed minimalistlikult kitsaste alumiiniumraamidega annavad majale modernse aktsendi, tuues siseruumi rikkalikult valgust. Trendikad l\u00fckanduksed on ideaalses harmoonias kaasaegse lamekatuse ja sirge alumiiniumkattega nurgalahendusega. Seet\u00f5ttu sobib Domeo eriti h\u00e4sti kaunistama funkstiilis elamurajoonide aedu. Domeo 2 on sama suur kui Domeo 1, kuid lisaks kuulub selle mudeli komplekti trendikas varjualune, mis pakub v\u00e4iksematel grillipidudel kaitset nii p\u00e4ikese kui vihma eest. Majakomplekt sisaldab k\u00f5iki paigaldamiseks vajaminevaid detaile: immutatud alusraam, seinadetailid, p\u00f5randalauad ja -liistud, katusetalad, -lauad ja -liistud ning avat\u00e4ited. Lisaks on pakis ka kinnitusvahendid (kruvid, naelad jms). Katusekattematerjal ei kuulu komplekti.  Ehitus: Kruvitav tappideta nurga\u00fchendus Seina paksus: 44 mm Seinam\u00f5\u00f5dud: 300x300 cm P\u00f5randa pindala: 8.48 m2 Viiluseina k\u00f5rgus: 239.4 cm Seina k\u00f5rgus: 239.4 cm Katuse \u00fcleulatus: 214 cm Katuse pindala: 15.71 m2 Katusekalle: 2.2\u00b0 Uks: 1 x 2041 x 2026 mm Aken: 1 x 1003 x 2026 mm Pakend: 510x118x63 cm, 914 kg 245x118x27 cm, 190 kg","og_url":"https:\/\/suveleht.ee\/toode\/domeo2-848m2\/","og_site_name":"Suveleht","article_modified_time":"2026-02-25T10:30:30+00:00","og_image":[{"width":2560,"height":1707,"url":"http:\/\/suveleht.ee\/wp-content\/uploads\/2023\/08\/Domeo2-taustaga-scaled.jpg","type":"image\/jpeg"}],"twitter_card":"summary_large_image","twitter_misc":{"Est. reading time":"1 minute"},"schema":{"@context":"https:\/\/schema.org","@graph":[{"@type":"WebPage","@id":"https:\/\/suveleht.ee\/toode\/domeo2-848m2\/","url":"https:\/\/suveleht.ee\/toode\/domeo2-848m2\/","name":"Domeo2 8,48m2 - Suveleht","isPartOf":{"@id":"https:\/\/suveleht.ee\/#website"},"primaryImageOfPage":{"@id":"https:\/\/suveleht.ee\/toode\/domeo2-848m2\/#primaryimage"},"image":{"@id":"https:\/\/suveleht.ee\/toode\/domeo2-848m2\/#primaryimage"},"thumbnailUrl":"https:\/\/suveleht.ee\/wp-content\/uploads\/2023\/08\/Domeo2-taustaga-scaled.jpg","datePublished":"2023-08-01T19:44:32+00:00","dateModified":"2026-02-25T10:30:30+00:00","breadcrumb":{"@id":"https:\/\/suveleht.ee\/toode\/domeo2-848m2\/#breadcrumb"},"inLanguage":"en-US","potentialAction":[{"@type":"ReadAction","target":["https:\/\/suveleht.ee\/toode\/domeo2-848m2\/"]}]},{"@type":"ImageObject","inLanguage":"en-US","@id":"https:\/\/suveleht.ee\/toode\/domeo2-848m2\/#primaryimage","url":"https:\/\/suveleht.ee\/wp-content\/uploads\/2023\/08\/Domeo2-taustaga-scaled.jpg","contentUrl":"https:\/\/suveleht.ee\/wp-content\/uploads\/2023\/08\/Domeo2-taustaga-scaled.jpg","width":2560,"height":1707},{"@type":"BreadcrumbList","@id":"https:\/\/suveleht.ee\/toode\/domeo2-848m2\/#breadcrumb","itemListElement":[{"@type":"ListItem","position":1,"name":"Home","item":"https:\/\/suveleht.ee\/"},{"@type":"ListItem","position":2,"name":"Tooted","item":"https:\/\/suveleht.ee\/tooted\/"},{"@type":"ListItem","position":3,"name":"Domeo2 8,48m2"}]},{"@type":"WebSite","@id":"https:\/\/suveleht.ee\/#website","url":"https:\/\/suveleht.ee\/","name":"Suveleht","description":"Eestis toodetud aiamajad, m\u00e4nguv\u00e4ljakud ja k\u00fcmblust\u00fcnnid","potentialAction":[{"@type":"SearchAction","target":{"@type":"EntryPoint","urlTemplate":"https:\/\/suveleht.ee\/?s={search_term_string}"},"query-input":{"@type":"PropertyValueSpecification","valueRequired":true,"valueName":"search_term_string"}}],"inLanguage":"en-US"}]}},"_links":{"self":[{"href":"https:\/\/suveleht.ee\/en\/wp-json\/wp\/v2\/product\/5110","targetHints":{"allow":["GET"]}}],"collection":[{"href":"https:\/\/suveleht.ee\/en\/wp-json\/wp\/v2\/product"}],"about":[{"href":"https:\/\/suveleht.ee\/en\/wp-json\/wp\/v2\/types\/product"}],"wp:featuredmedia":[{"embeddable":true,"href":"https:\/\/suveleht.ee\/en\/wp-json\/wp\/v2\/media\/5113"}],"wp:attachment":[{"href":"https:\/\/suveleht.ee\/en\/wp-json\/wp\/v2\/media?parent=5110"}],"wp:term":[{"taxonomy":"product_brand","embeddable":true,"href":"https:\/\/suveleht.ee\/en\/wp-json\/wp\/v2\/product_brand?post=5110"},{"taxonomy":"product_cat","embeddable":true,"href":"https:\/\/suveleht.ee\/en\/wp-json\/wp\/v2\/product_cat?post=5110"},{"taxonomy":"product_tag","embeddable":true,"href":"https:\/\/suveleht.ee\/en\/wp-json\/wp\/v2\/product_tag?post=5110"}],"curies":[{"name":"wp","href":"https:\/\/api.w.org\/{rel}","templated":true}]}}