{"id":5079,"date":"2023-07-20T18:45:36","date_gmt":"2023-07-20T18:45:36","guid":{"rendered":"https:\/\/suveleht.ee\/?post_type=product&#038;p=5079"},"modified":"2024-09-18T06:15:11","modified_gmt":"2024-09-18T06:15:11","slug":"nevis-2197m2","status":"publish","type":"product","link":"https:\/\/suveleht.ee\/en\/toode\/nevis-2197m2\/","title":{"rendered":"Nevis 21,97m2"},"content":{"rendered":"","protected":false},"excerpt":{"rendered":"<p>* TASUTA TRANSPORT<br \/>\n* Garantii 5 aastat<br \/>\nNevis on L-t\u00e4he kujulise p\u00f5hiplaaniga garaa\u017e \u00fchele s\u00f5idukile, mille mahukas lisaruum v\u00f5imaldab ladustada suuremal hulgal vajalikke aia- ja autotarbeid v\u00f5i teostada tubaseid remondit\u00f6id. K\u00f5rvalukse kohal paiknev varikatus pakub vihmavarju nii endale kui \u00f5ues ladustatavatele esemetele. Majakomplekt sisaldab k\u00f5iki paigaldamiseks vajaminevaid detaile: immutatud alusraam, seinadetailid, katusetalad, katuselauad ja katuseliistud ning avat\u00e4ited. Lisaks on pakis ka kinnitusvahendid (kruvid, naelad jms).<\/p>\n<p>Ehitus: Tuuletapiga nurga\u00fchendus<br \/>\nSeina paksus: 44 mm<br \/>\nSeinam\u00f5\u00f5dud: 500&#215;550 cm<br \/>\nP\u00f5randa pindala: 21.97 m2<br \/>\nViiluseina k\u00f5rgus: 302.1 cm<br \/>\nSeina k\u00f5rgus: 205.2 cm<br \/>\nKatuse \u00fcleulatus: 20 cm<br \/>\nKatuse pindala: 34.22 m2<br \/>\nKatusekalle: 21.4\u00b0<br \/>\nUks: 1 x 835 x 1957 mm SGC<br \/>\nAken: 1 x 882 x 882 mm SGC<br \/>\nPakend: 630x118x69 cm, 1467 kg<\/p>\n","protected":false},"featured_media":5080,"template":"","meta":{"inline_featured_image":false},"product_brand":[],"product_cat":[51],"product_tag":[],"class_list":{"0":"post-5079","1":"product","2":"type-product","3":"status-publish","4":"has-post-thumbnail","6":"product_cat-garaazid","8":"first","9":"instock","10":"taxable","11":"shipping-taxable","12":"purchasable","13":"product-type-simple"},"yoast_head":"<!-- This site is optimized with the Yoast SEO plugin v27.3 - https:\/\/yoast.com\/product\/yoast-seo-wordpress\/ -->\n<title>Nevis 21,97m2 - Suveleht<\/title>\n<meta name=\"robots\" content=\"index, follow, max-snippet:-1, max-image-preview:large, max-video-preview:-1\" \/>\n<link rel=\"canonical\" href=\"https:\/\/suveleht.ee\/toode\/nevis-2197m2\/\" \/>\n<meta property=\"og:locale\" content=\"en_US\" \/>\n<meta property=\"og:type\" content=\"article\" \/>\n<meta property=\"og:title\" content=\"Nevis 21,97m2 - Suveleht\" \/>\n<meta property=\"og:description\" content=\"* TASUTA TRANSPORT * Garantii 5 aastat Nevis on L-t\u00e4he kujulise p\u00f5hiplaaniga garaa\u017e \u00fchele s\u00f5idukile, mille mahukas lisaruum v\u00f5imaldab ladustada suuremal hulgal vajalikke aia- ja autotarbeid v\u00f5i teostada tubaseid remondit\u00f6id. K\u00f5rvalukse kohal paiknev varikatus pakub vihmavarju nii endale kui \u00f5ues ladustatavatele esemetele. Majakomplekt sisaldab k\u00f5iki paigaldamiseks vajaminevaid detaile: immutatud alusraam, seinadetailid, katusetalad, katuselauad ja katuseliistud ning avat\u00e4ited. Lisaks on pakis ka kinnitusvahendid (kruvid, naelad jms).  Ehitus: Tuuletapiga nurga\u00fchendus Seina paksus: 44 mm Seinam\u00f5\u00f5dud: 500x550 cm P\u00f5randa pindala: 21.97 m2 Viiluseina k\u00f5rgus: 302.1 cm Seina k\u00f5rgus: 205.2 cm Katuse \u00fcleulatus: 20 cm Katuse pindala: 34.22 m2 Katusekalle: 21.4\u00b0 Uks: 1 x 835 x 1957 mm SGC Aken: 1 x 882 x 882 mm SGC Pakend: 630x118x69 cm, 1467 kg\" \/>\n<meta property=\"og:url\" content=\"https:\/\/suveleht.ee\/toode\/nevis-2197m2\/\" \/>\n<meta property=\"og:site_name\" content=\"Suveleht\" \/>\n<meta property=\"article:modified_time\" content=\"2024-09-18T06:15:11+00:00\" \/>\n<meta property=\"og:image\" content=\"http:\/\/suveleht.ee\/wp-content\/uploads\/2023\/07\/Nevis-taust-1024x683.jpg\" \/>\n\t<meta property=\"og:image:width\" content=\"1024\" \/>\n\t<meta property=\"og:image:height\" content=\"683\" \/>\n\t<meta property=\"og:image:type\" content=\"image\/jpeg\" \/>\n<meta name=\"twitter:card\" content=\"summary_large_image\" \/>\n<meta name=\"twitter:label1\" content=\"Est. reading time\" \/>\n\t<meta name=\"twitter:data1\" content=\"1 minute\" \/>\n<script type=\"application\/ld+json\" class=\"yoast-schema-graph\">{\"@context\":\"https:\\\/\\\/schema.org\",\"@graph\":[{\"@type\":\"WebPage\",\"@id\":\"https:\\\/\\\/suveleht.ee\\\/toode\\\/nevis-2197m2\\\/\",\"url\":\"https:\\\/\\\/suveleht.ee\\\/toode\\\/nevis-2197m2\\\/\",\"name\":\"Nevis 21,97m2 - Suveleht\",\"isPartOf\":{\"@id\":\"https:\\\/\\\/suveleht.ee\\\/#website\"},\"primaryImageOfPage\":{\"@id\":\"https:\\\/\\\/suveleht.ee\\\/toode\\\/nevis-2197m2\\\/#primaryimage\"},\"image\":{\"@id\":\"https:\\\/\\\/suveleht.ee\\\/toode\\\/nevis-2197m2\\\/#primaryimage\"},\"thumbnailUrl\":\"https:\\\/\\\/suveleht.ee\\\/wp-content\\\/uploads\\\/2023\\\/07\\\/Nevis-taust.jpg\",\"datePublished\":\"2023-07-20T18:45:36+00:00\",\"dateModified\":\"2024-09-18T06:15:11+00:00\",\"breadcrumb\":{\"@id\":\"https:\\\/\\\/suveleht.ee\\\/toode\\\/nevis-2197m2\\\/#breadcrumb\"},\"inLanguage\":\"en-US\",\"potentialAction\":[{\"@type\":\"ReadAction\",\"target\":[\"https:\\\/\\\/suveleht.ee\\\/toode\\\/nevis-2197m2\\\/\"]}]},{\"@type\":\"ImageObject\",\"inLanguage\":\"en-US\",\"@id\":\"https:\\\/\\\/suveleht.ee\\\/toode\\\/nevis-2197m2\\\/#primaryimage\",\"url\":\"https:\\\/\\\/suveleht.ee\\\/wp-content\\\/uploads\\\/2023\\\/07\\\/Nevis-taust.jpg\",\"contentUrl\":\"https:\\\/\\\/suveleht.ee\\\/wp-content\\\/uploads\\\/2023\\\/07\\\/Nevis-taust.jpg\",\"width\":2500,\"height\":1667},{\"@type\":\"BreadcrumbList\",\"@id\":\"https:\\\/\\\/suveleht.ee\\\/toode\\\/nevis-2197m2\\\/#breadcrumb\",\"itemListElement\":[{\"@type\":\"ListItem\",\"position\":1,\"name\":\"Home\",\"item\":\"https:\\\/\\\/suveleht.ee\\\/\"},{\"@type\":\"ListItem\",\"position\":2,\"name\":\"Tooted\",\"item\":\"https:\\\/\\\/suveleht.ee\\\/tooted\\\/\"},{\"@type\":\"ListItem\",\"position\":3,\"name\":\"Nevis 21,97m2\"}]},{\"@type\":\"WebSite\",\"@id\":\"https:\\\/\\\/suveleht.ee\\\/#website\",\"url\":\"https:\\\/\\\/suveleht.ee\\\/\",\"name\":\"Suveleht\",\"description\":\"Eestis toodetud aiamajad, m\u00e4nguv\u00e4ljakud ja k\u00fcmblust\u00fcnnid\",\"potentialAction\":[{\"@type\":\"SearchAction\",\"target\":{\"@type\":\"EntryPoint\",\"urlTemplate\":\"https:\\\/\\\/suveleht.ee\\\/?s={search_term_string}\"},\"query-input\":{\"@type\":\"PropertyValueSpecification\",\"valueRequired\":true,\"valueName\":\"search_term_string\"}}],\"inLanguage\":\"en-US\"}]}<\/script>\n<!-- \/ Yoast SEO plugin. -->","yoast_head_json":{"title":"Nevis 21,97m2 - Suveleht","robots":{"index":"index","follow":"follow","max-snippet":"max-snippet:-1","max-image-preview":"max-image-preview:large","max-video-preview":"max-video-preview:-1"},"canonical":"https:\/\/suveleht.ee\/toode\/nevis-2197m2\/","og_locale":"en_US","og_type":"article","og_title":"Nevis 21,97m2 - Suveleht","og_description":"* TASUTA TRANSPORT * Garantii 5 aastat Nevis on L-t\u00e4he kujulise p\u00f5hiplaaniga garaa\u017e \u00fchele s\u00f5idukile, mille mahukas lisaruum v\u00f5imaldab ladustada suuremal hulgal vajalikke aia- ja autotarbeid v\u00f5i teostada tubaseid remondit\u00f6id. K\u00f5rvalukse kohal paiknev varikatus pakub vihmavarju nii endale kui \u00f5ues ladustatavatele esemetele. Majakomplekt sisaldab k\u00f5iki paigaldamiseks vajaminevaid detaile: immutatud alusraam, seinadetailid, katusetalad, katuselauad ja katuseliistud ning avat\u00e4ited. Lisaks on pakis ka kinnitusvahendid (kruvid, naelad jms).  Ehitus: Tuuletapiga nurga\u00fchendus Seina paksus: 44 mm Seinam\u00f5\u00f5dud: 500x550 cm P\u00f5randa pindala: 21.97 m2 Viiluseina k\u00f5rgus: 302.1 cm Seina k\u00f5rgus: 205.2 cm Katuse \u00fcleulatus: 20 cm Katuse pindala: 34.22 m2 Katusekalle: 21.4\u00b0 Uks: 1 x 835 x 1957 mm SGC Aken: 1 x 882 x 882 mm SGC Pakend: 630x118x69 cm, 1467 kg","og_url":"https:\/\/suveleht.ee\/toode\/nevis-2197m2\/","og_site_name":"Suveleht","article_modified_time":"2024-09-18T06:15:11+00:00","og_image":[{"width":1024,"height":683,"url":"http:\/\/suveleht.ee\/wp-content\/uploads\/2023\/07\/Nevis-taust-1024x683.jpg","type":"image\/jpeg"}],"twitter_card":"summary_large_image","twitter_misc":{"Est. reading time":"1 minute"},"schema":{"@context":"https:\/\/schema.org","@graph":[{"@type":"WebPage","@id":"https:\/\/suveleht.ee\/toode\/nevis-2197m2\/","url":"https:\/\/suveleht.ee\/toode\/nevis-2197m2\/","name":"Nevis 21,97m2 - Suveleht","isPartOf":{"@id":"https:\/\/suveleht.ee\/#website"},"primaryImageOfPage":{"@id":"https:\/\/suveleht.ee\/toode\/nevis-2197m2\/#primaryimage"},"image":{"@id":"https:\/\/suveleht.ee\/toode\/nevis-2197m2\/#primaryimage"},"thumbnailUrl":"https:\/\/suveleht.ee\/wp-content\/uploads\/2023\/07\/Nevis-taust.jpg","datePublished":"2023-07-20T18:45:36+00:00","dateModified":"2024-09-18T06:15:11+00:00","breadcrumb":{"@id":"https:\/\/suveleht.ee\/toode\/nevis-2197m2\/#breadcrumb"},"inLanguage":"en-US","potentialAction":[{"@type":"ReadAction","target":["https:\/\/suveleht.ee\/toode\/nevis-2197m2\/"]}]},{"@type":"ImageObject","inLanguage":"en-US","@id":"https:\/\/suveleht.ee\/toode\/nevis-2197m2\/#primaryimage","url":"https:\/\/suveleht.ee\/wp-content\/uploads\/2023\/07\/Nevis-taust.jpg","contentUrl":"https:\/\/suveleht.ee\/wp-content\/uploads\/2023\/07\/Nevis-taust.jpg","width":2500,"height":1667},{"@type":"BreadcrumbList","@id":"https:\/\/suveleht.ee\/toode\/nevis-2197m2\/#breadcrumb","itemListElement":[{"@type":"ListItem","position":1,"name":"Home","item":"https:\/\/suveleht.ee\/"},{"@type":"ListItem","position":2,"name":"Tooted","item":"https:\/\/suveleht.ee\/tooted\/"},{"@type":"ListItem","position":3,"name":"Nevis 21,97m2"}]},{"@type":"WebSite","@id":"https:\/\/suveleht.ee\/#website","url":"https:\/\/suveleht.ee\/","name":"Suveleht","description":"Eestis toodetud aiamajad, m\u00e4nguv\u00e4ljakud ja k\u00fcmblust\u00fcnnid","potentialAction":[{"@type":"SearchAction","target":{"@type":"EntryPoint","urlTemplate":"https:\/\/suveleht.ee\/?s={search_term_string}"},"query-input":{"@type":"PropertyValueSpecification","valueRequired":true,"valueName":"search_term_string"}}],"inLanguage":"en-US"}]}},"_links":{"self":[{"href":"https:\/\/suveleht.ee\/en\/wp-json\/wp\/v2\/product\/5079","targetHints":{"allow":["GET"]}}],"collection":[{"href":"https:\/\/suveleht.ee\/en\/wp-json\/wp\/v2\/product"}],"about":[{"href":"https:\/\/suveleht.ee\/en\/wp-json\/wp\/v2\/types\/product"}],"wp:featuredmedia":[{"embeddable":true,"href":"https:\/\/suveleht.ee\/en\/wp-json\/wp\/v2\/media\/5080"}],"wp:attachment":[{"href":"https:\/\/suveleht.ee\/en\/wp-json\/wp\/v2\/media?parent=5079"}],"wp:term":[{"taxonomy":"product_brand","embeddable":true,"href":"https:\/\/suveleht.ee\/en\/wp-json\/wp\/v2\/product_brand?post=5079"},{"taxonomy":"product_cat","embeddable":true,"href":"https:\/\/suveleht.ee\/en\/wp-json\/wp\/v2\/product_cat?post=5079"},{"taxonomy":"product_tag","embeddable":true,"href":"https:\/\/suveleht.ee\/en\/wp-json\/wp\/v2\/product_tag?post=5079"}],"curies":[{"name":"wp","href":"https:\/\/api.w.org\/{rel}","templated":true}]}}