{"id":5065,"date":"2023-07-20T18:25:34","date_gmt":"2023-07-20T18:25:34","guid":{"rendered":"https:\/\/suveleht.ee\/?post_type=product&#038;p=5065"},"modified":"2026-02-25T10:52:32","modified_gmt":"2026-02-25T10:52:32","slug":"falkland-3206m2","status":"publish","type":"product","link":"https:\/\/suveleht.ee\/en\/toode\/falkland-3206m2\/","title":{"rendered":"Falkland 32,06m2"},"content":{"rendered":"","protected":false},"excerpt":{"rendered":"<p>* TASUTA TRANSPORT<br \/>\n* Garantii 5 aastat<br \/>\nMajakomplekt sisaldab k\u00f5iki paigaldamiseks vajaminevaid detaile: immutatud alusraam, seinadetailid, katusetalad, katuselauad ja katuseliistud ning avat\u00e4ited. Lisaks on pakis ka kinnitusvahendid (kruvid, naelad jms).<\/p>\n<p>Ehitus: Tuuletapiga nurga\u00fchendus<br \/>\nSeina paksus: 44 mm<br \/>\nSeinam\u00f5\u00f5dud: 575&#215;575 cm<br \/>\nP\u00f5randa pindala: 32.06 m2<br \/>\nViiluseina k\u00f5rgus: 313.5 cm<br \/>\nSeina k\u00f5rgus: 222.3 cm<br \/>\nKatuse \u00fcleulatus: 30 cm<br \/>\nKatuse pindala: 41.91 m2<br \/>\nKatusekalle: 17.7\u00b0<br \/>\nUks: 1 x 835 x 1957 mm<br \/>\nAken: 1 x 1290 x 882 mm SGC<br \/>\nPakend: 635x118x78 cm, 1787 kg<\/p>\n","protected":false},"featured_media":5066,"template":"","meta":{"inline_featured_image":false},"product_brand":[],"product_cat":[51],"product_tag":[],"class_list":{"0":"post-5065","1":"product","2":"type-product","3":"status-publish","4":"has-post-thumbnail","6":"product_cat-garaazid","8":"first","9":"instock","10":"taxable","11":"shipping-taxable","12":"purchasable","13":"product-type-simple"},"yoast_head":"<!-- This site is optimized with the Yoast SEO plugin v27.3 - https:\/\/yoast.com\/product\/yoast-seo-wordpress\/ -->\n<title>Falkland 32,06m2 - Suveleht<\/title>\n<meta name=\"robots\" content=\"index, follow, max-snippet:-1, max-image-preview:large, max-video-preview:-1\" \/>\n<link rel=\"canonical\" href=\"https:\/\/suveleht.ee\/toode\/falkland-3206m2\/\" \/>\n<meta property=\"og:locale\" content=\"en_US\" \/>\n<meta property=\"og:type\" content=\"article\" \/>\n<meta property=\"og:title\" content=\"Falkland 32,06m2 - Suveleht\" \/>\n<meta property=\"og:description\" content=\"* TASUTA TRANSPORT * Garantii 5 aastat Majakomplekt sisaldab k\u00f5iki paigaldamiseks vajaminevaid detaile: immutatud alusraam, seinadetailid, katusetalad, katuselauad ja katuseliistud ning avat\u00e4ited. Lisaks on pakis ka kinnitusvahendid (kruvid, naelad jms).  Ehitus: Tuuletapiga nurga\u00fchendus Seina paksus: 44 mm Seinam\u00f5\u00f5dud: 575x575 cm P\u00f5randa pindala: 32.06 m2 Viiluseina k\u00f5rgus: 313.5 cm Seina k\u00f5rgus: 222.3 cm Katuse \u00fcleulatus: 30 cm Katuse pindala: 41.91 m2 Katusekalle: 17.7\u00b0 Uks: 1 x 835 x 1957 mm Aken: 1 x 1290 x 882 mm SGC Pakend: 635x118x78 cm, 1787 kg\" \/>\n<meta property=\"og:url\" content=\"https:\/\/suveleht.ee\/toode\/falkland-3206m2\/\" \/>\n<meta property=\"og:site_name\" content=\"Suveleht\" \/>\n<meta property=\"article:modified_time\" content=\"2026-02-25T10:52:32+00:00\" \/>\n<meta property=\"og:image\" content=\"http:\/\/suveleht.ee\/wp-content\/uploads\/2023\/07\/Falkland-taust-2-1024x683.jpg\" \/>\n\t<meta property=\"og:image:width\" content=\"1024\" \/>\n\t<meta property=\"og:image:height\" content=\"683\" \/>\n\t<meta property=\"og:image:type\" content=\"image\/jpeg\" \/>\n<meta name=\"twitter:card\" content=\"summary_large_image\" \/>\n<meta name=\"twitter:label1\" content=\"Est. reading time\" \/>\n\t<meta name=\"twitter:data1\" content=\"1 minute\" \/>\n<script type=\"application\/ld+json\" class=\"yoast-schema-graph\">{\"@context\":\"https:\\\/\\\/schema.org\",\"@graph\":[{\"@type\":\"WebPage\",\"@id\":\"https:\\\/\\\/suveleht.ee\\\/toode\\\/falkland-3206m2\\\/\",\"url\":\"https:\\\/\\\/suveleht.ee\\\/toode\\\/falkland-3206m2\\\/\",\"name\":\"Falkland 32,06m2 - Suveleht\",\"isPartOf\":{\"@id\":\"https:\\\/\\\/suveleht.ee\\\/#website\"},\"primaryImageOfPage\":{\"@id\":\"https:\\\/\\\/suveleht.ee\\\/toode\\\/falkland-3206m2\\\/#primaryimage\"},\"image\":{\"@id\":\"https:\\\/\\\/suveleht.ee\\\/toode\\\/falkland-3206m2\\\/#primaryimage\"},\"thumbnailUrl\":\"https:\\\/\\\/suveleht.ee\\\/wp-content\\\/uploads\\\/2023\\\/07\\\/Falkland-taust-2.jpg\",\"datePublished\":\"2023-07-20T18:25:34+00:00\",\"dateModified\":\"2026-02-25T10:52:32+00:00\",\"breadcrumb\":{\"@id\":\"https:\\\/\\\/suveleht.ee\\\/toode\\\/falkland-3206m2\\\/#breadcrumb\"},\"inLanguage\":\"en-US\",\"potentialAction\":[{\"@type\":\"ReadAction\",\"target\":[\"https:\\\/\\\/suveleht.ee\\\/toode\\\/falkland-3206m2\\\/\"]}]},{\"@type\":\"ImageObject\",\"inLanguage\":\"en-US\",\"@id\":\"https:\\\/\\\/suveleht.ee\\\/toode\\\/falkland-3206m2\\\/#primaryimage\",\"url\":\"https:\\\/\\\/suveleht.ee\\\/wp-content\\\/uploads\\\/2023\\\/07\\\/Falkland-taust-2.jpg\",\"contentUrl\":\"https:\\\/\\\/suveleht.ee\\\/wp-content\\\/uploads\\\/2023\\\/07\\\/Falkland-taust-2.jpg\",\"width\":2500,\"height\":1667},{\"@type\":\"BreadcrumbList\",\"@id\":\"https:\\\/\\\/suveleht.ee\\\/toode\\\/falkland-3206m2\\\/#breadcrumb\",\"itemListElement\":[{\"@type\":\"ListItem\",\"position\":1,\"name\":\"Home\",\"item\":\"https:\\\/\\\/suveleht.ee\\\/\"},{\"@type\":\"ListItem\",\"position\":2,\"name\":\"Tooted\",\"item\":\"https:\\\/\\\/suveleht.ee\\\/tooted\\\/\"},{\"@type\":\"ListItem\",\"position\":3,\"name\":\"Falkland 32,06m2\"}]},{\"@type\":\"WebSite\",\"@id\":\"https:\\\/\\\/suveleht.ee\\\/#website\",\"url\":\"https:\\\/\\\/suveleht.ee\\\/\",\"name\":\"Suveleht\",\"description\":\"Eestis toodetud aiamajad, m\u00e4nguv\u00e4ljakud ja k\u00fcmblust\u00fcnnid\",\"potentialAction\":[{\"@type\":\"SearchAction\",\"target\":{\"@type\":\"EntryPoint\",\"urlTemplate\":\"https:\\\/\\\/suveleht.ee\\\/?s={search_term_string}\"},\"query-input\":{\"@type\":\"PropertyValueSpecification\",\"valueRequired\":true,\"valueName\":\"search_term_string\"}}],\"inLanguage\":\"en-US\"}]}<\/script>\n<!-- \/ Yoast SEO plugin. -->","yoast_head_json":{"title":"Falkland 32,06m2 - Suveleht","robots":{"index":"index","follow":"follow","max-snippet":"max-snippet:-1","max-image-preview":"max-image-preview:large","max-video-preview":"max-video-preview:-1"},"canonical":"https:\/\/suveleht.ee\/toode\/falkland-3206m2\/","og_locale":"en_US","og_type":"article","og_title":"Falkland 32,06m2 - Suveleht","og_description":"* TASUTA TRANSPORT * Garantii 5 aastat Majakomplekt sisaldab k\u00f5iki paigaldamiseks vajaminevaid detaile: immutatud alusraam, seinadetailid, katusetalad, katuselauad ja katuseliistud ning avat\u00e4ited. Lisaks on pakis ka kinnitusvahendid (kruvid, naelad jms).  Ehitus: Tuuletapiga nurga\u00fchendus Seina paksus: 44 mm Seinam\u00f5\u00f5dud: 575x575 cm P\u00f5randa pindala: 32.06 m2 Viiluseina k\u00f5rgus: 313.5 cm Seina k\u00f5rgus: 222.3 cm Katuse \u00fcleulatus: 30 cm Katuse pindala: 41.91 m2 Katusekalle: 17.7\u00b0 Uks: 1 x 835 x 1957 mm Aken: 1 x 1290 x 882 mm SGC Pakend: 635x118x78 cm, 1787 kg","og_url":"https:\/\/suveleht.ee\/toode\/falkland-3206m2\/","og_site_name":"Suveleht","article_modified_time":"2026-02-25T10:52:32+00:00","og_image":[{"width":1024,"height":683,"url":"http:\/\/suveleht.ee\/wp-content\/uploads\/2023\/07\/Falkland-taust-2-1024x683.jpg","type":"image\/jpeg"}],"twitter_card":"summary_large_image","twitter_misc":{"Est. reading time":"1 minute"},"schema":{"@context":"https:\/\/schema.org","@graph":[{"@type":"WebPage","@id":"https:\/\/suveleht.ee\/toode\/falkland-3206m2\/","url":"https:\/\/suveleht.ee\/toode\/falkland-3206m2\/","name":"Falkland 32,06m2 - Suveleht","isPartOf":{"@id":"https:\/\/suveleht.ee\/#website"},"primaryImageOfPage":{"@id":"https:\/\/suveleht.ee\/toode\/falkland-3206m2\/#primaryimage"},"image":{"@id":"https:\/\/suveleht.ee\/toode\/falkland-3206m2\/#primaryimage"},"thumbnailUrl":"https:\/\/suveleht.ee\/wp-content\/uploads\/2023\/07\/Falkland-taust-2.jpg","datePublished":"2023-07-20T18:25:34+00:00","dateModified":"2026-02-25T10:52:32+00:00","breadcrumb":{"@id":"https:\/\/suveleht.ee\/toode\/falkland-3206m2\/#breadcrumb"},"inLanguage":"en-US","potentialAction":[{"@type":"ReadAction","target":["https:\/\/suveleht.ee\/toode\/falkland-3206m2\/"]}]},{"@type":"ImageObject","inLanguage":"en-US","@id":"https:\/\/suveleht.ee\/toode\/falkland-3206m2\/#primaryimage","url":"https:\/\/suveleht.ee\/wp-content\/uploads\/2023\/07\/Falkland-taust-2.jpg","contentUrl":"https:\/\/suveleht.ee\/wp-content\/uploads\/2023\/07\/Falkland-taust-2.jpg","width":2500,"height":1667},{"@type":"BreadcrumbList","@id":"https:\/\/suveleht.ee\/toode\/falkland-3206m2\/#breadcrumb","itemListElement":[{"@type":"ListItem","position":1,"name":"Home","item":"https:\/\/suveleht.ee\/"},{"@type":"ListItem","position":2,"name":"Tooted","item":"https:\/\/suveleht.ee\/tooted\/"},{"@type":"ListItem","position":3,"name":"Falkland 32,06m2"}]},{"@type":"WebSite","@id":"https:\/\/suveleht.ee\/#website","url":"https:\/\/suveleht.ee\/","name":"Suveleht","description":"Eestis toodetud aiamajad, m\u00e4nguv\u00e4ljakud ja k\u00fcmblust\u00fcnnid","potentialAction":[{"@type":"SearchAction","target":{"@type":"EntryPoint","urlTemplate":"https:\/\/suveleht.ee\/?s={search_term_string}"},"query-input":{"@type":"PropertyValueSpecification","valueRequired":true,"valueName":"search_term_string"}}],"inLanguage":"en-US"}]}},"_links":{"self":[{"href":"https:\/\/suveleht.ee\/en\/wp-json\/wp\/v2\/product\/5065","targetHints":{"allow":["GET"]}}],"collection":[{"href":"https:\/\/suveleht.ee\/en\/wp-json\/wp\/v2\/product"}],"about":[{"href":"https:\/\/suveleht.ee\/en\/wp-json\/wp\/v2\/types\/product"}],"wp:featuredmedia":[{"embeddable":true,"href":"https:\/\/suveleht.ee\/en\/wp-json\/wp\/v2\/media\/5066"}],"wp:attachment":[{"href":"https:\/\/suveleht.ee\/en\/wp-json\/wp\/v2\/media?parent=5065"}],"wp:term":[{"taxonomy":"product_brand","embeddable":true,"href":"https:\/\/suveleht.ee\/en\/wp-json\/wp\/v2\/product_brand?post=5065"},{"taxonomy":"product_cat","embeddable":true,"href":"https:\/\/suveleht.ee\/en\/wp-json\/wp\/v2\/product_cat?post=5065"},{"taxonomy":"product_tag","embeddable":true,"href":"https:\/\/suveleht.ee\/en\/wp-json\/wp\/v2\/product_tag?post=5065"}],"curies":[{"name":"wp","href":"https:\/\/api.w.org\/{rel}","templated":true}]}}