{"id":5057,"date":"2023-07-20T18:07:56","date_gmt":"2023-07-20T18:07:56","guid":{"rendered":"https:\/\/suveleht.ee\/?post_type=product&#038;p=5057"},"modified":"2026-03-01T09:08:58","modified_gmt":"2026-03-01T09:08:58","slug":"bahamas-3459m2","status":"publish","type":"product","link":"https:\/\/suveleht.ee\/en\/toode\/bahamas-3459m2\/","title":{"rendered":"Bahamas 34,59m2"},"content":{"rendered":"","protected":false},"excerpt":{"rendered":"<p>* TASUTA TRANSPORT<br \/>\n* Garantii 5 aastat<br \/>\nBahamasel on ka varjualune, t\u00e4nu millele on v\u00f5imalik mahutada selle garaazi puhul \u00fcks s\u00f5iduauto siseruumi ja teine varjualla. Komplekti kuulub immutatud alusraam, seinadetailid, varjualune, aken, jalguks, garaa\u017eiuks ja montaazivahendid.<\/p>\n<p>Ehitus Kruvitav tappideta nurga\u00fchendus<br \/>\nSeina paksus: 44 mm<br \/>\nSeinam\u00f5\u00f5dud: 660&#215;540 cm<br \/>\nP\u00f5randa pindala: 34.59 m2<br \/>\nViiluseina k\u00f5rgus: 250.8 cm<br \/>\nSeina k\u00f5rgus: 239.4 cm<br \/>\nKatuse \u00fcleulatus: 10 cm<br \/>\nKatuse pindala: 38.1 m2<br \/>\nKatusekalle: 1.2\u00b0<br \/>\nUks: 1 x 835 x 1900 mm, 1 x 2400 x 2052 mm<br \/>\nAken: 1 x 560 x 1780 mm, 2 x 1500 x 410 mm<br \/>\nPakend: 630x118x79 cm 1530 kg<br \/>\n2530x1170x33 cm 135 kg<\/p>\n","protected":false},"featured_media":5058,"template":"","meta":{"inline_featured_image":false},"product_brand":[],"product_cat":[51],"product_tag":[],"class_list":{"0":"post-5057","1":"product","2":"type-product","3":"status-publish","4":"has-post-thumbnail","6":"product_cat-garaazid","8":"first","9":"instock","10":"sale","11":"taxable","12":"shipping-taxable","13":"purchasable","14":"product-type-simple"},"yoast_head":"<!-- This site is optimized with the Yoast SEO plugin v27.3 - https:\/\/yoast.com\/product\/yoast-seo-wordpress\/ -->\n<title>Bahamas 34,59m2 - Suveleht<\/title>\n<meta name=\"robots\" content=\"index, follow, max-snippet:-1, max-image-preview:large, max-video-preview:-1\" \/>\n<link rel=\"canonical\" href=\"https:\/\/suveleht.ee\/toode\/bahamas-3459m2\/\" \/>\n<meta property=\"og:locale\" content=\"en_US\" \/>\n<meta property=\"og:type\" content=\"article\" \/>\n<meta property=\"og:title\" content=\"Bahamas 34,59m2 - Suveleht\" \/>\n<meta property=\"og:description\" content=\"* TASUTA TRANSPORT * Garantii 5 aastat Bahamasel on ka varjualune, t\u00e4nu millele on v\u00f5imalik mahutada selle garaazi puhul \u00fcks s\u00f5iduauto siseruumi ja teine varjualla. Komplekti kuulub immutatud alusraam, seinadetailid, varjualune, aken, jalguks, garaa\u017eiuks ja montaazivahendid.  Ehitus Kruvitav tappideta nurga\u00fchendus Seina paksus: 44 mm Seinam\u00f5\u00f5dud: 660x540 cm P\u00f5randa pindala: 34.59 m2 Viiluseina k\u00f5rgus: 250.8 cm Seina k\u00f5rgus: 239.4 cm Katuse \u00fcleulatus: 10 cm Katuse pindala: 38.1 m2 Katusekalle: 1.2\u00b0 Uks: 1 x 835 x 1900 mm, 1 x 2400 x 2052 mm Aken: 1 x 560 x 1780 mm, 2 x 1500 x 410 mm Pakend: 630x118x79 cm 1530 kg 2530x1170x33 cm 135 kg\" \/>\n<meta property=\"og:url\" content=\"https:\/\/suveleht.ee\/toode\/bahamas-3459m2\/\" \/>\n<meta property=\"og:site_name\" content=\"Suveleht\" \/>\n<meta property=\"article:modified_time\" content=\"2026-03-01T09:08:58+00:00\" \/>\n<meta property=\"og:image\" content=\"http:\/\/suveleht.ee\/wp-content\/uploads\/2023\/07\/Bahamas-taust-scaled.jpg\" \/>\n\t<meta property=\"og:image:width\" content=\"2560\" \/>\n\t<meta property=\"og:image:height\" content=\"1707\" \/>\n\t<meta property=\"og:image:type\" content=\"image\/jpeg\" \/>\n<meta name=\"twitter:card\" content=\"summary_large_image\" \/>\n<meta name=\"twitter:label1\" content=\"Est. reading time\" \/>\n\t<meta name=\"twitter:data1\" content=\"1 minute\" \/>\n<script type=\"application\/ld+json\" class=\"yoast-schema-graph\">{\"@context\":\"https:\\\/\\\/schema.org\",\"@graph\":[{\"@type\":\"WebPage\",\"@id\":\"https:\\\/\\\/suveleht.ee\\\/toode\\\/bahamas-3459m2\\\/\",\"url\":\"https:\\\/\\\/suveleht.ee\\\/toode\\\/bahamas-3459m2\\\/\",\"name\":\"Bahamas 34,59m2 - Suveleht\",\"isPartOf\":{\"@id\":\"https:\\\/\\\/suveleht.ee\\\/#website\"},\"primaryImageOfPage\":{\"@id\":\"https:\\\/\\\/suveleht.ee\\\/toode\\\/bahamas-3459m2\\\/#primaryimage\"},\"image\":{\"@id\":\"https:\\\/\\\/suveleht.ee\\\/toode\\\/bahamas-3459m2\\\/#primaryimage\"},\"thumbnailUrl\":\"https:\\\/\\\/suveleht.ee\\\/wp-content\\\/uploads\\\/2023\\\/07\\\/Bahamas-taust-scaled.jpg\",\"datePublished\":\"2023-07-20T18:07:56+00:00\",\"dateModified\":\"2026-03-01T09:08:58+00:00\",\"breadcrumb\":{\"@id\":\"https:\\\/\\\/suveleht.ee\\\/toode\\\/bahamas-3459m2\\\/#breadcrumb\"},\"inLanguage\":\"en-US\",\"potentialAction\":[{\"@type\":\"ReadAction\",\"target\":[\"https:\\\/\\\/suveleht.ee\\\/toode\\\/bahamas-3459m2\\\/\"]}]},{\"@type\":\"ImageObject\",\"inLanguage\":\"en-US\",\"@id\":\"https:\\\/\\\/suveleht.ee\\\/toode\\\/bahamas-3459m2\\\/#primaryimage\",\"url\":\"https:\\\/\\\/suveleht.ee\\\/wp-content\\\/uploads\\\/2023\\\/07\\\/Bahamas-taust-scaled.jpg\",\"contentUrl\":\"https:\\\/\\\/suveleht.ee\\\/wp-content\\\/uploads\\\/2023\\\/07\\\/Bahamas-taust-scaled.jpg\",\"width\":2560,\"height\":1707},{\"@type\":\"BreadcrumbList\",\"@id\":\"https:\\\/\\\/suveleht.ee\\\/toode\\\/bahamas-3459m2\\\/#breadcrumb\",\"itemListElement\":[{\"@type\":\"ListItem\",\"position\":1,\"name\":\"Home\",\"item\":\"https:\\\/\\\/suveleht.ee\\\/\"},{\"@type\":\"ListItem\",\"position\":2,\"name\":\"Tooted\",\"item\":\"https:\\\/\\\/suveleht.ee\\\/tooted\\\/\"},{\"@type\":\"ListItem\",\"position\":3,\"name\":\"Bahamas 34,59m2\"}]},{\"@type\":\"WebSite\",\"@id\":\"https:\\\/\\\/suveleht.ee\\\/#website\",\"url\":\"https:\\\/\\\/suveleht.ee\\\/\",\"name\":\"Suveleht\",\"description\":\"Eestis toodetud aiamajad, m\u00e4nguv\u00e4ljakud ja k\u00fcmblust\u00fcnnid\",\"potentialAction\":[{\"@type\":\"SearchAction\",\"target\":{\"@type\":\"EntryPoint\",\"urlTemplate\":\"https:\\\/\\\/suveleht.ee\\\/?s={search_term_string}\"},\"query-input\":{\"@type\":\"PropertyValueSpecification\",\"valueRequired\":true,\"valueName\":\"search_term_string\"}}],\"inLanguage\":\"en-US\"}]}<\/script>\n<!-- \/ Yoast SEO plugin. -->","yoast_head_json":{"title":"Bahamas 34,59m2 - Suveleht","robots":{"index":"index","follow":"follow","max-snippet":"max-snippet:-1","max-image-preview":"max-image-preview:large","max-video-preview":"max-video-preview:-1"},"canonical":"https:\/\/suveleht.ee\/toode\/bahamas-3459m2\/","og_locale":"en_US","og_type":"article","og_title":"Bahamas 34,59m2 - Suveleht","og_description":"* TASUTA TRANSPORT * Garantii 5 aastat Bahamasel on ka varjualune, t\u00e4nu millele on v\u00f5imalik mahutada selle garaazi puhul \u00fcks s\u00f5iduauto siseruumi ja teine varjualla. Komplekti kuulub immutatud alusraam, seinadetailid, varjualune, aken, jalguks, garaa\u017eiuks ja montaazivahendid.  Ehitus Kruvitav tappideta nurga\u00fchendus Seina paksus: 44 mm Seinam\u00f5\u00f5dud: 660x540 cm P\u00f5randa pindala: 34.59 m2 Viiluseina k\u00f5rgus: 250.8 cm Seina k\u00f5rgus: 239.4 cm Katuse \u00fcleulatus: 10 cm Katuse pindala: 38.1 m2 Katusekalle: 1.2\u00b0 Uks: 1 x 835 x 1900 mm, 1 x 2400 x 2052 mm Aken: 1 x 560 x 1780 mm, 2 x 1500 x 410 mm Pakend: 630x118x79 cm 1530 kg 2530x1170x33 cm 135 kg","og_url":"https:\/\/suveleht.ee\/toode\/bahamas-3459m2\/","og_site_name":"Suveleht","article_modified_time":"2026-03-01T09:08:58+00:00","og_image":[{"width":2560,"height":1707,"url":"http:\/\/suveleht.ee\/wp-content\/uploads\/2023\/07\/Bahamas-taust-scaled.jpg","type":"image\/jpeg"}],"twitter_card":"summary_large_image","twitter_misc":{"Est. reading time":"1 minute"},"schema":{"@context":"https:\/\/schema.org","@graph":[{"@type":"WebPage","@id":"https:\/\/suveleht.ee\/toode\/bahamas-3459m2\/","url":"https:\/\/suveleht.ee\/toode\/bahamas-3459m2\/","name":"Bahamas 34,59m2 - Suveleht","isPartOf":{"@id":"https:\/\/suveleht.ee\/#website"},"primaryImageOfPage":{"@id":"https:\/\/suveleht.ee\/toode\/bahamas-3459m2\/#primaryimage"},"image":{"@id":"https:\/\/suveleht.ee\/toode\/bahamas-3459m2\/#primaryimage"},"thumbnailUrl":"https:\/\/suveleht.ee\/wp-content\/uploads\/2023\/07\/Bahamas-taust-scaled.jpg","datePublished":"2023-07-20T18:07:56+00:00","dateModified":"2026-03-01T09:08:58+00:00","breadcrumb":{"@id":"https:\/\/suveleht.ee\/toode\/bahamas-3459m2\/#breadcrumb"},"inLanguage":"en-US","potentialAction":[{"@type":"ReadAction","target":["https:\/\/suveleht.ee\/toode\/bahamas-3459m2\/"]}]},{"@type":"ImageObject","inLanguage":"en-US","@id":"https:\/\/suveleht.ee\/toode\/bahamas-3459m2\/#primaryimage","url":"https:\/\/suveleht.ee\/wp-content\/uploads\/2023\/07\/Bahamas-taust-scaled.jpg","contentUrl":"https:\/\/suveleht.ee\/wp-content\/uploads\/2023\/07\/Bahamas-taust-scaled.jpg","width":2560,"height":1707},{"@type":"BreadcrumbList","@id":"https:\/\/suveleht.ee\/toode\/bahamas-3459m2\/#breadcrumb","itemListElement":[{"@type":"ListItem","position":1,"name":"Home","item":"https:\/\/suveleht.ee\/"},{"@type":"ListItem","position":2,"name":"Tooted","item":"https:\/\/suveleht.ee\/tooted\/"},{"@type":"ListItem","position":3,"name":"Bahamas 34,59m2"}]},{"@type":"WebSite","@id":"https:\/\/suveleht.ee\/#website","url":"https:\/\/suveleht.ee\/","name":"Suveleht","description":"Eestis toodetud aiamajad, m\u00e4nguv\u00e4ljakud ja k\u00fcmblust\u00fcnnid","potentialAction":[{"@type":"SearchAction","target":{"@type":"EntryPoint","urlTemplate":"https:\/\/suveleht.ee\/?s={search_term_string}"},"query-input":{"@type":"PropertyValueSpecification","valueRequired":true,"valueName":"search_term_string"}}],"inLanguage":"en-US"}]}},"_links":{"self":[{"href":"https:\/\/suveleht.ee\/en\/wp-json\/wp\/v2\/product\/5057","targetHints":{"allow":["GET"]}}],"collection":[{"href":"https:\/\/suveleht.ee\/en\/wp-json\/wp\/v2\/product"}],"about":[{"href":"https:\/\/suveleht.ee\/en\/wp-json\/wp\/v2\/types\/product"}],"wp:featuredmedia":[{"embeddable":true,"href":"https:\/\/suveleht.ee\/en\/wp-json\/wp\/v2\/media\/5058"}],"wp:attachment":[{"href":"https:\/\/suveleht.ee\/en\/wp-json\/wp\/v2\/media?parent=5057"}],"wp:term":[{"taxonomy":"product_brand","embeddable":true,"href":"https:\/\/suveleht.ee\/en\/wp-json\/wp\/v2\/product_brand?post=5057"},{"taxonomy":"product_cat","embeddable":true,"href":"https:\/\/suveleht.ee\/en\/wp-json\/wp\/v2\/product_cat?post=5057"},{"taxonomy":"product_tag","embeddable":true,"href":"https:\/\/suveleht.ee\/en\/wp-json\/wp\/v2\/product_tag?post=5057"}],"curies":[{"name":"wp","href":"https:\/\/api.w.org\/{rel}","templated":true}]}}