{"id":4934,"date":"2023-06-26T19:20:55","date_gmt":"2023-06-26T19:20:55","guid":{"rendered":"https:\/\/suveleht.ee\/?post_type=product&#038;p=4934"},"modified":"2026-01-28T07:59:08","modified_gmt":"2026-01-28T07:59:08","slug":"dan-99m2","status":"publish","type":"product","link":"https:\/\/suveleht.ee\/en\/toode\/dan-99m2\/","title":{"rendered":"Dan 9,9m2"},"content":{"rendered":"","protected":false},"excerpt":{"rendered":"<p>* TASUTA TRANSPORT<br \/>\n* Garantii 5 aastat<br \/>\nKomplekti kuulub: katus punni ja soonega laudadest, montaa\u017eivahendid, akr\u00fc\u00fclklaas, valmis seinaelemendid.<\/p>\n<p>Ehitus: seinaelement<br \/>\nSeina paksus: 16mm<br \/>\nSeina k\u00f5rgus: 190cm<br \/>\nP\u00f5randa pindala: 9,9m2<br \/>\nKoguk\u00f5rgus: 220cm<br \/>\nRuumala: 19,4m3<br \/>\nKatuse pindala: 12m2<br \/>\nKatusekalle: 15\u00b0<br \/>\nKatuse \u00fcleulatavus: 12cm<br \/>\nKatuselaud: 16mm<br \/>\nP\u00f5randalaud: 16mm<br \/>\nUkseava m\u00f5\u00f5dud: 138x182cm, 75x169cm<br \/>\nAknaava m\u00f5\u00f5dud: 44x44cm<br \/>\nPakend: 1,9&#215;1,2&#215;0,9m, 576kg<\/p>\n","protected":false},"featured_media":4935,"template":"","meta":{"inline_featured_image":false},"product_brand":[],"product_cat":[46],"product_tag":[],"class_list":{"0":"post-4934","1":"product","2":"type-product","3":"status-publish","4":"has-post-thumbnail","6":"product_cat-hoiuruumid","8":"first","9":"instock","10":"taxable","11":"shipping-taxable","12":"purchasable","13":"product-type-simple"},"yoast_head":"<!-- This site is optimized with the Yoast SEO plugin v27.3 - https:\/\/yoast.com\/product\/yoast-seo-wordpress\/ -->\n<title>Dan 9,9m2 - Suveleht<\/title>\n<meta name=\"robots\" content=\"index, follow, max-snippet:-1, max-image-preview:large, max-video-preview:-1\" \/>\n<link rel=\"canonical\" href=\"https:\/\/suveleht.ee\/toode\/dan-99m2\/\" \/>\n<meta property=\"og:locale\" content=\"en_US\" \/>\n<meta property=\"og:type\" content=\"article\" \/>\n<meta property=\"og:title\" content=\"Dan 9,9m2 - Suveleht\" \/>\n<meta property=\"og:description\" content=\"* TASUTA TRANSPORT * Garantii 5 aastat Komplekti kuulub: katus punni ja soonega laudadest, montaa\u017eivahendid, akr\u00fc\u00fclklaas, valmis seinaelemendid.  Ehitus: seinaelement Seina paksus: 16mm Seina k\u00f5rgus: 190cm P\u00f5randa pindala: 9,9m2 Koguk\u00f5rgus: 220cm Ruumala: 19,4m3 Katuse pindala: 12m2 Katusekalle: 15\u00b0 Katuse \u00fcleulatavus: 12cm Katuselaud: 16mm P\u00f5randalaud: 16mm Ukseava m\u00f5\u00f5dud: 138x182cm, 75x169cm Aknaava m\u00f5\u00f5dud: 44x44cm Pakend: 1,9x1,2x0,9m, 576kg\" \/>\n<meta property=\"og:url\" content=\"https:\/\/suveleht.ee\/toode\/dan-99m2\/\" \/>\n<meta property=\"og:site_name\" content=\"Suveleht\" \/>\n<meta property=\"article:modified_time\" content=\"2026-01-28T07:59:08+00:00\" \/>\n<meta property=\"og:image\" content=\"http:\/\/suveleht.ee\/wp-content\/uploads\/2023\/06\/Dan-99-taust.jpg\" \/>\n\t<meta property=\"og:image:width\" content=\"1126\" \/>\n\t<meta property=\"og:image:height\" content=\"837\" \/>\n\t<meta property=\"og:image:type\" content=\"image\/jpeg\" \/>\n<meta name=\"twitter:card\" content=\"summary_large_image\" \/>\n<meta name=\"twitter:label1\" content=\"Est. reading time\" \/>\n\t<meta name=\"twitter:data1\" content=\"1 minute\" \/>\n<script type=\"application\/ld+json\" class=\"yoast-schema-graph\">{\"@context\":\"https:\\\/\\\/schema.org\",\"@graph\":[{\"@type\":\"WebPage\",\"@id\":\"https:\\\/\\\/suveleht.ee\\\/toode\\\/dan-99m2\\\/\",\"url\":\"https:\\\/\\\/suveleht.ee\\\/toode\\\/dan-99m2\\\/\",\"name\":\"Dan 9,9m2 - Suveleht\",\"isPartOf\":{\"@id\":\"https:\\\/\\\/suveleht.ee\\\/#website\"},\"primaryImageOfPage\":{\"@id\":\"https:\\\/\\\/suveleht.ee\\\/toode\\\/dan-99m2\\\/#primaryimage\"},\"image\":{\"@id\":\"https:\\\/\\\/suveleht.ee\\\/toode\\\/dan-99m2\\\/#primaryimage\"},\"thumbnailUrl\":\"https:\\\/\\\/suveleht.ee\\\/wp-content\\\/uploads\\\/2023\\\/06\\\/Dan-99-taust.jpg\",\"datePublished\":\"2023-06-26T19:20:55+00:00\",\"dateModified\":\"2026-01-28T07:59:08+00:00\",\"breadcrumb\":{\"@id\":\"https:\\\/\\\/suveleht.ee\\\/toode\\\/dan-99m2\\\/#breadcrumb\"},\"inLanguage\":\"en-US\",\"potentialAction\":[{\"@type\":\"ReadAction\",\"target\":[\"https:\\\/\\\/suveleht.ee\\\/toode\\\/dan-99m2\\\/\"]}]},{\"@type\":\"ImageObject\",\"inLanguage\":\"en-US\",\"@id\":\"https:\\\/\\\/suveleht.ee\\\/toode\\\/dan-99m2\\\/#primaryimage\",\"url\":\"https:\\\/\\\/suveleht.ee\\\/wp-content\\\/uploads\\\/2023\\\/06\\\/Dan-99-taust.jpg\",\"contentUrl\":\"https:\\\/\\\/suveleht.ee\\\/wp-content\\\/uploads\\\/2023\\\/06\\\/Dan-99-taust.jpg\",\"width\":1126,\"height\":837},{\"@type\":\"BreadcrumbList\",\"@id\":\"https:\\\/\\\/suveleht.ee\\\/toode\\\/dan-99m2\\\/#breadcrumb\",\"itemListElement\":[{\"@type\":\"ListItem\",\"position\":1,\"name\":\"Home\",\"item\":\"https:\\\/\\\/suveleht.ee\\\/\"},{\"@type\":\"ListItem\",\"position\":2,\"name\":\"Tooted\",\"item\":\"https:\\\/\\\/suveleht.ee\\\/tooted\\\/\"},{\"@type\":\"ListItem\",\"position\":3,\"name\":\"Dan 9,9m2\"}]},{\"@type\":\"WebSite\",\"@id\":\"https:\\\/\\\/suveleht.ee\\\/#website\",\"url\":\"https:\\\/\\\/suveleht.ee\\\/\",\"name\":\"Suveleht\",\"description\":\"Eestis toodetud aiamajad, m\u00e4nguv\u00e4ljakud ja k\u00fcmblust\u00fcnnid\",\"potentialAction\":[{\"@type\":\"SearchAction\",\"target\":{\"@type\":\"EntryPoint\",\"urlTemplate\":\"https:\\\/\\\/suveleht.ee\\\/?s={search_term_string}\"},\"query-input\":{\"@type\":\"PropertyValueSpecification\",\"valueRequired\":true,\"valueName\":\"search_term_string\"}}],\"inLanguage\":\"en-US\"}]}<\/script>\n<!-- \/ Yoast SEO plugin. -->","yoast_head_json":{"title":"Dan 9,9m2 - Suveleht","robots":{"index":"index","follow":"follow","max-snippet":"max-snippet:-1","max-image-preview":"max-image-preview:large","max-video-preview":"max-video-preview:-1"},"canonical":"https:\/\/suveleht.ee\/toode\/dan-99m2\/","og_locale":"en_US","og_type":"article","og_title":"Dan 9,9m2 - Suveleht","og_description":"* TASUTA TRANSPORT * Garantii 5 aastat Komplekti kuulub: katus punni ja soonega laudadest, montaa\u017eivahendid, akr\u00fc\u00fclklaas, valmis seinaelemendid.  Ehitus: seinaelement Seina paksus: 16mm Seina k\u00f5rgus: 190cm P\u00f5randa pindala: 9,9m2 Koguk\u00f5rgus: 220cm Ruumala: 19,4m3 Katuse pindala: 12m2 Katusekalle: 15\u00b0 Katuse \u00fcleulatavus: 12cm Katuselaud: 16mm P\u00f5randalaud: 16mm Ukseava m\u00f5\u00f5dud: 138x182cm, 75x169cm Aknaava m\u00f5\u00f5dud: 44x44cm Pakend: 1,9x1,2x0,9m, 576kg","og_url":"https:\/\/suveleht.ee\/toode\/dan-99m2\/","og_site_name":"Suveleht","article_modified_time":"2026-01-28T07:59:08+00:00","og_image":[{"width":1126,"height":837,"url":"http:\/\/suveleht.ee\/wp-content\/uploads\/2023\/06\/Dan-99-taust.jpg","type":"image\/jpeg"}],"twitter_card":"summary_large_image","twitter_misc":{"Est. reading time":"1 minute"},"schema":{"@context":"https:\/\/schema.org","@graph":[{"@type":"WebPage","@id":"https:\/\/suveleht.ee\/toode\/dan-99m2\/","url":"https:\/\/suveleht.ee\/toode\/dan-99m2\/","name":"Dan 9,9m2 - Suveleht","isPartOf":{"@id":"https:\/\/suveleht.ee\/#website"},"primaryImageOfPage":{"@id":"https:\/\/suveleht.ee\/toode\/dan-99m2\/#primaryimage"},"image":{"@id":"https:\/\/suveleht.ee\/toode\/dan-99m2\/#primaryimage"},"thumbnailUrl":"https:\/\/suveleht.ee\/wp-content\/uploads\/2023\/06\/Dan-99-taust.jpg","datePublished":"2023-06-26T19:20:55+00:00","dateModified":"2026-01-28T07:59:08+00:00","breadcrumb":{"@id":"https:\/\/suveleht.ee\/toode\/dan-99m2\/#breadcrumb"},"inLanguage":"en-US","potentialAction":[{"@type":"ReadAction","target":["https:\/\/suveleht.ee\/toode\/dan-99m2\/"]}]},{"@type":"ImageObject","inLanguage":"en-US","@id":"https:\/\/suveleht.ee\/toode\/dan-99m2\/#primaryimage","url":"https:\/\/suveleht.ee\/wp-content\/uploads\/2023\/06\/Dan-99-taust.jpg","contentUrl":"https:\/\/suveleht.ee\/wp-content\/uploads\/2023\/06\/Dan-99-taust.jpg","width":1126,"height":837},{"@type":"BreadcrumbList","@id":"https:\/\/suveleht.ee\/toode\/dan-99m2\/#breadcrumb","itemListElement":[{"@type":"ListItem","position":1,"name":"Home","item":"https:\/\/suveleht.ee\/"},{"@type":"ListItem","position":2,"name":"Tooted","item":"https:\/\/suveleht.ee\/tooted\/"},{"@type":"ListItem","position":3,"name":"Dan 9,9m2"}]},{"@type":"WebSite","@id":"https:\/\/suveleht.ee\/#website","url":"https:\/\/suveleht.ee\/","name":"Suveleht","description":"Eestis toodetud aiamajad, m\u00e4nguv\u00e4ljakud ja k\u00fcmblust\u00fcnnid","potentialAction":[{"@type":"SearchAction","target":{"@type":"EntryPoint","urlTemplate":"https:\/\/suveleht.ee\/?s={search_term_string}"},"query-input":{"@type":"PropertyValueSpecification","valueRequired":true,"valueName":"search_term_string"}}],"inLanguage":"en-US"}]}},"_links":{"self":[{"href":"https:\/\/suveleht.ee\/en\/wp-json\/wp\/v2\/product\/4934","targetHints":{"allow":["GET"]}}],"collection":[{"href":"https:\/\/suveleht.ee\/en\/wp-json\/wp\/v2\/product"}],"about":[{"href":"https:\/\/suveleht.ee\/en\/wp-json\/wp\/v2\/types\/product"}],"wp:featuredmedia":[{"embeddable":true,"href":"https:\/\/suveleht.ee\/en\/wp-json\/wp\/v2\/media\/4935"}],"wp:attachment":[{"href":"https:\/\/suveleht.ee\/en\/wp-json\/wp\/v2\/media?parent=4934"}],"wp:term":[{"taxonomy":"product_brand","embeddable":true,"href":"https:\/\/suveleht.ee\/en\/wp-json\/wp\/v2\/product_brand?post=4934"},{"taxonomy":"product_cat","embeddable":true,"href":"https:\/\/suveleht.ee\/en\/wp-json\/wp\/v2\/product_cat?post=4934"},{"taxonomy":"product_tag","embeddable":true,"href":"https:\/\/suveleht.ee\/en\/wp-json\/wp\/v2\/product_tag?post=4934"}],"curies":[{"name":"wp","href":"https:\/\/api.w.org\/{rel}","templated":true}]}}