{"id":4893,"date":"2023-06-26T08:32:18","date_gmt":"2023-06-26T08:32:18","guid":{"rendered":"https:\/\/suveleht.ee\/?post_type=product&#038;p=4893"},"modified":"2024-03-16T18:11:46","modified_gmt":"2024-03-16T18:11:46","slug":"faaborg-146m2","status":"publish","type":"product","link":"https:\/\/suveleht.ee\/en\/toode\/faaborg-146m2\/","title":{"rendered":"Faaborg 14,6m2"},"content":{"rendered":"","protected":false},"excerpt":{"rendered":"<p>* TASUTA TRANSPORT<\/p>\n<p>Lao t\u00fchjendusm\u00fc\u00fck! Tegu on pikalt v\u00e4lilaos seisnud vana tootega, v\u00f5ib esineda defekte, niiskus- ja muid kahjustusi. WOOD 2 O\u00dc ei vastuta t\u00fchjendusm\u00fc\u00fcgi toodete defektide ja kahjustuste eest.<\/p>\n<p>Ehitus: tapp<br \/>\nSeina paksus: 40mm<br \/>\nSeina k\u00f5rgus: 228cm<br \/>\nP\u00f5randa pindala: 14,6m2<br \/>\nKogu k\u00f5rgus: 302cm<br \/>\nRuumala: 39,3m3<br \/>\nKatuse \u00fcleulatus: 122cm<br \/>\nKatuse pindala: 24,8m2<br \/>\nKatusekalle: 18\u00b0<br \/>\nP\u00f5randalaud: 19mm<br \/>\nUkseava m\u00f5\u00f5dud: 151x186cm<br \/>\nAknaava m\u00f5\u00f5dud: 44x157cm<br \/>\nPakend: 6,0&#215;1,2&#215;0,7m, 1300kg<\/p>\n","protected":false},"featured_media":4894,"template":"","meta":{"inline_featured_image":false},"product_brand":[],"product_cat":[45],"product_tag":[],"class_list":{"0":"post-4893","1":"product","2":"type-product","3":"status-publish","4":"has-post-thumbnail","6":"product_cat-aiamajad","8":"first","9":"instock","10":"sale","11":"taxable","12":"shipping-taxable","13":"purchasable","14":"product-type-simple"},"yoast_head":"<!-- This site is optimized with the Yoast SEO plugin v27.3 - https:\/\/yoast.com\/product\/yoast-seo-wordpress\/ -->\n<title>Faaborg 14,6m2 - Suveleht<\/title>\n<meta name=\"robots\" content=\"index, follow, max-snippet:-1, max-image-preview:large, max-video-preview:-1\" \/>\n<link rel=\"canonical\" href=\"https:\/\/suveleht.ee\/toode\/faaborg-146m2\/\" \/>\n<meta property=\"og:locale\" content=\"en_US\" \/>\n<meta property=\"og:type\" content=\"article\" \/>\n<meta property=\"og:title\" content=\"Faaborg 14,6m2 - Suveleht\" \/>\n<meta property=\"og:description\" content=\"* TASUTA TRANSPORT  Lao t\u00fchjendusm\u00fc\u00fck! Tegu on pikalt v\u00e4lilaos seisnud vana tootega, v\u00f5ib esineda defekte, niiskus- ja muid kahjustusi. WOOD 2 O\u00dc ei vastuta t\u00fchjendusm\u00fc\u00fcgi toodete defektide ja kahjustuste eest.  Ehitus: tapp Seina paksus: 40mm Seina k\u00f5rgus: 228cm P\u00f5randa pindala: 14,6m2 Kogu k\u00f5rgus: 302cm Ruumala: 39,3m3 Katuse \u00fcleulatus: 122cm Katuse pindala: 24,8m2 Katusekalle: 18\u00b0 P\u00f5randalaud: 19mm Ukseava m\u00f5\u00f5dud: 151x186cm Aknaava m\u00f5\u00f5dud: 44x157cm Pakend: 6,0x1,2x0,7m, 1300kg\" \/>\n<meta property=\"og:url\" content=\"https:\/\/suveleht.ee\/toode\/faaborg-146m2\/\" \/>\n<meta property=\"og:site_name\" content=\"Suveleht\" \/>\n<meta property=\"article:modified_time\" content=\"2024-03-16T18:11:46+00:00\" \/>\n<meta property=\"og:image\" content=\"http:\/\/suveleht.ee\/wp-content\/uploads\/2023\/06\/Faaborg_14.6_m2_visual.jpeg\" \/>\n\t<meta property=\"og:image:width\" content=\"2000\" \/>\n\t<meta property=\"og:image:height\" content=\"1500\" \/>\n\t<meta property=\"og:image:type\" content=\"image\/jpeg\" \/>\n<meta name=\"twitter:card\" content=\"summary_large_image\" \/>\n<meta name=\"twitter:label1\" content=\"Est. reading time\" \/>\n\t<meta name=\"twitter:data1\" content=\"1 minute\" \/>\n<script type=\"application\/ld+json\" class=\"yoast-schema-graph\">{\"@context\":\"https:\\\/\\\/schema.org\",\"@graph\":[{\"@type\":\"WebPage\",\"@id\":\"https:\\\/\\\/suveleht.ee\\\/toode\\\/faaborg-146m2\\\/\",\"url\":\"https:\\\/\\\/suveleht.ee\\\/toode\\\/faaborg-146m2\\\/\",\"name\":\"Faaborg 14,6m2 - Suveleht\",\"isPartOf\":{\"@id\":\"https:\\\/\\\/suveleht.ee\\\/#website\"},\"primaryImageOfPage\":{\"@id\":\"https:\\\/\\\/suveleht.ee\\\/toode\\\/faaborg-146m2\\\/#primaryimage\"},\"image\":{\"@id\":\"https:\\\/\\\/suveleht.ee\\\/toode\\\/faaborg-146m2\\\/#primaryimage\"},\"thumbnailUrl\":\"https:\\\/\\\/suveleht.ee\\\/wp-content\\\/uploads\\\/2023\\\/06\\\/Faaborg_14.6_m2_visual.jpeg\",\"datePublished\":\"2023-06-26T08:32:18+00:00\",\"dateModified\":\"2024-03-16T18:11:46+00:00\",\"breadcrumb\":{\"@id\":\"https:\\\/\\\/suveleht.ee\\\/toode\\\/faaborg-146m2\\\/#breadcrumb\"},\"inLanguage\":\"en-US\",\"potentialAction\":[{\"@type\":\"ReadAction\",\"target\":[\"https:\\\/\\\/suveleht.ee\\\/toode\\\/faaborg-146m2\\\/\"]}]},{\"@type\":\"ImageObject\",\"inLanguage\":\"en-US\",\"@id\":\"https:\\\/\\\/suveleht.ee\\\/toode\\\/faaborg-146m2\\\/#primaryimage\",\"url\":\"https:\\\/\\\/suveleht.ee\\\/wp-content\\\/uploads\\\/2023\\\/06\\\/Faaborg_14.6_m2_visual.jpeg\",\"contentUrl\":\"https:\\\/\\\/suveleht.ee\\\/wp-content\\\/uploads\\\/2023\\\/06\\\/Faaborg_14.6_m2_visual.jpeg\",\"width\":2000,\"height\":1500},{\"@type\":\"BreadcrumbList\",\"@id\":\"https:\\\/\\\/suveleht.ee\\\/toode\\\/faaborg-146m2\\\/#breadcrumb\",\"itemListElement\":[{\"@type\":\"ListItem\",\"position\":1,\"name\":\"Home\",\"item\":\"https:\\\/\\\/suveleht.ee\\\/\"},{\"@type\":\"ListItem\",\"position\":2,\"name\":\"Tooted\",\"item\":\"https:\\\/\\\/suveleht.ee\\\/tooted\\\/\"},{\"@type\":\"ListItem\",\"position\":3,\"name\":\"Faaborg 14,6m2\"}]},{\"@type\":\"WebSite\",\"@id\":\"https:\\\/\\\/suveleht.ee\\\/#website\",\"url\":\"https:\\\/\\\/suveleht.ee\\\/\",\"name\":\"Suveleht\",\"description\":\"Eestis toodetud aiamajad, m\u00e4nguv\u00e4ljakud ja k\u00fcmblust\u00fcnnid\",\"potentialAction\":[{\"@type\":\"SearchAction\",\"target\":{\"@type\":\"EntryPoint\",\"urlTemplate\":\"https:\\\/\\\/suveleht.ee\\\/?s={search_term_string}\"},\"query-input\":{\"@type\":\"PropertyValueSpecification\",\"valueRequired\":true,\"valueName\":\"search_term_string\"}}],\"inLanguage\":\"en-US\"}]}<\/script>\n<!-- \/ Yoast SEO plugin. -->","yoast_head_json":{"title":"Faaborg 14,6m2 - Suveleht","robots":{"index":"index","follow":"follow","max-snippet":"max-snippet:-1","max-image-preview":"max-image-preview:large","max-video-preview":"max-video-preview:-1"},"canonical":"https:\/\/suveleht.ee\/toode\/faaborg-146m2\/","og_locale":"en_US","og_type":"article","og_title":"Faaborg 14,6m2 - Suveleht","og_description":"* TASUTA TRANSPORT  Lao t\u00fchjendusm\u00fc\u00fck! Tegu on pikalt v\u00e4lilaos seisnud vana tootega, v\u00f5ib esineda defekte, niiskus- ja muid kahjustusi. WOOD 2 O\u00dc ei vastuta t\u00fchjendusm\u00fc\u00fcgi toodete defektide ja kahjustuste eest.  Ehitus: tapp Seina paksus: 40mm Seina k\u00f5rgus: 228cm P\u00f5randa pindala: 14,6m2 Kogu k\u00f5rgus: 302cm Ruumala: 39,3m3 Katuse \u00fcleulatus: 122cm Katuse pindala: 24,8m2 Katusekalle: 18\u00b0 P\u00f5randalaud: 19mm Ukseava m\u00f5\u00f5dud: 151x186cm Aknaava m\u00f5\u00f5dud: 44x157cm Pakend: 6,0x1,2x0,7m, 1300kg","og_url":"https:\/\/suveleht.ee\/toode\/faaborg-146m2\/","og_site_name":"Suveleht","article_modified_time":"2024-03-16T18:11:46+00:00","og_image":[{"width":2000,"height":1500,"url":"http:\/\/suveleht.ee\/wp-content\/uploads\/2023\/06\/Faaborg_14.6_m2_visual.jpeg","type":"image\/jpeg"}],"twitter_card":"summary_large_image","twitter_misc":{"Est. reading time":"1 minute"},"schema":{"@context":"https:\/\/schema.org","@graph":[{"@type":"WebPage","@id":"https:\/\/suveleht.ee\/toode\/faaborg-146m2\/","url":"https:\/\/suveleht.ee\/toode\/faaborg-146m2\/","name":"Faaborg 14,6m2 - Suveleht","isPartOf":{"@id":"https:\/\/suveleht.ee\/#website"},"primaryImageOfPage":{"@id":"https:\/\/suveleht.ee\/toode\/faaborg-146m2\/#primaryimage"},"image":{"@id":"https:\/\/suveleht.ee\/toode\/faaborg-146m2\/#primaryimage"},"thumbnailUrl":"https:\/\/suveleht.ee\/wp-content\/uploads\/2023\/06\/Faaborg_14.6_m2_visual.jpeg","datePublished":"2023-06-26T08:32:18+00:00","dateModified":"2024-03-16T18:11:46+00:00","breadcrumb":{"@id":"https:\/\/suveleht.ee\/toode\/faaborg-146m2\/#breadcrumb"},"inLanguage":"en-US","potentialAction":[{"@type":"ReadAction","target":["https:\/\/suveleht.ee\/toode\/faaborg-146m2\/"]}]},{"@type":"ImageObject","inLanguage":"en-US","@id":"https:\/\/suveleht.ee\/toode\/faaborg-146m2\/#primaryimage","url":"https:\/\/suveleht.ee\/wp-content\/uploads\/2023\/06\/Faaborg_14.6_m2_visual.jpeg","contentUrl":"https:\/\/suveleht.ee\/wp-content\/uploads\/2023\/06\/Faaborg_14.6_m2_visual.jpeg","width":2000,"height":1500},{"@type":"BreadcrumbList","@id":"https:\/\/suveleht.ee\/toode\/faaborg-146m2\/#breadcrumb","itemListElement":[{"@type":"ListItem","position":1,"name":"Home","item":"https:\/\/suveleht.ee\/"},{"@type":"ListItem","position":2,"name":"Tooted","item":"https:\/\/suveleht.ee\/tooted\/"},{"@type":"ListItem","position":3,"name":"Faaborg 14,6m2"}]},{"@type":"WebSite","@id":"https:\/\/suveleht.ee\/#website","url":"https:\/\/suveleht.ee\/","name":"Suveleht","description":"Eestis toodetud aiamajad, m\u00e4nguv\u00e4ljakud ja k\u00fcmblust\u00fcnnid","potentialAction":[{"@type":"SearchAction","target":{"@type":"EntryPoint","urlTemplate":"https:\/\/suveleht.ee\/?s={search_term_string}"},"query-input":{"@type":"PropertyValueSpecification","valueRequired":true,"valueName":"search_term_string"}}],"inLanguage":"en-US"}]}},"_links":{"self":[{"href":"https:\/\/suveleht.ee\/en\/wp-json\/wp\/v2\/product\/4893","targetHints":{"allow":["GET"]}}],"collection":[{"href":"https:\/\/suveleht.ee\/en\/wp-json\/wp\/v2\/product"}],"about":[{"href":"https:\/\/suveleht.ee\/en\/wp-json\/wp\/v2\/types\/product"}],"wp:featuredmedia":[{"embeddable":true,"href":"https:\/\/suveleht.ee\/en\/wp-json\/wp\/v2\/media\/4894"}],"wp:attachment":[{"href":"https:\/\/suveleht.ee\/en\/wp-json\/wp\/v2\/media?parent=4893"}],"wp:term":[{"taxonomy":"product_brand","embeddable":true,"href":"https:\/\/suveleht.ee\/en\/wp-json\/wp\/v2\/product_brand?post=4893"},{"taxonomy":"product_cat","embeddable":true,"href":"https:\/\/suveleht.ee\/en\/wp-json\/wp\/v2\/product_cat?post=4893"},{"taxonomy":"product_tag","embeddable":true,"href":"https:\/\/suveleht.ee\/en\/wp-json\/wp\/v2\/product_tag?post=4893"}],"curies":[{"name":"wp","href":"https:\/\/api.w.org\/{rel}","templated":true}]}}