{"id":4612,"date":"2023-06-04T18:23:11","date_gmt":"2023-06-04T18:23:11","guid":{"rendered":"https:\/\/suveleht.ee\/?post_type=product&#038;p=4612"},"modified":"2026-01-28T08:32:41","modified_gmt":"2026-01-28T08:32:41","slug":"betty-90m2","status":"publish","type":"product","link":"https:\/\/suveleht.ee\/en\/toode\/betty-90m2\/","title":{"rendered":"Betty 9,0m2"},"content":{"rendered":"","protected":false},"excerpt":{"rendered":"<p>* TASUTA TRANSPORT<br \/>\n* Garantii 5 aastat<br \/>\nKomplektis k\u00f5ik paigalduskes vajalik: punni ja soonega katuselauad, liimpuidust postid, montaa\u017eivahendid. Katusekate ei kuulu komplekti.<\/p>\n<p>Posti paksus: 120&#215;120 mm<br \/>\nKatuselaud: 19mm<br \/>\nSeinam\u00f5\u00f5dud: 300&#215;300 cm<br \/>\nP\u00f5randa pindala: 9,0 m2<br \/>\nRuumala: 21,9m3<br \/>\nKogu k\u00f5rgus: 323 cm<br \/>\nSeina k\u00f5rgus: 223 cm<br \/>\nKatuse \u00fcleulatus: 43 cm<br \/>\nKatuse pindala: 15,4 m2<br \/>\nKatusekalle: 25\u00b0<br \/>\nPakend: 450x120x50 cm 649 kg<\/p>\n","protected":false},"featured_media":4727,"template":"","meta":{"inline_featured_image":false},"product_brand":[],"product_cat":[50],"product_tag":[],"class_list":{"0":"post-4612","1":"product","2":"type-product","3":"status-publish","4":"has-post-thumbnail","6":"product_cat-paviljonid","8":"first","9":"instock","10":"taxable","11":"shipping-taxable","12":"purchasable","13":"product-type-simple"},"yoast_head":"<!-- This site is optimized with the Yoast SEO plugin v27.3 - https:\/\/yoast.com\/product\/yoast-seo-wordpress\/ -->\n<title>Betty 9,0m2 - Suveleht<\/title>\n<meta name=\"robots\" content=\"index, follow, max-snippet:-1, max-image-preview:large, max-video-preview:-1\" \/>\n<link rel=\"canonical\" href=\"https:\/\/suveleht.ee\/toode\/betty-90m2\/\" \/>\n<meta property=\"og:locale\" content=\"en_US\" \/>\n<meta property=\"og:type\" content=\"article\" \/>\n<meta property=\"og:title\" content=\"Betty 9,0m2 - Suveleht\" \/>\n<meta property=\"og:description\" content=\"* TASUTA TRANSPORT * Garantii 5 aastat Komplektis k\u00f5ik paigalduskes vajalik: punni ja soonega katuselauad, liimpuidust postid, montaa\u017eivahendid. Katusekate ei kuulu komplekti.  Posti paksus: 120x120 mm Katuselaud: 19mm Seinam\u00f5\u00f5dud: 300x300 cm P\u00f5randa pindala: 9,0 m2 Ruumala: 21,9m3 Kogu k\u00f5rgus: 323 cm Seina k\u00f5rgus: 223 cm Katuse \u00fcleulatus: 43 cm Katuse pindala: 15,4 m2 Katusekalle: 25\u00b0 Pakend: 450x120x50 cm 649 kg\" \/>\n<meta property=\"og:url\" content=\"https:\/\/suveleht.ee\/toode\/betty-90m2\/\" \/>\n<meta property=\"og:site_name\" content=\"Suveleht\" \/>\n<meta property=\"article:modified_time\" content=\"2026-01-28T08:32:41+00:00\" \/>\n<meta property=\"og:image\" content=\"http:\/\/suveleht.ee\/wp-content\/uploads\/2023\/06\/Betty-9.0-taust-1.jpg\" \/>\n\t<meta property=\"og:image:width\" content=\"1046\" \/>\n\t<meta property=\"og:image:height\" content=\"837\" \/>\n\t<meta property=\"og:image:type\" content=\"image\/jpeg\" \/>\n<meta name=\"twitter:card\" content=\"summary_large_image\" \/>\n<meta name=\"twitter:label1\" content=\"Est. reading time\" \/>\n\t<meta name=\"twitter:data1\" content=\"1 minute\" \/>\n<script type=\"application\/ld+json\" class=\"yoast-schema-graph\">{\"@context\":\"https:\\\/\\\/schema.org\",\"@graph\":[{\"@type\":\"WebPage\",\"@id\":\"https:\\\/\\\/suveleht.ee\\\/toode\\\/betty-90m2\\\/\",\"url\":\"https:\\\/\\\/suveleht.ee\\\/toode\\\/betty-90m2\\\/\",\"name\":\"Betty 9,0m2 - Suveleht\",\"isPartOf\":{\"@id\":\"https:\\\/\\\/suveleht.ee\\\/#website\"},\"primaryImageOfPage\":{\"@id\":\"https:\\\/\\\/suveleht.ee\\\/toode\\\/betty-90m2\\\/#primaryimage\"},\"image\":{\"@id\":\"https:\\\/\\\/suveleht.ee\\\/toode\\\/betty-90m2\\\/#primaryimage\"},\"thumbnailUrl\":\"https:\\\/\\\/suveleht.ee\\\/wp-content\\\/uploads\\\/2023\\\/06\\\/Betty-9.0-taust-1.jpg\",\"datePublished\":\"2023-06-04T18:23:11+00:00\",\"dateModified\":\"2026-01-28T08:32:41+00:00\",\"breadcrumb\":{\"@id\":\"https:\\\/\\\/suveleht.ee\\\/toode\\\/betty-90m2\\\/#breadcrumb\"},\"inLanguage\":\"en-US\",\"potentialAction\":[{\"@type\":\"ReadAction\",\"target\":[\"https:\\\/\\\/suveleht.ee\\\/toode\\\/betty-90m2\\\/\"]}]},{\"@type\":\"ImageObject\",\"inLanguage\":\"en-US\",\"@id\":\"https:\\\/\\\/suveleht.ee\\\/toode\\\/betty-90m2\\\/#primaryimage\",\"url\":\"https:\\\/\\\/suveleht.ee\\\/wp-content\\\/uploads\\\/2023\\\/06\\\/Betty-9.0-taust-1.jpg\",\"contentUrl\":\"https:\\\/\\\/suveleht.ee\\\/wp-content\\\/uploads\\\/2023\\\/06\\\/Betty-9.0-taust-1.jpg\",\"width\":1046,\"height\":837},{\"@type\":\"BreadcrumbList\",\"@id\":\"https:\\\/\\\/suveleht.ee\\\/toode\\\/betty-90m2\\\/#breadcrumb\",\"itemListElement\":[{\"@type\":\"ListItem\",\"position\":1,\"name\":\"Home\",\"item\":\"https:\\\/\\\/suveleht.ee\\\/\"},{\"@type\":\"ListItem\",\"position\":2,\"name\":\"Tooted\",\"item\":\"https:\\\/\\\/suveleht.ee\\\/tooted\\\/\"},{\"@type\":\"ListItem\",\"position\":3,\"name\":\"Betty 9,0m2\"}]},{\"@type\":\"WebSite\",\"@id\":\"https:\\\/\\\/suveleht.ee\\\/#website\",\"url\":\"https:\\\/\\\/suveleht.ee\\\/\",\"name\":\"Suveleht\",\"description\":\"Eestis toodetud aiamajad, m\u00e4nguv\u00e4ljakud ja k\u00fcmblust\u00fcnnid\",\"potentialAction\":[{\"@type\":\"SearchAction\",\"target\":{\"@type\":\"EntryPoint\",\"urlTemplate\":\"https:\\\/\\\/suveleht.ee\\\/?s={search_term_string}\"},\"query-input\":{\"@type\":\"PropertyValueSpecification\",\"valueRequired\":true,\"valueName\":\"search_term_string\"}}],\"inLanguage\":\"en-US\"}]}<\/script>\n<!-- \/ Yoast SEO plugin. -->","yoast_head_json":{"title":"Betty 9,0m2 - Suveleht","robots":{"index":"index","follow":"follow","max-snippet":"max-snippet:-1","max-image-preview":"max-image-preview:large","max-video-preview":"max-video-preview:-1"},"canonical":"https:\/\/suveleht.ee\/toode\/betty-90m2\/","og_locale":"en_US","og_type":"article","og_title":"Betty 9,0m2 - Suveleht","og_description":"* TASUTA TRANSPORT * Garantii 5 aastat Komplektis k\u00f5ik paigalduskes vajalik: punni ja soonega katuselauad, liimpuidust postid, montaa\u017eivahendid. Katusekate ei kuulu komplekti.  Posti paksus: 120x120 mm Katuselaud: 19mm Seinam\u00f5\u00f5dud: 300x300 cm P\u00f5randa pindala: 9,0 m2 Ruumala: 21,9m3 Kogu k\u00f5rgus: 323 cm Seina k\u00f5rgus: 223 cm Katuse \u00fcleulatus: 43 cm Katuse pindala: 15,4 m2 Katusekalle: 25\u00b0 Pakend: 450x120x50 cm 649 kg","og_url":"https:\/\/suveleht.ee\/toode\/betty-90m2\/","og_site_name":"Suveleht","article_modified_time":"2026-01-28T08:32:41+00:00","og_image":[{"width":1046,"height":837,"url":"http:\/\/suveleht.ee\/wp-content\/uploads\/2023\/06\/Betty-9.0-taust-1.jpg","type":"image\/jpeg"}],"twitter_card":"summary_large_image","twitter_misc":{"Est. reading time":"1 minute"},"schema":{"@context":"https:\/\/schema.org","@graph":[{"@type":"WebPage","@id":"https:\/\/suveleht.ee\/toode\/betty-90m2\/","url":"https:\/\/suveleht.ee\/toode\/betty-90m2\/","name":"Betty 9,0m2 - Suveleht","isPartOf":{"@id":"https:\/\/suveleht.ee\/#website"},"primaryImageOfPage":{"@id":"https:\/\/suveleht.ee\/toode\/betty-90m2\/#primaryimage"},"image":{"@id":"https:\/\/suveleht.ee\/toode\/betty-90m2\/#primaryimage"},"thumbnailUrl":"https:\/\/suveleht.ee\/wp-content\/uploads\/2023\/06\/Betty-9.0-taust-1.jpg","datePublished":"2023-06-04T18:23:11+00:00","dateModified":"2026-01-28T08:32:41+00:00","breadcrumb":{"@id":"https:\/\/suveleht.ee\/toode\/betty-90m2\/#breadcrumb"},"inLanguage":"en-US","potentialAction":[{"@type":"ReadAction","target":["https:\/\/suveleht.ee\/toode\/betty-90m2\/"]}]},{"@type":"ImageObject","inLanguage":"en-US","@id":"https:\/\/suveleht.ee\/toode\/betty-90m2\/#primaryimage","url":"https:\/\/suveleht.ee\/wp-content\/uploads\/2023\/06\/Betty-9.0-taust-1.jpg","contentUrl":"https:\/\/suveleht.ee\/wp-content\/uploads\/2023\/06\/Betty-9.0-taust-1.jpg","width":1046,"height":837},{"@type":"BreadcrumbList","@id":"https:\/\/suveleht.ee\/toode\/betty-90m2\/#breadcrumb","itemListElement":[{"@type":"ListItem","position":1,"name":"Home","item":"https:\/\/suveleht.ee\/"},{"@type":"ListItem","position":2,"name":"Tooted","item":"https:\/\/suveleht.ee\/tooted\/"},{"@type":"ListItem","position":3,"name":"Betty 9,0m2"}]},{"@type":"WebSite","@id":"https:\/\/suveleht.ee\/#website","url":"https:\/\/suveleht.ee\/","name":"Suveleht","description":"Eestis toodetud aiamajad, m\u00e4nguv\u00e4ljakud ja k\u00fcmblust\u00fcnnid","potentialAction":[{"@type":"SearchAction","target":{"@type":"EntryPoint","urlTemplate":"https:\/\/suveleht.ee\/?s={search_term_string}"},"query-input":{"@type":"PropertyValueSpecification","valueRequired":true,"valueName":"search_term_string"}}],"inLanguage":"en-US"}]}},"_links":{"self":[{"href":"https:\/\/suveleht.ee\/en\/wp-json\/wp\/v2\/product\/4612","targetHints":{"allow":["GET"]}}],"collection":[{"href":"https:\/\/suveleht.ee\/en\/wp-json\/wp\/v2\/product"}],"about":[{"href":"https:\/\/suveleht.ee\/en\/wp-json\/wp\/v2\/types\/product"}],"wp:featuredmedia":[{"embeddable":true,"href":"https:\/\/suveleht.ee\/en\/wp-json\/wp\/v2\/media\/4727"}],"wp:attachment":[{"href":"https:\/\/suveleht.ee\/en\/wp-json\/wp\/v2\/media?parent=4612"}],"wp:term":[{"taxonomy":"product_brand","embeddable":true,"href":"https:\/\/suveleht.ee\/en\/wp-json\/wp\/v2\/product_brand?post=4612"},{"taxonomy":"product_cat","embeddable":true,"href":"https:\/\/suveleht.ee\/en\/wp-json\/wp\/v2\/product_cat?post=4612"},{"taxonomy":"product_tag","embeddable":true,"href":"https:\/\/suveleht.ee\/en\/wp-json\/wp\/v2\/product_tag?post=4612"}],"curies":[{"name":"wp","href":"https:\/\/api.w.org\/{rel}","templated":true}]}}