{"id":4610,"date":"2023-06-04T18:23:11","date_gmt":"2023-06-04T18:23:11","guid":{"rendered":"https:\/\/suveleht.ee\/?post_type=product&#038;p=4610"},"modified":"2026-02-25T11:27:25","modified_gmt":"2026-02-25T11:27:25","slug":"sardinia3-1185m2","status":"publish","type":"product","link":"https:\/\/suveleht.ee\/en\/toode\/sardinia3-1185m2\/","title":{"rendered":"Sardinia3 11,85m2"},"content":{"rendered":"","protected":false},"excerpt":{"rendered":"<p>* TASUTA TRANSPORT<br \/>\n* Garantii 5 aastat<br \/>\n* V\u00f5imalik valida nelja viimistluse vahel: helehall, tumehall, punane, viimistlemata.<br \/>\nSardiania mudelid sobivad h\u00e4sti ka ridaelamute kitsastesse aedadesse. Sardinia mudelid on varustatud kvaliteetsete vastupidavate alumiiniumraamiga uste ja akendega. Selle sarja majadel on kruvinurk\u00fchendus, komplektis immutatud raam, p\u00f5randalauad, seinad, uks ja aken, katusetalad ja -lauad ja montaa\u017eikott. Katusekattematerjali saab juurde soetada.<\/p>\n<p>Ehitus: Kruvitav tappideta nurga\u00fchendus<br \/>\nSeina paksus: 44 mm<br \/>\nSeinam\u00f5\u00f5dud: 500&#215;250 cm<br \/>\nP\u00f5randa pindala: 11.85 m2<br \/>\nViiluseina k\u00f5rgus: 239.4 cm<br \/>\nSeina k\u00f5rgus: 239.4 cm<br \/>\nKatuse \u00fcleulatus: 0 cm<br \/>\nKatuse pindala: 12.27 m2<br \/>\nKatusekalle: 3\u00b0<br \/>\nUks:<br \/>\n1 x 1588 x 1980 mm<br \/>\n1 x 835 x 1900 mm TP+<br \/>\nAken: 1 x 1200 x 470 mm<br \/>\nPakend: 510x118x65 cm 1056 kg<br \/>\n200x118x50 cm 319 kg<\/p>\n","protected":false},"featured_media":4715,"template":"","meta":{"inline_featured_image":false},"product_brand":[],"product_cat":[45,48],"product_tag":[],"class_list":{"0":"post-4610","1":"product","2":"type-product","3":"status-publish","4":"has-post-thumbnail","6":"product_cat-aiamajad","7":"product_cat-modernsed-aiamajad","9":"first","10":"instock","11":"taxable","12":"shipping-taxable","13":"purchasable","14":"product-type-variable"},"yoast_head":"<!-- This site is optimized with the Yoast SEO plugin v27.3 - https:\/\/yoast.com\/product\/yoast-seo-wordpress\/ -->\n<title>Sardinia3 11,85m2 - Suveleht<\/title>\n<meta name=\"robots\" content=\"index, follow, max-snippet:-1, max-image-preview:large, max-video-preview:-1\" \/>\n<link rel=\"canonical\" href=\"https:\/\/suveleht.ee\/toode\/sardinia3-1185m2\/\" \/>\n<meta property=\"og:locale\" content=\"en_US\" \/>\n<meta property=\"og:type\" content=\"article\" \/>\n<meta property=\"og:title\" content=\"Sardinia3 11,85m2 - Suveleht\" \/>\n<meta property=\"og:description\" content=\"* TASUTA TRANSPORT * Garantii 5 aastat * V\u00f5imalik valida nelja viimistluse vahel: helehall, tumehall, punane, viimistlemata. Sardiania mudelid sobivad h\u00e4sti ka ridaelamute kitsastesse aedadesse. Sardinia mudelid on varustatud kvaliteetsete vastupidavate alumiiniumraamiga uste ja akendega. Selle sarja majadel on kruvinurk\u00fchendus, komplektis immutatud raam, p\u00f5randalauad, seinad, uks ja aken, katusetalad ja -lauad ja montaa\u017eikott. Katusekattematerjali saab juurde soetada.  Ehitus: Kruvitav tappideta nurga\u00fchendus Seina paksus: 44 mm Seinam\u00f5\u00f5dud: 500x250 cm P\u00f5randa pindala: 11.85 m2 Viiluseina k\u00f5rgus: 239.4 cm Seina k\u00f5rgus: 239.4 cm Katuse \u00fcleulatus: 0 cm Katuse pindala: 12.27 m2 Katusekalle: 3\u00b0 Uks:  1 x 1588 x 1980 mm 1 x 835 x 1900 mm TP+ Aken: 1 x 1200 x 470 mm Pakend: 510x118x65 cm 1056 kg 200x118x50 cm 319 kg\" \/>\n<meta property=\"og:url\" content=\"https:\/\/suveleht.ee\/toode\/sardinia3-1185m2\/\" \/>\n<meta property=\"og:site_name\" content=\"Suveleht\" \/>\n<meta property=\"article:modified_time\" content=\"2026-02-25T11:27:25+00:00\" \/>\n<meta property=\"og:image\" content=\"http:\/\/suveleht.ee\/wp-content\/uploads\/2023\/06\/Sardinia-3-taust-scaled-2.jpg\" \/>\n\t<meta property=\"og:image:width\" content=\"2560\" \/>\n\t<meta property=\"og:image:height\" content=\"1708\" \/>\n\t<meta property=\"og:image:type\" content=\"image\/jpeg\" \/>\n<meta name=\"twitter:card\" content=\"summary_large_image\" \/>\n<meta name=\"twitter:label1\" content=\"Est. reading time\" \/>\n\t<meta name=\"twitter:data1\" content=\"1 minute\" \/>\n<script type=\"application\/ld+json\" class=\"yoast-schema-graph\">{\"@context\":\"https:\\\/\\\/schema.org\",\"@graph\":[{\"@type\":\"WebPage\",\"@id\":\"https:\\\/\\\/suveleht.ee\\\/toode\\\/sardinia3-1185m2\\\/\",\"url\":\"https:\\\/\\\/suveleht.ee\\\/toode\\\/sardinia3-1185m2\\\/\",\"name\":\"Sardinia3 11,85m2 - Suveleht\",\"isPartOf\":{\"@id\":\"https:\\\/\\\/suveleht.ee\\\/#website\"},\"primaryImageOfPage\":{\"@id\":\"https:\\\/\\\/suveleht.ee\\\/toode\\\/sardinia3-1185m2\\\/#primaryimage\"},\"image\":{\"@id\":\"https:\\\/\\\/suveleht.ee\\\/toode\\\/sardinia3-1185m2\\\/#primaryimage\"},\"thumbnailUrl\":\"https:\\\/\\\/suveleht.ee\\\/wp-content\\\/uploads\\\/2023\\\/06\\\/Sardinia-3-taust-scaled-2.jpg\",\"datePublished\":\"2023-06-04T18:23:11+00:00\",\"dateModified\":\"2026-02-25T11:27:25+00:00\",\"breadcrumb\":{\"@id\":\"https:\\\/\\\/suveleht.ee\\\/toode\\\/sardinia3-1185m2\\\/#breadcrumb\"},\"inLanguage\":\"en-US\",\"potentialAction\":[{\"@type\":\"ReadAction\",\"target\":[\"https:\\\/\\\/suveleht.ee\\\/toode\\\/sardinia3-1185m2\\\/\"]}]},{\"@type\":\"ImageObject\",\"inLanguage\":\"en-US\",\"@id\":\"https:\\\/\\\/suveleht.ee\\\/toode\\\/sardinia3-1185m2\\\/#primaryimage\",\"url\":\"https:\\\/\\\/suveleht.ee\\\/wp-content\\\/uploads\\\/2023\\\/06\\\/Sardinia-3-taust-scaled-2.jpg\",\"contentUrl\":\"https:\\\/\\\/suveleht.ee\\\/wp-content\\\/uploads\\\/2023\\\/06\\\/Sardinia-3-taust-scaled-2.jpg\",\"width\":2560,\"height\":1708},{\"@type\":\"BreadcrumbList\",\"@id\":\"https:\\\/\\\/suveleht.ee\\\/toode\\\/sardinia3-1185m2\\\/#breadcrumb\",\"itemListElement\":[{\"@type\":\"ListItem\",\"position\":1,\"name\":\"Home\",\"item\":\"https:\\\/\\\/suveleht.ee\\\/\"},{\"@type\":\"ListItem\",\"position\":2,\"name\":\"Tooted\",\"item\":\"https:\\\/\\\/suveleht.ee\\\/tooted\\\/\"},{\"@type\":\"ListItem\",\"position\":3,\"name\":\"Sardinia3 11,85m2\"}]},{\"@type\":\"WebSite\",\"@id\":\"https:\\\/\\\/suveleht.ee\\\/#website\",\"url\":\"https:\\\/\\\/suveleht.ee\\\/\",\"name\":\"Suveleht\",\"description\":\"Eestis toodetud aiamajad, m\u00e4nguv\u00e4ljakud ja k\u00fcmblust\u00fcnnid\",\"potentialAction\":[{\"@type\":\"SearchAction\",\"target\":{\"@type\":\"EntryPoint\",\"urlTemplate\":\"https:\\\/\\\/suveleht.ee\\\/?s={search_term_string}\"},\"query-input\":{\"@type\":\"PropertyValueSpecification\",\"valueRequired\":true,\"valueName\":\"search_term_string\"}}],\"inLanguage\":\"en-US\"}]}<\/script>\n<!-- \/ Yoast SEO plugin. -->","yoast_head_json":{"title":"Sardinia3 11,85m2 - Suveleht","robots":{"index":"index","follow":"follow","max-snippet":"max-snippet:-1","max-image-preview":"max-image-preview:large","max-video-preview":"max-video-preview:-1"},"canonical":"https:\/\/suveleht.ee\/toode\/sardinia3-1185m2\/","og_locale":"en_US","og_type":"article","og_title":"Sardinia3 11,85m2 - Suveleht","og_description":"* TASUTA TRANSPORT * Garantii 5 aastat * V\u00f5imalik valida nelja viimistluse vahel: helehall, tumehall, punane, viimistlemata. Sardiania mudelid sobivad h\u00e4sti ka ridaelamute kitsastesse aedadesse. Sardinia mudelid on varustatud kvaliteetsete vastupidavate alumiiniumraamiga uste ja akendega. Selle sarja majadel on kruvinurk\u00fchendus, komplektis immutatud raam, p\u00f5randalauad, seinad, uks ja aken, katusetalad ja -lauad ja montaa\u017eikott. Katusekattematerjali saab juurde soetada.  Ehitus: Kruvitav tappideta nurga\u00fchendus Seina paksus: 44 mm Seinam\u00f5\u00f5dud: 500x250 cm P\u00f5randa pindala: 11.85 m2 Viiluseina k\u00f5rgus: 239.4 cm Seina k\u00f5rgus: 239.4 cm Katuse \u00fcleulatus: 0 cm Katuse pindala: 12.27 m2 Katusekalle: 3\u00b0 Uks:  1 x 1588 x 1980 mm 1 x 835 x 1900 mm TP+ Aken: 1 x 1200 x 470 mm Pakend: 510x118x65 cm 1056 kg 200x118x50 cm 319 kg","og_url":"https:\/\/suveleht.ee\/toode\/sardinia3-1185m2\/","og_site_name":"Suveleht","article_modified_time":"2026-02-25T11:27:25+00:00","og_image":[{"width":2560,"height":1708,"url":"http:\/\/suveleht.ee\/wp-content\/uploads\/2023\/06\/Sardinia-3-taust-scaled-2.jpg","type":"image\/jpeg"}],"twitter_card":"summary_large_image","twitter_misc":{"Est. reading time":"1 minute"},"schema":{"@context":"https:\/\/schema.org","@graph":[{"@type":"WebPage","@id":"https:\/\/suveleht.ee\/toode\/sardinia3-1185m2\/","url":"https:\/\/suveleht.ee\/toode\/sardinia3-1185m2\/","name":"Sardinia3 11,85m2 - Suveleht","isPartOf":{"@id":"https:\/\/suveleht.ee\/#website"},"primaryImageOfPage":{"@id":"https:\/\/suveleht.ee\/toode\/sardinia3-1185m2\/#primaryimage"},"image":{"@id":"https:\/\/suveleht.ee\/toode\/sardinia3-1185m2\/#primaryimage"},"thumbnailUrl":"https:\/\/suveleht.ee\/wp-content\/uploads\/2023\/06\/Sardinia-3-taust-scaled-2.jpg","datePublished":"2023-06-04T18:23:11+00:00","dateModified":"2026-02-25T11:27:25+00:00","breadcrumb":{"@id":"https:\/\/suveleht.ee\/toode\/sardinia3-1185m2\/#breadcrumb"},"inLanguage":"en-US","potentialAction":[{"@type":"ReadAction","target":["https:\/\/suveleht.ee\/toode\/sardinia3-1185m2\/"]}]},{"@type":"ImageObject","inLanguage":"en-US","@id":"https:\/\/suveleht.ee\/toode\/sardinia3-1185m2\/#primaryimage","url":"https:\/\/suveleht.ee\/wp-content\/uploads\/2023\/06\/Sardinia-3-taust-scaled-2.jpg","contentUrl":"https:\/\/suveleht.ee\/wp-content\/uploads\/2023\/06\/Sardinia-3-taust-scaled-2.jpg","width":2560,"height":1708},{"@type":"BreadcrumbList","@id":"https:\/\/suveleht.ee\/toode\/sardinia3-1185m2\/#breadcrumb","itemListElement":[{"@type":"ListItem","position":1,"name":"Home","item":"https:\/\/suveleht.ee\/"},{"@type":"ListItem","position":2,"name":"Tooted","item":"https:\/\/suveleht.ee\/tooted\/"},{"@type":"ListItem","position":3,"name":"Sardinia3 11,85m2"}]},{"@type":"WebSite","@id":"https:\/\/suveleht.ee\/#website","url":"https:\/\/suveleht.ee\/","name":"Suveleht","description":"Eestis toodetud aiamajad, m\u00e4nguv\u00e4ljakud ja k\u00fcmblust\u00fcnnid","potentialAction":[{"@type":"SearchAction","target":{"@type":"EntryPoint","urlTemplate":"https:\/\/suveleht.ee\/?s={search_term_string}"},"query-input":{"@type":"PropertyValueSpecification","valueRequired":true,"valueName":"search_term_string"}}],"inLanguage":"en-US"}]}},"_links":{"self":[{"href":"https:\/\/suveleht.ee\/en\/wp-json\/wp\/v2\/product\/4610","targetHints":{"allow":["GET"]}}],"collection":[{"href":"https:\/\/suveleht.ee\/en\/wp-json\/wp\/v2\/product"}],"about":[{"href":"https:\/\/suveleht.ee\/en\/wp-json\/wp\/v2\/types\/product"}],"wp:featuredmedia":[{"embeddable":true,"href":"https:\/\/suveleht.ee\/en\/wp-json\/wp\/v2\/media\/4715"}],"wp:attachment":[{"href":"https:\/\/suveleht.ee\/en\/wp-json\/wp\/v2\/media?parent=4610"}],"wp:term":[{"taxonomy":"product_brand","embeddable":true,"href":"https:\/\/suveleht.ee\/en\/wp-json\/wp\/v2\/product_brand?post=4610"},{"taxonomy":"product_cat","embeddable":true,"href":"https:\/\/suveleht.ee\/en\/wp-json\/wp\/v2\/product_cat?post=4610"},{"taxonomy":"product_tag","embeddable":true,"href":"https:\/\/suveleht.ee\/en\/wp-json\/wp\/v2\/product_tag?post=4610"}],"curies":[{"name":"wp","href":"https:\/\/api.w.org\/{rel}","templated":true}]}}