{"id":4608,"date":"2023-06-04T18:23:11","date_gmt":"2023-06-04T18:23:11","guid":{"rendered":"https:\/\/suveleht.ee\/?post_type=product&#038;p=4608"},"modified":"2026-02-25T11:19:18","modified_gmt":"2026-02-25T11:19:18","slug":"murano3-2158m2","status":"publish","type":"product","link":"https:\/\/suveleht.ee\/en\/toode\/murano3-2158m2\/","title":{"rendered":"Murano3 21,58m2"},"content":{"rendered":"","protected":false},"excerpt":{"rendered":"<p>* TASUTA TRANSPORT<br \/>\n* Garantii 5 aastat<br \/>\n* V\u00f5imalik valida kolme viimistluse vahel: helehall, punane, viimistlemata.<br \/>\n\u00dclipraktiline maja, mis sobib nii suvilaks kui aiamajaks. Suure toa osa on k\u00f5rge laega avar ja valgusk\u00fcllane ruum, mille saab k\u00f6\u00f6ktoaks sisustada. Teine tuba sobib ideaalselt magamistoaks. Lisaruumiks on magamislavats kuhu mahutab \u00f6\u00f6bima 2-3 inimest. M\u00f5lemal toal on alumiiniumraamidega l\u00fckanduksed, mille abil saab ruume suurendada n\u00e4iteks terrassile v\u00f5i \u00f5uemurule. Lase valgus ja loodus tuppa!Alumiiniumraamidega uksed on kvaliteetsed ja vastupidavad. Murano perekonna majad on modernsed ja sobivad igasse aeda. Komplekti kuuluvad immutatud raam, p\u00f5randalauad, seinad, uksed, katusetalad ja -lauad, montaa\u017eikott. Katusekattematerjali saab soovi korral juurde soetada.<\/p>\n<p>Ehitus: Kruvitav tappideta nurga\u00fchendus<br \/>\nSeina paksus: 44 mm<br \/>\nSeinam\u00f5\u00f5dud: 390&#215;575 cm<br \/>\nP\u00f5randa pindala: 21.58 m2<br \/>\nViiluseina k\u00f5rgus: 364.8 cm<br \/>\nSeina k\u00f5rgus: 250.8 cm<br \/>\nKatuse \u00fcleulatus: 10 cm<br \/>\nKatuse pindala: 30.94 m2<br \/>\nKatusekalle: 31\u00b0<br \/>\nUks:<br \/>\n1 x 835 x 1900 mm TP+<br \/>\n2 x 3039 x 2026 mm<br \/>\n1 x 2041 x 2026 mm<br \/>\nAken: 1 x x mm<br \/>\nPakend: 630x118x910 cm 1825 kg<br \/>\n245x118x50 cm 376 kg<\/p>\n","protected":false},"featured_media":4703,"template":"","meta":{"inline_featured_image":false},"product_brand":[],"product_cat":[45,48],"product_tag":[],"class_list":{"0":"post-4608","1":"product","2":"type-product","3":"status-publish","4":"has-post-thumbnail","6":"product_cat-aiamajad","7":"product_cat-modernsed-aiamajad","9":"first","10":"instock","11":"taxable","12":"shipping-taxable","13":"purchasable","14":"product-type-variable"},"yoast_head":"<!-- This site is optimized with the Yoast SEO plugin v27.3 - https:\/\/yoast.com\/product\/yoast-seo-wordpress\/ -->\n<title>Murano3 21,58m2 - Suveleht<\/title>\n<meta name=\"robots\" content=\"index, follow, max-snippet:-1, max-image-preview:large, max-video-preview:-1\" \/>\n<link rel=\"canonical\" href=\"https:\/\/suveleht.ee\/toode\/murano3-2158m2\/\" \/>\n<meta property=\"og:locale\" content=\"en_US\" \/>\n<meta property=\"og:type\" content=\"article\" \/>\n<meta property=\"og:title\" content=\"Murano3 21,58m2 - Suveleht\" \/>\n<meta property=\"og:description\" content=\"* TASUTA TRANSPORT * Garantii 5 aastat * V\u00f5imalik valida kolme viimistluse vahel: helehall, punane, viimistlemata. \u00dclipraktiline maja, mis sobib nii suvilaks kui aiamajaks. Suure toa osa on k\u00f5rge laega avar ja valgusk\u00fcllane ruum, mille saab k\u00f6\u00f6ktoaks sisustada. Teine tuba sobib ideaalselt magamistoaks. Lisaruumiks on magamislavats kuhu mahutab \u00f6\u00f6bima 2-3 inimest. M\u00f5lemal toal on alumiiniumraamidega l\u00fckanduksed, mille abil saab ruume suurendada n\u00e4iteks terrassile v\u00f5i \u00f5uemurule. Lase valgus ja loodus tuppa!Alumiiniumraamidega uksed on kvaliteetsed ja vastupidavad. Murano perekonna majad on modernsed ja sobivad igasse aeda. Komplekti kuuluvad immutatud raam, p\u00f5randalauad, seinad, uksed, katusetalad ja -lauad, montaa\u017eikott. Katusekattematerjali saab soovi korral juurde soetada.  Ehitus: Kruvitav tappideta nurga\u00fchendus Seina paksus: 44 mm Seinam\u00f5\u00f5dud: 390x575 cm P\u00f5randa pindala: 21.58 m2 Viiluseina k\u00f5rgus: 364.8 cm Seina k\u00f5rgus: 250.8 cm Katuse \u00fcleulatus: 10 cm Katuse pindala: 30.94 m2 Katusekalle: 31\u00b0 Uks:  1 x 835 x 1900 mm TP+ 2 x 3039 x 2026 mm 1 x 2041 x 2026 mm Aken: 1 x x mm Pakend: 630x118x910 cm 1825 kg 245x118x50 cm 376 kg\" \/>\n<meta property=\"og:url\" content=\"https:\/\/suveleht.ee\/toode\/murano3-2158m2\/\" \/>\n<meta property=\"og:site_name\" content=\"Suveleht\" \/>\n<meta property=\"article:modified_time\" content=\"2026-02-25T11:19:18+00:00\" \/>\n<meta property=\"og:image\" content=\"http:\/\/suveleht.ee\/wp-content\/uploads\/2023\/06\/Murano-3-taust-scaled-2.jpg\" \/>\n\t<meta property=\"og:image:width\" content=\"2560\" \/>\n\t<meta property=\"og:image:height\" content=\"1707\" \/>\n\t<meta property=\"og:image:type\" content=\"image\/jpeg\" \/>\n<meta name=\"twitter:card\" content=\"summary_large_image\" \/>\n<meta name=\"twitter:label1\" content=\"Est. reading time\" \/>\n\t<meta name=\"twitter:data1\" content=\"1 minute\" \/>\n<script type=\"application\/ld+json\" class=\"yoast-schema-graph\">{\"@context\":\"https:\\\/\\\/schema.org\",\"@graph\":[{\"@type\":\"WebPage\",\"@id\":\"https:\\\/\\\/suveleht.ee\\\/toode\\\/murano3-2158m2\\\/\",\"url\":\"https:\\\/\\\/suveleht.ee\\\/toode\\\/murano3-2158m2\\\/\",\"name\":\"Murano3 21,58m2 - Suveleht\",\"isPartOf\":{\"@id\":\"https:\\\/\\\/suveleht.ee\\\/#website\"},\"primaryImageOfPage\":{\"@id\":\"https:\\\/\\\/suveleht.ee\\\/toode\\\/murano3-2158m2\\\/#primaryimage\"},\"image\":{\"@id\":\"https:\\\/\\\/suveleht.ee\\\/toode\\\/murano3-2158m2\\\/#primaryimage\"},\"thumbnailUrl\":\"https:\\\/\\\/suveleht.ee\\\/wp-content\\\/uploads\\\/2023\\\/06\\\/Murano-3-taust-scaled-2.jpg\",\"datePublished\":\"2023-06-04T18:23:11+00:00\",\"dateModified\":\"2026-02-25T11:19:18+00:00\",\"breadcrumb\":{\"@id\":\"https:\\\/\\\/suveleht.ee\\\/toode\\\/murano3-2158m2\\\/#breadcrumb\"},\"inLanguage\":\"en-US\",\"potentialAction\":[{\"@type\":\"ReadAction\",\"target\":[\"https:\\\/\\\/suveleht.ee\\\/toode\\\/murano3-2158m2\\\/\"]}]},{\"@type\":\"ImageObject\",\"inLanguage\":\"en-US\",\"@id\":\"https:\\\/\\\/suveleht.ee\\\/toode\\\/murano3-2158m2\\\/#primaryimage\",\"url\":\"https:\\\/\\\/suveleht.ee\\\/wp-content\\\/uploads\\\/2023\\\/06\\\/Murano-3-taust-scaled-2.jpg\",\"contentUrl\":\"https:\\\/\\\/suveleht.ee\\\/wp-content\\\/uploads\\\/2023\\\/06\\\/Murano-3-taust-scaled-2.jpg\",\"width\":2560,\"height\":1707},{\"@type\":\"BreadcrumbList\",\"@id\":\"https:\\\/\\\/suveleht.ee\\\/toode\\\/murano3-2158m2\\\/#breadcrumb\",\"itemListElement\":[{\"@type\":\"ListItem\",\"position\":1,\"name\":\"Home\",\"item\":\"https:\\\/\\\/suveleht.ee\\\/\"},{\"@type\":\"ListItem\",\"position\":2,\"name\":\"Tooted\",\"item\":\"https:\\\/\\\/suveleht.ee\\\/tooted\\\/\"},{\"@type\":\"ListItem\",\"position\":3,\"name\":\"Murano3 21,58m2\"}]},{\"@type\":\"WebSite\",\"@id\":\"https:\\\/\\\/suveleht.ee\\\/#website\",\"url\":\"https:\\\/\\\/suveleht.ee\\\/\",\"name\":\"Suveleht\",\"description\":\"Eestis toodetud aiamajad, m\u00e4nguv\u00e4ljakud ja k\u00fcmblust\u00fcnnid\",\"potentialAction\":[{\"@type\":\"SearchAction\",\"target\":{\"@type\":\"EntryPoint\",\"urlTemplate\":\"https:\\\/\\\/suveleht.ee\\\/?s={search_term_string}\"},\"query-input\":{\"@type\":\"PropertyValueSpecification\",\"valueRequired\":true,\"valueName\":\"search_term_string\"}}],\"inLanguage\":\"en-US\"}]}<\/script>\n<!-- \/ Yoast SEO plugin. -->","yoast_head_json":{"title":"Murano3 21,58m2 - Suveleht","robots":{"index":"index","follow":"follow","max-snippet":"max-snippet:-1","max-image-preview":"max-image-preview:large","max-video-preview":"max-video-preview:-1"},"canonical":"https:\/\/suveleht.ee\/toode\/murano3-2158m2\/","og_locale":"en_US","og_type":"article","og_title":"Murano3 21,58m2 - Suveleht","og_description":"* TASUTA TRANSPORT * Garantii 5 aastat * V\u00f5imalik valida kolme viimistluse vahel: helehall, punane, viimistlemata. \u00dclipraktiline maja, mis sobib nii suvilaks kui aiamajaks. Suure toa osa on k\u00f5rge laega avar ja valgusk\u00fcllane ruum, mille saab k\u00f6\u00f6ktoaks sisustada. Teine tuba sobib ideaalselt magamistoaks. Lisaruumiks on magamislavats kuhu mahutab \u00f6\u00f6bima 2-3 inimest. M\u00f5lemal toal on alumiiniumraamidega l\u00fckanduksed, mille abil saab ruume suurendada n\u00e4iteks terrassile v\u00f5i \u00f5uemurule. Lase valgus ja loodus tuppa!Alumiiniumraamidega uksed on kvaliteetsed ja vastupidavad. Murano perekonna majad on modernsed ja sobivad igasse aeda. Komplekti kuuluvad immutatud raam, p\u00f5randalauad, seinad, uksed, katusetalad ja -lauad, montaa\u017eikott. Katusekattematerjali saab soovi korral juurde soetada.  Ehitus: Kruvitav tappideta nurga\u00fchendus Seina paksus: 44 mm Seinam\u00f5\u00f5dud: 390x575 cm P\u00f5randa pindala: 21.58 m2 Viiluseina k\u00f5rgus: 364.8 cm Seina k\u00f5rgus: 250.8 cm Katuse \u00fcleulatus: 10 cm Katuse pindala: 30.94 m2 Katusekalle: 31\u00b0 Uks:  1 x 835 x 1900 mm TP+ 2 x 3039 x 2026 mm 1 x 2041 x 2026 mm Aken: 1 x x mm Pakend: 630x118x910 cm 1825 kg 245x118x50 cm 376 kg","og_url":"https:\/\/suveleht.ee\/toode\/murano3-2158m2\/","og_site_name":"Suveleht","article_modified_time":"2026-02-25T11:19:18+00:00","og_image":[{"width":2560,"height":1707,"url":"http:\/\/suveleht.ee\/wp-content\/uploads\/2023\/06\/Murano-3-taust-scaled-2.jpg","type":"image\/jpeg"}],"twitter_card":"summary_large_image","twitter_misc":{"Est. reading time":"1 minute"},"schema":{"@context":"https:\/\/schema.org","@graph":[{"@type":"WebPage","@id":"https:\/\/suveleht.ee\/toode\/murano3-2158m2\/","url":"https:\/\/suveleht.ee\/toode\/murano3-2158m2\/","name":"Murano3 21,58m2 - Suveleht","isPartOf":{"@id":"https:\/\/suveleht.ee\/#website"},"primaryImageOfPage":{"@id":"https:\/\/suveleht.ee\/toode\/murano3-2158m2\/#primaryimage"},"image":{"@id":"https:\/\/suveleht.ee\/toode\/murano3-2158m2\/#primaryimage"},"thumbnailUrl":"https:\/\/suveleht.ee\/wp-content\/uploads\/2023\/06\/Murano-3-taust-scaled-2.jpg","datePublished":"2023-06-04T18:23:11+00:00","dateModified":"2026-02-25T11:19:18+00:00","breadcrumb":{"@id":"https:\/\/suveleht.ee\/toode\/murano3-2158m2\/#breadcrumb"},"inLanguage":"en-US","potentialAction":[{"@type":"ReadAction","target":["https:\/\/suveleht.ee\/toode\/murano3-2158m2\/"]}]},{"@type":"ImageObject","inLanguage":"en-US","@id":"https:\/\/suveleht.ee\/toode\/murano3-2158m2\/#primaryimage","url":"https:\/\/suveleht.ee\/wp-content\/uploads\/2023\/06\/Murano-3-taust-scaled-2.jpg","contentUrl":"https:\/\/suveleht.ee\/wp-content\/uploads\/2023\/06\/Murano-3-taust-scaled-2.jpg","width":2560,"height":1707},{"@type":"BreadcrumbList","@id":"https:\/\/suveleht.ee\/toode\/murano3-2158m2\/#breadcrumb","itemListElement":[{"@type":"ListItem","position":1,"name":"Home","item":"https:\/\/suveleht.ee\/"},{"@type":"ListItem","position":2,"name":"Tooted","item":"https:\/\/suveleht.ee\/tooted\/"},{"@type":"ListItem","position":3,"name":"Murano3 21,58m2"}]},{"@type":"WebSite","@id":"https:\/\/suveleht.ee\/#website","url":"https:\/\/suveleht.ee\/","name":"Suveleht","description":"Eestis toodetud aiamajad, m\u00e4nguv\u00e4ljakud ja k\u00fcmblust\u00fcnnid","potentialAction":[{"@type":"SearchAction","target":{"@type":"EntryPoint","urlTemplate":"https:\/\/suveleht.ee\/?s={search_term_string}"},"query-input":{"@type":"PropertyValueSpecification","valueRequired":true,"valueName":"search_term_string"}}],"inLanguage":"en-US"}]}},"_links":{"self":[{"href":"https:\/\/suveleht.ee\/en\/wp-json\/wp\/v2\/product\/4608","targetHints":{"allow":["GET"]}}],"collection":[{"href":"https:\/\/suveleht.ee\/en\/wp-json\/wp\/v2\/product"}],"about":[{"href":"https:\/\/suveleht.ee\/en\/wp-json\/wp\/v2\/types\/product"}],"wp:featuredmedia":[{"embeddable":true,"href":"https:\/\/suveleht.ee\/en\/wp-json\/wp\/v2\/media\/4703"}],"wp:attachment":[{"href":"https:\/\/suveleht.ee\/en\/wp-json\/wp\/v2\/media?parent=4608"}],"wp:term":[{"taxonomy":"product_brand","embeddable":true,"href":"https:\/\/suveleht.ee\/en\/wp-json\/wp\/v2\/product_brand?post=4608"},{"taxonomy":"product_cat","embeddable":true,"href":"https:\/\/suveleht.ee\/en\/wp-json\/wp\/v2\/product_cat?post=4608"},{"taxonomy":"product_tag","embeddable":true,"href":"https:\/\/suveleht.ee\/en\/wp-json\/wp\/v2\/product_tag?post=4608"}],"curies":[{"name":"wp","href":"https:\/\/api.w.org\/{rel}","templated":true}]}}