{"id":4606,"date":"2023-06-04T18:23:11","date_gmt":"2023-06-04T18:23:11","guid":{"rendered":"https:\/\/suveleht.ee\/?post_type=product&#038;p=4606"},"modified":"2026-02-25T11:16:53","modified_gmt":"2026-02-25T11:16:53","slug":"murano1-1529m2","status":"publish","type":"product","link":"https:\/\/suveleht.ee\/en\/toode\/murano1-1529m2\/","title":{"rendered":"Murano1 15,29m2"},"content":{"rendered":"","protected":false},"excerpt":{"rendered":"<p>* TASUTA TRANSPORT<br \/>\n* Garantii 5 aastat<br \/>\n* V\u00f5imalik valida kolme viimistluse vahel: helehall, punane, viimistlemata.<br \/>\nMurano 1 on m\u00f5nus avar suurte klaaspindadega kaheruumiline aiamaja, mis sobib nii aiamajaks, asjade ladustamiseks, k\u00fclaliste majutamiseks kui ka v\u00e4ikeseks suvemajaks. Alumiiniumraamidega uksed ja aknad on kvaliteetsed ja vastupidavad. Murano perekonna majad on modernsed ja sobivad igasse aeda. Komplekti kuuluvad immutatud raam, p\u00f5randalauad, seinad, uksed ja aknad, katusetalad ja -lauad, montaa\u017eikott. Katusekattematerjali saab soovi korral juurde soetada.<\/p>\n<p>Ehitus: Kruvitav tappideta nurga\u00fchendus<br \/>\nSeina paksus: 44 mm<br \/>\nSeinam\u00f5\u00f5dud: 390&#215;410 cm<br \/>\nP\u00f5randa pindala: 15.29 m2<br \/>\nTerrassi pindala: 3.9 m2<br \/>\nViiluseina k\u00f5rgus: 330.6 cm<br \/>\nSeina k\u00f5rgus: 228 cm<br \/>\nKatuse \u00fcleulatus: 100 cm<br \/>\nKatuse pindala: 26.52 m2<br \/>\nKatusekalle: 28.4\u00b0<br \/>\nUks:<br \/>\n1 x 835 x 1900 mm TP+<br \/>\n1 x 1588 x 1980 mm<br \/>\nAken:<br \/>\n1 x 600 x 1832 mm<br \/>\n1 x 1171 x 1832 mm<br \/>\nPakend: 440x118x95 cm 1282 kg<br \/>\n200x118x45 cm 276 kg<\/p>\n","protected":false},"featured_media":4691,"template":"","meta":{"inline_featured_image":false},"product_brand":[],"product_cat":[45,48],"product_tag":[],"class_list":{"0":"post-4606","1":"product","2":"type-product","3":"status-publish","4":"has-post-thumbnail","6":"product_cat-aiamajad","7":"product_cat-modernsed-aiamajad","9":"first","10":"instock","11":"taxable","12":"shipping-taxable","13":"purchasable","14":"product-type-variable"},"yoast_head":"<!-- This site is optimized with the Yoast SEO plugin v27.3 - https:\/\/yoast.com\/product\/yoast-seo-wordpress\/ -->\n<title>Murano1 15,29m2 - Suveleht<\/title>\n<meta name=\"robots\" content=\"index, follow, max-snippet:-1, max-image-preview:large, max-video-preview:-1\" \/>\n<link rel=\"canonical\" href=\"https:\/\/suveleht.ee\/toode\/murano1-1529m2\/\" \/>\n<meta property=\"og:locale\" content=\"en_US\" \/>\n<meta property=\"og:type\" content=\"article\" \/>\n<meta property=\"og:title\" content=\"Murano1 15,29m2 - Suveleht\" \/>\n<meta property=\"og:description\" content=\"* TASUTA TRANSPORT * Garantii 5 aastat * V\u00f5imalik valida kolme viimistluse vahel: helehall, punane, viimistlemata. Murano 1 on m\u00f5nus avar suurte klaaspindadega kaheruumiline aiamaja, mis sobib nii aiamajaks, asjade ladustamiseks, k\u00fclaliste majutamiseks kui ka v\u00e4ikeseks suvemajaks. Alumiiniumraamidega uksed ja aknad on kvaliteetsed ja vastupidavad. Murano perekonna majad on modernsed ja sobivad igasse aeda. Komplekti kuuluvad immutatud raam, p\u00f5randalauad, seinad, uksed ja aknad, katusetalad ja -lauad, montaa\u017eikott. Katusekattematerjali saab soovi korral juurde soetada.  Ehitus: Kruvitav tappideta nurga\u00fchendus Seina paksus: 44 mm Seinam\u00f5\u00f5dud: 390x410 cm P\u00f5randa pindala: 15.29 m2 Terrassi pindala: 3.9 m2 Viiluseina k\u00f5rgus: 330.6 cm Seina k\u00f5rgus: 228 cm Katuse \u00fcleulatus: 100 cm Katuse pindala: 26.52 m2 Katusekalle: 28.4\u00b0 Uks:  1 x 835 x 1900 mm TP+ 1 x 1588 x 1980 mm Aken:  1 x 600 x 1832 mm 1 x 1171 x 1832 mm Pakend: 440x118x95 cm 1282 kg 200x118x45 cm 276 kg\" \/>\n<meta property=\"og:url\" content=\"https:\/\/suveleht.ee\/toode\/murano1-1529m2\/\" \/>\n<meta property=\"og:site_name\" content=\"Suveleht\" \/>\n<meta property=\"article:modified_time\" content=\"2026-02-25T11:16:53+00:00\" \/>\n<meta property=\"og:image\" content=\"http:\/\/suveleht.ee\/wp-content\/uploads\/2023\/06\/Murano-1-taust-scaled-2.jpg\" \/>\n\t<meta property=\"og:image:width\" content=\"2560\" \/>\n\t<meta property=\"og:image:height\" content=\"1707\" \/>\n\t<meta property=\"og:image:type\" content=\"image\/jpeg\" \/>\n<meta name=\"twitter:card\" content=\"summary_large_image\" \/>\n<meta name=\"twitter:label1\" content=\"Est. reading time\" \/>\n\t<meta name=\"twitter:data1\" content=\"1 minute\" \/>\n<script type=\"application\/ld+json\" class=\"yoast-schema-graph\">{\"@context\":\"https:\\\/\\\/schema.org\",\"@graph\":[{\"@type\":\"WebPage\",\"@id\":\"https:\\\/\\\/suveleht.ee\\\/toode\\\/murano1-1529m2\\\/\",\"url\":\"https:\\\/\\\/suveleht.ee\\\/toode\\\/murano1-1529m2\\\/\",\"name\":\"Murano1 15,29m2 - Suveleht\",\"isPartOf\":{\"@id\":\"https:\\\/\\\/suveleht.ee\\\/#website\"},\"primaryImageOfPage\":{\"@id\":\"https:\\\/\\\/suveleht.ee\\\/toode\\\/murano1-1529m2\\\/#primaryimage\"},\"image\":{\"@id\":\"https:\\\/\\\/suveleht.ee\\\/toode\\\/murano1-1529m2\\\/#primaryimage\"},\"thumbnailUrl\":\"https:\\\/\\\/suveleht.ee\\\/wp-content\\\/uploads\\\/2023\\\/06\\\/Murano-1-taust-scaled-2.jpg\",\"datePublished\":\"2023-06-04T18:23:11+00:00\",\"dateModified\":\"2026-02-25T11:16:53+00:00\",\"breadcrumb\":{\"@id\":\"https:\\\/\\\/suveleht.ee\\\/toode\\\/murano1-1529m2\\\/#breadcrumb\"},\"inLanguage\":\"en-US\",\"potentialAction\":[{\"@type\":\"ReadAction\",\"target\":[\"https:\\\/\\\/suveleht.ee\\\/toode\\\/murano1-1529m2\\\/\"]}]},{\"@type\":\"ImageObject\",\"inLanguage\":\"en-US\",\"@id\":\"https:\\\/\\\/suveleht.ee\\\/toode\\\/murano1-1529m2\\\/#primaryimage\",\"url\":\"https:\\\/\\\/suveleht.ee\\\/wp-content\\\/uploads\\\/2023\\\/06\\\/Murano-1-taust-scaled-2.jpg\",\"contentUrl\":\"https:\\\/\\\/suveleht.ee\\\/wp-content\\\/uploads\\\/2023\\\/06\\\/Murano-1-taust-scaled-2.jpg\",\"width\":2560,\"height\":1707},{\"@type\":\"BreadcrumbList\",\"@id\":\"https:\\\/\\\/suveleht.ee\\\/toode\\\/murano1-1529m2\\\/#breadcrumb\",\"itemListElement\":[{\"@type\":\"ListItem\",\"position\":1,\"name\":\"Home\",\"item\":\"https:\\\/\\\/suveleht.ee\\\/\"},{\"@type\":\"ListItem\",\"position\":2,\"name\":\"Tooted\",\"item\":\"https:\\\/\\\/suveleht.ee\\\/tooted\\\/\"},{\"@type\":\"ListItem\",\"position\":3,\"name\":\"Murano1 15,29m2\"}]},{\"@type\":\"WebSite\",\"@id\":\"https:\\\/\\\/suveleht.ee\\\/#website\",\"url\":\"https:\\\/\\\/suveleht.ee\\\/\",\"name\":\"Suveleht\",\"description\":\"Eestis toodetud aiamajad, m\u00e4nguv\u00e4ljakud ja k\u00fcmblust\u00fcnnid\",\"potentialAction\":[{\"@type\":\"SearchAction\",\"target\":{\"@type\":\"EntryPoint\",\"urlTemplate\":\"https:\\\/\\\/suveleht.ee\\\/?s={search_term_string}\"},\"query-input\":{\"@type\":\"PropertyValueSpecification\",\"valueRequired\":true,\"valueName\":\"search_term_string\"}}],\"inLanguage\":\"en-US\"}]}<\/script>\n<!-- \/ Yoast SEO plugin. -->","yoast_head_json":{"title":"Murano1 15,29m2 - Suveleht","robots":{"index":"index","follow":"follow","max-snippet":"max-snippet:-1","max-image-preview":"max-image-preview:large","max-video-preview":"max-video-preview:-1"},"canonical":"https:\/\/suveleht.ee\/toode\/murano1-1529m2\/","og_locale":"en_US","og_type":"article","og_title":"Murano1 15,29m2 - Suveleht","og_description":"* TASUTA TRANSPORT * Garantii 5 aastat * V\u00f5imalik valida kolme viimistluse vahel: helehall, punane, viimistlemata. Murano 1 on m\u00f5nus avar suurte klaaspindadega kaheruumiline aiamaja, mis sobib nii aiamajaks, asjade ladustamiseks, k\u00fclaliste majutamiseks kui ka v\u00e4ikeseks suvemajaks. Alumiiniumraamidega uksed ja aknad on kvaliteetsed ja vastupidavad. Murano perekonna majad on modernsed ja sobivad igasse aeda. Komplekti kuuluvad immutatud raam, p\u00f5randalauad, seinad, uksed ja aknad, katusetalad ja -lauad, montaa\u017eikott. Katusekattematerjali saab soovi korral juurde soetada.  Ehitus: Kruvitav tappideta nurga\u00fchendus Seina paksus: 44 mm Seinam\u00f5\u00f5dud: 390x410 cm P\u00f5randa pindala: 15.29 m2 Terrassi pindala: 3.9 m2 Viiluseina k\u00f5rgus: 330.6 cm Seina k\u00f5rgus: 228 cm Katuse \u00fcleulatus: 100 cm Katuse pindala: 26.52 m2 Katusekalle: 28.4\u00b0 Uks:  1 x 835 x 1900 mm TP+ 1 x 1588 x 1980 mm Aken:  1 x 600 x 1832 mm 1 x 1171 x 1832 mm Pakend: 440x118x95 cm 1282 kg 200x118x45 cm 276 kg","og_url":"https:\/\/suveleht.ee\/toode\/murano1-1529m2\/","og_site_name":"Suveleht","article_modified_time":"2026-02-25T11:16:53+00:00","og_image":[{"width":2560,"height":1707,"url":"http:\/\/suveleht.ee\/wp-content\/uploads\/2023\/06\/Murano-1-taust-scaled-2.jpg","type":"image\/jpeg"}],"twitter_card":"summary_large_image","twitter_misc":{"Est. reading time":"1 minute"},"schema":{"@context":"https:\/\/schema.org","@graph":[{"@type":"WebPage","@id":"https:\/\/suveleht.ee\/toode\/murano1-1529m2\/","url":"https:\/\/suveleht.ee\/toode\/murano1-1529m2\/","name":"Murano1 15,29m2 - Suveleht","isPartOf":{"@id":"https:\/\/suveleht.ee\/#website"},"primaryImageOfPage":{"@id":"https:\/\/suveleht.ee\/toode\/murano1-1529m2\/#primaryimage"},"image":{"@id":"https:\/\/suveleht.ee\/toode\/murano1-1529m2\/#primaryimage"},"thumbnailUrl":"https:\/\/suveleht.ee\/wp-content\/uploads\/2023\/06\/Murano-1-taust-scaled-2.jpg","datePublished":"2023-06-04T18:23:11+00:00","dateModified":"2026-02-25T11:16:53+00:00","breadcrumb":{"@id":"https:\/\/suveleht.ee\/toode\/murano1-1529m2\/#breadcrumb"},"inLanguage":"en-US","potentialAction":[{"@type":"ReadAction","target":["https:\/\/suveleht.ee\/toode\/murano1-1529m2\/"]}]},{"@type":"ImageObject","inLanguage":"en-US","@id":"https:\/\/suveleht.ee\/toode\/murano1-1529m2\/#primaryimage","url":"https:\/\/suveleht.ee\/wp-content\/uploads\/2023\/06\/Murano-1-taust-scaled-2.jpg","contentUrl":"https:\/\/suveleht.ee\/wp-content\/uploads\/2023\/06\/Murano-1-taust-scaled-2.jpg","width":2560,"height":1707},{"@type":"BreadcrumbList","@id":"https:\/\/suveleht.ee\/toode\/murano1-1529m2\/#breadcrumb","itemListElement":[{"@type":"ListItem","position":1,"name":"Home","item":"https:\/\/suveleht.ee\/"},{"@type":"ListItem","position":2,"name":"Tooted","item":"https:\/\/suveleht.ee\/tooted\/"},{"@type":"ListItem","position":3,"name":"Murano1 15,29m2"}]},{"@type":"WebSite","@id":"https:\/\/suveleht.ee\/#website","url":"https:\/\/suveleht.ee\/","name":"Suveleht","description":"Eestis toodetud aiamajad, m\u00e4nguv\u00e4ljakud ja k\u00fcmblust\u00fcnnid","potentialAction":[{"@type":"SearchAction","target":{"@type":"EntryPoint","urlTemplate":"https:\/\/suveleht.ee\/?s={search_term_string}"},"query-input":{"@type":"PropertyValueSpecification","valueRequired":true,"valueName":"search_term_string"}}],"inLanguage":"en-US"}]}},"_links":{"self":[{"href":"https:\/\/suveleht.ee\/en\/wp-json\/wp\/v2\/product\/4606","targetHints":{"allow":["GET"]}}],"collection":[{"href":"https:\/\/suveleht.ee\/en\/wp-json\/wp\/v2\/product"}],"about":[{"href":"https:\/\/suveleht.ee\/en\/wp-json\/wp\/v2\/types\/product"}],"wp:featuredmedia":[{"embeddable":true,"href":"https:\/\/suveleht.ee\/en\/wp-json\/wp\/v2\/media\/4691"}],"wp:attachment":[{"href":"https:\/\/suveleht.ee\/en\/wp-json\/wp\/v2\/media?parent=4606"}],"wp:term":[{"taxonomy":"product_brand","embeddable":true,"href":"https:\/\/suveleht.ee\/en\/wp-json\/wp\/v2\/product_brand?post=4606"},{"taxonomy":"product_cat","embeddable":true,"href":"https:\/\/suveleht.ee\/en\/wp-json\/wp\/v2\/product_cat?post=4606"},{"taxonomy":"product_tag","embeddable":true,"href":"https:\/\/suveleht.ee\/en\/wp-json\/wp\/v2\/product_tag?post=4606"}],"curies":[{"name":"wp","href":"https:\/\/api.w.org\/{rel}","templated":true}]}}