{"id":4605,"date":"2023-06-04T18:23:11","date_gmt":"2023-06-04T18:23:11","guid":{"rendered":"https:\/\/suveleht.ee\/?post_type=product&#038;p=4605"},"modified":"2026-02-25T11:11:40","modified_gmt":"2026-02-25T11:11:40","slug":"java-2284m2","status":"publish","type":"product","link":"https:\/\/suveleht.ee\/en\/toode\/java-2284m2\/","title":{"rendered":"Java 22,84m2"},"content":{"rendered":"","protected":false},"excerpt":{"rendered":"<p>* TASUTA TRANSPORT<br \/>\n* Garantii 5 aastat<br \/>\nMajal on kolm ruumi, mis annab sellele palju erinevaid kasutusv\u00f5imalusi. Suur l\u00fckanduksega pearuum on ideaalne nii pere kui ka suurema seltskonnaga ajaveetmiseks. Pearuumiga \u00fchendatud lisaruum sobib minik\u00f6\u00f6giks v\u00f5i sanitaarruumiks ning eraldi sissep\u00e4\u00e4suga hoiuruum aiatarvete ja tarbeesemete ladustamiseks. Majakomplekt sisaldab k\u00f5iki paigaldamiseks vajaminevaid detaile: immutatud alusraam, seinadetailid, p\u00f5randalauad ja p\u00f5randaliistud, katusetalad, katuselauad ja katuseliistud ning avat\u00e4ited. Komplekti kuuluvad katsingitud katuse-\u00e4\u00e4replekid, mis annab majale visuaalset isikup\u00e4ra kui ka kaitset vihmavee eest.  Lisaks on pakis ka kinnitusvahendid (kruvid, naelad jms). Majakomplekti ei kuulu katusekate.<\/p>\n<p>Ehitus: Tuuletapiga nurga\u00fchendus<br \/>\nSeina paksus: 44 mm<br \/>\nSeinam\u00f5\u00f5dud: 390&#215;608 cm<br \/>\nP\u00f5randa pindala: 22.84 m2<br \/>\nTerrassi pindala: 3.648 m2<br \/>\nViiluseina k\u00f5rgus: 245.1 cm<br \/>\nSeina k\u00f5rgus: 222.3 cm<br \/>\nKatuse \u00fcleulatus: 20 cm<br \/>\nKatuse pindala: 30.51 m2<br \/>\nKatusekalle: 3.4\u00b0<br \/>\nUks:<br \/>\n1 x 3914 x 1957 mm DGP<br \/>\n1 x 835 x 1900 mm TP+<br \/>\n1 x 835 x 1900 mm TP+<br \/>\nAken: 1 x 1500 x 410 mm DGP<br \/>\nPakend: 630x118x104 cm 2350 kg<\/p>\n","protected":false},"featured_media":4685,"template":"","meta":{"inline_featured_image":false},"product_brand":[],"product_cat":[45,48],"product_tag":[],"class_list":{"0":"post-4605","1":"product","2":"type-product","3":"status-publish","4":"has-post-thumbnail","6":"product_cat-aiamajad","7":"product_cat-modernsed-aiamajad","9":"first","10":"instock","11":"taxable","12":"shipping-taxable","13":"purchasable","14":"product-type-simple"},"yoast_head":"<!-- This site is optimized with the Yoast SEO plugin v27.3 - https:\/\/yoast.com\/product\/yoast-seo-wordpress\/ -->\n<title>Java 22,84m2 - Suveleht<\/title>\n<meta name=\"robots\" content=\"index, follow, max-snippet:-1, max-image-preview:large, max-video-preview:-1\" \/>\n<link rel=\"canonical\" href=\"https:\/\/suveleht.ee\/toode\/java-2284m2\/\" \/>\n<meta property=\"og:locale\" content=\"en_US\" \/>\n<meta property=\"og:type\" content=\"article\" \/>\n<meta property=\"og:title\" content=\"Java 22,84m2 - Suveleht\" \/>\n<meta property=\"og:description\" content=\"* TASUTA TRANSPORT * Garantii 5 aastat Majal on kolm ruumi, mis annab sellele palju erinevaid kasutusv\u00f5imalusi. Suur l\u00fckanduksega pearuum on ideaalne nii pere kui ka suurema seltskonnaga ajaveetmiseks. Pearuumiga \u00fchendatud lisaruum sobib minik\u00f6\u00f6giks v\u00f5i sanitaarruumiks ning eraldi sissep\u00e4\u00e4suga hoiuruum aiatarvete ja tarbeesemete ladustamiseks. Majakomplekt sisaldab k\u00f5iki paigaldamiseks vajaminevaid detaile: immutatud alusraam, seinadetailid, p\u00f5randalauad ja p\u00f5randaliistud, katusetalad, katuselauad ja katuseliistud ning avat\u00e4ited. Komplekti kuuluvad katsingitud katuse-\u00e4\u00e4replekid, mis annab majale visuaalset isikup\u00e4ra kui ka kaitset vihmavee eest. Lisaks on pakis ka kinnitusvahendid (kruvid, naelad jms). Majakomplekti ei kuulu katusekate.  Ehitus: Tuuletapiga nurga\u00fchendus Seina paksus: 44 mm Seinam\u00f5\u00f5dud: 390x608 cm P\u00f5randa pindala: 22.84 m2 Terrassi pindala: 3.648 m2 Viiluseina k\u00f5rgus: 245.1 cm Seina k\u00f5rgus: 222.3 cm Katuse \u00fcleulatus: 20 cm Katuse pindala: 30.51 m2 Katusekalle: 3.4\u00b0 Uks:  1 x 3914 x 1957 mm DGP 1 x 835 x 1900 mm TP+ 1 x 835 x 1900 mm TP+ Aken: 1 x 1500 x 410 mm DGP Pakend: 630x118x104 cm 2350 kg\" \/>\n<meta property=\"og:url\" content=\"https:\/\/suveleht.ee\/toode\/java-2284m2\/\" \/>\n<meta property=\"og:site_name\" content=\"Suveleht\" \/>\n<meta property=\"article:modified_time\" content=\"2026-02-25T11:11:40+00:00\" \/>\n<meta property=\"og:image\" content=\"http:\/\/suveleht.ee\/wp-content\/uploads\/2023\/06\/Java-taust-scaled-2.jpg\" \/>\n\t<meta property=\"og:image:width\" content=\"2560\" \/>\n\t<meta property=\"og:image:height\" content=\"1707\" \/>\n\t<meta property=\"og:image:type\" content=\"image\/jpeg\" \/>\n<meta name=\"twitter:card\" content=\"summary_large_image\" \/>\n<meta name=\"twitter:label1\" content=\"Est. reading time\" \/>\n\t<meta name=\"twitter:data1\" content=\"1 minute\" \/>\n<script type=\"application\/ld+json\" class=\"yoast-schema-graph\">{\"@context\":\"https:\\\/\\\/schema.org\",\"@graph\":[{\"@type\":\"WebPage\",\"@id\":\"https:\\\/\\\/suveleht.ee\\\/toode\\\/java-2284m2\\\/\",\"url\":\"https:\\\/\\\/suveleht.ee\\\/toode\\\/java-2284m2\\\/\",\"name\":\"Java 22,84m2 - Suveleht\",\"isPartOf\":{\"@id\":\"https:\\\/\\\/suveleht.ee\\\/#website\"},\"primaryImageOfPage\":{\"@id\":\"https:\\\/\\\/suveleht.ee\\\/toode\\\/java-2284m2\\\/#primaryimage\"},\"image\":{\"@id\":\"https:\\\/\\\/suveleht.ee\\\/toode\\\/java-2284m2\\\/#primaryimage\"},\"thumbnailUrl\":\"https:\\\/\\\/suveleht.ee\\\/wp-content\\\/uploads\\\/2023\\\/06\\\/Java-taust-scaled-2.jpg\",\"datePublished\":\"2023-06-04T18:23:11+00:00\",\"dateModified\":\"2026-02-25T11:11:40+00:00\",\"breadcrumb\":{\"@id\":\"https:\\\/\\\/suveleht.ee\\\/toode\\\/java-2284m2\\\/#breadcrumb\"},\"inLanguage\":\"en-US\",\"potentialAction\":[{\"@type\":\"ReadAction\",\"target\":[\"https:\\\/\\\/suveleht.ee\\\/toode\\\/java-2284m2\\\/\"]}]},{\"@type\":\"ImageObject\",\"inLanguage\":\"en-US\",\"@id\":\"https:\\\/\\\/suveleht.ee\\\/toode\\\/java-2284m2\\\/#primaryimage\",\"url\":\"https:\\\/\\\/suveleht.ee\\\/wp-content\\\/uploads\\\/2023\\\/06\\\/Java-taust-scaled-2.jpg\",\"contentUrl\":\"https:\\\/\\\/suveleht.ee\\\/wp-content\\\/uploads\\\/2023\\\/06\\\/Java-taust-scaled-2.jpg\",\"width\":2560,\"height\":1707},{\"@type\":\"BreadcrumbList\",\"@id\":\"https:\\\/\\\/suveleht.ee\\\/toode\\\/java-2284m2\\\/#breadcrumb\",\"itemListElement\":[{\"@type\":\"ListItem\",\"position\":1,\"name\":\"Home\",\"item\":\"https:\\\/\\\/suveleht.ee\\\/\"},{\"@type\":\"ListItem\",\"position\":2,\"name\":\"Tooted\",\"item\":\"https:\\\/\\\/suveleht.ee\\\/tooted\\\/\"},{\"@type\":\"ListItem\",\"position\":3,\"name\":\"Java 22,84m2\"}]},{\"@type\":\"WebSite\",\"@id\":\"https:\\\/\\\/suveleht.ee\\\/#website\",\"url\":\"https:\\\/\\\/suveleht.ee\\\/\",\"name\":\"Suveleht\",\"description\":\"Eestis toodetud aiamajad, m\u00e4nguv\u00e4ljakud ja k\u00fcmblust\u00fcnnid\",\"potentialAction\":[{\"@type\":\"SearchAction\",\"target\":{\"@type\":\"EntryPoint\",\"urlTemplate\":\"https:\\\/\\\/suveleht.ee\\\/?s={search_term_string}\"},\"query-input\":{\"@type\":\"PropertyValueSpecification\",\"valueRequired\":true,\"valueName\":\"search_term_string\"}}],\"inLanguage\":\"en-US\"}]}<\/script>\n<!-- \/ Yoast SEO plugin. -->","yoast_head_json":{"title":"Java 22,84m2 - Suveleht","robots":{"index":"index","follow":"follow","max-snippet":"max-snippet:-1","max-image-preview":"max-image-preview:large","max-video-preview":"max-video-preview:-1"},"canonical":"https:\/\/suveleht.ee\/toode\/java-2284m2\/","og_locale":"en_US","og_type":"article","og_title":"Java 22,84m2 - Suveleht","og_description":"* TASUTA TRANSPORT * Garantii 5 aastat Majal on kolm ruumi, mis annab sellele palju erinevaid kasutusv\u00f5imalusi. Suur l\u00fckanduksega pearuum on ideaalne nii pere kui ka suurema seltskonnaga ajaveetmiseks. Pearuumiga \u00fchendatud lisaruum sobib minik\u00f6\u00f6giks v\u00f5i sanitaarruumiks ning eraldi sissep\u00e4\u00e4suga hoiuruum aiatarvete ja tarbeesemete ladustamiseks. Majakomplekt sisaldab k\u00f5iki paigaldamiseks vajaminevaid detaile: immutatud alusraam, seinadetailid, p\u00f5randalauad ja p\u00f5randaliistud, katusetalad, katuselauad ja katuseliistud ning avat\u00e4ited. Komplekti kuuluvad katsingitud katuse-\u00e4\u00e4replekid, mis annab majale visuaalset isikup\u00e4ra kui ka kaitset vihmavee eest. Lisaks on pakis ka kinnitusvahendid (kruvid, naelad jms). Majakomplekti ei kuulu katusekate.  Ehitus: Tuuletapiga nurga\u00fchendus Seina paksus: 44 mm Seinam\u00f5\u00f5dud: 390x608 cm P\u00f5randa pindala: 22.84 m2 Terrassi pindala: 3.648 m2 Viiluseina k\u00f5rgus: 245.1 cm Seina k\u00f5rgus: 222.3 cm Katuse \u00fcleulatus: 20 cm Katuse pindala: 30.51 m2 Katusekalle: 3.4\u00b0 Uks:  1 x 3914 x 1957 mm DGP 1 x 835 x 1900 mm TP+ 1 x 835 x 1900 mm TP+ Aken: 1 x 1500 x 410 mm DGP Pakend: 630x118x104 cm 2350 kg","og_url":"https:\/\/suveleht.ee\/toode\/java-2284m2\/","og_site_name":"Suveleht","article_modified_time":"2026-02-25T11:11:40+00:00","og_image":[{"width":2560,"height":1707,"url":"http:\/\/suveleht.ee\/wp-content\/uploads\/2023\/06\/Java-taust-scaled-2.jpg","type":"image\/jpeg"}],"twitter_card":"summary_large_image","twitter_misc":{"Est. reading time":"1 minute"},"schema":{"@context":"https:\/\/schema.org","@graph":[{"@type":"WebPage","@id":"https:\/\/suveleht.ee\/toode\/java-2284m2\/","url":"https:\/\/suveleht.ee\/toode\/java-2284m2\/","name":"Java 22,84m2 - Suveleht","isPartOf":{"@id":"https:\/\/suveleht.ee\/#website"},"primaryImageOfPage":{"@id":"https:\/\/suveleht.ee\/toode\/java-2284m2\/#primaryimage"},"image":{"@id":"https:\/\/suveleht.ee\/toode\/java-2284m2\/#primaryimage"},"thumbnailUrl":"https:\/\/suveleht.ee\/wp-content\/uploads\/2023\/06\/Java-taust-scaled-2.jpg","datePublished":"2023-06-04T18:23:11+00:00","dateModified":"2026-02-25T11:11:40+00:00","breadcrumb":{"@id":"https:\/\/suveleht.ee\/toode\/java-2284m2\/#breadcrumb"},"inLanguage":"en-US","potentialAction":[{"@type":"ReadAction","target":["https:\/\/suveleht.ee\/toode\/java-2284m2\/"]}]},{"@type":"ImageObject","inLanguage":"en-US","@id":"https:\/\/suveleht.ee\/toode\/java-2284m2\/#primaryimage","url":"https:\/\/suveleht.ee\/wp-content\/uploads\/2023\/06\/Java-taust-scaled-2.jpg","contentUrl":"https:\/\/suveleht.ee\/wp-content\/uploads\/2023\/06\/Java-taust-scaled-2.jpg","width":2560,"height":1707},{"@type":"BreadcrumbList","@id":"https:\/\/suveleht.ee\/toode\/java-2284m2\/#breadcrumb","itemListElement":[{"@type":"ListItem","position":1,"name":"Home","item":"https:\/\/suveleht.ee\/"},{"@type":"ListItem","position":2,"name":"Tooted","item":"https:\/\/suveleht.ee\/tooted\/"},{"@type":"ListItem","position":3,"name":"Java 22,84m2"}]},{"@type":"WebSite","@id":"https:\/\/suveleht.ee\/#website","url":"https:\/\/suveleht.ee\/","name":"Suveleht","description":"Eestis toodetud aiamajad, m\u00e4nguv\u00e4ljakud ja k\u00fcmblust\u00fcnnid","potentialAction":[{"@type":"SearchAction","target":{"@type":"EntryPoint","urlTemplate":"https:\/\/suveleht.ee\/?s={search_term_string}"},"query-input":{"@type":"PropertyValueSpecification","valueRequired":true,"valueName":"search_term_string"}}],"inLanguage":"en-US"}]}},"_links":{"self":[{"href":"https:\/\/suveleht.ee\/en\/wp-json\/wp\/v2\/product\/4605","targetHints":{"allow":["GET"]}}],"collection":[{"href":"https:\/\/suveleht.ee\/en\/wp-json\/wp\/v2\/product"}],"about":[{"href":"https:\/\/suveleht.ee\/en\/wp-json\/wp\/v2\/types\/product"}],"wp:featuredmedia":[{"embeddable":true,"href":"https:\/\/suveleht.ee\/en\/wp-json\/wp\/v2\/media\/4685"}],"wp:attachment":[{"href":"https:\/\/suveleht.ee\/en\/wp-json\/wp\/v2\/media?parent=4605"}],"wp:term":[{"taxonomy":"product_brand","embeddable":true,"href":"https:\/\/suveleht.ee\/en\/wp-json\/wp\/v2\/product_brand?post=4605"},{"taxonomy":"product_cat","embeddable":true,"href":"https:\/\/suveleht.ee\/en\/wp-json\/wp\/v2\/product_cat?post=4605"},{"taxonomy":"product_tag","embeddable":true,"href":"https:\/\/suveleht.ee\/en\/wp-json\/wp\/v2\/product_tag?post=4605"}],"curies":[{"name":"wp","href":"https:\/\/api.w.org\/{rel}","templated":true}]}}