{"id":4604,"date":"2023-06-04T18:23:11","date_gmt":"2023-06-04T18:23:11","guid":{"rendered":"https:\/\/suveleht.ee\/?post_type=product&#038;p=4604"},"modified":"2024-05-05T19:28:37","modified_gmt":"2024-05-05T19:28:37","slug":"dominica-2091m2","status":"publish","type":"product","link":"https:\/\/suveleht.ee\/en\/toode\/dominica-2091m2\/","title":{"rendered":"Dominica 20,91m2"},"content":{"rendered":"","protected":false},"excerpt":{"rendered":"<p>* TASUTA TRANSPORT<br \/>\n* Garantii 5 aastat<br \/>\n* V\u00f5imalik valida nelja viimistluse vahel: helehall, tumehall, punane, viimistlemata.<br \/>\nRuumikas terrass v\u00f5imaldab nii varju vihma eest kui ka nautida suvist p\u00e4ikest. Suured topelt aknad on k\u00fcll mitteavanevad, kuid annavad palju valgust. Kaks topelt ust lihtsustavad majas liikumist ja t\u00e4nu pikkadele klaasidele annavad veelgi valgust juurde. Komplekti kuulub k\u00f5ik vajalik paigalduseks. Katusekate ei kuulu komplekti.<\/p>\n<p>Ehitus: Tuuletapiga nurga\u00fchendus<br \/>\nSeina paksus: 40 mm<br \/>\nSeinam\u00f5\u00f5dud: 380&#215;570 cm<br \/>\nP\u00f5randa pindala: 20.91 m2<br \/>\nTerrassi pindala: 5.28 m2<br \/>\nViiluseina k\u00f5rgus: 245.1 cm<br \/>\nSeina k\u00f5rgus: 233.7 cm<br \/>\nKatuse \u00fcleulatus: 80 cm<br \/>\nKatuse pindala: 31.68 m2<br \/>\nKatusekalle: 2\u00b0<br \/>\nUks: 2 x 1588 x 1957 mm DGP+<br \/>\nAken: 3 x 1010 x 1780 mm DGP+<br \/>\nPakend: 630x118x52 cm 978 kg<br \/>\n630x118x52 cm 970 kg<\/p>\n","protected":false},"featured_media":4679,"template":"","meta":{"inline_featured_image":false},"product_brand":[],"product_cat":[45,48],"product_tag":[],"class_list":{"0":"post-4604","1":"product","2":"type-product","3":"status-publish","4":"has-post-thumbnail","6":"product_cat-aiamajad","7":"product_cat-modernsed-aiamajad","9":"first","10":"instock","11":"taxable","12":"shipping-taxable","13":"purchasable","14":"product-type-variable"},"yoast_head":"<!-- This site is optimized with the Yoast SEO plugin v27.3 - https:\/\/yoast.com\/product\/yoast-seo-wordpress\/ -->\n<title>Dominica 20,91m2 - Suveleht<\/title>\n<meta name=\"robots\" content=\"index, follow, max-snippet:-1, max-image-preview:large, max-video-preview:-1\" \/>\n<link rel=\"canonical\" href=\"https:\/\/suveleht.ee\/toode\/dominica-2091m2\/\" \/>\n<meta property=\"og:locale\" content=\"en_US\" \/>\n<meta property=\"og:type\" content=\"article\" \/>\n<meta property=\"og:title\" content=\"Dominica 20,91m2 - Suveleht\" \/>\n<meta property=\"og:description\" content=\"* TASUTA TRANSPORT * Garantii 5 aastat * V\u00f5imalik valida nelja viimistluse vahel: helehall, tumehall, punane, viimistlemata. Ruumikas terrass v\u00f5imaldab nii varju vihma eest kui ka nautida suvist p\u00e4ikest. Suured topelt aknad on k\u00fcll mitteavanevad, kuid annavad palju valgust. Kaks topelt ust lihtsustavad majas liikumist ja t\u00e4nu pikkadele klaasidele annavad veelgi valgust juurde. Komplekti kuulub k\u00f5ik vajalik paigalduseks. Katusekate ei kuulu komplekti.  Ehitus: Tuuletapiga nurga\u00fchendus Seina paksus: 40 mm Seinam\u00f5\u00f5dud: 380x570 cm P\u00f5randa pindala: 20.91 m2 Terrassi pindala: 5.28 m2 Viiluseina k\u00f5rgus: 245.1 cm Seina k\u00f5rgus: 233.7 cm Katuse \u00fcleulatus: 80 cm Katuse pindala: 31.68 m2 Katusekalle: 2\u00b0 Uks: 2 x 1588 x 1957 mm DGP+ Aken: 3 x 1010 x 1780 mm DGP+ Pakend: 630x118x52 cm 978 kg 630x118x52 cm 970 kg\" \/>\n<meta property=\"og:url\" content=\"https:\/\/suveleht.ee\/toode\/dominica-2091m2\/\" \/>\n<meta property=\"og:site_name\" content=\"Suveleht\" \/>\n<meta property=\"article:modified_time\" content=\"2024-05-05T19:28:37+00:00\" \/>\n<meta property=\"og:image\" content=\"http:\/\/suveleht.ee\/wp-content\/uploads\/2023\/06\/Dominica-taust-1.jpg\" \/>\n\t<meta property=\"og:image:width\" content=\"2500\" \/>\n\t<meta property=\"og:image:height\" content=\"1667\" \/>\n\t<meta property=\"og:image:type\" content=\"image\/jpeg\" \/>\n<meta name=\"twitter:card\" content=\"summary_large_image\" \/>\n<meta name=\"twitter:label1\" content=\"Est. reading time\" \/>\n\t<meta name=\"twitter:data1\" content=\"1 minute\" \/>\n<script type=\"application\/ld+json\" class=\"yoast-schema-graph\">{\"@context\":\"https:\\\/\\\/schema.org\",\"@graph\":[{\"@type\":\"WebPage\",\"@id\":\"https:\\\/\\\/suveleht.ee\\\/toode\\\/dominica-2091m2\\\/\",\"url\":\"https:\\\/\\\/suveleht.ee\\\/toode\\\/dominica-2091m2\\\/\",\"name\":\"Dominica 20,91m2 - Suveleht\",\"isPartOf\":{\"@id\":\"https:\\\/\\\/suveleht.ee\\\/#website\"},\"primaryImageOfPage\":{\"@id\":\"https:\\\/\\\/suveleht.ee\\\/toode\\\/dominica-2091m2\\\/#primaryimage\"},\"image\":{\"@id\":\"https:\\\/\\\/suveleht.ee\\\/toode\\\/dominica-2091m2\\\/#primaryimage\"},\"thumbnailUrl\":\"https:\\\/\\\/suveleht.ee\\\/wp-content\\\/uploads\\\/2023\\\/06\\\/Dominica-taust-1.jpg\",\"datePublished\":\"2023-06-04T18:23:11+00:00\",\"dateModified\":\"2024-05-05T19:28:37+00:00\",\"breadcrumb\":{\"@id\":\"https:\\\/\\\/suveleht.ee\\\/toode\\\/dominica-2091m2\\\/#breadcrumb\"},\"inLanguage\":\"en-US\",\"potentialAction\":[{\"@type\":\"ReadAction\",\"target\":[\"https:\\\/\\\/suveleht.ee\\\/toode\\\/dominica-2091m2\\\/\"]}]},{\"@type\":\"ImageObject\",\"inLanguage\":\"en-US\",\"@id\":\"https:\\\/\\\/suveleht.ee\\\/toode\\\/dominica-2091m2\\\/#primaryimage\",\"url\":\"https:\\\/\\\/suveleht.ee\\\/wp-content\\\/uploads\\\/2023\\\/06\\\/Dominica-taust-1.jpg\",\"contentUrl\":\"https:\\\/\\\/suveleht.ee\\\/wp-content\\\/uploads\\\/2023\\\/06\\\/Dominica-taust-1.jpg\",\"width\":2500,\"height\":1667},{\"@type\":\"BreadcrumbList\",\"@id\":\"https:\\\/\\\/suveleht.ee\\\/toode\\\/dominica-2091m2\\\/#breadcrumb\",\"itemListElement\":[{\"@type\":\"ListItem\",\"position\":1,\"name\":\"Home\",\"item\":\"https:\\\/\\\/suveleht.ee\\\/\"},{\"@type\":\"ListItem\",\"position\":2,\"name\":\"Tooted\",\"item\":\"https:\\\/\\\/suveleht.ee\\\/tooted\\\/\"},{\"@type\":\"ListItem\",\"position\":3,\"name\":\"Dominica 20,91m2\"}]},{\"@type\":\"WebSite\",\"@id\":\"https:\\\/\\\/suveleht.ee\\\/#website\",\"url\":\"https:\\\/\\\/suveleht.ee\\\/\",\"name\":\"Suveleht\",\"description\":\"Eestis toodetud aiamajad, m\u00e4nguv\u00e4ljakud ja k\u00fcmblust\u00fcnnid\",\"potentialAction\":[{\"@type\":\"SearchAction\",\"target\":{\"@type\":\"EntryPoint\",\"urlTemplate\":\"https:\\\/\\\/suveleht.ee\\\/?s={search_term_string}\"},\"query-input\":{\"@type\":\"PropertyValueSpecification\",\"valueRequired\":true,\"valueName\":\"search_term_string\"}}],\"inLanguage\":\"en-US\"}]}<\/script>\n<!-- \/ Yoast SEO plugin. -->","yoast_head_json":{"title":"Dominica 20,91m2 - Suveleht","robots":{"index":"index","follow":"follow","max-snippet":"max-snippet:-1","max-image-preview":"max-image-preview:large","max-video-preview":"max-video-preview:-1"},"canonical":"https:\/\/suveleht.ee\/toode\/dominica-2091m2\/","og_locale":"en_US","og_type":"article","og_title":"Dominica 20,91m2 - Suveleht","og_description":"* TASUTA TRANSPORT * Garantii 5 aastat * V\u00f5imalik valida nelja viimistluse vahel: helehall, tumehall, punane, viimistlemata. Ruumikas terrass v\u00f5imaldab nii varju vihma eest kui ka nautida suvist p\u00e4ikest. Suured topelt aknad on k\u00fcll mitteavanevad, kuid annavad palju valgust. Kaks topelt ust lihtsustavad majas liikumist ja t\u00e4nu pikkadele klaasidele annavad veelgi valgust juurde. Komplekti kuulub k\u00f5ik vajalik paigalduseks. Katusekate ei kuulu komplekti.  Ehitus: Tuuletapiga nurga\u00fchendus Seina paksus: 40 mm Seinam\u00f5\u00f5dud: 380x570 cm P\u00f5randa pindala: 20.91 m2 Terrassi pindala: 5.28 m2 Viiluseina k\u00f5rgus: 245.1 cm Seina k\u00f5rgus: 233.7 cm Katuse \u00fcleulatus: 80 cm Katuse pindala: 31.68 m2 Katusekalle: 2\u00b0 Uks: 2 x 1588 x 1957 mm DGP+ Aken: 3 x 1010 x 1780 mm DGP+ Pakend: 630x118x52 cm 978 kg 630x118x52 cm 970 kg","og_url":"https:\/\/suveleht.ee\/toode\/dominica-2091m2\/","og_site_name":"Suveleht","article_modified_time":"2024-05-05T19:28:37+00:00","og_image":[{"width":2500,"height":1667,"url":"http:\/\/suveleht.ee\/wp-content\/uploads\/2023\/06\/Dominica-taust-1.jpg","type":"image\/jpeg"}],"twitter_card":"summary_large_image","twitter_misc":{"Est. reading time":"1 minute"},"schema":{"@context":"https:\/\/schema.org","@graph":[{"@type":"WebPage","@id":"https:\/\/suveleht.ee\/toode\/dominica-2091m2\/","url":"https:\/\/suveleht.ee\/toode\/dominica-2091m2\/","name":"Dominica 20,91m2 - Suveleht","isPartOf":{"@id":"https:\/\/suveleht.ee\/#website"},"primaryImageOfPage":{"@id":"https:\/\/suveleht.ee\/toode\/dominica-2091m2\/#primaryimage"},"image":{"@id":"https:\/\/suveleht.ee\/toode\/dominica-2091m2\/#primaryimage"},"thumbnailUrl":"https:\/\/suveleht.ee\/wp-content\/uploads\/2023\/06\/Dominica-taust-1.jpg","datePublished":"2023-06-04T18:23:11+00:00","dateModified":"2024-05-05T19:28:37+00:00","breadcrumb":{"@id":"https:\/\/suveleht.ee\/toode\/dominica-2091m2\/#breadcrumb"},"inLanguage":"en-US","potentialAction":[{"@type":"ReadAction","target":["https:\/\/suveleht.ee\/toode\/dominica-2091m2\/"]}]},{"@type":"ImageObject","inLanguage":"en-US","@id":"https:\/\/suveleht.ee\/toode\/dominica-2091m2\/#primaryimage","url":"https:\/\/suveleht.ee\/wp-content\/uploads\/2023\/06\/Dominica-taust-1.jpg","contentUrl":"https:\/\/suveleht.ee\/wp-content\/uploads\/2023\/06\/Dominica-taust-1.jpg","width":2500,"height":1667},{"@type":"BreadcrumbList","@id":"https:\/\/suveleht.ee\/toode\/dominica-2091m2\/#breadcrumb","itemListElement":[{"@type":"ListItem","position":1,"name":"Home","item":"https:\/\/suveleht.ee\/"},{"@type":"ListItem","position":2,"name":"Tooted","item":"https:\/\/suveleht.ee\/tooted\/"},{"@type":"ListItem","position":3,"name":"Dominica 20,91m2"}]},{"@type":"WebSite","@id":"https:\/\/suveleht.ee\/#website","url":"https:\/\/suveleht.ee\/","name":"Suveleht","description":"Eestis toodetud aiamajad, m\u00e4nguv\u00e4ljakud ja k\u00fcmblust\u00fcnnid","potentialAction":[{"@type":"SearchAction","target":{"@type":"EntryPoint","urlTemplate":"https:\/\/suveleht.ee\/?s={search_term_string}"},"query-input":{"@type":"PropertyValueSpecification","valueRequired":true,"valueName":"search_term_string"}}],"inLanguage":"en-US"}]}},"_links":{"self":[{"href":"https:\/\/suveleht.ee\/en\/wp-json\/wp\/v2\/product\/4604","targetHints":{"allow":["GET"]}}],"collection":[{"href":"https:\/\/suveleht.ee\/en\/wp-json\/wp\/v2\/product"}],"about":[{"href":"https:\/\/suveleht.ee\/en\/wp-json\/wp\/v2\/types\/product"}],"wp:featuredmedia":[{"embeddable":true,"href":"https:\/\/suveleht.ee\/en\/wp-json\/wp\/v2\/media\/4679"}],"wp:attachment":[{"href":"https:\/\/suveleht.ee\/en\/wp-json\/wp\/v2\/media?parent=4604"}],"wp:term":[{"taxonomy":"product_brand","embeddable":true,"href":"https:\/\/suveleht.ee\/en\/wp-json\/wp\/v2\/product_brand?post=4604"},{"taxonomy":"product_cat","embeddable":true,"href":"https:\/\/suveleht.ee\/en\/wp-json\/wp\/v2\/product_cat?post=4604"},{"taxonomy":"product_tag","embeddable":true,"href":"https:\/\/suveleht.ee\/en\/wp-json\/wp\/v2\/product_tag?post=4604"}],"curies":[{"name":"wp","href":"https:\/\/api.w.org\/{rel}","templated":true}]}}