{"id":4599,"date":"2023-06-04T18:23:11","date_gmt":"2023-06-04T18:23:11","guid":{"rendered":"https:\/\/suveleht.ee\/?post_type=product&#038;p=4599"},"modified":"2026-02-25T10:33:40","modified_gmt":"2026-02-25T10:33:40","slug":"domeo5-1674m2","status":"publish","type":"product","link":"https:\/\/suveleht.ee\/en\/toode\/domeo5-1674m2\/","title":{"rendered":"Domeo5 16,74m2"},"content":{"rendered":"","protected":false},"excerpt":{"rendered":"<p>* TASUTA TRANSPORT<br \/>\n* Garantii 5 aastat<br \/>\nSuured alumiinium raamiga l\u00fckanduksed muudavad ruumi valgusk\u00fcllasemaks ja alumiiniumist nurgad annavad majale isikup\u00e4ra. Majakomplekt sisaldab k\u00f5iki paigaldamiseks vajaminevaid detaile: immutatud alusraam, seinadetailid, p\u00f5randalauad ja p\u00f5randaliistud, katusetalad, katuselauad ja katuseliistud ning avat\u00e4ited. Lisaks on pakis ka kinnitusvahendid (kruvid, naelad jms). Katusekattematerjal ei kuulu komplekti.<\/p>\n<p>Ehitus: Kruvitav tappideta nurga\u00fchendus<br \/>\nSeina paksus: 44 mm<br \/>\nSeinam\u00f5\u00f5dud: 418&#215;418 cm<br \/>\nP\u00f5randa pindala: 16.74 m2<br \/>\nViiluseina k\u00f5rgus: 239.4 cm<br \/>\nSeina k\u00f5rgus: 239.4 cm<br \/>\nKatuse \u00fcleulatus: 9.8 cm<br \/>\nKatuse pindala: 18.38 m2<br \/>\nKatusekalle: 1.5\u00b0<br \/>\nUks:<br \/>\n1 x 4000 x 2026 mm<br \/>\n2 x 2041 x 2026 mm<br \/>\nPakend: 440x118x66 cm 1023 kg<br \/>\n245x118x41 cm 480 kg<\/p>\n","protected":false},"featured_media":4649,"template":"","meta":{"inline_featured_image":false},"product_brand":[],"product_cat":[45,48],"product_tag":[],"class_list":{"0":"post-4599","1":"product","2":"type-product","3":"status-publish","4":"has-post-thumbnail","6":"product_cat-aiamajad","7":"product_cat-modernsed-aiamajad","9":"first","10":"instock","11":"taxable","12":"shipping-taxable","13":"purchasable","14":"product-type-simple"},"yoast_head":"<!-- This site is optimized with the Yoast SEO plugin v27.3 - https:\/\/yoast.com\/product\/yoast-seo-wordpress\/ -->\n<title>Domeo5 16,74m2 - Suveleht<\/title>\n<meta name=\"robots\" content=\"index, follow, max-snippet:-1, max-image-preview:large, max-video-preview:-1\" \/>\n<link rel=\"canonical\" href=\"https:\/\/suveleht.ee\/toode\/domeo5-1674m2\/\" \/>\n<meta property=\"og:locale\" content=\"en_US\" \/>\n<meta property=\"og:type\" content=\"article\" \/>\n<meta property=\"og:title\" content=\"Domeo5 16,74m2 - Suveleht\" \/>\n<meta property=\"og:description\" content=\"* TASUTA TRANSPORT * Garantii 5 aastat Suured alumiinium raamiga l\u00fckanduksed muudavad ruumi valgusk\u00fcllasemaks ja alumiiniumist nurgad annavad majale isikup\u00e4ra. Majakomplekt sisaldab k\u00f5iki paigaldamiseks vajaminevaid detaile: immutatud alusraam, seinadetailid, p\u00f5randalauad ja p\u00f5randaliistud, katusetalad, katuselauad ja katuseliistud ning avat\u00e4ited. Lisaks on pakis ka kinnitusvahendid (kruvid, naelad jms). Katusekattematerjal ei kuulu komplekti.  Ehitus: Kruvitav tappideta nurga\u00fchendus Seina paksus: 44 mm Seinam\u00f5\u00f5dud: 418x418 cm P\u00f5randa pindala: 16.74 m2 Viiluseina k\u00f5rgus: 239.4 cm Seina k\u00f5rgus: 239.4 cm Katuse \u00fcleulatus: 9.8 cm Katuse pindala: 18.38 m2 Katusekalle: 1.5\u00b0 Uks:  1 x 4000 x 2026 mm 2 x 2041 x 2026 mm Pakend: 440x118x66 cm 1023 kg 245x118x41 cm 480 kg\" \/>\n<meta property=\"og:url\" content=\"https:\/\/suveleht.ee\/toode\/domeo5-1674m2\/\" \/>\n<meta property=\"og:site_name\" content=\"Suveleht\" \/>\n<meta property=\"article:modified_time\" content=\"2026-02-25T10:33:40+00:00\" \/>\n<meta property=\"og:image\" content=\"http:\/\/suveleht.ee\/wp-content\/uploads\/2023\/06\/Domeo-5-taust-scaled-2.jpg\" \/>\n\t<meta property=\"og:image:width\" content=\"2560\" \/>\n\t<meta property=\"og:image:height\" content=\"1707\" \/>\n\t<meta property=\"og:image:type\" content=\"image\/jpeg\" \/>\n<meta name=\"twitter:card\" content=\"summary_large_image\" \/>\n<meta name=\"twitter:label1\" content=\"Est. reading time\" \/>\n\t<meta name=\"twitter:data1\" content=\"1 minute\" \/>\n<script type=\"application\/ld+json\" class=\"yoast-schema-graph\">{\"@context\":\"https:\\\/\\\/schema.org\",\"@graph\":[{\"@type\":\"WebPage\",\"@id\":\"https:\\\/\\\/suveleht.ee\\\/toode\\\/domeo5-1674m2\\\/\",\"url\":\"https:\\\/\\\/suveleht.ee\\\/toode\\\/domeo5-1674m2\\\/\",\"name\":\"Domeo5 16,74m2 - Suveleht\",\"isPartOf\":{\"@id\":\"https:\\\/\\\/suveleht.ee\\\/#website\"},\"primaryImageOfPage\":{\"@id\":\"https:\\\/\\\/suveleht.ee\\\/toode\\\/domeo5-1674m2\\\/#primaryimage\"},\"image\":{\"@id\":\"https:\\\/\\\/suveleht.ee\\\/toode\\\/domeo5-1674m2\\\/#primaryimage\"},\"thumbnailUrl\":\"https:\\\/\\\/suveleht.ee\\\/wp-content\\\/uploads\\\/2023\\\/06\\\/Domeo-5-taust-scaled-2.jpg\",\"datePublished\":\"2023-06-04T18:23:11+00:00\",\"dateModified\":\"2026-02-25T10:33:40+00:00\",\"breadcrumb\":{\"@id\":\"https:\\\/\\\/suveleht.ee\\\/toode\\\/domeo5-1674m2\\\/#breadcrumb\"},\"inLanguage\":\"en-US\",\"potentialAction\":[{\"@type\":\"ReadAction\",\"target\":[\"https:\\\/\\\/suveleht.ee\\\/toode\\\/domeo5-1674m2\\\/\"]}]},{\"@type\":\"ImageObject\",\"inLanguage\":\"en-US\",\"@id\":\"https:\\\/\\\/suveleht.ee\\\/toode\\\/domeo5-1674m2\\\/#primaryimage\",\"url\":\"https:\\\/\\\/suveleht.ee\\\/wp-content\\\/uploads\\\/2023\\\/06\\\/Domeo-5-taust-scaled-2.jpg\",\"contentUrl\":\"https:\\\/\\\/suveleht.ee\\\/wp-content\\\/uploads\\\/2023\\\/06\\\/Domeo-5-taust-scaled-2.jpg\",\"width\":2560,\"height\":1707},{\"@type\":\"BreadcrumbList\",\"@id\":\"https:\\\/\\\/suveleht.ee\\\/toode\\\/domeo5-1674m2\\\/#breadcrumb\",\"itemListElement\":[{\"@type\":\"ListItem\",\"position\":1,\"name\":\"Home\",\"item\":\"https:\\\/\\\/suveleht.ee\\\/\"},{\"@type\":\"ListItem\",\"position\":2,\"name\":\"Tooted\",\"item\":\"https:\\\/\\\/suveleht.ee\\\/tooted\\\/\"},{\"@type\":\"ListItem\",\"position\":3,\"name\":\"Domeo5 16,74m2\"}]},{\"@type\":\"WebSite\",\"@id\":\"https:\\\/\\\/suveleht.ee\\\/#website\",\"url\":\"https:\\\/\\\/suveleht.ee\\\/\",\"name\":\"Suveleht\",\"description\":\"Eestis toodetud aiamajad, m\u00e4nguv\u00e4ljakud ja k\u00fcmblust\u00fcnnid\",\"potentialAction\":[{\"@type\":\"SearchAction\",\"target\":{\"@type\":\"EntryPoint\",\"urlTemplate\":\"https:\\\/\\\/suveleht.ee\\\/?s={search_term_string}\"},\"query-input\":{\"@type\":\"PropertyValueSpecification\",\"valueRequired\":true,\"valueName\":\"search_term_string\"}}],\"inLanguage\":\"en-US\"}]}<\/script>\n<!-- \/ Yoast SEO plugin. -->","yoast_head_json":{"title":"Domeo5 16,74m2 - Suveleht","robots":{"index":"index","follow":"follow","max-snippet":"max-snippet:-1","max-image-preview":"max-image-preview:large","max-video-preview":"max-video-preview:-1"},"canonical":"https:\/\/suveleht.ee\/toode\/domeo5-1674m2\/","og_locale":"en_US","og_type":"article","og_title":"Domeo5 16,74m2 - Suveleht","og_description":"* TASUTA TRANSPORT * Garantii 5 aastat Suured alumiinium raamiga l\u00fckanduksed muudavad ruumi valgusk\u00fcllasemaks ja alumiiniumist nurgad annavad majale isikup\u00e4ra. Majakomplekt sisaldab k\u00f5iki paigaldamiseks vajaminevaid detaile: immutatud alusraam, seinadetailid, p\u00f5randalauad ja p\u00f5randaliistud, katusetalad, katuselauad ja katuseliistud ning avat\u00e4ited. Lisaks on pakis ka kinnitusvahendid (kruvid, naelad jms). Katusekattematerjal ei kuulu komplekti.  Ehitus: Kruvitav tappideta nurga\u00fchendus Seina paksus: 44 mm Seinam\u00f5\u00f5dud: 418x418 cm P\u00f5randa pindala: 16.74 m2 Viiluseina k\u00f5rgus: 239.4 cm Seina k\u00f5rgus: 239.4 cm Katuse \u00fcleulatus: 9.8 cm Katuse pindala: 18.38 m2 Katusekalle: 1.5\u00b0 Uks:  1 x 4000 x 2026 mm 2 x 2041 x 2026 mm Pakend: 440x118x66 cm 1023 kg 245x118x41 cm 480 kg","og_url":"https:\/\/suveleht.ee\/toode\/domeo5-1674m2\/","og_site_name":"Suveleht","article_modified_time":"2026-02-25T10:33:40+00:00","og_image":[{"width":2560,"height":1707,"url":"http:\/\/suveleht.ee\/wp-content\/uploads\/2023\/06\/Domeo-5-taust-scaled-2.jpg","type":"image\/jpeg"}],"twitter_card":"summary_large_image","twitter_misc":{"Est. reading time":"1 minute"},"schema":{"@context":"https:\/\/schema.org","@graph":[{"@type":"WebPage","@id":"https:\/\/suveleht.ee\/toode\/domeo5-1674m2\/","url":"https:\/\/suveleht.ee\/toode\/domeo5-1674m2\/","name":"Domeo5 16,74m2 - Suveleht","isPartOf":{"@id":"https:\/\/suveleht.ee\/#website"},"primaryImageOfPage":{"@id":"https:\/\/suveleht.ee\/toode\/domeo5-1674m2\/#primaryimage"},"image":{"@id":"https:\/\/suveleht.ee\/toode\/domeo5-1674m2\/#primaryimage"},"thumbnailUrl":"https:\/\/suveleht.ee\/wp-content\/uploads\/2023\/06\/Domeo-5-taust-scaled-2.jpg","datePublished":"2023-06-04T18:23:11+00:00","dateModified":"2026-02-25T10:33:40+00:00","breadcrumb":{"@id":"https:\/\/suveleht.ee\/toode\/domeo5-1674m2\/#breadcrumb"},"inLanguage":"en-US","potentialAction":[{"@type":"ReadAction","target":["https:\/\/suveleht.ee\/toode\/domeo5-1674m2\/"]}]},{"@type":"ImageObject","inLanguage":"en-US","@id":"https:\/\/suveleht.ee\/toode\/domeo5-1674m2\/#primaryimage","url":"https:\/\/suveleht.ee\/wp-content\/uploads\/2023\/06\/Domeo-5-taust-scaled-2.jpg","contentUrl":"https:\/\/suveleht.ee\/wp-content\/uploads\/2023\/06\/Domeo-5-taust-scaled-2.jpg","width":2560,"height":1707},{"@type":"BreadcrumbList","@id":"https:\/\/suveleht.ee\/toode\/domeo5-1674m2\/#breadcrumb","itemListElement":[{"@type":"ListItem","position":1,"name":"Home","item":"https:\/\/suveleht.ee\/"},{"@type":"ListItem","position":2,"name":"Tooted","item":"https:\/\/suveleht.ee\/tooted\/"},{"@type":"ListItem","position":3,"name":"Domeo5 16,74m2"}]},{"@type":"WebSite","@id":"https:\/\/suveleht.ee\/#website","url":"https:\/\/suveleht.ee\/","name":"Suveleht","description":"Eestis toodetud aiamajad, m\u00e4nguv\u00e4ljakud ja k\u00fcmblust\u00fcnnid","potentialAction":[{"@type":"SearchAction","target":{"@type":"EntryPoint","urlTemplate":"https:\/\/suveleht.ee\/?s={search_term_string}"},"query-input":{"@type":"PropertyValueSpecification","valueRequired":true,"valueName":"search_term_string"}}],"inLanguage":"en-US"}]}},"_links":{"self":[{"href":"https:\/\/suveleht.ee\/en\/wp-json\/wp\/v2\/product\/4599","targetHints":{"allow":["GET"]}}],"collection":[{"href":"https:\/\/suveleht.ee\/en\/wp-json\/wp\/v2\/product"}],"about":[{"href":"https:\/\/suveleht.ee\/en\/wp-json\/wp\/v2\/types\/product"}],"wp:featuredmedia":[{"embeddable":true,"href":"https:\/\/suveleht.ee\/en\/wp-json\/wp\/v2\/media\/4649"}],"wp:attachment":[{"href":"https:\/\/suveleht.ee\/en\/wp-json\/wp\/v2\/media?parent=4599"}],"wp:term":[{"taxonomy":"product_brand","embeddable":true,"href":"https:\/\/suveleht.ee\/en\/wp-json\/wp\/v2\/product_brand?post=4599"},{"taxonomy":"product_cat","embeddable":true,"href":"https:\/\/suveleht.ee\/en\/wp-json\/wp\/v2\/product_cat?post=4599"},{"taxonomy":"product_tag","embeddable":true,"href":"https:\/\/suveleht.ee\/en\/wp-json\/wp\/v2\/product_tag?post=4599"}],"curies":[{"name":"wp","href":"https:\/\/api.w.org\/{rel}","templated":true}]}}