{"id":4589,"date":"2023-06-04T18:23:11","date_gmt":"2023-06-04T18:23:11","guid":{"rendered":"https:\/\/suveleht.ee\/?post_type=product&#038;p=4589"},"modified":"2026-02-25T09:38:50","modified_gmt":"2026-02-25T09:38:50","slug":"anders-1233m2","status":"publish","type":"product","link":"https:\/\/suveleht.ee\/en\/toode\/anders-1233m2\/","title":{"rendered":"Anders 12,33m2"},"content":{"rendered":"","protected":false},"excerpt":{"rendered":"<p>* TASUTA TRANSPORT<br \/>\n* Garantii 5 aastat<br \/>\n* V\u00f5imalik valida nelja viimistluse vahel: helehall, tumehall, punane, viimistlemata.<br \/>\nAnders on meie uus ja p\u00f5nev mudel varjualusega. Avat\u00e4ited on korralikud tihenditega ja pakettklaasidega. M\u00f5nus ruumikas varjualune pakub varju nii p\u00e4ikese kui vihma eest, avar ja valgusk\u00fcllane siseruum v\u00f5imaldab mitmeotstarbelist kasutust kas kodukontorina, k\u00fclalistemajana v\u00f5i hoopiski v\u00f5\u00f5rustamiseks. Komplekti kuulub immutatud alusraam, p\u00f5randalauad, p\u00f5randaliistud, varjualune, avat\u00e4ited, katusetalad ja -lauad ning p\u00fcstituseks vajaminevaid montaa\u017eivahendeid.<\/p>\n<p>Seina paksus: 44 mm<br \/>\nSeinam\u00f5\u00f5dud: 360&#215;360 cm<br \/>\nP\u00f5randa pindala: 12.33 m2<br \/>\nTerrassi pindala: 9.792 m2<br \/>\nViiluseina k\u00f5rgus: 233.7 cm<br \/>\nSeina k\u00f5rgus: 222.3 cm<br \/>\nKatuse \u00fcleulatus: 28 cm<br \/>\nKatuse pindala: 28.55 m2<br \/>\nKatusekalle: 1.8\u00b0<br \/>\nUks: 2 x 1588 x 1957 mm DGP+<br \/>\nAken: 1 x 560 x 1780 mm DGP+<br \/>\nPakend: 630x118x83 cm 1520 kg<\/p>\n","protected":false},"featured_media":1844,"template":"","meta":{"inline_featured_image":false},"product_brand":[],"product_cat":[45,47],"product_tag":[],"class_list":{"0":"post-4589","1":"product","2":"type-product","3":"status-publish","4":"has-post-thumbnail","6":"product_cat-aiamajad","7":"product_cat-valikoogid","9":"first","10":"outofstock","11":"featured","12":"taxable","13":"shipping-taxable","14":"purchasable","15":"product-type-variable"},"yoast_head":"<!-- This site is optimized with the Yoast SEO plugin v27.3 - https:\/\/yoast.com\/product\/yoast-seo-wordpress\/ -->\n<title>Anders 12,33m2 - Suveleht<\/title>\n<meta name=\"robots\" content=\"index, follow, max-snippet:-1, max-image-preview:large, max-video-preview:-1\" \/>\n<link rel=\"canonical\" href=\"https:\/\/suveleht.ee\/toode\/anders-1233m2\/\" \/>\n<meta property=\"og:locale\" content=\"en_US\" \/>\n<meta property=\"og:type\" content=\"article\" \/>\n<meta property=\"og:title\" content=\"Anders 12,33m2 - Suveleht\" \/>\n<meta property=\"og:description\" content=\"* TASUTA TRANSPORT * Garantii 5 aastat * V\u00f5imalik valida nelja viimistluse vahel: helehall, tumehall, punane, viimistlemata. Anders on meie uus ja p\u00f5nev mudel varjualusega. Avat\u00e4ited on korralikud tihenditega ja pakettklaasidega. M\u00f5nus ruumikas varjualune pakub varju nii p\u00e4ikese kui vihma eest, avar ja valgusk\u00fcllane siseruum v\u00f5imaldab mitmeotstarbelist kasutust kas kodukontorina, k\u00fclalistemajana v\u00f5i hoopiski v\u00f5\u00f5rustamiseks. Komplekti kuulub immutatud alusraam, p\u00f5randalauad, p\u00f5randaliistud, varjualune, avat\u00e4ited, katusetalad ja -lauad ning p\u00fcstituseks vajaminevaid montaa\u017eivahendeid.  Seina paksus: 44 mm Seinam\u00f5\u00f5dud: 360x360 cm P\u00f5randa pindala: 12.33 m2 Terrassi pindala: 9.792 m2 Viiluseina k\u00f5rgus: 233.7 cm Seina k\u00f5rgus: 222.3 cm Katuse \u00fcleulatus: 28 cm Katuse pindala: 28.55 m2 Katusekalle: 1.8\u00b0 Uks: 2 x 1588 x 1957 mm DGP+ Aken: 1 x 560 x 1780 mm DGP+ Pakend: 630x118x83 cm 1520 kg\" \/>\n<meta property=\"og:url\" content=\"https:\/\/suveleht.ee\/toode\/anders-1233m2\/\" \/>\n<meta property=\"og:site_name\" content=\"Suveleht\" \/>\n<meta property=\"article:modified_time\" content=\"2026-02-25T09:38:50+00:00\" \/>\n<meta property=\"og:image\" content=\"http:\/\/suveleht.ee\/wp-content\/uploads\/2023\/05\/Anders-taustaga-scaled-1.jpg\" \/>\n\t<meta property=\"og:image:width\" content=\"2560\" \/>\n\t<meta property=\"og:image:height\" content=\"1708\" \/>\n\t<meta property=\"og:image:type\" content=\"image\/jpeg\" \/>\n<meta name=\"twitter:card\" content=\"summary_large_image\" \/>\n<meta name=\"twitter:label1\" content=\"Est. reading time\" \/>\n\t<meta name=\"twitter:data1\" content=\"1 minute\" \/>\n<script type=\"application\/ld+json\" class=\"yoast-schema-graph\">{\"@context\":\"https:\\\/\\\/schema.org\",\"@graph\":[{\"@type\":\"WebPage\",\"@id\":\"https:\\\/\\\/suveleht.ee\\\/toode\\\/anders-1233m2\\\/\",\"url\":\"https:\\\/\\\/suveleht.ee\\\/toode\\\/anders-1233m2\\\/\",\"name\":\"Anders 12,33m2 - Suveleht\",\"isPartOf\":{\"@id\":\"https:\\\/\\\/suveleht.ee\\\/#website\"},\"primaryImageOfPage\":{\"@id\":\"https:\\\/\\\/suveleht.ee\\\/toode\\\/anders-1233m2\\\/#primaryimage\"},\"image\":{\"@id\":\"https:\\\/\\\/suveleht.ee\\\/toode\\\/anders-1233m2\\\/#primaryimage\"},\"thumbnailUrl\":\"https:\\\/\\\/suveleht.ee\\\/wp-content\\\/uploads\\\/2023\\\/05\\\/Anders-taustaga-scaled-1.jpg\",\"datePublished\":\"2023-06-04T18:23:11+00:00\",\"dateModified\":\"2026-02-25T09:38:50+00:00\",\"breadcrumb\":{\"@id\":\"https:\\\/\\\/suveleht.ee\\\/toode\\\/anders-1233m2\\\/#breadcrumb\"},\"inLanguage\":\"en-US\",\"potentialAction\":[{\"@type\":\"ReadAction\",\"target\":[\"https:\\\/\\\/suveleht.ee\\\/toode\\\/anders-1233m2\\\/\"]}]},{\"@type\":\"ImageObject\",\"inLanguage\":\"en-US\",\"@id\":\"https:\\\/\\\/suveleht.ee\\\/toode\\\/anders-1233m2\\\/#primaryimage\",\"url\":\"https:\\\/\\\/suveleht.ee\\\/wp-content\\\/uploads\\\/2023\\\/05\\\/Anders-taustaga-scaled-1.jpg\",\"contentUrl\":\"https:\\\/\\\/suveleht.ee\\\/wp-content\\\/uploads\\\/2023\\\/05\\\/Anders-taustaga-scaled-1.jpg\",\"width\":2560,\"height\":1708},{\"@type\":\"BreadcrumbList\",\"@id\":\"https:\\\/\\\/suveleht.ee\\\/toode\\\/anders-1233m2\\\/#breadcrumb\",\"itemListElement\":[{\"@type\":\"ListItem\",\"position\":1,\"name\":\"Home\",\"item\":\"https:\\\/\\\/suveleht.ee\\\/\"},{\"@type\":\"ListItem\",\"position\":2,\"name\":\"Tooted\",\"item\":\"https:\\\/\\\/suveleht.ee\\\/tooted\\\/\"},{\"@type\":\"ListItem\",\"position\":3,\"name\":\"Anders 12,33m2\"}]},{\"@type\":\"WebSite\",\"@id\":\"https:\\\/\\\/suveleht.ee\\\/#website\",\"url\":\"https:\\\/\\\/suveleht.ee\\\/\",\"name\":\"Suveleht\",\"description\":\"Eestis toodetud aiamajad, m\u00e4nguv\u00e4ljakud ja k\u00fcmblust\u00fcnnid\",\"potentialAction\":[{\"@type\":\"SearchAction\",\"target\":{\"@type\":\"EntryPoint\",\"urlTemplate\":\"https:\\\/\\\/suveleht.ee\\\/?s={search_term_string}\"},\"query-input\":{\"@type\":\"PropertyValueSpecification\",\"valueRequired\":true,\"valueName\":\"search_term_string\"}}],\"inLanguage\":\"en-US\"}]}<\/script>\n<!-- \/ Yoast SEO plugin. -->","yoast_head_json":{"title":"Anders 12,33m2 - Suveleht","robots":{"index":"index","follow":"follow","max-snippet":"max-snippet:-1","max-image-preview":"max-image-preview:large","max-video-preview":"max-video-preview:-1"},"canonical":"https:\/\/suveleht.ee\/toode\/anders-1233m2\/","og_locale":"en_US","og_type":"article","og_title":"Anders 12,33m2 - Suveleht","og_description":"* TASUTA TRANSPORT * Garantii 5 aastat * V\u00f5imalik valida nelja viimistluse vahel: helehall, tumehall, punane, viimistlemata. Anders on meie uus ja p\u00f5nev mudel varjualusega. Avat\u00e4ited on korralikud tihenditega ja pakettklaasidega. M\u00f5nus ruumikas varjualune pakub varju nii p\u00e4ikese kui vihma eest, avar ja valgusk\u00fcllane siseruum v\u00f5imaldab mitmeotstarbelist kasutust kas kodukontorina, k\u00fclalistemajana v\u00f5i hoopiski v\u00f5\u00f5rustamiseks. Komplekti kuulub immutatud alusraam, p\u00f5randalauad, p\u00f5randaliistud, varjualune, avat\u00e4ited, katusetalad ja -lauad ning p\u00fcstituseks vajaminevaid montaa\u017eivahendeid.  Seina paksus: 44 mm Seinam\u00f5\u00f5dud: 360x360 cm P\u00f5randa pindala: 12.33 m2 Terrassi pindala: 9.792 m2 Viiluseina k\u00f5rgus: 233.7 cm Seina k\u00f5rgus: 222.3 cm Katuse \u00fcleulatus: 28 cm Katuse pindala: 28.55 m2 Katusekalle: 1.8\u00b0 Uks: 2 x 1588 x 1957 mm DGP+ Aken: 1 x 560 x 1780 mm DGP+ Pakend: 630x118x83 cm 1520 kg","og_url":"https:\/\/suveleht.ee\/toode\/anders-1233m2\/","og_site_name":"Suveleht","article_modified_time":"2026-02-25T09:38:50+00:00","og_image":[{"width":2560,"height":1708,"url":"http:\/\/suveleht.ee\/wp-content\/uploads\/2023\/05\/Anders-taustaga-scaled-1.jpg","type":"image\/jpeg"}],"twitter_card":"summary_large_image","twitter_misc":{"Est. reading time":"1 minute"},"schema":{"@context":"https:\/\/schema.org","@graph":[{"@type":"WebPage","@id":"https:\/\/suveleht.ee\/toode\/anders-1233m2\/","url":"https:\/\/suveleht.ee\/toode\/anders-1233m2\/","name":"Anders 12,33m2 - Suveleht","isPartOf":{"@id":"https:\/\/suveleht.ee\/#website"},"primaryImageOfPage":{"@id":"https:\/\/suveleht.ee\/toode\/anders-1233m2\/#primaryimage"},"image":{"@id":"https:\/\/suveleht.ee\/toode\/anders-1233m2\/#primaryimage"},"thumbnailUrl":"https:\/\/suveleht.ee\/wp-content\/uploads\/2023\/05\/Anders-taustaga-scaled-1.jpg","datePublished":"2023-06-04T18:23:11+00:00","dateModified":"2026-02-25T09:38:50+00:00","breadcrumb":{"@id":"https:\/\/suveleht.ee\/toode\/anders-1233m2\/#breadcrumb"},"inLanguage":"en-US","potentialAction":[{"@type":"ReadAction","target":["https:\/\/suveleht.ee\/toode\/anders-1233m2\/"]}]},{"@type":"ImageObject","inLanguage":"en-US","@id":"https:\/\/suveleht.ee\/toode\/anders-1233m2\/#primaryimage","url":"https:\/\/suveleht.ee\/wp-content\/uploads\/2023\/05\/Anders-taustaga-scaled-1.jpg","contentUrl":"https:\/\/suveleht.ee\/wp-content\/uploads\/2023\/05\/Anders-taustaga-scaled-1.jpg","width":2560,"height":1708},{"@type":"BreadcrumbList","@id":"https:\/\/suveleht.ee\/toode\/anders-1233m2\/#breadcrumb","itemListElement":[{"@type":"ListItem","position":1,"name":"Home","item":"https:\/\/suveleht.ee\/"},{"@type":"ListItem","position":2,"name":"Tooted","item":"https:\/\/suveleht.ee\/tooted\/"},{"@type":"ListItem","position":3,"name":"Anders 12,33m2"}]},{"@type":"WebSite","@id":"https:\/\/suveleht.ee\/#website","url":"https:\/\/suveleht.ee\/","name":"Suveleht","description":"Eestis toodetud aiamajad, m\u00e4nguv\u00e4ljakud ja k\u00fcmblust\u00fcnnid","potentialAction":[{"@type":"SearchAction","target":{"@type":"EntryPoint","urlTemplate":"https:\/\/suveleht.ee\/?s={search_term_string}"},"query-input":{"@type":"PropertyValueSpecification","valueRequired":true,"valueName":"search_term_string"}}],"inLanguage":"en-US"}]}},"_links":{"self":[{"href":"https:\/\/suveleht.ee\/en\/wp-json\/wp\/v2\/product\/4589","targetHints":{"allow":["GET"]}}],"collection":[{"href":"https:\/\/suveleht.ee\/en\/wp-json\/wp\/v2\/product"}],"about":[{"href":"https:\/\/suveleht.ee\/en\/wp-json\/wp\/v2\/types\/product"}],"wp:featuredmedia":[{"embeddable":true,"href":"https:\/\/suveleht.ee\/en\/wp-json\/wp\/v2\/media\/1844"}],"wp:attachment":[{"href":"https:\/\/suveleht.ee\/en\/wp-json\/wp\/v2\/media?parent=4589"}],"wp:term":[{"taxonomy":"product_brand","embeddable":true,"href":"https:\/\/suveleht.ee\/en\/wp-json\/wp\/v2\/product_brand?post=4589"},{"taxonomy":"product_cat","embeddable":true,"href":"https:\/\/suveleht.ee\/en\/wp-json\/wp\/v2\/product_cat?post=4589"},{"taxonomy":"product_tag","embeddable":true,"href":"https:\/\/suveleht.ee\/en\/wp-json\/wp\/v2\/product_tag?post=4589"}],"curies":[{"name":"wp","href":"https:\/\/api.w.org\/{rel}","templated":true}]}}