{"id":4587,"date":"2023-06-04T18:23:09","date_gmt":"2023-06-04T18:23:09","guid":{"rendered":"https:\/\/suveleht.ee\/?post_type=product&#038;p=4587"},"modified":"2026-02-26T08:28:01","modified_gmt":"2026-02-26T08:28:01","slug":"sacramento-82m2","status":"publish","type":"product","link":"https:\/\/suveleht.ee\/en\/toode\/sacramento-82m2\/","title":{"rendered":"Sacramento 8,2m2"},"content":{"rendered":"","protected":false},"excerpt":{"rendered":"<p>* TASUTA TRANSPORT<br \/>\n* Garantii 5 aastat<br \/>\nMajakomplektis on seinadetailid, katusetalad, katuselauad ja \u2013liistud ning avat\u00e4ited ja kinnitusvahendid (kruvid, naelad jms). Maja on p\u00f5randata, soovi korral on see v\u00f5imalik juurde osta. Aiamaja komplekti kuulub ka katusepapp.<\/p>\n<p>Ehitus: Tuuletapiga nurga\u00fchendus<br \/>\nSeina paksus: 28 mm<br \/>\nSeinam\u00f5\u00f5dud: 292&#215;292 cm<br \/>\nP\u00f5randa pindala: 8.2 m2<br \/>\nViiluseina k\u00f5rgus: 210.9 cm<br \/>\nSeina k\u00f5rgus: 188.1 cm<br \/>\nKatuse \u00fcleulatus: 10 cm<br \/>\nKatuse pindala: 9.98 m2<br \/>\nKatusekalle: 4.5\u00b0<br \/>\nUks: 1 x 1494 x 1850 mm<br \/>\nPakend 330x118x45 cm 468 kg<\/p>\n","protected":false},"featured_media":1838,"template":"","meta":{"inline_featured_image":false},"product_brand":[],"product_cat":[46],"product_tag":[],"class_list":{"0":"post-4587","1":"product","2":"type-product","3":"status-publish","4":"has-post-thumbnail","6":"product_cat-hoiuruumid","8":"first","9":"instock","10":"taxable","11":"shipping-taxable","12":"purchasable","13":"product-type-simple"},"yoast_head":"<!-- This site is optimized with the Yoast SEO plugin v27.3 - https:\/\/yoast.com\/product\/yoast-seo-wordpress\/ -->\n<title>Sacramento 8,2m2 - Suveleht<\/title>\n<meta name=\"robots\" content=\"index, follow, max-snippet:-1, max-image-preview:large, max-video-preview:-1\" \/>\n<link rel=\"canonical\" href=\"https:\/\/suveleht.ee\/toode\/sacramento-82m2\/\" \/>\n<meta property=\"og:locale\" content=\"en_US\" \/>\n<meta property=\"og:type\" content=\"article\" \/>\n<meta property=\"og:title\" content=\"Sacramento 8,2m2 - Suveleht\" \/>\n<meta property=\"og:description\" content=\"* TASUTA TRANSPORT * Garantii 5 aastat Majakomplektis on seinadetailid, katusetalad, katuselauad ja \u2013liistud ning avat\u00e4ited ja kinnitusvahendid (kruvid, naelad jms). Maja on p\u00f5randata, soovi korral on see v\u00f5imalik juurde osta. Aiamaja komplekti kuulub ka katusepapp.  Ehitus: Tuuletapiga nurga\u00fchendus Seina paksus: 28 mm Seinam\u00f5\u00f5dud: 292x292 cm P\u00f5randa pindala: 8.2 m2 Viiluseina k\u00f5rgus: 210.9 cm Seina k\u00f5rgus: 188.1 cm Katuse \u00fcleulatus: 10 cm Katuse pindala: 9.98 m2 Katusekalle: 4.5\u00b0 Uks: 1 x 1494 x 1850 mm Pakend 330x118x45 cm 468 kg\" \/>\n<meta property=\"og:url\" content=\"https:\/\/suveleht.ee\/toode\/sacramento-82m2\/\" \/>\n<meta property=\"og:site_name\" content=\"Suveleht\" \/>\n<meta property=\"article:modified_time\" content=\"2026-02-26T08:28:01+00:00\" \/>\n<meta property=\"og:image\" content=\"http:\/\/suveleht.ee\/wp-content\/uploads\/2023\/05\/Sacramento-taust.jpg\" \/>\n\t<meta property=\"og:image:width\" content=\"2500\" \/>\n\t<meta property=\"og:image:height\" content=\"1667\" \/>\n\t<meta property=\"og:image:type\" content=\"image\/jpeg\" \/>\n<meta name=\"twitter:card\" content=\"summary_large_image\" \/>\n<meta name=\"twitter:label1\" content=\"Est. reading time\" \/>\n\t<meta name=\"twitter:data1\" content=\"1 minute\" \/>\n<script type=\"application\/ld+json\" class=\"yoast-schema-graph\">{\"@context\":\"https:\\\/\\\/schema.org\",\"@graph\":[{\"@type\":\"WebPage\",\"@id\":\"https:\\\/\\\/suveleht.ee\\\/toode\\\/sacramento-82m2\\\/\",\"url\":\"https:\\\/\\\/suveleht.ee\\\/toode\\\/sacramento-82m2\\\/\",\"name\":\"Sacramento 8,2m2 - Suveleht\",\"isPartOf\":{\"@id\":\"https:\\\/\\\/suveleht.ee\\\/#website\"},\"primaryImageOfPage\":{\"@id\":\"https:\\\/\\\/suveleht.ee\\\/toode\\\/sacramento-82m2\\\/#primaryimage\"},\"image\":{\"@id\":\"https:\\\/\\\/suveleht.ee\\\/toode\\\/sacramento-82m2\\\/#primaryimage\"},\"thumbnailUrl\":\"https:\\\/\\\/suveleht.ee\\\/wp-content\\\/uploads\\\/2023\\\/05\\\/Sacramento-taust.jpg\",\"datePublished\":\"2023-06-04T18:23:09+00:00\",\"dateModified\":\"2026-02-26T08:28:01+00:00\",\"breadcrumb\":{\"@id\":\"https:\\\/\\\/suveleht.ee\\\/toode\\\/sacramento-82m2\\\/#breadcrumb\"},\"inLanguage\":\"en-US\",\"potentialAction\":[{\"@type\":\"ReadAction\",\"target\":[\"https:\\\/\\\/suveleht.ee\\\/toode\\\/sacramento-82m2\\\/\"]}]},{\"@type\":\"ImageObject\",\"inLanguage\":\"en-US\",\"@id\":\"https:\\\/\\\/suveleht.ee\\\/toode\\\/sacramento-82m2\\\/#primaryimage\",\"url\":\"https:\\\/\\\/suveleht.ee\\\/wp-content\\\/uploads\\\/2023\\\/05\\\/Sacramento-taust.jpg\",\"contentUrl\":\"https:\\\/\\\/suveleht.ee\\\/wp-content\\\/uploads\\\/2023\\\/05\\\/Sacramento-taust.jpg\",\"width\":2500,\"height\":1667},{\"@type\":\"BreadcrumbList\",\"@id\":\"https:\\\/\\\/suveleht.ee\\\/toode\\\/sacramento-82m2\\\/#breadcrumb\",\"itemListElement\":[{\"@type\":\"ListItem\",\"position\":1,\"name\":\"Home\",\"item\":\"https:\\\/\\\/suveleht.ee\\\/\"},{\"@type\":\"ListItem\",\"position\":2,\"name\":\"Tooted\",\"item\":\"https:\\\/\\\/suveleht.ee\\\/tooted\\\/\"},{\"@type\":\"ListItem\",\"position\":3,\"name\":\"Sacramento 8,2m2\"}]},{\"@type\":\"WebSite\",\"@id\":\"https:\\\/\\\/suveleht.ee\\\/#website\",\"url\":\"https:\\\/\\\/suveleht.ee\\\/\",\"name\":\"Suveleht\",\"description\":\"Eestis toodetud aiamajad, m\u00e4nguv\u00e4ljakud ja k\u00fcmblust\u00fcnnid\",\"potentialAction\":[{\"@type\":\"SearchAction\",\"target\":{\"@type\":\"EntryPoint\",\"urlTemplate\":\"https:\\\/\\\/suveleht.ee\\\/?s={search_term_string}\"},\"query-input\":{\"@type\":\"PropertyValueSpecification\",\"valueRequired\":true,\"valueName\":\"search_term_string\"}}],\"inLanguage\":\"en-US\"}]}<\/script>\n<!-- \/ Yoast SEO plugin. -->","yoast_head_json":{"title":"Sacramento 8,2m2 - Suveleht","robots":{"index":"index","follow":"follow","max-snippet":"max-snippet:-1","max-image-preview":"max-image-preview:large","max-video-preview":"max-video-preview:-1"},"canonical":"https:\/\/suveleht.ee\/toode\/sacramento-82m2\/","og_locale":"en_US","og_type":"article","og_title":"Sacramento 8,2m2 - Suveleht","og_description":"* TASUTA TRANSPORT * Garantii 5 aastat Majakomplektis on seinadetailid, katusetalad, katuselauad ja \u2013liistud ning avat\u00e4ited ja kinnitusvahendid (kruvid, naelad jms). Maja on p\u00f5randata, soovi korral on see v\u00f5imalik juurde osta. Aiamaja komplekti kuulub ka katusepapp.  Ehitus: Tuuletapiga nurga\u00fchendus Seina paksus: 28 mm Seinam\u00f5\u00f5dud: 292x292 cm P\u00f5randa pindala: 8.2 m2 Viiluseina k\u00f5rgus: 210.9 cm Seina k\u00f5rgus: 188.1 cm Katuse \u00fcleulatus: 10 cm Katuse pindala: 9.98 m2 Katusekalle: 4.5\u00b0 Uks: 1 x 1494 x 1850 mm Pakend 330x118x45 cm 468 kg","og_url":"https:\/\/suveleht.ee\/toode\/sacramento-82m2\/","og_site_name":"Suveleht","article_modified_time":"2026-02-26T08:28:01+00:00","og_image":[{"width":2500,"height":1667,"url":"http:\/\/suveleht.ee\/wp-content\/uploads\/2023\/05\/Sacramento-taust.jpg","type":"image\/jpeg"}],"twitter_card":"summary_large_image","twitter_misc":{"Est. reading time":"1 minute"},"schema":{"@context":"https:\/\/schema.org","@graph":[{"@type":"WebPage","@id":"https:\/\/suveleht.ee\/toode\/sacramento-82m2\/","url":"https:\/\/suveleht.ee\/toode\/sacramento-82m2\/","name":"Sacramento 8,2m2 - Suveleht","isPartOf":{"@id":"https:\/\/suveleht.ee\/#website"},"primaryImageOfPage":{"@id":"https:\/\/suveleht.ee\/toode\/sacramento-82m2\/#primaryimage"},"image":{"@id":"https:\/\/suveleht.ee\/toode\/sacramento-82m2\/#primaryimage"},"thumbnailUrl":"https:\/\/suveleht.ee\/wp-content\/uploads\/2023\/05\/Sacramento-taust.jpg","datePublished":"2023-06-04T18:23:09+00:00","dateModified":"2026-02-26T08:28:01+00:00","breadcrumb":{"@id":"https:\/\/suveleht.ee\/toode\/sacramento-82m2\/#breadcrumb"},"inLanguage":"en-US","potentialAction":[{"@type":"ReadAction","target":["https:\/\/suveleht.ee\/toode\/sacramento-82m2\/"]}]},{"@type":"ImageObject","inLanguage":"en-US","@id":"https:\/\/suveleht.ee\/toode\/sacramento-82m2\/#primaryimage","url":"https:\/\/suveleht.ee\/wp-content\/uploads\/2023\/05\/Sacramento-taust.jpg","contentUrl":"https:\/\/suveleht.ee\/wp-content\/uploads\/2023\/05\/Sacramento-taust.jpg","width":2500,"height":1667},{"@type":"BreadcrumbList","@id":"https:\/\/suveleht.ee\/toode\/sacramento-82m2\/#breadcrumb","itemListElement":[{"@type":"ListItem","position":1,"name":"Home","item":"https:\/\/suveleht.ee\/"},{"@type":"ListItem","position":2,"name":"Tooted","item":"https:\/\/suveleht.ee\/tooted\/"},{"@type":"ListItem","position":3,"name":"Sacramento 8,2m2"}]},{"@type":"WebSite","@id":"https:\/\/suveleht.ee\/#website","url":"https:\/\/suveleht.ee\/","name":"Suveleht","description":"Eestis toodetud aiamajad, m\u00e4nguv\u00e4ljakud ja k\u00fcmblust\u00fcnnid","potentialAction":[{"@type":"SearchAction","target":{"@type":"EntryPoint","urlTemplate":"https:\/\/suveleht.ee\/?s={search_term_string}"},"query-input":{"@type":"PropertyValueSpecification","valueRequired":true,"valueName":"search_term_string"}}],"inLanguage":"en-US"}]}},"_links":{"self":[{"href":"https:\/\/suveleht.ee\/en\/wp-json\/wp\/v2\/product\/4587","targetHints":{"allow":["GET"]}}],"collection":[{"href":"https:\/\/suveleht.ee\/en\/wp-json\/wp\/v2\/product"}],"about":[{"href":"https:\/\/suveleht.ee\/en\/wp-json\/wp\/v2\/types\/product"}],"wp:featuredmedia":[{"embeddable":true,"href":"https:\/\/suveleht.ee\/en\/wp-json\/wp\/v2\/media\/1838"}],"wp:attachment":[{"href":"https:\/\/suveleht.ee\/en\/wp-json\/wp\/v2\/media?parent=4587"}],"wp:term":[{"taxonomy":"product_brand","embeddable":true,"href":"https:\/\/suveleht.ee\/en\/wp-json\/wp\/v2\/product_brand?post=4587"},{"taxonomy":"product_cat","embeddable":true,"href":"https:\/\/suveleht.ee\/en\/wp-json\/wp\/v2\/product_cat?post=4587"},{"taxonomy":"product_tag","embeddable":true,"href":"https:\/\/suveleht.ee\/en\/wp-json\/wp\/v2\/product_tag?post=4587"}],"curies":[{"name":"wp","href":"https:\/\/api.w.org\/{rel}","templated":true}]}}