{"id":4576,"date":"2023-06-04T18:23:08","date_gmt":"2023-06-04T18:23:08","guid":{"rendered":"https:\/\/suveleht.ee\/?post_type=product&#038;p=4576"},"modified":"2023-07-01T00:08:06","modified_gmt":"2023-07-01T00:08:06","slug":"jesper-set-1","status":"publish","type":"product","link":"https:\/\/suveleht.ee\/en\/toode\/jesper-set-1\/","title":{"rendered":"Jesper set 1"},"content":{"rendered":"","protected":false},"excerpt":{"rendered":"<p>Jesper set 1 (2x torn katusega, sild, ronimissein, kiigepuu, lium\u00e4gi)<\/p>\n<p>Materjal:<br \/>\nKuusepuit<br \/>\nToode on t\u00f6\u00f6deldud (pruuniks s\u00fcvaimmutatud)<br \/>\nPuidu profiil kandiline<br \/>\nMaa peale kinnitatav toode<\/p>\n<p>Paigaldatud toote m\u00f5\u00f5tmed:<br \/>\nLaius 600 cm<br \/>\nS\u00fcgavus 464 cm<br \/>\nK\u00f5rgus 314 cm<\/p>\n<p>Ohutusala<br \/>\nLaius 1000 cm<br \/>\nS\u00fcgavus 865 cm<\/p>\n<p>Detaili diameeter- m\u00f5\u00f5tmed<br \/>\nEmapuu 90 mm<br \/>\nTugipost 70&#215;70 mm<\/p>\n<p>Platvormi k\u00f5rgus lium\u00e4ele 120 cm<\/p>\n<p>Pakend:<br \/>\nPaki m\u00f5\u00f5t 2,4&#215;1,2&#215;1,1 m<br \/>\nPaki kaal 380 kg<\/p>\n<p>Transport:<br \/>\nSisaldub hinnas<br \/>\nMaha laadimisega (Mahalaadimiskohas peab olema k\u00f5va pinnakate)<\/p>\n<p>Montaa\u017eivahendid:<br \/>\nSisalduvad hinnas<br \/>\nKinnitusankrud ei kuulu komplekti<\/p>\n<p>Tugev liimpuidust kiigepuu<br \/>\nLaste m\u00e4ngumaja vastab Euroopa Standardite EN 71-1 &amp; EN 71-8 ja EL direktiividele 2009\/48\/E\u00dc<br \/>\nFSC- sertifitseeritud toode<br \/>\nT\u00dcV-sertifitseeritud toode (ID 0000075540)<\/p>\n","protected":false},"featured_media":1806,"template":"","meta":{"inline_featured_image":false},"product_brand":[],"product_cat":[52],"product_tag":[],"class_list":{"0":"post-4576","1":"product","2":"type-product","3":"status-publish","4":"has-post-thumbnail","6":"product_cat-manguvaljakud","8":"first","9":"instock","10":"taxable","11":"shipping-taxable","12":"purchasable","13":"product-type-simple"},"yoast_head":"<!-- This site is optimized with the Yoast SEO plugin v27.3 - https:\/\/yoast.com\/product\/yoast-seo-wordpress\/ -->\n<title>Jesper set 1 - Suveleht<\/title>\n<meta name=\"robots\" content=\"index, follow, max-snippet:-1, max-image-preview:large, max-video-preview:-1\" \/>\n<link rel=\"canonical\" href=\"https:\/\/suveleht.ee\/toode\/jesper-set-1\/\" \/>\n<meta property=\"og:locale\" content=\"en_US\" \/>\n<meta property=\"og:type\" content=\"article\" \/>\n<meta property=\"og:title\" content=\"Jesper set 1 - Suveleht\" \/>\n<meta property=\"og:description\" content=\"Jesper set 1 (2x torn katusega, sild, ronimissein, kiigepuu, lium\u00e4gi)  Materjal: Kuusepuit Toode on t\u00f6\u00f6deldud (pruuniks s\u00fcvaimmutatud) Puidu profiil kandiline Maa peale kinnitatav toode  Paigaldatud toote m\u00f5\u00f5tmed: Laius 600 cm S\u00fcgavus 464 cm K\u00f5rgus 314 cm  Ohutusala Laius 1000 cm S\u00fcgavus 865 cm  Detaili diameeter- m\u00f5\u00f5tmed Emapuu 90 mm Tugipost 70x70 mm  Platvormi k\u00f5rgus lium\u00e4ele 120 cm  Pakend: Paki m\u00f5\u00f5t 2,4x1,2x1,1 m Paki kaal 380 kg  Transport: Sisaldub hinnas Maha laadimisega (Mahalaadimiskohas peab olema k\u00f5va pinnakate)  Montaa\u017eivahendid: Sisalduvad hinnas Kinnitusankrud ei kuulu komplekti  Tugev liimpuidust kiigepuu Laste m\u00e4ngumaja vastab Euroopa Standardite EN 71-1 &amp; EN 71-8 ja EL direktiividele 2009\/48\/E\u00dc FSC- sertifitseeritud toode T\u00dcV-sertifitseeritud toode (ID 0000075540)\" \/>\n<meta property=\"og:url\" content=\"https:\/\/suveleht.ee\/toode\/jesper-set-1\/\" \/>\n<meta property=\"og:site_name\" content=\"Suveleht\" \/>\n<meta property=\"article:modified_time\" content=\"2023-07-01T00:08:06+00:00\" \/>\n<meta property=\"og:image\" content=\"http:\/\/suveleht.ee\/wp-content\/uploads\/2023\/05\/1_Palmako_Kids_Jesper_Set1_BNVPI_wb-scaled-1.jpg\" \/>\n\t<meta property=\"og:image:width\" content=\"2560\" \/>\n\t<meta property=\"og:image:height\" content=\"2048\" \/>\n\t<meta property=\"og:image:type\" content=\"image\/jpeg\" \/>\n<meta name=\"twitter:card\" content=\"summary_large_image\" \/>\n<script type=\"application\/ld+json\" class=\"yoast-schema-graph\">{\"@context\":\"https:\\\/\\\/schema.org\",\"@graph\":[{\"@type\":\"WebPage\",\"@id\":\"https:\\\/\\\/suveleht.ee\\\/toode\\\/jesper-set-1\\\/\",\"url\":\"https:\\\/\\\/suveleht.ee\\\/toode\\\/jesper-set-1\\\/\",\"name\":\"Jesper set 1 - Suveleht\",\"isPartOf\":{\"@id\":\"https:\\\/\\\/suveleht.ee\\\/#website\"},\"primaryImageOfPage\":{\"@id\":\"https:\\\/\\\/suveleht.ee\\\/toode\\\/jesper-set-1\\\/#primaryimage\"},\"image\":{\"@id\":\"https:\\\/\\\/suveleht.ee\\\/toode\\\/jesper-set-1\\\/#primaryimage\"},\"thumbnailUrl\":\"https:\\\/\\\/suveleht.ee\\\/wp-content\\\/uploads\\\/2023\\\/05\\\/1_Palmako_Kids_Jesper_Set1_BNVPI_wb-scaled-1.jpg\",\"datePublished\":\"2023-06-04T18:23:08+00:00\",\"dateModified\":\"2023-07-01T00:08:06+00:00\",\"breadcrumb\":{\"@id\":\"https:\\\/\\\/suveleht.ee\\\/toode\\\/jesper-set-1\\\/#breadcrumb\"},\"inLanguage\":\"en-US\",\"potentialAction\":[{\"@type\":\"ReadAction\",\"target\":[\"https:\\\/\\\/suveleht.ee\\\/toode\\\/jesper-set-1\\\/\"]}]},{\"@type\":\"ImageObject\",\"inLanguage\":\"en-US\",\"@id\":\"https:\\\/\\\/suveleht.ee\\\/toode\\\/jesper-set-1\\\/#primaryimage\",\"url\":\"https:\\\/\\\/suveleht.ee\\\/wp-content\\\/uploads\\\/2023\\\/05\\\/1_Palmako_Kids_Jesper_Set1_BNVPI_wb-scaled-1.jpg\",\"contentUrl\":\"https:\\\/\\\/suveleht.ee\\\/wp-content\\\/uploads\\\/2023\\\/05\\\/1_Palmako_Kids_Jesper_Set1_BNVPI_wb-scaled-1.jpg\",\"width\":2560,\"height\":2048},{\"@type\":\"BreadcrumbList\",\"@id\":\"https:\\\/\\\/suveleht.ee\\\/toode\\\/jesper-set-1\\\/#breadcrumb\",\"itemListElement\":[{\"@type\":\"ListItem\",\"position\":1,\"name\":\"Home\",\"item\":\"https:\\\/\\\/suveleht.ee\\\/\"},{\"@type\":\"ListItem\",\"position\":2,\"name\":\"Tooted\",\"item\":\"https:\\\/\\\/suveleht.ee\\\/tooted\\\/\"},{\"@type\":\"ListItem\",\"position\":3,\"name\":\"Jesper set 1\"}]},{\"@type\":\"WebSite\",\"@id\":\"https:\\\/\\\/suveleht.ee\\\/#website\",\"url\":\"https:\\\/\\\/suveleht.ee\\\/\",\"name\":\"Suveleht\",\"description\":\"Eestis toodetud aiamajad, m\u00e4nguv\u00e4ljakud ja k\u00fcmblust\u00fcnnid\",\"potentialAction\":[{\"@type\":\"SearchAction\",\"target\":{\"@type\":\"EntryPoint\",\"urlTemplate\":\"https:\\\/\\\/suveleht.ee\\\/?s={search_term_string}\"},\"query-input\":{\"@type\":\"PropertyValueSpecification\",\"valueRequired\":true,\"valueName\":\"search_term_string\"}}],\"inLanguage\":\"en-US\"}]}<\/script>\n<!-- \/ Yoast SEO plugin. -->","yoast_head_json":{"title":"Jesper set 1 - Suveleht","robots":{"index":"index","follow":"follow","max-snippet":"max-snippet:-1","max-image-preview":"max-image-preview:large","max-video-preview":"max-video-preview:-1"},"canonical":"https:\/\/suveleht.ee\/toode\/jesper-set-1\/","og_locale":"en_US","og_type":"article","og_title":"Jesper set 1 - Suveleht","og_description":"Jesper set 1 (2x torn katusega, sild, ronimissein, kiigepuu, lium\u00e4gi)  Materjal: Kuusepuit Toode on t\u00f6\u00f6deldud (pruuniks s\u00fcvaimmutatud) Puidu profiil kandiline Maa peale kinnitatav toode  Paigaldatud toote m\u00f5\u00f5tmed: Laius 600 cm S\u00fcgavus 464 cm K\u00f5rgus 314 cm  Ohutusala Laius 1000 cm S\u00fcgavus 865 cm  Detaili diameeter- m\u00f5\u00f5tmed Emapuu 90 mm Tugipost 70x70 mm  Platvormi k\u00f5rgus lium\u00e4ele 120 cm  Pakend: Paki m\u00f5\u00f5t 2,4x1,2x1,1 m Paki kaal 380 kg  Transport: Sisaldub hinnas Maha laadimisega (Mahalaadimiskohas peab olema k\u00f5va pinnakate)  Montaa\u017eivahendid: Sisalduvad hinnas Kinnitusankrud ei kuulu komplekti  Tugev liimpuidust kiigepuu Laste m\u00e4ngumaja vastab Euroopa Standardite EN 71-1 &amp; EN 71-8 ja EL direktiividele 2009\/48\/E\u00dc FSC- sertifitseeritud toode T\u00dcV-sertifitseeritud toode (ID 0000075540)","og_url":"https:\/\/suveleht.ee\/toode\/jesper-set-1\/","og_site_name":"Suveleht","article_modified_time":"2023-07-01T00:08:06+00:00","og_image":[{"width":2560,"height":2048,"url":"http:\/\/suveleht.ee\/wp-content\/uploads\/2023\/05\/1_Palmako_Kids_Jesper_Set1_BNVPI_wb-scaled-1.jpg","type":"image\/jpeg"}],"twitter_card":"summary_large_image","schema":{"@context":"https:\/\/schema.org","@graph":[{"@type":"WebPage","@id":"https:\/\/suveleht.ee\/toode\/jesper-set-1\/","url":"https:\/\/suveleht.ee\/toode\/jesper-set-1\/","name":"Jesper set 1 - Suveleht","isPartOf":{"@id":"https:\/\/suveleht.ee\/#website"},"primaryImageOfPage":{"@id":"https:\/\/suveleht.ee\/toode\/jesper-set-1\/#primaryimage"},"image":{"@id":"https:\/\/suveleht.ee\/toode\/jesper-set-1\/#primaryimage"},"thumbnailUrl":"https:\/\/suveleht.ee\/wp-content\/uploads\/2023\/05\/1_Palmako_Kids_Jesper_Set1_BNVPI_wb-scaled-1.jpg","datePublished":"2023-06-04T18:23:08+00:00","dateModified":"2023-07-01T00:08:06+00:00","breadcrumb":{"@id":"https:\/\/suveleht.ee\/toode\/jesper-set-1\/#breadcrumb"},"inLanguage":"en-US","potentialAction":[{"@type":"ReadAction","target":["https:\/\/suveleht.ee\/toode\/jesper-set-1\/"]}]},{"@type":"ImageObject","inLanguage":"en-US","@id":"https:\/\/suveleht.ee\/toode\/jesper-set-1\/#primaryimage","url":"https:\/\/suveleht.ee\/wp-content\/uploads\/2023\/05\/1_Palmako_Kids_Jesper_Set1_BNVPI_wb-scaled-1.jpg","contentUrl":"https:\/\/suveleht.ee\/wp-content\/uploads\/2023\/05\/1_Palmako_Kids_Jesper_Set1_BNVPI_wb-scaled-1.jpg","width":2560,"height":2048},{"@type":"BreadcrumbList","@id":"https:\/\/suveleht.ee\/toode\/jesper-set-1\/#breadcrumb","itemListElement":[{"@type":"ListItem","position":1,"name":"Home","item":"https:\/\/suveleht.ee\/"},{"@type":"ListItem","position":2,"name":"Tooted","item":"https:\/\/suveleht.ee\/tooted\/"},{"@type":"ListItem","position":3,"name":"Jesper set 1"}]},{"@type":"WebSite","@id":"https:\/\/suveleht.ee\/#website","url":"https:\/\/suveleht.ee\/","name":"Suveleht","description":"Eestis toodetud aiamajad, m\u00e4nguv\u00e4ljakud ja k\u00fcmblust\u00fcnnid","potentialAction":[{"@type":"SearchAction","target":{"@type":"EntryPoint","urlTemplate":"https:\/\/suveleht.ee\/?s={search_term_string}"},"query-input":{"@type":"PropertyValueSpecification","valueRequired":true,"valueName":"search_term_string"}}],"inLanguage":"en-US"}]}},"_links":{"self":[{"href":"https:\/\/suveleht.ee\/en\/wp-json\/wp\/v2\/product\/4576","targetHints":{"allow":["GET"]}}],"collection":[{"href":"https:\/\/suveleht.ee\/en\/wp-json\/wp\/v2\/product"}],"about":[{"href":"https:\/\/suveleht.ee\/en\/wp-json\/wp\/v2\/types\/product"}],"wp:featuredmedia":[{"embeddable":true,"href":"https:\/\/suveleht.ee\/en\/wp-json\/wp\/v2\/media\/1806"}],"wp:attachment":[{"href":"https:\/\/suveleht.ee\/en\/wp-json\/wp\/v2\/media?parent=4576"}],"wp:term":[{"taxonomy":"product_brand","embeddable":true,"href":"https:\/\/suveleht.ee\/en\/wp-json\/wp\/v2\/product_brand?post=4576"},{"taxonomy":"product_cat","embeddable":true,"href":"https:\/\/suveleht.ee\/en\/wp-json\/wp\/v2\/product_cat?post=4576"},{"taxonomy":"product_tag","embeddable":true,"href":"https:\/\/suveleht.ee\/en\/wp-json\/wp\/v2\/product_tag?post=4576"}],"curies":[{"name":"wp","href":"https:\/\/api.w.org\/{rel}","templated":true}]}}