{"id":4569,"date":"2023-06-04T18:23:08","date_gmt":"2023-06-04T18:23:08","guid":{"rendered":"https:\/\/suveleht.ee\/?post_type=product&#038;p=4569"},"modified":"2023-07-01T00:08:06","modified_gmt":"2023-07-01T00:08:06","slug":"kasper","status":"publish","type":"product","link":"https:\/\/suveleht.ee\/en\/toode\/kasper\/","title":{"rendered":"Kasper"},"content":{"rendered":"","protected":false},"excerpt":{"rendered":"<p>Kasper m\u00e4nguv\u00e4ljak<\/p>\n<p>Komplekti kuulub kiik, pesakiik, lium\u00e4gi<\/p>\n<p>Materjal:<br \/>\nKuusepuit<br \/>\nPuidu profiil- miniliiper<br \/>\nToode on t\u00f6\u00f6deldud (roheliseks s\u00fcvaimmutatud)!<br \/>\nMaa peale kinnitatav toode<\/p>\n<p>Paigaldatud toote m\u00f5\u00f5tmed:<br \/>\nLaius 366 cm<br \/>\nS\u00fcgavus 200 cm<br \/>\nK\u00f5rgus 230 cm<\/p>\n<p>Ohutusala<br \/>\nLaius 880 cm<br \/>\nS\u00fcgavus 770 cm<\/p>\n<p>Detaili diameeter- m\u00f5\u00f5tmed<br \/>\nEmapuu 100 mm<br \/>\nTugipost 100&#215;80 mm<\/p>\n<p>Platvormi k\u00f5rgus lium\u00e4ele 146 cm<\/p>\n<p>Pakend:<br \/>\nPaki m\u00f5\u00f5t 2,5&#215;0,5&#215;0,3 m<br \/>\nPaki kaal 190 kg<\/p>\n<p>Transport:<br \/>\nSisaldub hinnas<br \/>\nMaha laadimisega (Mahalaadimiskohas peab olema k\u00f5va pinnakate)<\/p>\n<p>Montaa\u017eivahendid:<br \/>\nSisalduvad hinnas<br \/>\nKinnitusankrud ei kuulu komplekti<\/p>\n<p>Laste m\u00e4ngumaja vastab Euroopa Standardite EN 71-1 &amp; EN 71-8 ja EL direktiividele 2009\/48\/E\u00dc<br \/>\nFSC- sertifitseeritud toode<\/p>\n","protected":false},"featured_media":1789,"template":"","meta":{"inline_featured_image":false},"product_brand":[],"product_cat":[52],"product_tag":[],"class_list":{"0":"post-4569","1":"product","2":"type-product","3":"status-publish","4":"has-post-thumbnail","6":"product_cat-manguvaljakud","8":"first","9":"instock","10":"taxable","11":"shipping-taxable","12":"purchasable","13":"product-type-simple"},"yoast_head":"<!-- This site is optimized with the Yoast SEO plugin v27.3 - https:\/\/yoast.com\/product\/yoast-seo-wordpress\/ -->\n<title>Kasper - Suveleht<\/title>\n<meta name=\"robots\" content=\"index, follow, max-snippet:-1, max-image-preview:large, max-video-preview:-1\" \/>\n<link rel=\"canonical\" href=\"https:\/\/suveleht.ee\/toode\/kasper\/\" \/>\n<meta property=\"og:locale\" content=\"en_US\" \/>\n<meta property=\"og:type\" content=\"article\" \/>\n<meta property=\"og:title\" content=\"Kasper - Suveleht\" \/>\n<meta property=\"og:description\" content=\"Kasper m\u00e4nguv\u00e4ljak  Komplekti kuulub kiik, pesakiik, lium\u00e4gi  Materjal: Kuusepuit Puidu profiil- miniliiper Toode on t\u00f6\u00f6deldud (roheliseks s\u00fcvaimmutatud)! Maa peale kinnitatav toode  Paigaldatud toote m\u00f5\u00f5tmed: Laius 366 cm S\u00fcgavus 200 cm K\u00f5rgus 230 cm  Ohutusala Laius 880 cm S\u00fcgavus 770 cm  Detaili diameeter- m\u00f5\u00f5tmed Emapuu 100 mm Tugipost 100x80 mm  Platvormi k\u00f5rgus lium\u00e4ele 146 cm  Pakend: Paki m\u00f5\u00f5t 2,5x0,5x0,3 m Paki kaal 190 kg  Transport: Sisaldub hinnas Maha laadimisega (Mahalaadimiskohas peab olema k\u00f5va pinnakate)  Montaa\u017eivahendid: Sisalduvad hinnas Kinnitusankrud ei kuulu komplekti  Laste m\u00e4ngumaja vastab Euroopa Standardite EN 71-1 &amp; EN 71-8 ja EL direktiividele 2009\/48\/E\u00dc FSC- sertifitseeritud toode\" \/>\n<meta property=\"og:url\" content=\"https:\/\/suveleht.ee\/toode\/kasper\/\" \/>\n<meta property=\"og:site_name\" content=\"Suveleht\" \/>\n<meta property=\"article:modified_time\" content=\"2023-07-01T00:08:06+00:00\" \/>\n<meta property=\"og:image\" content=\"http:\/\/suveleht.ee\/wp-content\/uploads\/2023\/05\/Kasper-taustaga-scaled-1.jpg\" \/>\n\t<meta property=\"og:image:width\" content=\"2560\" \/>\n\t<meta property=\"og:image:height\" content=\"1707\" \/>\n\t<meta property=\"og:image:type\" content=\"image\/jpeg\" \/>\n<meta name=\"twitter:card\" content=\"summary_large_image\" \/>\n<script type=\"application\/ld+json\" class=\"yoast-schema-graph\">{\"@context\":\"https:\\\/\\\/schema.org\",\"@graph\":[{\"@type\":\"WebPage\",\"@id\":\"https:\\\/\\\/suveleht.ee\\\/toode\\\/kasper\\\/\",\"url\":\"https:\\\/\\\/suveleht.ee\\\/toode\\\/kasper\\\/\",\"name\":\"Kasper - Suveleht\",\"isPartOf\":{\"@id\":\"https:\\\/\\\/suveleht.ee\\\/#website\"},\"primaryImageOfPage\":{\"@id\":\"https:\\\/\\\/suveleht.ee\\\/toode\\\/kasper\\\/#primaryimage\"},\"image\":{\"@id\":\"https:\\\/\\\/suveleht.ee\\\/toode\\\/kasper\\\/#primaryimage\"},\"thumbnailUrl\":\"https:\\\/\\\/suveleht.ee\\\/wp-content\\\/uploads\\\/2023\\\/05\\\/Kasper-taustaga-scaled-1.jpg\",\"datePublished\":\"2023-06-04T18:23:08+00:00\",\"dateModified\":\"2023-07-01T00:08:06+00:00\",\"breadcrumb\":{\"@id\":\"https:\\\/\\\/suveleht.ee\\\/toode\\\/kasper\\\/#breadcrumb\"},\"inLanguage\":\"en-US\",\"potentialAction\":[{\"@type\":\"ReadAction\",\"target\":[\"https:\\\/\\\/suveleht.ee\\\/toode\\\/kasper\\\/\"]}]},{\"@type\":\"ImageObject\",\"inLanguage\":\"en-US\",\"@id\":\"https:\\\/\\\/suveleht.ee\\\/toode\\\/kasper\\\/#primaryimage\",\"url\":\"https:\\\/\\\/suveleht.ee\\\/wp-content\\\/uploads\\\/2023\\\/05\\\/Kasper-taustaga-scaled-1.jpg\",\"contentUrl\":\"https:\\\/\\\/suveleht.ee\\\/wp-content\\\/uploads\\\/2023\\\/05\\\/Kasper-taustaga-scaled-1.jpg\",\"width\":2560,\"height\":1707},{\"@type\":\"BreadcrumbList\",\"@id\":\"https:\\\/\\\/suveleht.ee\\\/toode\\\/kasper\\\/#breadcrumb\",\"itemListElement\":[{\"@type\":\"ListItem\",\"position\":1,\"name\":\"Home\",\"item\":\"https:\\\/\\\/suveleht.ee\\\/\"},{\"@type\":\"ListItem\",\"position\":2,\"name\":\"Tooted\",\"item\":\"https:\\\/\\\/suveleht.ee\\\/tooted\\\/\"},{\"@type\":\"ListItem\",\"position\":3,\"name\":\"Kasper\"}]},{\"@type\":\"WebSite\",\"@id\":\"https:\\\/\\\/suveleht.ee\\\/#website\",\"url\":\"https:\\\/\\\/suveleht.ee\\\/\",\"name\":\"Suveleht\",\"description\":\"Eestis toodetud aiamajad, m\u00e4nguv\u00e4ljakud ja k\u00fcmblust\u00fcnnid\",\"potentialAction\":[{\"@type\":\"SearchAction\",\"target\":{\"@type\":\"EntryPoint\",\"urlTemplate\":\"https:\\\/\\\/suveleht.ee\\\/?s={search_term_string}\"},\"query-input\":{\"@type\":\"PropertyValueSpecification\",\"valueRequired\":true,\"valueName\":\"search_term_string\"}}],\"inLanguage\":\"en-US\"}]}<\/script>\n<!-- \/ Yoast SEO plugin. -->","yoast_head_json":{"title":"Kasper - Suveleht","robots":{"index":"index","follow":"follow","max-snippet":"max-snippet:-1","max-image-preview":"max-image-preview:large","max-video-preview":"max-video-preview:-1"},"canonical":"https:\/\/suveleht.ee\/toode\/kasper\/","og_locale":"en_US","og_type":"article","og_title":"Kasper - Suveleht","og_description":"Kasper m\u00e4nguv\u00e4ljak  Komplekti kuulub kiik, pesakiik, lium\u00e4gi  Materjal: Kuusepuit Puidu profiil- miniliiper Toode on t\u00f6\u00f6deldud (roheliseks s\u00fcvaimmutatud)! Maa peale kinnitatav toode  Paigaldatud toote m\u00f5\u00f5tmed: Laius 366 cm S\u00fcgavus 200 cm K\u00f5rgus 230 cm  Ohutusala Laius 880 cm S\u00fcgavus 770 cm  Detaili diameeter- m\u00f5\u00f5tmed Emapuu 100 mm Tugipost 100x80 mm  Platvormi k\u00f5rgus lium\u00e4ele 146 cm  Pakend: Paki m\u00f5\u00f5t 2,5x0,5x0,3 m Paki kaal 190 kg  Transport: Sisaldub hinnas Maha laadimisega (Mahalaadimiskohas peab olema k\u00f5va pinnakate)  Montaa\u017eivahendid: Sisalduvad hinnas Kinnitusankrud ei kuulu komplekti  Laste m\u00e4ngumaja vastab Euroopa Standardite EN 71-1 &amp; EN 71-8 ja EL direktiividele 2009\/48\/E\u00dc FSC- sertifitseeritud toode","og_url":"https:\/\/suveleht.ee\/toode\/kasper\/","og_site_name":"Suveleht","article_modified_time":"2023-07-01T00:08:06+00:00","og_image":[{"width":2560,"height":1707,"url":"http:\/\/suveleht.ee\/wp-content\/uploads\/2023\/05\/Kasper-taustaga-scaled-1.jpg","type":"image\/jpeg"}],"twitter_card":"summary_large_image","schema":{"@context":"https:\/\/schema.org","@graph":[{"@type":"WebPage","@id":"https:\/\/suveleht.ee\/toode\/kasper\/","url":"https:\/\/suveleht.ee\/toode\/kasper\/","name":"Kasper - Suveleht","isPartOf":{"@id":"https:\/\/suveleht.ee\/#website"},"primaryImageOfPage":{"@id":"https:\/\/suveleht.ee\/toode\/kasper\/#primaryimage"},"image":{"@id":"https:\/\/suveleht.ee\/toode\/kasper\/#primaryimage"},"thumbnailUrl":"https:\/\/suveleht.ee\/wp-content\/uploads\/2023\/05\/Kasper-taustaga-scaled-1.jpg","datePublished":"2023-06-04T18:23:08+00:00","dateModified":"2023-07-01T00:08:06+00:00","breadcrumb":{"@id":"https:\/\/suveleht.ee\/toode\/kasper\/#breadcrumb"},"inLanguage":"en-US","potentialAction":[{"@type":"ReadAction","target":["https:\/\/suveleht.ee\/toode\/kasper\/"]}]},{"@type":"ImageObject","inLanguage":"en-US","@id":"https:\/\/suveleht.ee\/toode\/kasper\/#primaryimage","url":"https:\/\/suveleht.ee\/wp-content\/uploads\/2023\/05\/Kasper-taustaga-scaled-1.jpg","contentUrl":"https:\/\/suveleht.ee\/wp-content\/uploads\/2023\/05\/Kasper-taustaga-scaled-1.jpg","width":2560,"height":1707},{"@type":"BreadcrumbList","@id":"https:\/\/suveleht.ee\/toode\/kasper\/#breadcrumb","itemListElement":[{"@type":"ListItem","position":1,"name":"Home","item":"https:\/\/suveleht.ee\/"},{"@type":"ListItem","position":2,"name":"Tooted","item":"https:\/\/suveleht.ee\/tooted\/"},{"@type":"ListItem","position":3,"name":"Kasper"}]},{"@type":"WebSite","@id":"https:\/\/suveleht.ee\/#website","url":"https:\/\/suveleht.ee\/","name":"Suveleht","description":"Eestis toodetud aiamajad, m\u00e4nguv\u00e4ljakud ja k\u00fcmblust\u00fcnnid","potentialAction":[{"@type":"SearchAction","target":{"@type":"EntryPoint","urlTemplate":"https:\/\/suveleht.ee\/?s={search_term_string}"},"query-input":{"@type":"PropertyValueSpecification","valueRequired":true,"valueName":"search_term_string"}}],"inLanguage":"en-US"}]}},"_links":{"self":[{"href":"https:\/\/suveleht.ee\/en\/wp-json\/wp\/v2\/product\/4569","targetHints":{"allow":["GET"]}}],"collection":[{"href":"https:\/\/suveleht.ee\/en\/wp-json\/wp\/v2\/product"}],"about":[{"href":"https:\/\/suveleht.ee\/en\/wp-json\/wp\/v2\/types\/product"}],"wp:featuredmedia":[{"embeddable":true,"href":"https:\/\/suveleht.ee\/en\/wp-json\/wp\/v2\/media\/1789"}],"wp:attachment":[{"href":"https:\/\/suveleht.ee\/en\/wp-json\/wp\/v2\/media?parent=4569"}],"wp:term":[{"taxonomy":"product_brand","embeddable":true,"href":"https:\/\/suveleht.ee\/en\/wp-json\/wp\/v2\/product_brand?post=4569"},{"taxonomy":"product_cat","embeddable":true,"href":"https:\/\/suveleht.ee\/en\/wp-json\/wp\/v2\/product_cat?post=4569"},{"taxonomy":"product_tag","embeddable":true,"href":"https:\/\/suveleht.ee\/en\/wp-json\/wp\/v2\/product_tag?post=4569"}],"curies":[{"name":"wp","href":"https:\/\/api.w.org\/{rel}","templated":true}]}}