{"id":4568,"date":"2023-06-04T18:23:08","date_gmt":"2023-06-04T18:23:08","guid":{"rendered":"https:\/\/suveleht.ee\/?post_type=product&#038;p=4568"},"modified":"2026-01-28T10:51:30","modified_gmt":"2026-01-28T10:51:30","slug":"claudia-194m2","status":"publish","type":"product","link":"https:\/\/suveleht.ee\/en\/toode\/claudia-194m2\/","title":{"rendered":"Claudia 19,4m2"},"content":{"rendered":"","protected":false},"excerpt":{"rendered":"<p>* TASUTA TRANSPORT<br \/>\n* Garantii 5 aastat<br \/>\nMajakomplekt sisaldab k\u00f5iki paigaldamiseks vajaminevaid detaile: tuuletapiga seinadetailid, katus ja p\u00f5rand punni ja soonega laudadest, liimpuidust ukseraam, kastetud vundamendiprussid, kummitihendid ja silikoon (uks\/aken), metalliga kaetud l\u00e4vepakk, tormiliistud, silinderlukk, uksed\/aknad, ukse- ja aknatrellid, montaa\u017eivahendid. Maja on viimistlemata.   Garantii 5 aastat.<\/p>\n<p>Ehitus: nurgatapp<br \/>\nSeina paksus: 44 mm<br \/>\nSeina k\u00f5rgus: 222 mm<br \/>\nP\u00f5randa pindala: 19,4 m2<br \/>\nKogu k\u00f5rgus: 363 cm<br \/>\nRuumala: 55,8 m3<br \/>\nKatuse \u00fcleulatus: 23 cm<br \/>\nKatuse pindala: 29,6 m2<br \/>\nKatusekalle: 35,2\u00b0<br \/>\nUkseava m\u00f5\u00f5dud: 151&#215;175 cm<br \/>\nAknaava m\u00f5\u00f5dud: 60&#215;111 cm<br \/>\nPakend: 6,0&#215;1,2&#215;1,0m 1745kg<\/p>\n","protected":false},"featured_media":1785,"template":"","meta":{"inline_featured_image":false},"product_brand":[],"product_cat":[45],"product_tag":[],"class_list":{"0":"post-4568","1":"product","2":"type-product","3":"status-publish","4":"has-post-thumbnail","6":"product_cat-aiamajad","8":"first","9":"instock","10":"taxable","11":"shipping-taxable","12":"purchasable","13":"product-type-simple"},"yoast_head":"<!-- This site is optimized with the Yoast SEO plugin v27.3 - https:\/\/yoast.com\/product\/yoast-seo-wordpress\/ -->\n<title>Claudia 19,4m2 - Suveleht<\/title>\n<meta name=\"robots\" content=\"index, follow, max-snippet:-1, max-image-preview:large, max-video-preview:-1\" \/>\n<link rel=\"canonical\" href=\"https:\/\/suveleht.ee\/toode\/claudia-194m2\/\" \/>\n<meta property=\"og:locale\" content=\"en_US\" \/>\n<meta property=\"og:type\" content=\"article\" \/>\n<meta property=\"og:title\" content=\"Claudia 19,4m2 - Suveleht\" \/>\n<meta property=\"og:description\" content=\"* TASUTA TRANSPORT * Garantii 5 aastat Majakomplekt sisaldab k\u00f5iki paigaldamiseks vajaminevaid detaile: tuuletapiga seinadetailid, katus ja p\u00f5rand punni ja soonega laudadest, liimpuidust ukseraam, kastetud vundamendiprussid, kummitihendid ja silikoon (uks\/aken), metalliga kaetud l\u00e4vepakk, tormiliistud, silinderlukk, uksed\/aknad, ukse- ja aknatrellid, montaa\u017eivahendid. Maja on viimistlemata.  Garantii 5 aastat.  Ehitus: nurgatapp Seina paksus: 44 mm Seina k\u00f5rgus: 222 mm P\u00f5randa pindala: 19,4 m2 Kogu k\u00f5rgus: 363 cm Ruumala: 55,8 m3 Katuse \u00fcleulatus: 23 cm Katuse pindala: 29,6 m2 Katusekalle: 35,2\u00b0 Ukseava m\u00f5\u00f5dud: 151x175 cm Aknaava m\u00f5\u00f5dud: 60x111 cm Pakend: 6,0x1,2x1,0m 1745kg\" \/>\n<meta property=\"og:url\" content=\"https:\/\/suveleht.ee\/toode\/claudia-194m2\/\" \/>\n<meta property=\"og:site_name\" content=\"Suveleht\" \/>\n<meta property=\"article:modified_time\" content=\"2026-01-28T10:51:30+00:00\" \/>\n<meta property=\"og:image\" content=\"http:\/\/suveleht.ee\/wp-content\/uploads\/2023\/05\/Claudia-194-taustaga1.jpg\" \/>\n\t<meta property=\"og:image:width\" content=\"1234\" \/>\n\t<meta property=\"og:image:height\" content=\"837\" \/>\n\t<meta property=\"og:image:type\" content=\"image\/jpeg\" \/>\n<meta name=\"twitter:card\" content=\"summary_large_image\" \/>\n<meta name=\"twitter:label1\" content=\"Est. reading time\" \/>\n\t<meta name=\"twitter:data1\" content=\"1 minute\" \/>\n<script type=\"application\/ld+json\" class=\"yoast-schema-graph\">{\"@context\":\"https:\\\/\\\/schema.org\",\"@graph\":[{\"@type\":\"WebPage\",\"@id\":\"https:\\\/\\\/suveleht.ee\\\/toode\\\/claudia-194m2\\\/\",\"url\":\"https:\\\/\\\/suveleht.ee\\\/toode\\\/claudia-194m2\\\/\",\"name\":\"Claudia 19,4m2 - Suveleht\",\"isPartOf\":{\"@id\":\"https:\\\/\\\/suveleht.ee\\\/#website\"},\"primaryImageOfPage\":{\"@id\":\"https:\\\/\\\/suveleht.ee\\\/toode\\\/claudia-194m2\\\/#primaryimage\"},\"image\":{\"@id\":\"https:\\\/\\\/suveleht.ee\\\/toode\\\/claudia-194m2\\\/#primaryimage\"},\"thumbnailUrl\":\"https:\\\/\\\/suveleht.ee\\\/wp-content\\\/uploads\\\/2023\\\/05\\\/Claudia-194-taustaga1.jpg\",\"datePublished\":\"2023-06-04T18:23:08+00:00\",\"dateModified\":\"2026-01-28T10:51:30+00:00\",\"breadcrumb\":{\"@id\":\"https:\\\/\\\/suveleht.ee\\\/toode\\\/claudia-194m2\\\/#breadcrumb\"},\"inLanguage\":\"en-US\",\"potentialAction\":[{\"@type\":\"ReadAction\",\"target\":[\"https:\\\/\\\/suveleht.ee\\\/toode\\\/claudia-194m2\\\/\"]}]},{\"@type\":\"ImageObject\",\"inLanguage\":\"en-US\",\"@id\":\"https:\\\/\\\/suveleht.ee\\\/toode\\\/claudia-194m2\\\/#primaryimage\",\"url\":\"https:\\\/\\\/suveleht.ee\\\/wp-content\\\/uploads\\\/2023\\\/05\\\/Claudia-194-taustaga1.jpg\",\"contentUrl\":\"https:\\\/\\\/suveleht.ee\\\/wp-content\\\/uploads\\\/2023\\\/05\\\/Claudia-194-taustaga1.jpg\",\"width\":1234,\"height\":837},{\"@type\":\"BreadcrumbList\",\"@id\":\"https:\\\/\\\/suveleht.ee\\\/toode\\\/claudia-194m2\\\/#breadcrumb\",\"itemListElement\":[{\"@type\":\"ListItem\",\"position\":1,\"name\":\"Home\",\"item\":\"https:\\\/\\\/suveleht.ee\\\/\"},{\"@type\":\"ListItem\",\"position\":2,\"name\":\"Tooted\",\"item\":\"https:\\\/\\\/suveleht.ee\\\/tooted\\\/\"},{\"@type\":\"ListItem\",\"position\":3,\"name\":\"Claudia 19,4m2\"}]},{\"@type\":\"WebSite\",\"@id\":\"https:\\\/\\\/suveleht.ee\\\/#website\",\"url\":\"https:\\\/\\\/suveleht.ee\\\/\",\"name\":\"Suveleht\",\"description\":\"Eestis toodetud aiamajad, m\u00e4nguv\u00e4ljakud ja k\u00fcmblust\u00fcnnid\",\"potentialAction\":[{\"@type\":\"SearchAction\",\"target\":{\"@type\":\"EntryPoint\",\"urlTemplate\":\"https:\\\/\\\/suveleht.ee\\\/?s={search_term_string}\"},\"query-input\":{\"@type\":\"PropertyValueSpecification\",\"valueRequired\":true,\"valueName\":\"search_term_string\"}}],\"inLanguage\":\"en-US\"}]}<\/script>\n<!-- \/ Yoast SEO plugin. -->","yoast_head_json":{"title":"Claudia 19,4m2 - Suveleht","robots":{"index":"index","follow":"follow","max-snippet":"max-snippet:-1","max-image-preview":"max-image-preview:large","max-video-preview":"max-video-preview:-1"},"canonical":"https:\/\/suveleht.ee\/toode\/claudia-194m2\/","og_locale":"en_US","og_type":"article","og_title":"Claudia 19,4m2 - Suveleht","og_description":"* TASUTA TRANSPORT * Garantii 5 aastat Majakomplekt sisaldab k\u00f5iki paigaldamiseks vajaminevaid detaile: tuuletapiga seinadetailid, katus ja p\u00f5rand punni ja soonega laudadest, liimpuidust ukseraam, kastetud vundamendiprussid, kummitihendid ja silikoon (uks\/aken), metalliga kaetud l\u00e4vepakk, tormiliistud, silinderlukk, uksed\/aknad, ukse- ja aknatrellid, montaa\u017eivahendid. Maja on viimistlemata.  Garantii 5 aastat.  Ehitus: nurgatapp Seina paksus: 44 mm Seina k\u00f5rgus: 222 mm P\u00f5randa pindala: 19,4 m2 Kogu k\u00f5rgus: 363 cm Ruumala: 55,8 m3 Katuse \u00fcleulatus: 23 cm Katuse pindala: 29,6 m2 Katusekalle: 35,2\u00b0 Ukseava m\u00f5\u00f5dud: 151x175 cm Aknaava m\u00f5\u00f5dud: 60x111 cm Pakend: 6,0x1,2x1,0m 1745kg","og_url":"https:\/\/suveleht.ee\/toode\/claudia-194m2\/","og_site_name":"Suveleht","article_modified_time":"2026-01-28T10:51:30+00:00","og_image":[{"width":1234,"height":837,"url":"http:\/\/suveleht.ee\/wp-content\/uploads\/2023\/05\/Claudia-194-taustaga1.jpg","type":"image\/jpeg"}],"twitter_card":"summary_large_image","twitter_misc":{"Est. reading time":"1 minute"},"schema":{"@context":"https:\/\/schema.org","@graph":[{"@type":"WebPage","@id":"https:\/\/suveleht.ee\/toode\/claudia-194m2\/","url":"https:\/\/suveleht.ee\/toode\/claudia-194m2\/","name":"Claudia 19,4m2 - Suveleht","isPartOf":{"@id":"https:\/\/suveleht.ee\/#website"},"primaryImageOfPage":{"@id":"https:\/\/suveleht.ee\/toode\/claudia-194m2\/#primaryimage"},"image":{"@id":"https:\/\/suveleht.ee\/toode\/claudia-194m2\/#primaryimage"},"thumbnailUrl":"https:\/\/suveleht.ee\/wp-content\/uploads\/2023\/05\/Claudia-194-taustaga1.jpg","datePublished":"2023-06-04T18:23:08+00:00","dateModified":"2026-01-28T10:51:30+00:00","breadcrumb":{"@id":"https:\/\/suveleht.ee\/toode\/claudia-194m2\/#breadcrumb"},"inLanguage":"en-US","potentialAction":[{"@type":"ReadAction","target":["https:\/\/suveleht.ee\/toode\/claudia-194m2\/"]}]},{"@type":"ImageObject","inLanguage":"en-US","@id":"https:\/\/suveleht.ee\/toode\/claudia-194m2\/#primaryimage","url":"https:\/\/suveleht.ee\/wp-content\/uploads\/2023\/05\/Claudia-194-taustaga1.jpg","contentUrl":"https:\/\/suveleht.ee\/wp-content\/uploads\/2023\/05\/Claudia-194-taustaga1.jpg","width":1234,"height":837},{"@type":"BreadcrumbList","@id":"https:\/\/suveleht.ee\/toode\/claudia-194m2\/#breadcrumb","itemListElement":[{"@type":"ListItem","position":1,"name":"Home","item":"https:\/\/suveleht.ee\/"},{"@type":"ListItem","position":2,"name":"Tooted","item":"https:\/\/suveleht.ee\/tooted\/"},{"@type":"ListItem","position":3,"name":"Claudia 19,4m2"}]},{"@type":"WebSite","@id":"https:\/\/suveleht.ee\/#website","url":"https:\/\/suveleht.ee\/","name":"Suveleht","description":"Eestis toodetud aiamajad, m\u00e4nguv\u00e4ljakud ja k\u00fcmblust\u00fcnnid","potentialAction":[{"@type":"SearchAction","target":{"@type":"EntryPoint","urlTemplate":"https:\/\/suveleht.ee\/?s={search_term_string}"},"query-input":{"@type":"PropertyValueSpecification","valueRequired":true,"valueName":"search_term_string"}}],"inLanguage":"en-US"}]}},"_links":{"self":[{"href":"https:\/\/suveleht.ee\/en\/wp-json\/wp\/v2\/product\/4568","targetHints":{"allow":["GET"]}}],"collection":[{"href":"https:\/\/suveleht.ee\/en\/wp-json\/wp\/v2\/product"}],"about":[{"href":"https:\/\/suveleht.ee\/en\/wp-json\/wp\/v2\/types\/product"}],"wp:featuredmedia":[{"embeddable":true,"href":"https:\/\/suveleht.ee\/en\/wp-json\/wp\/v2\/media\/1785"}],"wp:attachment":[{"href":"https:\/\/suveleht.ee\/en\/wp-json\/wp\/v2\/media?parent=4568"}],"wp:term":[{"taxonomy":"product_brand","embeddable":true,"href":"https:\/\/suveleht.ee\/en\/wp-json\/wp\/v2\/product_brand?post=4568"},{"taxonomy":"product_cat","embeddable":true,"href":"https:\/\/suveleht.ee\/en\/wp-json\/wp\/v2\/product_cat?post=4568"},{"taxonomy":"product_tag","embeddable":true,"href":"https:\/\/suveleht.ee\/en\/wp-json\/wp\/v2\/product_tag?post=4568"}],"curies":[{"name":"wp","href":"https:\/\/api.w.org\/{rel}","templated":true}]}}