{"id":4539,"date":"2023-06-04T18:23:05","date_gmt":"2023-06-04T18:23:05","guid":{"rendered":"https:\/\/suveleht.ee\/?post_type=product&#038;p=4539"},"modified":"2023-07-01T00:08:06","modified_gmt":"2023-07-01T00:08:06","slug":"stina-31-m2","status":"publish","type":"product","link":"https:\/\/suveleht.ee\/en\/toode\/stina-31-m2\/","title":{"rendered":"Stina 3,1 m2"},"content":{"rendered":"","protected":false},"excerpt":{"rendered":"<p>Stina 3,1 m2 terrassiga<\/p>\n<p>Materjal:<br \/>\nKuusepuit<\/p>\n<p>\u00dcldm\u00f5\u00f5dud:<br \/>\nLaius 180 cm<br \/>\nS\u00fcgavus 260 cm (koos terrassiga)<br \/>\nPindala 3,1 m2<br \/>\nV\u00e4lispindala 3,2 m2<br \/>\nRuumala 5,2 m3<br \/>\nSeina k\u00f5rgus 149 cm<br \/>\nKoguk\u00f5rgus 193 cm<\/p>\n<p>Seinad:<br \/>\nSeinaelemendi paksus 19 mm<br \/>\nSeina m\u00f5\u00f5dud 180&#215;180 cm<br \/>\nDetaili m\u00f5\u00f5dud 196&#215;196 cm<\/p>\n<p>Katus:<br \/>\nPunni ja soonega laud<br \/>\nKatuse \u00fcleulatuvus 70 cm<br \/>\nKatuse pindala 6,2 m2<br \/>\nKatuse kaldenurk 23,5 kraadi<br \/>\nKatuselaua paksus 16 mm<br \/>\nKatuse pealismaterjal ei kuulu komplekti<\/p>\n<p>P\u00f5rand:<br \/>\nPunni ja soonega laud<br \/>\nP\u00f5randalaua paksus 16 mm<\/p>\n<p>Aknad:<br \/>\nPleksiklaas<br \/>\nAkna avanevus v\u00e4lja v\u00f5i sisse<\/p>\n<p>Uks:<br \/>\nUkseava m\u00f5\u00f5dud 64&#215;131 cm<\/p>\n<p>Pakend:<br \/>\nPaki m\u00f5\u00f5t 2,6&#215;1,2&#215;0,4 m<br \/>\nPaki kaal 283 kg<\/p>\n<p>Transport:<br \/>\nSisaldub hinnas<br \/>\nMaha laadimisega<\/p>\n<p>Montaa\u017eivahendid:<br \/>\nSisalduvad hinnas<\/p>\n<p>Maja tarnitakse v\u00e4rvimata kujul<br \/>\n5 aastat garantiid<br \/>\nLaste m\u00e4ngumaja vastab Euroopa Standardite EN 71-1 &amp; EN 71-8 ja EL direktiividele 2009\/48\/E\u00dc<br \/>\nT\u00dcV-sertifitseeritud toode (ID 0000075540)<\/p>\n","protected":false},"featured_media":1656,"template":"","meta":{"inline_featured_image":false},"product_brand":[],"product_cat":[49],"product_tag":[],"class_list":{"0":"post-4539","1":"product","2":"type-product","3":"status-publish","4":"has-post-thumbnail","6":"product_cat-mangumajad","8":"first","9":"instock","10":"taxable","11":"shipping-taxable","12":"purchasable","13":"product-type-simple"},"yoast_head":"<!-- This site is optimized with the Yoast SEO plugin v27.3 - https:\/\/yoast.com\/product\/yoast-seo-wordpress\/ -->\n<title>Stina 3,1 m2 - Suveleht<\/title>\n<meta name=\"robots\" content=\"index, follow, max-snippet:-1, max-image-preview:large, max-video-preview:-1\" \/>\n<link rel=\"canonical\" href=\"https:\/\/suveleht.ee\/toode\/stina-31-m2\/\" \/>\n<meta property=\"og:locale\" content=\"en_US\" \/>\n<meta property=\"og:type\" content=\"article\" \/>\n<meta property=\"og:title\" content=\"Stina 3,1 m2 - Suveleht\" \/>\n<meta property=\"og:description\" content=\"Stina 3,1 m2 terrassiga  Materjal: Kuusepuit  \u00dcldm\u00f5\u00f5dud: Laius 180 cm S\u00fcgavus 260 cm (koos terrassiga) Pindala 3,1 m2 V\u00e4lispindala 3,2 m2 Ruumala 5,2 m3 Seina k\u00f5rgus 149 cm Koguk\u00f5rgus 193 cm  Seinad: Seinaelemendi paksus 19 mm Seina m\u00f5\u00f5dud 180x180 cm Detaili m\u00f5\u00f5dud 196x196 cm  Katus: Punni ja soonega laud Katuse \u00fcleulatuvus 70 cm Katuse pindala 6,2 m2 Katuse kaldenurk 23,5 kraadi Katuselaua paksus 16 mm Katuse pealismaterjal ei kuulu komplekti  P\u00f5rand: Punni ja soonega laud P\u00f5randalaua paksus 16 mm  Aknad: Pleksiklaas Akna avanevus v\u00e4lja v\u00f5i sisse  Uks: Ukseava m\u00f5\u00f5dud 64x131 cm  Pakend: Paki m\u00f5\u00f5t 2,6x1,2x0,4 m Paki kaal 283 kg  Transport: Sisaldub hinnas Maha laadimisega  Montaa\u017eivahendid: Sisalduvad hinnas  Maja tarnitakse v\u00e4rvimata kujul 5 aastat garantiid Laste m\u00e4ngumaja vastab Euroopa Standardite EN 71-1 &amp; EN 71-8 ja EL direktiividele 2009\/48\/E\u00dc T\u00dcV-sertifitseeritud toode (ID 0000075540)\" \/>\n<meta property=\"og:url\" content=\"https:\/\/suveleht.ee\/toode\/stina-31-m2\/\" \/>\n<meta property=\"og:site_name\" content=\"Suveleht\" \/>\n<meta property=\"article:modified_time\" content=\"2023-07-01T00:08:06+00:00\" \/>\n<meta property=\"og:image\" content=\"http:\/\/suveleht.ee\/wp-content\/uploads\/2023\/05\/Stina-taustaga-scaled-1.jpg\" \/>\n\t<meta property=\"og:image:width\" content=\"2560\" \/>\n\t<meta property=\"og:image:height\" content=\"1814\" \/>\n\t<meta property=\"og:image:type\" content=\"image\/jpeg\" \/>\n<meta name=\"twitter:card\" content=\"summary_large_image\" \/>\n<script type=\"application\/ld+json\" class=\"yoast-schema-graph\">{\"@context\":\"https:\\\/\\\/schema.org\",\"@graph\":[{\"@type\":\"WebPage\",\"@id\":\"https:\\\/\\\/suveleht.ee\\\/toode\\\/stina-31-m2\\\/\",\"url\":\"https:\\\/\\\/suveleht.ee\\\/toode\\\/stina-31-m2\\\/\",\"name\":\"Stina 3,1 m2 - Suveleht\",\"isPartOf\":{\"@id\":\"https:\\\/\\\/suveleht.ee\\\/#website\"},\"primaryImageOfPage\":{\"@id\":\"https:\\\/\\\/suveleht.ee\\\/toode\\\/stina-31-m2\\\/#primaryimage\"},\"image\":{\"@id\":\"https:\\\/\\\/suveleht.ee\\\/toode\\\/stina-31-m2\\\/#primaryimage\"},\"thumbnailUrl\":\"https:\\\/\\\/suveleht.ee\\\/wp-content\\\/uploads\\\/2023\\\/05\\\/Stina-taustaga-scaled-1.jpg\",\"datePublished\":\"2023-06-04T18:23:05+00:00\",\"dateModified\":\"2023-07-01T00:08:06+00:00\",\"breadcrumb\":{\"@id\":\"https:\\\/\\\/suveleht.ee\\\/toode\\\/stina-31-m2\\\/#breadcrumb\"},\"inLanguage\":\"en-US\",\"potentialAction\":[{\"@type\":\"ReadAction\",\"target\":[\"https:\\\/\\\/suveleht.ee\\\/toode\\\/stina-31-m2\\\/\"]}]},{\"@type\":\"ImageObject\",\"inLanguage\":\"en-US\",\"@id\":\"https:\\\/\\\/suveleht.ee\\\/toode\\\/stina-31-m2\\\/#primaryimage\",\"url\":\"https:\\\/\\\/suveleht.ee\\\/wp-content\\\/uploads\\\/2023\\\/05\\\/Stina-taustaga-scaled-1.jpg\",\"contentUrl\":\"https:\\\/\\\/suveleht.ee\\\/wp-content\\\/uploads\\\/2023\\\/05\\\/Stina-taustaga-scaled-1.jpg\",\"width\":2560,\"height\":1814},{\"@type\":\"BreadcrumbList\",\"@id\":\"https:\\\/\\\/suveleht.ee\\\/toode\\\/stina-31-m2\\\/#breadcrumb\",\"itemListElement\":[{\"@type\":\"ListItem\",\"position\":1,\"name\":\"Home\",\"item\":\"https:\\\/\\\/suveleht.ee\\\/\"},{\"@type\":\"ListItem\",\"position\":2,\"name\":\"Tooted\",\"item\":\"https:\\\/\\\/suveleht.ee\\\/tooted\\\/\"},{\"@type\":\"ListItem\",\"position\":3,\"name\":\"Stina 3,1 m2\"}]},{\"@type\":\"WebSite\",\"@id\":\"https:\\\/\\\/suveleht.ee\\\/#website\",\"url\":\"https:\\\/\\\/suveleht.ee\\\/\",\"name\":\"Suveleht\",\"description\":\"Eestis toodetud aiamajad, m\u00e4nguv\u00e4ljakud ja k\u00fcmblust\u00fcnnid\",\"potentialAction\":[{\"@type\":\"SearchAction\",\"target\":{\"@type\":\"EntryPoint\",\"urlTemplate\":\"https:\\\/\\\/suveleht.ee\\\/?s={search_term_string}\"},\"query-input\":{\"@type\":\"PropertyValueSpecification\",\"valueRequired\":true,\"valueName\":\"search_term_string\"}}],\"inLanguage\":\"en-US\"}]}<\/script>\n<!-- \/ Yoast SEO plugin. -->","yoast_head_json":{"title":"Stina 3,1 m2 - Suveleht","robots":{"index":"index","follow":"follow","max-snippet":"max-snippet:-1","max-image-preview":"max-image-preview:large","max-video-preview":"max-video-preview:-1"},"canonical":"https:\/\/suveleht.ee\/toode\/stina-31-m2\/","og_locale":"en_US","og_type":"article","og_title":"Stina 3,1 m2 - Suveleht","og_description":"Stina 3,1 m2 terrassiga  Materjal: Kuusepuit  \u00dcldm\u00f5\u00f5dud: Laius 180 cm S\u00fcgavus 260 cm (koos terrassiga) Pindala 3,1 m2 V\u00e4lispindala 3,2 m2 Ruumala 5,2 m3 Seina k\u00f5rgus 149 cm Koguk\u00f5rgus 193 cm  Seinad: Seinaelemendi paksus 19 mm Seina m\u00f5\u00f5dud 180x180 cm Detaili m\u00f5\u00f5dud 196x196 cm  Katus: Punni ja soonega laud Katuse \u00fcleulatuvus 70 cm Katuse pindala 6,2 m2 Katuse kaldenurk 23,5 kraadi Katuselaua paksus 16 mm Katuse pealismaterjal ei kuulu komplekti  P\u00f5rand: Punni ja soonega laud P\u00f5randalaua paksus 16 mm  Aknad: Pleksiklaas Akna avanevus v\u00e4lja v\u00f5i sisse  Uks: Ukseava m\u00f5\u00f5dud 64x131 cm  Pakend: Paki m\u00f5\u00f5t 2,6x1,2x0,4 m Paki kaal 283 kg  Transport: Sisaldub hinnas Maha laadimisega  Montaa\u017eivahendid: Sisalduvad hinnas  Maja tarnitakse v\u00e4rvimata kujul 5 aastat garantiid Laste m\u00e4ngumaja vastab Euroopa Standardite EN 71-1 &amp; EN 71-8 ja EL direktiividele 2009\/48\/E\u00dc T\u00dcV-sertifitseeritud toode (ID 0000075540)","og_url":"https:\/\/suveleht.ee\/toode\/stina-31-m2\/","og_site_name":"Suveleht","article_modified_time":"2023-07-01T00:08:06+00:00","og_image":[{"width":2560,"height":1814,"url":"http:\/\/suveleht.ee\/wp-content\/uploads\/2023\/05\/Stina-taustaga-scaled-1.jpg","type":"image\/jpeg"}],"twitter_card":"summary_large_image","schema":{"@context":"https:\/\/schema.org","@graph":[{"@type":"WebPage","@id":"https:\/\/suveleht.ee\/toode\/stina-31-m2\/","url":"https:\/\/suveleht.ee\/toode\/stina-31-m2\/","name":"Stina 3,1 m2 - Suveleht","isPartOf":{"@id":"https:\/\/suveleht.ee\/#website"},"primaryImageOfPage":{"@id":"https:\/\/suveleht.ee\/toode\/stina-31-m2\/#primaryimage"},"image":{"@id":"https:\/\/suveleht.ee\/toode\/stina-31-m2\/#primaryimage"},"thumbnailUrl":"https:\/\/suveleht.ee\/wp-content\/uploads\/2023\/05\/Stina-taustaga-scaled-1.jpg","datePublished":"2023-06-04T18:23:05+00:00","dateModified":"2023-07-01T00:08:06+00:00","breadcrumb":{"@id":"https:\/\/suveleht.ee\/toode\/stina-31-m2\/#breadcrumb"},"inLanguage":"en-US","potentialAction":[{"@type":"ReadAction","target":["https:\/\/suveleht.ee\/toode\/stina-31-m2\/"]}]},{"@type":"ImageObject","inLanguage":"en-US","@id":"https:\/\/suveleht.ee\/toode\/stina-31-m2\/#primaryimage","url":"https:\/\/suveleht.ee\/wp-content\/uploads\/2023\/05\/Stina-taustaga-scaled-1.jpg","contentUrl":"https:\/\/suveleht.ee\/wp-content\/uploads\/2023\/05\/Stina-taustaga-scaled-1.jpg","width":2560,"height":1814},{"@type":"BreadcrumbList","@id":"https:\/\/suveleht.ee\/toode\/stina-31-m2\/#breadcrumb","itemListElement":[{"@type":"ListItem","position":1,"name":"Home","item":"https:\/\/suveleht.ee\/"},{"@type":"ListItem","position":2,"name":"Tooted","item":"https:\/\/suveleht.ee\/tooted\/"},{"@type":"ListItem","position":3,"name":"Stina 3,1 m2"}]},{"@type":"WebSite","@id":"https:\/\/suveleht.ee\/#website","url":"https:\/\/suveleht.ee\/","name":"Suveleht","description":"Eestis toodetud aiamajad, m\u00e4nguv\u00e4ljakud ja k\u00fcmblust\u00fcnnid","potentialAction":[{"@type":"SearchAction","target":{"@type":"EntryPoint","urlTemplate":"https:\/\/suveleht.ee\/?s={search_term_string}"},"query-input":{"@type":"PropertyValueSpecification","valueRequired":true,"valueName":"search_term_string"}}],"inLanguage":"en-US"}]}},"_links":{"self":[{"href":"https:\/\/suveleht.ee\/en\/wp-json\/wp\/v2\/product\/4539","targetHints":{"allow":["GET"]}}],"collection":[{"href":"https:\/\/suveleht.ee\/en\/wp-json\/wp\/v2\/product"}],"about":[{"href":"https:\/\/suveleht.ee\/en\/wp-json\/wp\/v2\/types\/product"}],"wp:featuredmedia":[{"embeddable":true,"href":"https:\/\/suveleht.ee\/en\/wp-json\/wp\/v2\/media\/1656"}],"wp:attachment":[{"href":"https:\/\/suveleht.ee\/en\/wp-json\/wp\/v2\/media?parent=4539"}],"wp:term":[{"taxonomy":"product_brand","embeddable":true,"href":"https:\/\/suveleht.ee\/en\/wp-json\/wp\/v2\/product_brand?post=4539"},{"taxonomy":"product_cat","embeddable":true,"href":"https:\/\/suveleht.ee\/en\/wp-json\/wp\/v2\/product_cat?post=4539"},{"taxonomy":"product_tag","embeddable":true,"href":"https:\/\/suveleht.ee\/en\/wp-json\/wp\/v2\/product_tag?post=4539"}],"curies":[{"name":"wp","href":"https:\/\/api.w.org\/{rel}","templated":true}]}}