{"id":4535,"date":"2023-06-04T18:23:05","date_gmt":"2023-06-04T18:23:05","guid":{"rendered":"https:\/\/suveleht.ee\/?post_type=product&#038;p=4535"},"modified":"2023-07-01T00:08:06","modified_gmt":"2023-07-01T00:08:06","slug":"jennie-36-m2","status":"publish","type":"product","link":"https:\/\/suveleht.ee\/en\/toode\/jennie-36-m2\/","title":{"rendered":"Jennie 3,6 m2"},"content":{"rendered":"","protected":false},"excerpt":{"rendered":"<p>Jennie 3,6 m2 terrassiga<\/p>\n<p>Materjal:<br \/>\nKuusepuit<\/p>\n<p>\u00dcldm\u00f5\u00f5dud:<br \/>\nLaius 233 cm<br \/>\nS\u00fcgavus 157 cm<br \/>\nPindala 3,6 m2<br \/>\nV\u00e4lispindala 3,7 m2<br \/>\nRuumala 6,4 m3<br \/>\nSeina k\u00f5rgus 138 cm<br \/>\nKoguk\u00f5rgus 220 cm<\/p>\n<p>Seinad:<br \/>\nSeinaelemendi paksus 16 mm<\/p>\n<p>Katus:<br \/>\nPunni ja soonega laud<br \/>\nKatuse \u00fcleulatuvus 14 cm<br \/>\nKatuse pindala 8,6 m2<br \/>\nKatuse kaldenurk 40 kraadi<br \/>\nKatuselaua paksus 16 mm<br \/>\nKatuse pealismaterjal ei kuulu komplekti<\/p>\n<p>P\u00f5rand:<br \/>\nPunni ja soonega laud<br \/>\nP\u00f5randalaua paksus 16 mm<\/p>\n<p>Aknad:<br \/>\nPleksiklaas<br \/>\nMitteavanevad aknad<br \/>\nAknaava m\u00f5\u00f5dud 56&#215;56 cm<\/p>\n<p>Uks:<br \/>\nUkseava m\u00f5\u00f5dud 55&#215;131 cm<\/p>\n<p>Pakend:<br \/>\nPaki m\u00f5\u00f5t 2,3&#215;1,2&#215;0,6 m<br \/>\nPaki kaal 370 kg<\/p>\n<p>Transport:<br \/>\nSisaldub hinnas<br \/>\nMaha laadimisega<\/p>\n<p>Montaa\u017eivahendid:<br \/>\nSisalduvad hinnas<\/p>\n<p>Maja tarnitakse v\u00e4rvimata kujul<br \/>\n5 aastat garantiid<br \/>\nLaste m\u00e4ngumaja vastab Euroopa Standardite EN 71-1 &amp; EN 71-8 ja EL direktiividele 2009\/48\/E\u00dc<br \/>\nT\u00dcV-sertifitseeritud toode (ID 0000075540)<\/p>\n","protected":false},"featured_media":1639,"template":"","meta":{"inline_featured_image":false},"product_brand":[],"product_cat":[49],"product_tag":[],"class_list":{"0":"post-4535","1":"product","2":"type-product","3":"status-publish","4":"has-post-thumbnail","6":"product_cat-mangumajad","8":"first","9":"instock","10":"taxable","11":"shipping-taxable","12":"purchasable","13":"product-type-simple"},"yoast_head":"<!-- This site is optimized with the Yoast SEO plugin v27.3 - https:\/\/yoast.com\/product\/yoast-seo-wordpress\/ -->\n<title>Jennie 3,6 m2 - Suveleht<\/title>\n<meta name=\"robots\" content=\"index, follow, max-snippet:-1, max-image-preview:large, max-video-preview:-1\" \/>\n<link rel=\"canonical\" href=\"https:\/\/suveleht.ee\/toode\/jennie-36-m2\/\" \/>\n<meta property=\"og:locale\" content=\"en_US\" \/>\n<meta property=\"og:type\" content=\"article\" \/>\n<meta property=\"og:title\" content=\"Jennie 3,6 m2 - Suveleht\" \/>\n<meta property=\"og:description\" content=\"Jennie 3,6 m2 terrassiga  Materjal: Kuusepuit  \u00dcldm\u00f5\u00f5dud: Laius 233 cm S\u00fcgavus 157 cm Pindala 3,6 m2 V\u00e4lispindala 3,7 m2 Ruumala 6,4 m3 Seina k\u00f5rgus 138 cm Koguk\u00f5rgus 220 cm  Seinad: Seinaelemendi paksus 16 mm  Katus: Punni ja soonega laud Katuse \u00fcleulatuvus 14 cm Katuse pindala 8,6 m2 Katuse kaldenurk 40 kraadi Katuselaua paksus 16 mm Katuse pealismaterjal ei kuulu komplekti  P\u00f5rand: Punni ja soonega laud P\u00f5randalaua paksus 16 mm  Aknad: Pleksiklaas Mitteavanevad aknad Aknaava m\u00f5\u00f5dud 56x56 cm  Uks: Ukseava m\u00f5\u00f5dud 55x131 cm  Pakend: Paki m\u00f5\u00f5t 2,3x1,2x0,6 m Paki kaal 370 kg  Transport: Sisaldub hinnas Maha laadimisega  Montaa\u017eivahendid: Sisalduvad hinnas  Maja tarnitakse v\u00e4rvimata kujul 5 aastat garantiid Laste m\u00e4ngumaja vastab Euroopa Standardite EN 71-1 &amp; EN 71-8 ja EL direktiividele 2009\/48\/E\u00dc T\u00dcV-sertifitseeritud toode (ID 0000075540)\" \/>\n<meta property=\"og:url\" content=\"https:\/\/suveleht.ee\/toode\/jennie-36-m2\/\" \/>\n<meta property=\"og:site_name\" content=\"Suveleht\" \/>\n<meta property=\"article:modified_time\" content=\"2023-07-01T00:08:06+00:00\" \/>\n<meta property=\"og:image\" content=\"http:\/\/suveleht.ee\/wp-content\/uploads\/2023\/05\/1_Palmako_Kids_Jennie_3.6_m2_NATURAL_wb.jpg\" \/>\n\t<meta property=\"og:image:width\" content=\"2000\" \/>\n\t<meta property=\"og:image:height\" content=\"1500\" \/>\n\t<meta property=\"og:image:type\" content=\"image\/jpeg\" \/>\n<meta name=\"twitter:card\" content=\"summary_large_image\" \/>\n<script type=\"application\/ld+json\" class=\"yoast-schema-graph\">{\"@context\":\"https:\\\/\\\/schema.org\",\"@graph\":[{\"@type\":\"WebPage\",\"@id\":\"https:\\\/\\\/suveleht.ee\\\/toode\\\/jennie-36-m2\\\/\",\"url\":\"https:\\\/\\\/suveleht.ee\\\/toode\\\/jennie-36-m2\\\/\",\"name\":\"Jennie 3,6 m2 - Suveleht\",\"isPartOf\":{\"@id\":\"https:\\\/\\\/suveleht.ee\\\/#website\"},\"primaryImageOfPage\":{\"@id\":\"https:\\\/\\\/suveleht.ee\\\/toode\\\/jennie-36-m2\\\/#primaryimage\"},\"image\":{\"@id\":\"https:\\\/\\\/suveleht.ee\\\/toode\\\/jennie-36-m2\\\/#primaryimage\"},\"thumbnailUrl\":\"https:\\\/\\\/suveleht.ee\\\/wp-content\\\/uploads\\\/2023\\\/05\\\/1_Palmako_Kids_Jennie_3.6_m2_NATURAL_wb.jpg\",\"datePublished\":\"2023-06-04T18:23:05+00:00\",\"dateModified\":\"2023-07-01T00:08:06+00:00\",\"breadcrumb\":{\"@id\":\"https:\\\/\\\/suveleht.ee\\\/toode\\\/jennie-36-m2\\\/#breadcrumb\"},\"inLanguage\":\"en-US\",\"potentialAction\":[{\"@type\":\"ReadAction\",\"target\":[\"https:\\\/\\\/suveleht.ee\\\/toode\\\/jennie-36-m2\\\/\"]}]},{\"@type\":\"ImageObject\",\"inLanguage\":\"en-US\",\"@id\":\"https:\\\/\\\/suveleht.ee\\\/toode\\\/jennie-36-m2\\\/#primaryimage\",\"url\":\"https:\\\/\\\/suveleht.ee\\\/wp-content\\\/uploads\\\/2023\\\/05\\\/1_Palmako_Kids_Jennie_3.6_m2_NATURAL_wb.jpg\",\"contentUrl\":\"https:\\\/\\\/suveleht.ee\\\/wp-content\\\/uploads\\\/2023\\\/05\\\/1_Palmako_Kids_Jennie_3.6_m2_NATURAL_wb.jpg\",\"width\":2000,\"height\":1500},{\"@type\":\"BreadcrumbList\",\"@id\":\"https:\\\/\\\/suveleht.ee\\\/toode\\\/jennie-36-m2\\\/#breadcrumb\",\"itemListElement\":[{\"@type\":\"ListItem\",\"position\":1,\"name\":\"Home\",\"item\":\"https:\\\/\\\/suveleht.ee\\\/\"},{\"@type\":\"ListItem\",\"position\":2,\"name\":\"Tooted\",\"item\":\"https:\\\/\\\/suveleht.ee\\\/tooted\\\/\"},{\"@type\":\"ListItem\",\"position\":3,\"name\":\"Jennie 3,6 m2\"}]},{\"@type\":\"WebSite\",\"@id\":\"https:\\\/\\\/suveleht.ee\\\/#website\",\"url\":\"https:\\\/\\\/suveleht.ee\\\/\",\"name\":\"Suveleht\",\"description\":\"Eestis toodetud aiamajad, m\u00e4nguv\u00e4ljakud ja k\u00fcmblust\u00fcnnid\",\"potentialAction\":[{\"@type\":\"SearchAction\",\"target\":{\"@type\":\"EntryPoint\",\"urlTemplate\":\"https:\\\/\\\/suveleht.ee\\\/?s={search_term_string}\"},\"query-input\":{\"@type\":\"PropertyValueSpecification\",\"valueRequired\":true,\"valueName\":\"search_term_string\"}}],\"inLanguage\":\"en-US\"}]}<\/script>\n<!-- \/ Yoast SEO plugin. -->","yoast_head_json":{"title":"Jennie 3,6 m2 - Suveleht","robots":{"index":"index","follow":"follow","max-snippet":"max-snippet:-1","max-image-preview":"max-image-preview:large","max-video-preview":"max-video-preview:-1"},"canonical":"https:\/\/suveleht.ee\/toode\/jennie-36-m2\/","og_locale":"en_US","og_type":"article","og_title":"Jennie 3,6 m2 - Suveleht","og_description":"Jennie 3,6 m2 terrassiga  Materjal: Kuusepuit  \u00dcldm\u00f5\u00f5dud: Laius 233 cm S\u00fcgavus 157 cm Pindala 3,6 m2 V\u00e4lispindala 3,7 m2 Ruumala 6,4 m3 Seina k\u00f5rgus 138 cm Koguk\u00f5rgus 220 cm  Seinad: Seinaelemendi paksus 16 mm  Katus: Punni ja soonega laud Katuse \u00fcleulatuvus 14 cm Katuse pindala 8,6 m2 Katuse kaldenurk 40 kraadi Katuselaua paksus 16 mm Katuse pealismaterjal ei kuulu komplekti  P\u00f5rand: Punni ja soonega laud P\u00f5randalaua paksus 16 mm  Aknad: Pleksiklaas Mitteavanevad aknad Aknaava m\u00f5\u00f5dud 56x56 cm  Uks: Ukseava m\u00f5\u00f5dud 55x131 cm  Pakend: Paki m\u00f5\u00f5t 2,3x1,2x0,6 m Paki kaal 370 kg  Transport: Sisaldub hinnas Maha laadimisega  Montaa\u017eivahendid: Sisalduvad hinnas  Maja tarnitakse v\u00e4rvimata kujul 5 aastat garantiid Laste m\u00e4ngumaja vastab Euroopa Standardite EN 71-1 &amp; EN 71-8 ja EL direktiividele 2009\/48\/E\u00dc T\u00dcV-sertifitseeritud toode (ID 0000075540)","og_url":"https:\/\/suveleht.ee\/toode\/jennie-36-m2\/","og_site_name":"Suveleht","article_modified_time":"2023-07-01T00:08:06+00:00","og_image":[{"width":2000,"height":1500,"url":"http:\/\/suveleht.ee\/wp-content\/uploads\/2023\/05\/1_Palmako_Kids_Jennie_3.6_m2_NATURAL_wb.jpg","type":"image\/jpeg"}],"twitter_card":"summary_large_image","schema":{"@context":"https:\/\/schema.org","@graph":[{"@type":"WebPage","@id":"https:\/\/suveleht.ee\/toode\/jennie-36-m2\/","url":"https:\/\/suveleht.ee\/toode\/jennie-36-m2\/","name":"Jennie 3,6 m2 - Suveleht","isPartOf":{"@id":"https:\/\/suveleht.ee\/#website"},"primaryImageOfPage":{"@id":"https:\/\/suveleht.ee\/toode\/jennie-36-m2\/#primaryimage"},"image":{"@id":"https:\/\/suveleht.ee\/toode\/jennie-36-m2\/#primaryimage"},"thumbnailUrl":"https:\/\/suveleht.ee\/wp-content\/uploads\/2023\/05\/1_Palmako_Kids_Jennie_3.6_m2_NATURAL_wb.jpg","datePublished":"2023-06-04T18:23:05+00:00","dateModified":"2023-07-01T00:08:06+00:00","breadcrumb":{"@id":"https:\/\/suveleht.ee\/toode\/jennie-36-m2\/#breadcrumb"},"inLanguage":"en-US","potentialAction":[{"@type":"ReadAction","target":["https:\/\/suveleht.ee\/toode\/jennie-36-m2\/"]}]},{"@type":"ImageObject","inLanguage":"en-US","@id":"https:\/\/suveleht.ee\/toode\/jennie-36-m2\/#primaryimage","url":"https:\/\/suveleht.ee\/wp-content\/uploads\/2023\/05\/1_Palmako_Kids_Jennie_3.6_m2_NATURAL_wb.jpg","contentUrl":"https:\/\/suveleht.ee\/wp-content\/uploads\/2023\/05\/1_Palmako_Kids_Jennie_3.6_m2_NATURAL_wb.jpg","width":2000,"height":1500},{"@type":"BreadcrumbList","@id":"https:\/\/suveleht.ee\/toode\/jennie-36-m2\/#breadcrumb","itemListElement":[{"@type":"ListItem","position":1,"name":"Home","item":"https:\/\/suveleht.ee\/"},{"@type":"ListItem","position":2,"name":"Tooted","item":"https:\/\/suveleht.ee\/tooted\/"},{"@type":"ListItem","position":3,"name":"Jennie 3,6 m2"}]},{"@type":"WebSite","@id":"https:\/\/suveleht.ee\/#website","url":"https:\/\/suveleht.ee\/","name":"Suveleht","description":"Eestis toodetud aiamajad, m\u00e4nguv\u00e4ljakud ja k\u00fcmblust\u00fcnnid","potentialAction":[{"@type":"SearchAction","target":{"@type":"EntryPoint","urlTemplate":"https:\/\/suveleht.ee\/?s={search_term_string}"},"query-input":{"@type":"PropertyValueSpecification","valueRequired":true,"valueName":"search_term_string"}}],"inLanguage":"en-US"}]}},"_links":{"self":[{"href":"https:\/\/suveleht.ee\/en\/wp-json\/wp\/v2\/product\/4535","targetHints":{"allow":["GET"]}}],"collection":[{"href":"https:\/\/suveleht.ee\/en\/wp-json\/wp\/v2\/product"}],"about":[{"href":"https:\/\/suveleht.ee\/en\/wp-json\/wp\/v2\/types\/product"}],"wp:featuredmedia":[{"embeddable":true,"href":"https:\/\/suveleht.ee\/en\/wp-json\/wp\/v2\/media\/1639"}],"wp:attachment":[{"href":"https:\/\/suveleht.ee\/en\/wp-json\/wp\/v2\/media?parent=4535"}],"wp:term":[{"taxonomy":"product_brand","embeddable":true,"href":"https:\/\/suveleht.ee\/en\/wp-json\/wp\/v2\/product_brand?post=4535"},{"taxonomy":"product_cat","embeddable":true,"href":"https:\/\/suveleht.ee\/en\/wp-json\/wp\/v2\/product_cat?post=4535"},{"taxonomy":"product_tag","embeddable":true,"href":"https:\/\/suveleht.ee\/en\/wp-json\/wp\/v2\/product_tag?post=4535"}],"curies":[{"name":"wp","href":"https:\/\/api.w.org\/{rel}","templated":true}]}}