{"id":4530,"date":"2023-06-04T18:23:05","date_gmt":"2023-06-04T18:23:05","guid":{"rendered":"https:\/\/suveleht.ee\/?post_type=product&#038;p=4530"},"modified":"2024-05-06T07:07:57","modified_gmt":"2024-05-06T07:07:57","slug":"sundborn-826m2","status":"publish","type":"product","link":"https:\/\/suveleht.ee\/en\/toode\/sundborn-826m2\/","title":{"rendered":"Sundborn 8,26m2"},"content":{"rendered":"","protected":false},"excerpt":{"rendered":"<p>* TASUTA TRANSPORT<br \/>\n* Garantii 5 aastat<br \/>\nKomplekti kuulub immutatud alusraam, p\u00f5randalauad, p\u00f5randaliistud, aken ja v\u00e4lisuks, vajalikud materjalid klaasukse paigaldamiseks, katusetalad ja katuselauad ning vajalikud kruvid ja naelad maja p\u00fcstitamiseks. Katusekattematerjali, saunaust ja saunalava saab juurde soetada.<\/p>\n<p>Ehitus: Tuuletapiga nurga\u00fchendus<br \/>\nSeina paksus: 44 mm<br \/>\nSeinam\u00f5\u00f5dud: 400&#215;220 cm<br \/>\nP\u00f5randa pindala: 8.26 m2<br \/>\nViiluseina k\u00f5rgus: 233.7 cm<br \/>\nSeina k\u00f5rgus: 210.9 cm<br \/>\nKatuse \u00fcleulatus: 50 cm<br \/>\nKatuse pindala: 13.1 m2<br \/>\nKatusekalle: 6\u00b0<br \/>\nUks: 1 x 835 x 1957 mm TP+<br \/>\nAken: 1 x 540 x 540 mm DGP+, 1 x 1010 x 1780 mm DGP+<br \/>\nPakend: 440x118x76 cm 950 kg<\/p>\n","protected":false},"featured_media":1618,"template":"","meta":{"inline_featured_image":false},"product_brand":[],"product_cat":[45,46],"product_tag":[],"class_list":{"0":"post-4530","1":"product","2":"type-product","3":"status-publish","4":"has-post-thumbnail","6":"product_cat-aiamajad","7":"product_cat-hoiuruumid","9":"first","10":"instock","11":"taxable","12":"shipping-taxable","13":"purchasable","14":"product-type-simple"},"yoast_head":"<!-- This site is optimized with the Yoast SEO plugin v27.3 - https:\/\/yoast.com\/product\/yoast-seo-wordpress\/ -->\n<title>Sundborn 8,26m2 - Suveleht<\/title>\n<meta name=\"robots\" content=\"index, follow, max-snippet:-1, max-image-preview:large, max-video-preview:-1\" \/>\n<link rel=\"canonical\" href=\"https:\/\/suveleht.ee\/toode\/sundborn-826m2\/\" \/>\n<meta property=\"og:locale\" content=\"en_US\" \/>\n<meta property=\"og:type\" content=\"article\" \/>\n<meta property=\"og:title\" content=\"Sundborn 8,26m2 - Suveleht\" \/>\n<meta property=\"og:description\" content=\"* TASUTA TRANSPORT * Garantii 5 aastat Komplekti kuulub immutatud alusraam, p\u00f5randalauad, p\u00f5randaliistud, aken ja v\u00e4lisuks, vajalikud materjalid klaasukse paigaldamiseks, katusetalad ja katuselauad ning vajalikud kruvid ja naelad maja p\u00fcstitamiseks. Katusekattematerjali, saunaust ja saunalava saab juurde soetada.   Ehitus: Tuuletapiga nurga\u00fchendus Seina paksus: 44 mm Seinam\u00f5\u00f5dud: 400x220 cm P\u00f5randa pindala: 8.26 m2 Viiluseina k\u00f5rgus: 233.7 cm Seina k\u00f5rgus: 210.9 cm Katuse \u00fcleulatus: 50 cm Katuse pindala: 13.1 m2 Katusekalle: 6\u00b0 Uks: 1 x 835 x 1957 mm TP+ Aken: 1 x 540 x 540 mm DGP+, 1 x 1010 x 1780 mm DGP+ Pakend: 440x118x76 cm 950 kg\" \/>\n<meta property=\"og:url\" content=\"https:\/\/suveleht.ee\/toode\/sundborn-826m2\/\" \/>\n<meta property=\"og:site_name\" content=\"Suveleht\" \/>\n<meta property=\"article:modified_time\" content=\"2024-05-06T07:07:57+00:00\" \/>\n<meta property=\"og:image\" content=\"http:\/\/suveleht.ee\/wp-content\/uploads\/2023\/05\/Sundborn-taustaga-scaled-1.jpg\" \/>\n\t<meta property=\"og:image:width\" content=\"2560\" \/>\n\t<meta property=\"og:image:height\" content=\"1708\" \/>\n\t<meta property=\"og:image:type\" content=\"image\/jpeg\" \/>\n<meta name=\"twitter:card\" content=\"summary_large_image\" \/>\n<meta name=\"twitter:label1\" content=\"Est. reading time\" \/>\n\t<meta name=\"twitter:data1\" content=\"1 minute\" \/>\n<script type=\"application\/ld+json\" class=\"yoast-schema-graph\">{\"@context\":\"https:\\\/\\\/schema.org\",\"@graph\":[{\"@type\":\"WebPage\",\"@id\":\"https:\\\/\\\/suveleht.ee\\\/toode\\\/sundborn-826m2\\\/\",\"url\":\"https:\\\/\\\/suveleht.ee\\\/toode\\\/sundborn-826m2\\\/\",\"name\":\"Sundborn 8,26m2 - Suveleht\",\"isPartOf\":{\"@id\":\"https:\\\/\\\/suveleht.ee\\\/#website\"},\"primaryImageOfPage\":{\"@id\":\"https:\\\/\\\/suveleht.ee\\\/toode\\\/sundborn-826m2\\\/#primaryimage\"},\"image\":{\"@id\":\"https:\\\/\\\/suveleht.ee\\\/toode\\\/sundborn-826m2\\\/#primaryimage\"},\"thumbnailUrl\":\"https:\\\/\\\/suveleht.ee\\\/wp-content\\\/uploads\\\/2023\\\/05\\\/Sundborn-taustaga-scaled-1.jpg\",\"datePublished\":\"2023-06-04T18:23:05+00:00\",\"dateModified\":\"2024-05-06T07:07:57+00:00\",\"breadcrumb\":{\"@id\":\"https:\\\/\\\/suveleht.ee\\\/toode\\\/sundborn-826m2\\\/#breadcrumb\"},\"inLanguage\":\"en-US\",\"potentialAction\":[{\"@type\":\"ReadAction\",\"target\":[\"https:\\\/\\\/suveleht.ee\\\/toode\\\/sundborn-826m2\\\/\"]}]},{\"@type\":\"ImageObject\",\"inLanguage\":\"en-US\",\"@id\":\"https:\\\/\\\/suveleht.ee\\\/toode\\\/sundborn-826m2\\\/#primaryimage\",\"url\":\"https:\\\/\\\/suveleht.ee\\\/wp-content\\\/uploads\\\/2023\\\/05\\\/Sundborn-taustaga-scaled-1.jpg\",\"contentUrl\":\"https:\\\/\\\/suveleht.ee\\\/wp-content\\\/uploads\\\/2023\\\/05\\\/Sundborn-taustaga-scaled-1.jpg\",\"width\":2560,\"height\":1708},{\"@type\":\"BreadcrumbList\",\"@id\":\"https:\\\/\\\/suveleht.ee\\\/toode\\\/sundborn-826m2\\\/#breadcrumb\",\"itemListElement\":[{\"@type\":\"ListItem\",\"position\":1,\"name\":\"Home\",\"item\":\"https:\\\/\\\/suveleht.ee\\\/\"},{\"@type\":\"ListItem\",\"position\":2,\"name\":\"Tooted\",\"item\":\"https:\\\/\\\/suveleht.ee\\\/tooted\\\/\"},{\"@type\":\"ListItem\",\"position\":3,\"name\":\"Sundborn 8,26m2\"}]},{\"@type\":\"WebSite\",\"@id\":\"https:\\\/\\\/suveleht.ee\\\/#website\",\"url\":\"https:\\\/\\\/suveleht.ee\\\/\",\"name\":\"Suveleht\",\"description\":\"Eestis toodetud aiamajad, m\u00e4nguv\u00e4ljakud ja k\u00fcmblust\u00fcnnid\",\"potentialAction\":[{\"@type\":\"SearchAction\",\"target\":{\"@type\":\"EntryPoint\",\"urlTemplate\":\"https:\\\/\\\/suveleht.ee\\\/?s={search_term_string}\"},\"query-input\":{\"@type\":\"PropertyValueSpecification\",\"valueRequired\":true,\"valueName\":\"search_term_string\"}}],\"inLanguage\":\"en-US\"}]}<\/script>\n<!-- \/ Yoast SEO plugin. -->","yoast_head_json":{"title":"Sundborn 8,26m2 - Suveleht","robots":{"index":"index","follow":"follow","max-snippet":"max-snippet:-1","max-image-preview":"max-image-preview:large","max-video-preview":"max-video-preview:-1"},"canonical":"https:\/\/suveleht.ee\/toode\/sundborn-826m2\/","og_locale":"en_US","og_type":"article","og_title":"Sundborn 8,26m2 - Suveleht","og_description":"* TASUTA TRANSPORT * Garantii 5 aastat Komplekti kuulub immutatud alusraam, p\u00f5randalauad, p\u00f5randaliistud, aken ja v\u00e4lisuks, vajalikud materjalid klaasukse paigaldamiseks, katusetalad ja katuselauad ning vajalikud kruvid ja naelad maja p\u00fcstitamiseks. Katusekattematerjali, saunaust ja saunalava saab juurde soetada.   Ehitus: Tuuletapiga nurga\u00fchendus Seina paksus: 44 mm Seinam\u00f5\u00f5dud: 400x220 cm P\u00f5randa pindala: 8.26 m2 Viiluseina k\u00f5rgus: 233.7 cm Seina k\u00f5rgus: 210.9 cm Katuse \u00fcleulatus: 50 cm Katuse pindala: 13.1 m2 Katusekalle: 6\u00b0 Uks: 1 x 835 x 1957 mm TP+ Aken: 1 x 540 x 540 mm DGP+, 1 x 1010 x 1780 mm DGP+ Pakend: 440x118x76 cm 950 kg","og_url":"https:\/\/suveleht.ee\/toode\/sundborn-826m2\/","og_site_name":"Suveleht","article_modified_time":"2024-05-06T07:07:57+00:00","og_image":[{"width":2560,"height":1708,"url":"http:\/\/suveleht.ee\/wp-content\/uploads\/2023\/05\/Sundborn-taustaga-scaled-1.jpg","type":"image\/jpeg"}],"twitter_card":"summary_large_image","twitter_misc":{"Est. reading time":"1 minute"},"schema":{"@context":"https:\/\/schema.org","@graph":[{"@type":"WebPage","@id":"https:\/\/suveleht.ee\/toode\/sundborn-826m2\/","url":"https:\/\/suveleht.ee\/toode\/sundborn-826m2\/","name":"Sundborn 8,26m2 - Suveleht","isPartOf":{"@id":"https:\/\/suveleht.ee\/#website"},"primaryImageOfPage":{"@id":"https:\/\/suveleht.ee\/toode\/sundborn-826m2\/#primaryimage"},"image":{"@id":"https:\/\/suveleht.ee\/toode\/sundborn-826m2\/#primaryimage"},"thumbnailUrl":"https:\/\/suveleht.ee\/wp-content\/uploads\/2023\/05\/Sundborn-taustaga-scaled-1.jpg","datePublished":"2023-06-04T18:23:05+00:00","dateModified":"2024-05-06T07:07:57+00:00","breadcrumb":{"@id":"https:\/\/suveleht.ee\/toode\/sundborn-826m2\/#breadcrumb"},"inLanguage":"en-US","potentialAction":[{"@type":"ReadAction","target":["https:\/\/suveleht.ee\/toode\/sundborn-826m2\/"]}]},{"@type":"ImageObject","inLanguage":"en-US","@id":"https:\/\/suveleht.ee\/toode\/sundborn-826m2\/#primaryimage","url":"https:\/\/suveleht.ee\/wp-content\/uploads\/2023\/05\/Sundborn-taustaga-scaled-1.jpg","contentUrl":"https:\/\/suveleht.ee\/wp-content\/uploads\/2023\/05\/Sundborn-taustaga-scaled-1.jpg","width":2560,"height":1708},{"@type":"BreadcrumbList","@id":"https:\/\/suveleht.ee\/toode\/sundborn-826m2\/#breadcrumb","itemListElement":[{"@type":"ListItem","position":1,"name":"Home","item":"https:\/\/suveleht.ee\/"},{"@type":"ListItem","position":2,"name":"Tooted","item":"https:\/\/suveleht.ee\/tooted\/"},{"@type":"ListItem","position":3,"name":"Sundborn 8,26m2"}]},{"@type":"WebSite","@id":"https:\/\/suveleht.ee\/#website","url":"https:\/\/suveleht.ee\/","name":"Suveleht","description":"Eestis toodetud aiamajad, m\u00e4nguv\u00e4ljakud ja k\u00fcmblust\u00fcnnid","potentialAction":[{"@type":"SearchAction","target":{"@type":"EntryPoint","urlTemplate":"https:\/\/suveleht.ee\/?s={search_term_string}"},"query-input":{"@type":"PropertyValueSpecification","valueRequired":true,"valueName":"search_term_string"}}],"inLanguage":"en-US"}]}},"_links":{"self":[{"href":"https:\/\/suveleht.ee\/en\/wp-json\/wp\/v2\/product\/4530","targetHints":{"allow":["GET"]}}],"collection":[{"href":"https:\/\/suveleht.ee\/en\/wp-json\/wp\/v2\/product"}],"about":[{"href":"https:\/\/suveleht.ee\/en\/wp-json\/wp\/v2\/types\/product"}],"wp:featuredmedia":[{"embeddable":true,"href":"https:\/\/suveleht.ee\/en\/wp-json\/wp\/v2\/media\/1618"}],"wp:attachment":[{"href":"https:\/\/suveleht.ee\/en\/wp-json\/wp\/v2\/media?parent=4530"}],"wp:term":[{"taxonomy":"product_brand","embeddable":true,"href":"https:\/\/suveleht.ee\/en\/wp-json\/wp\/v2\/product_brand?post=4530"},{"taxonomy":"product_cat","embeddable":true,"href":"https:\/\/suveleht.ee\/en\/wp-json\/wp\/v2\/product_cat?post=4530"},{"taxonomy":"product_tag","embeddable":true,"href":"https:\/\/suveleht.ee\/en\/wp-json\/wp\/v2\/product_tag?post=4530"}],"curies":[{"name":"wp","href":"https:\/\/api.w.org\/{rel}","templated":true}]}}