{"id":4518,"date":"2023-06-04T18:23:03","date_gmt":"2023-06-04T18:23:03","guid":{"rendered":"https:\/\/suveleht.ee\/?post_type=product&#038;p=4518"},"modified":"2026-02-25T10:43:35","modified_gmt":"2026-02-25T10:43:35","slug":"dorset-932m2","status":"publish","type":"product","link":"https:\/\/suveleht.ee\/en\/toode\/dorset-932m2\/","title":{"rendered":"Dorset 9,32m2"},"content":{"rendered":"","protected":false},"excerpt":{"rendered":"<p>ajakomplekt sisaldab k\u00f5iki paigaldamiseks vajaminevaid detaile: immutatud alusraam, seinadetailid, p\u00f5randalauad ja p\u00f5randaliistud, katusetalad, katuselauad ja katuseliistud ning avat\u00e4ited. Lisaks on pakis ka kinnitusvahendid (kruvid, naelad jms). Majakomplekti ei kuulu katusekate.<\/p>\n<p>Ehitus: Tuuletapiga nurga\u00fchendus<br \/>\nSeina paksus: 34 mm<br \/>\nSeinam\u00f5\u00f5dud: 250&#215;390 cm<br \/>\nP\u00f5randa pindala: 9.32 m2<br \/>\nViiluseina k\u00f5rgus: 233.7 cm<br \/>\nSeina k\u00f5rgus: 210.9 cm<br \/>\nKatuse \u00fcleulatus: 20 cm<br \/>\nKatuse pindala: 13.82 m2<br \/>\nKatusekalle: 5.3\u00b0<br \/>\nUks: 1 x 1588 x 1957 mm DGP+<br \/>\nAken: 1 x 560 x 1780 mm DGP+, 1 x 1010 x 1780 mm DGP+<br \/>\nPakend: 440x118x65 cm 860 kg<\/p>\n","protected":false},"featured_media":1567,"template":"","meta":{"inline_featured_image":false},"product_brand":[],"product_cat":[45,48],"product_tag":[],"class_list":{"0":"post-4518","1":"product","2":"type-product","3":"status-publish","4":"has-post-thumbnail","6":"product_cat-aiamajad","7":"product_cat-modernsed-aiamajad","9":"first","10":"instock","11":"sale","12":"taxable","13":"shipping-taxable","14":"purchasable","15":"product-type-simple"},"yoast_head":"<!-- This site is optimized with the Yoast SEO plugin v27.3 - https:\/\/yoast.com\/product\/yoast-seo-wordpress\/ -->\n<title>Dorset 9,32m2 - Suveleht<\/title>\n<meta name=\"robots\" content=\"index, follow, max-snippet:-1, max-image-preview:large, max-video-preview:-1\" \/>\n<link rel=\"canonical\" href=\"https:\/\/suveleht.ee\/toode\/dorset-932m2\/\" \/>\n<meta property=\"og:locale\" content=\"en_US\" \/>\n<meta property=\"og:type\" content=\"article\" \/>\n<meta property=\"og:title\" content=\"Dorset 9,32m2 - Suveleht\" \/>\n<meta property=\"og:description\" content=\"ajakomplekt sisaldab k\u00f5iki paigaldamiseks vajaminevaid detaile: immutatud alusraam, seinadetailid, p\u00f5randalauad ja p\u00f5randaliistud, katusetalad, katuselauad ja katuseliistud ning avat\u00e4ited. Lisaks on pakis ka kinnitusvahendid (kruvid, naelad jms). Majakomplekti ei kuulu katusekate.  Ehitus: Tuuletapiga nurga\u00fchendus Seina paksus: 34 mm Seinam\u00f5\u00f5dud: 250x390 cm P\u00f5randa pindala: 9.32 m2 Viiluseina k\u00f5rgus: 233.7 cm Seina k\u00f5rgus: 210.9 cm Katuse \u00fcleulatus: 20 cm Katuse pindala: 13.82 m2 Katusekalle: 5.3\u00b0 Uks: 1 x 1588 x 1957 mm DGP+ Aken: 1 x 560 x 1780 mm DGP+, 1 x 1010 x 1780 mm DGP+ Pakend: 440x118x65 cm 860 kg\" \/>\n<meta property=\"og:url\" content=\"https:\/\/suveleht.ee\/toode\/dorset-932m2\/\" \/>\n<meta property=\"og:site_name\" content=\"Suveleht\" \/>\n<meta property=\"article:modified_time\" content=\"2026-02-25T10:43:35+00:00\" \/>\n<meta property=\"og:image\" content=\"http:\/\/suveleht.ee\/wp-content\/uploads\/2023\/05\/Dorset-taustaga-1024x683.jpg\" \/>\n\t<meta property=\"og:image:width\" content=\"1024\" \/>\n\t<meta property=\"og:image:height\" content=\"683\" \/>\n\t<meta property=\"og:image:type\" content=\"image\/jpeg\" \/>\n<meta name=\"twitter:card\" content=\"summary_large_image\" \/>\n<meta name=\"twitter:label1\" content=\"Est. reading time\" \/>\n\t<meta name=\"twitter:data1\" content=\"1 minute\" \/>\n<script type=\"application\/ld+json\" class=\"yoast-schema-graph\">{\"@context\":\"https:\\\/\\\/schema.org\",\"@graph\":[{\"@type\":\"WebPage\",\"@id\":\"https:\\\/\\\/suveleht.ee\\\/toode\\\/dorset-932m2\\\/\",\"url\":\"https:\\\/\\\/suveleht.ee\\\/toode\\\/dorset-932m2\\\/\",\"name\":\"Dorset 9,32m2 - Suveleht\",\"isPartOf\":{\"@id\":\"https:\\\/\\\/suveleht.ee\\\/#website\"},\"primaryImageOfPage\":{\"@id\":\"https:\\\/\\\/suveleht.ee\\\/toode\\\/dorset-932m2\\\/#primaryimage\"},\"image\":{\"@id\":\"https:\\\/\\\/suveleht.ee\\\/toode\\\/dorset-932m2\\\/#primaryimage\"},\"thumbnailUrl\":\"https:\\\/\\\/suveleht.ee\\\/wp-content\\\/uploads\\\/2023\\\/05\\\/Dorset-taustaga.jpg\",\"datePublished\":\"2023-06-04T18:23:03+00:00\",\"dateModified\":\"2026-02-25T10:43:35+00:00\",\"breadcrumb\":{\"@id\":\"https:\\\/\\\/suveleht.ee\\\/toode\\\/dorset-932m2\\\/#breadcrumb\"},\"inLanguage\":\"en-US\",\"potentialAction\":[{\"@type\":\"ReadAction\",\"target\":[\"https:\\\/\\\/suveleht.ee\\\/toode\\\/dorset-932m2\\\/\"]}]},{\"@type\":\"ImageObject\",\"inLanguage\":\"en-US\",\"@id\":\"https:\\\/\\\/suveleht.ee\\\/toode\\\/dorset-932m2\\\/#primaryimage\",\"url\":\"https:\\\/\\\/suveleht.ee\\\/wp-content\\\/uploads\\\/2023\\\/05\\\/Dorset-taustaga.jpg\",\"contentUrl\":\"https:\\\/\\\/suveleht.ee\\\/wp-content\\\/uploads\\\/2023\\\/05\\\/Dorset-taustaga.jpg\",\"width\":2500,\"height\":1667},{\"@type\":\"BreadcrumbList\",\"@id\":\"https:\\\/\\\/suveleht.ee\\\/toode\\\/dorset-932m2\\\/#breadcrumb\",\"itemListElement\":[{\"@type\":\"ListItem\",\"position\":1,\"name\":\"Home\",\"item\":\"https:\\\/\\\/suveleht.ee\\\/\"},{\"@type\":\"ListItem\",\"position\":2,\"name\":\"Tooted\",\"item\":\"https:\\\/\\\/suveleht.ee\\\/tooted\\\/\"},{\"@type\":\"ListItem\",\"position\":3,\"name\":\"Dorset 9,32m2\"}]},{\"@type\":\"WebSite\",\"@id\":\"https:\\\/\\\/suveleht.ee\\\/#website\",\"url\":\"https:\\\/\\\/suveleht.ee\\\/\",\"name\":\"Suveleht\",\"description\":\"Eestis toodetud aiamajad, m\u00e4nguv\u00e4ljakud ja k\u00fcmblust\u00fcnnid\",\"potentialAction\":[{\"@type\":\"SearchAction\",\"target\":{\"@type\":\"EntryPoint\",\"urlTemplate\":\"https:\\\/\\\/suveleht.ee\\\/?s={search_term_string}\"},\"query-input\":{\"@type\":\"PropertyValueSpecification\",\"valueRequired\":true,\"valueName\":\"search_term_string\"}}],\"inLanguage\":\"en-US\"}]}<\/script>\n<!-- \/ Yoast SEO plugin. -->","yoast_head_json":{"title":"Dorset 9,32m2 - Suveleht","robots":{"index":"index","follow":"follow","max-snippet":"max-snippet:-1","max-image-preview":"max-image-preview:large","max-video-preview":"max-video-preview:-1"},"canonical":"https:\/\/suveleht.ee\/toode\/dorset-932m2\/","og_locale":"en_US","og_type":"article","og_title":"Dorset 9,32m2 - Suveleht","og_description":"ajakomplekt sisaldab k\u00f5iki paigaldamiseks vajaminevaid detaile: immutatud alusraam, seinadetailid, p\u00f5randalauad ja p\u00f5randaliistud, katusetalad, katuselauad ja katuseliistud ning avat\u00e4ited. Lisaks on pakis ka kinnitusvahendid (kruvid, naelad jms). Majakomplekti ei kuulu katusekate.  Ehitus: Tuuletapiga nurga\u00fchendus Seina paksus: 34 mm Seinam\u00f5\u00f5dud: 250x390 cm P\u00f5randa pindala: 9.32 m2 Viiluseina k\u00f5rgus: 233.7 cm Seina k\u00f5rgus: 210.9 cm Katuse \u00fcleulatus: 20 cm Katuse pindala: 13.82 m2 Katusekalle: 5.3\u00b0 Uks: 1 x 1588 x 1957 mm DGP+ Aken: 1 x 560 x 1780 mm DGP+, 1 x 1010 x 1780 mm DGP+ Pakend: 440x118x65 cm 860 kg","og_url":"https:\/\/suveleht.ee\/toode\/dorset-932m2\/","og_site_name":"Suveleht","article_modified_time":"2026-02-25T10:43:35+00:00","og_image":[{"width":1024,"height":683,"url":"http:\/\/suveleht.ee\/wp-content\/uploads\/2023\/05\/Dorset-taustaga-1024x683.jpg","type":"image\/jpeg"}],"twitter_card":"summary_large_image","twitter_misc":{"Est. reading time":"1 minute"},"schema":{"@context":"https:\/\/schema.org","@graph":[{"@type":"WebPage","@id":"https:\/\/suveleht.ee\/toode\/dorset-932m2\/","url":"https:\/\/suveleht.ee\/toode\/dorset-932m2\/","name":"Dorset 9,32m2 - Suveleht","isPartOf":{"@id":"https:\/\/suveleht.ee\/#website"},"primaryImageOfPage":{"@id":"https:\/\/suveleht.ee\/toode\/dorset-932m2\/#primaryimage"},"image":{"@id":"https:\/\/suveleht.ee\/toode\/dorset-932m2\/#primaryimage"},"thumbnailUrl":"https:\/\/suveleht.ee\/wp-content\/uploads\/2023\/05\/Dorset-taustaga.jpg","datePublished":"2023-06-04T18:23:03+00:00","dateModified":"2026-02-25T10:43:35+00:00","breadcrumb":{"@id":"https:\/\/suveleht.ee\/toode\/dorset-932m2\/#breadcrumb"},"inLanguage":"en-US","potentialAction":[{"@type":"ReadAction","target":["https:\/\/suveleht.ee\/toode\/dorset-932m2\/"]}]},{"@type":"ImageObject","inLanguage":"en-US","@id":"https:\/\/suveleht.ee\/toode\/dorset-932m2\/#primaryimage","url":"https:\/\/suveleht.ee\/wp-content\/uploads\/2023\/05\/Dorset-taustaga.jpg","contentUrl":"https:\/\/suveleht.ee\/wp-content\/uploads\/2023\/05\/Dorset-taustaga.jpg","width":2500,"height":1667},{"@type":"BreadcrumbList","@id":"https:\/\/suveleht.ee\/toode\/dorset-932m2\/#breadcrumb","itemListElement":[{"@type":"ListItem","position":1,"name":"Home","item":"https:\/\/suveleht.ee\/"},{"@type":"ListItem","position":2,"name":"Tooted","item":"https:\/\/suveleht.ee\/tooted\/"},{"@type":"ListItem","position":3,"name":"Dorset 9,32m2"}]},{"@type":"WebSite","@id":"https:\/\/suveleht.ee\/#website","url":"https:\/\/suveleht.ee\/","name":"Suveleht","description":"Eestis toodetud aiamajad, m\u00e4nguv\u00e4ljakud ja k\u00fcmblust\u00fcnnid","potentialAction":[{"@type":"SearchAction","target":{"@type":"EntryPoint","urlTemplate":"https:\/\/suveleht.ee\/?s={search_term_string}"},"query-input":{"@type":"PropertyValueSpecification","valueRequired":true,"valueName":"search_term_string"}}],"inLanguage":"en-US"}]}},"_links":{"self":[{"href":"https:\/\/suveleht.ee\/en\/wp-json\/wp\/v2\/product\/4518","targetHints":{"allow":["GET"]}}],"collection":[{"href":"https:\/\/suveleht.ee\/en\/wp-json\/wp\/v2\/product"}],"about":[{"href":"https:\/\/suveleht.ee\/en\/wp-json\/wp\/v2\/types\/product"}],"wp:featuredmedia":[{"embeddable":true,"href":"https:\/\/suveleht.ee\/en\/wp-json\/wp\/v2\/media\/1567"}],"wp:attachment":[{"href":"https:\/\/suveleht.ee\/en\/wp-json\/wp\/v2\/media?parent=4518"}],"wp:term":[{"taxonomy":"product_brand","embeddable":true,"href":"https:\/\/suveleht.ee\/en\/wp-json\/wp\/v2\/product_brand?post=4518"},{"taxonomy":"product_cat","embeddable":true,"href":"https:\/\/suveleht.ee\/en\/wp-json\/wp\/v2\/product_cat?post=4518"},{"taxonomy":"product_tag","embeddable":true,"href":"https:\/\/suveleht.ee\/en\/wp-json\/wp\/v2\/product_tag?post=4518"}],"curies":[{"name":"wp","href":"https:\/\/api.w.org\/{rel}","templated":true}]}}