{"id":4504,"date":"2023-06-04T18:23:02","date_gmt":"2023-06-04T18:23:02","guid":{"rendered":"https:\/\/suveleht.ee\/?post_type=product&#038;p=4504"},"modified":"2026-02-26T08:24:35","modified_gmt":"2026-02-26T08:24:35","slug":"reno-2032m2","status":"publish","type":"product","link":"https:\/\/suveleht.ee\/en\/toode\/reno-2032m2\/","title":{"rendered":"Reno 20,32m2"},"content":{"rendered":"","protected":false},"excerpt":{"rendered":"<p>* TASUTA TRANSPORT<br \/>\n* Garantii 5 aastat<br \/>\n* V\u00f5imalik valida nelja viimistluse vahel: helehall, tumehall, punane, viimistlemata.<br \/>\nKomplekti kuuluvad seinad, avat\u00e4ited, katusetalad ja -lauad, liistud,  katusekattematerjal ruberoid rullis (katusepapp) ja montaa\u017eivahendid (naelad\/kruvid). P\u00f5rand ei ole komplektis.<\/p>\n<p>Ehitus: Tuuletapiga nurga\u00fchendus<br \/>\nSeina paksus 28 mm:<br \/>\nSeinam\u00f5\u00f5dud: 760&#215;275 cm<br \/>\nP\u00f5randa pindala: 20.32 m2<br \/>\nViiluseina k\u00f5rgus: 210.9 cm<br \/>\nSeina k\u00f5rgus: 188.1 cm<br \/>\nKatuse \u00fcleulatus: 20 cm<br \/>\nKatuse pindala: 24.6 m2<br \/>\nKatusekalle: 5.7\u00b0<br \/>\nUks: 1 x 1494 x 1850 mm<br \/>\nAken: 1 x 685 x 882 mm<br \/>\nPakend: 440x118x64.5 cm 895 kg<\/p>\n","protected":false},"featured_media":1509,"template":"","meta":{"inline_featured_image":false},"product_brand":[],"product_cat":[46,47],"product_tag":[],"class_list":{"0":"post-4504","1":"product","2":"type-product","3":"status-publish","4":"has-post-thumbnail","6":"product_cat-hoiuruumid","7":"product_cat-valikoogid","9":"first","10":"instock","11":"taxable","12":"shipping-taxable","13":"purchasable","14":"product-type-variable"},"yoast_head":"<!-- This site is optimized with the Yoast SEO plugin v27.3 - https:\/\/yoast.com\/product\/yoast-seo-wordpress\/ -->\n<title>Reno 20,32m2 - Suveleht<\/title>\n<meta name=\"robots\" content=\"index, follow, max-snippet:-1, max-image-preview:large, max-video-preview:-1\" \/>\n<link rel=\"canonical\" href=\"https:\/\/suveleht.ee\/toode\/reno-2032m2\/\" \/>\n<meta property=\"og:locale\" content=\"en_US\" \/>\n<meta property=\"og:type\" content=\"article\" \/>\n<meta property=\"og:title\" content=\"Reno 20,32m2 - Suveleht\" \/>\n<meta property=\"og:description\" content=\"* TASUTA TRANSPORT * Garantii 5 aastat * V\u00f5imalik valida nelja viimistluse vahel: helehall, tumehall, punane, viimistlemata. Komplekti kuuluvad seinad, avat\u00e4ited, katusetalad ja -lauad, liistud, katusekattematerjal ruberoid rullis (katusepapp) ja montaa\u017eivahendid (naelad\/kruvid). P\u00f5rand ei ole komplektis.   Ehitus: Tuuletapiga nurga\u00fchendus Seina paksus 28 mm: Seinam\u00f5\u00f5dud: 760x275 cm P\u00f5randa pindala: 20.32 m2 Viiluseina k\u00f5rgus: 210.9 cm Seina k\u00f5rgus: 188.1 cm Katuse \u00fcleulatus: 20 cm Katuse pindala: 24.6 m2 Katusekalle: 5.7\u00b0 Uks: 1 x 1494 x 1850 mm  Aken: 1 x 685 x 882 mm Pakend: 440x118x64.5 cm 895 kg\" \/>\n<meta property=\"og:url\" content=\"https:\/\/suveleht.ee\/toode\/reno-2032m2\/\" \/>\n<meta property=\"og:site_name\" content=\"Suveleht\" \/>\n<meta property=\"article:modified_time\" content=\"2026-02-26T08:24:35+00:00\" \/>\n<meta property=\"og:image\" content=\"http:\/\/suveleht.ee\/wp-content\/uploads\/2023\/05\/Reno-taustaga-1024x683.jpg\" \/>\n\t<meta property=\"og:image:width\" content=\"1024\" \/>\n\t<meta property=\"og:image:height\" content=\"683\" \/>\n\t<meta property=\"og:image:type\" content=\"image\/jpeg\" \/>\n<meta name=\"twitter:card\" content=\"summary_large_image\" \/>\n<meta name=\"twitter:label1\" content=\"Est. reading time\" \/>\n\t<meta name=\"twitter:data1\" content=\"1 minute\" \/>\n<script type=\"application\/ld+json\" class=\"yoast-schema-graph\">{\"@context\":\"https:\\\/\\\/schema.org\",\"@graph\":[{\"@type\":\"WebPage\",\"@id\":\"https:\\\/\\\/suveleht.ee\\\/toode\\\/reno-2032m2\\\/\",\"url\":\"https:\\\/\\\/suveleht.ee\\\/toode\\\/reno-2032m2\\\/\",\"name\":\"Reno 20,32m2 - Suveleht\",\"isPartOf\":{\"@id\":\"https:\\\/\\\/suveleht.ee\\\/#website\"},\"primaryImageOfPage\":{\"@id\":\"https:\\\/\\\/suveleht.ee\\\/toode\\\/reno-2032m2\\\/#primaryimage\"},\"image\":{\"@id\":\"https:\\\/\\\/suveleht.ee\\\/toode\\\/reno-2032m2\\\/#primaryimage\"},\"thumbnailUrl\":\"https:\\\/\\\/suveleht.ee\\\/wp-content\\\/uploads\\\/2023\\\/05\\\/Reno-taustaga.jpg\",\"datePublished\":\"2023-06-04T18:23:02+00:00\",\"dateModified\":\"2026-02-26T08:24:35+00:00\",\"breadcrumb\":{\"@id\":\"https:\\\/\\\/suveleht.ee\\\/toode\\\/reno-2032m2\\\/#breadcrumb\"},\"inLanguage\":\"en-US\",\"potentialAction\":[{\"@type\":\"ReadAction\",\"target\":[\"https:\\\/\\\/suveleht.ee\\\/toode\\\/reno-2032m2\\\/\"]}]},{\"@type\":\"ImageObject\",\"inLanguage\":\"en-US\",\"@id\":\"https:\\\/\\\/suveleht.ee\\\/toode\\\/reno-2032m2\\\/#primaryimage\",\"url\":\"https:\\\/\\\/suveleht.ee\\\/wp-content\\\/uploads\\\/2023\\\/05\\\/Reno-taustaga.jpg\",\"contentUrl\":\"https:\\\/\\\/suveleht.ee\\\/wp-content\\\/uploads\\\/2023\\\/05\\\/Reno-taustaga.jpg\",\"width\":2500,\"height\":1667},{\"@type\":\"BreadcrumbList\",\"@id\":\"https:\\\/\\\/suveleht.ee\\\/toode\\\/reno-2032m2\\\/#breadcrumb\",\"itemListElement\":[{\"@type\":\"ListItem\",\"position\":1,\"name\":\"Home\",\"item\":\"https:\\\/\\\/suveleht.ee\\\/\"},{\"@type\":\"ListItem\",\"position\":2,\"name\":\"Tooted\",\"item\":\"https:\\\/\\\/suveleht.ee\\\/tooted\\\/\"},{\"@type\":\"ListItem\",\"position\":3,\"name\":\"Reno 20,32m2\"}]},{\"@type\":\"WebSite\",\"@id\":\"https:\\\/\\\/suveleht.ee\\\/#website\",\"url\":\"https:\\\/\\\/suveleht.ee\\\/\",\"name\":\"Suveleht\",\"description\":\"Eestis toodetud aiamajad, m\u00e4nguv\u00e4ljakud ja k\u00fcmblust\u00fcnnid\",\"potentialAction\":[{\"@type\":\"SearchAction\",\"target\":{\"@type\":\"EntryPoint\",\"urlTemplate\":\"https:\\\/\\\/suveleht.ee\\\/?s={search_term_string}\"},\"query-input\":{\"@type\":\"PropertyValueSpecification\",\"valueRequired\":true,\"valueName\":\"search_term_string\"}}],\"inLanguage\":\"en-US\"}]}<\/script>\n<!-- \/ Yoast SEO plugin. -->","yoast_head_json":{"title":"Reno 20,32m2 - Suveleht","robots":{"index":"index","follow":"follow","max-snippet":"max-snippet:-1","max-image-preview":"max-image-preview:large","max-video-preview":"max-video-preview:-1"},"canonical":"https:\/\/suveleht.ee\/toode\/reno-2032m2\/","og_locale":"en_US","og_type":"article","og_title":"Reno 20,32m2 - Suveleht","og_description":"* TASUTA TRANSPORT * Garantii 5 aastat * V\u00f5imalik valida nelja viimistluse vahel: helehall, tumehall, punane, viimistlemata. Komplekti kuuluvad seinad, avat\u00e4ited, katusetalad ja -lauad, liistud, katusekattematerjal ruberoid rullis (katusepapp) ja montaa\u017eivahendid (naelad\/kruvid). P\u00f5rand ei ole komplektis.   Ehitus: Tuuletapiga nurga\u00fchendus Seina paksus 28 mm: Seinam\u00f5\u00f5dud: 760x275 cm P\u00f5randa pindala: 20.32 m2 Viiluseina k\u00f5rgus: 210.9 cm Seina k\u00f5rgus: 188.1 cm Katuse \u00fcleulatus: 20 cm Katuse pindala: 24.6 m2 Katusekalle: 5.7\u00b0 Uks: 1 x 1494 x 1850 mm  Aken: 1 x 685 x 882 mm Pakend: 440x118x64.5 cm 895 kg","og_url":"https:\/\/suveleht.ee\/toode\/reno-2032m2\/","og_site_name":"Suveleht","article_modified_time":"2026-02-26T08:24:35+00:00","og_image":[{"width":1024,"height":683,"url":"http:\/\/suveleht.ee\/wp-content\/uploads\/2023\/05\/Reno-taustaga-1024x683.jpg","type":"image\/jpeg"}],"twitter_card":"summary_large_image","twitter_misc":{"Est. reading time":"1 minute"},"schema":{"@context":"https:\/\/schema.org","@graph":[{"@type":"WebPage","@id":"https:\/\/suveleht.ee\/toode\/reno-2032m2\/","url":"https:\/\/suveleht.ee\/toode\/reno-2032m2\/","name":"Reno 20,32m2 - Suveleht","isPartOf":{"@id":"https:\/\/suveleht.ee\/#website"},"primaryImageOfPage":{"@id":"https:\/\/suveleht.ee\/toode\/reno-2032m2\/#primaryimage"},"image":{"@id":"https:\/\/suveleht.ee\/toode\/reno-2032m2\/#primaryimage"},"thumbnailUrl":"https:\/\/suveleht.ee\/wp-content\/uploads\/2023\/05\/Reno-taustaga.jpg","datePublished":"2023-06-04T18:23:02+00:00","dateModified":"2026-02-26T08:24:35+00:00","breadcrumb":{"@id":"https:\/\/suveleht.ee\/toode\/reno-2032m2\/#breadcrumb"},"inLanguage":"en-US","potentialAction":[{"@type":"ReadAction","target":["https:\/\/suveleht.ee\/toode\/reno-2032m2\/"]}]},{"@type":"ImageObject","inLanguage":"en-US","@id":"https:\/\/suveleht.ee\/toode\/reno-2032m2\/#primaryimage","url":"https:\/\/suveleht.ee\/wp-content\/uploads\/2023\/05\/Reno-taustaga.jpg","contentUrl":"https:\/\/suveleht.ee\/wp-content\/uploads\/2023\/05\/Reno-taustaga.jpg","width":2500,"height":1667},{"@type":"BreadcrumbList","@id":"https:\/\/suveleht.ee\/toode\/reno-2032m2\/#breadcrumb","itemListElement":[{"@type":"ListItem","position":1,"name":"Home","item":"https:\/\/suveleht.ee\/"},{"@type":"ListItem","position":2,"name":"Tooted","item":"https:\/\/suveleht.ee\/tooted\/"},{"@type":"ListItem","position":3,"name":"Reno 20,32m2"}]},{"@type":"WebSite","@id":"https:\/\/suveleht.ee\/#website","url":"https:\/\/suveleht.ee\/","name":"Suveleht","description":"Eestis toodetud aiamajad, m\u00e4nguv\u00e4ljakud ja k\u00fcmblust\u00fcnnid","potentialAction":[{"@type":"SearchAction","target":{"@type":"EntryPoint","urlTemplate":"https:\/\/suveleht.ee\/?s={search_term_string}"},"query-input":{"@type":"PropertyValueSpecification","valueRequired":true,"valueName":"search_term_string"}}],"inLanguage":"en-US"}]}},"_links":{"self":[{"href":"https:\/\/suveleht.ee\/en\/wp-json\/wp\/v2\/product\/4504","targetHints":{"allow":["GET"]}}],"collection":[{"href":"https:\/\/suveleht.ee\/en\/wp-json\/wp\/v2\/product"}],"about":[{"href":"https:\/\/suveleht.ee\/en\/wp-json\/wp\/v2\/types\/product"}],"wp:featuredmedia":[{"embeddable":true,"href":"https:\/\/suveleht.ee\/en\/wp-json\/wp\/v2\/media\/1509"}],"wp:attachment":[{"href":"https:\/\/suveleht.ee\/en\/wp-json\/wp\/v2\/media?parent=4504"}],"wp:term":[{"taxonomy":"product_brand","embeddable":true,"href":"https:\/\/suveleht.ee\/en\/wp-json\/wp\/v2\/product_brand?post=4504"},{"taxonomy":"product_cat","embeddable":true,"href":"https:\/\/suveleht.ee\/en\/wp-json\/wp\/v2\/product_cat?post=4504"},{"taxonomy":"product_tag","embeddable":true,"href":"https:\/\/suveleht.ee\/en\/wp-json\/wp\/v2\/product_tag?post=4504"}],"curies":[{"name":"wp","href":"https:\/\/api.w.org\/{rel}","templated":true}]}}