{"id":4498,"date":"2023-06-04T18:22:59","date_gmt":"2023-06-04T18:22:59","guid":{"rendered":"https:\/\/suveleht.ee\/?post_type=product&#038;p=4498"},"modified":"2026-02-25T15:25:48","modified_gmt":"2026-02-25T15:25:48","slug":"keila34-1143m2","status":"publish","type":"product","link":"https:\/\/suveleht.ee\/en\/toode\/keila34-1143m2\/","title":{"rendered":"Keila34 11,43m2"},"content":{"rendered":"","protected":false},"excerpt":{"rendered":"<p>* TASUTA TRANSPORT<br \/>\n* Garantii 5 aastat<br \/>\nKeila 34 aiamaja on klassikalise v\u00e4limusega aiamaja, millel on t\u00e4islaudis uksega praktiline kuur, samas kui teine osa on t\u00e4nu osaliste klaasuste ja aknaga valgusk\u00fcllane mitmeotstarbeline ruum.  P\u00f5rand kuulub komplekti.<\/p>\n<p>Ehitus: Tuuletapiga nurga\u00fchendus<br \/>\nSeina paksus: 34 mm<br \/>\nSeinam\u00f5\u00f5dud: 425&#215;280 cm<br \/>\nP\u00f5randa pindala: 11.43 m2<br \/>\nViiluseina k\u00f5rgus: 256.5 cm<br \/>\nSeina k\u00f5rgus: 205.2 cm<br \/>\nKatuse \u00fcleulatus: 50 cm<br \/>\nKatuse pindala: 17.15 m2<br \/>\nKatusekalle: 13.8\u00b0<br \/>\nUks: 1 x 1494 x 1850 mm 1 x 775 x 1850 mm<br \/>\nAken: 1 x 1290 x 882 mm<br \/>\nPakend: 450x118x69 cm 978 kg<\/p>\n<p><a href=\"http:\/\/suveleht.ee\/wp-content\/uploads\/2023\/06\/Keila-34-manuaal.pdf\">Keila 34 manuaal<\/a><br \/>\n<a href=\"http:\/\/suveleht.ee\/wp-content\/uploads\/2023\/06\/Uldine-paigaldusjuhend.pdf\">\u00dcldine paigaldusjuhend<\/a><\/p>\n","protected":false},"featured_media":1484,"template":"","meta":{"inline_featured_image":false},"product_brand":[],"product_cat":[45,46],"product_tag":[],"class_list":{"0":"post-4498","1":"product","2":"type-product","3":"status-publish","4":"has-post-thumbnail","6":"product_cat-aiamajad","7":"product_cat-hoiuruumid","9":"first","10":"instock","11":"taxable","12":"shipping-taxable","13":"purchasable","14":"product-type-variable"},"yoast_head":"<!-- This site is optimized with the Yoast SEO plugin v27.5 - https:\/\/yoast.com\/product\/yoast-seo-wordpress\/ -->\n<title>Keila34 11,43m2 - Suveleht<\/title>\n<meta name=\"robots\" content=\"index, follow, max-snippet:-1, max-image-preview:large, max-video-preview:-1\" \/>\n<link rel=\"canonical\" href=\"https:\/\/suveleht.ee\/toode\/keila34-1143m2\/\" \/>\n<meta property=\"og:locale\" content=\"en_US\" \/>\n<meta property=\"og:type\" content=\"article\" \/>\n<meta property=\"og:title\" content=\"Keila34 11,43m2 - Suveleht\" \/>\n<meta property=\"og:description\" content=\"* TASUTA TRANSPORT * Garantii 5 aastat Keila 34 aiamaja on klassikalise v\u00e4limusega aiamaja, millel on t\u00e4islaudis uksega praktiline kuur, samas kui teine osa on t\u00e4nu osaliste klaasuste ja aknaga valgusk\u00fcllane mitmeotstarbeline ruum. P\u00f5rand kuulub komplekti.  Ehitus: Tuuletapiga nurga\u00fchendus Seina paksus: 34 mm Seinam\u00f5\u00f5dud: 425x280 cm P\u00f5randa pindala: 11.43 m2 Viiluseina k\u00f5rgus: 256.5 cm Seina k\u00f5rgus: 205.2 cm Katuse \u00fcleulatus: 50 cm Katuse pindala: 17.15 m2 Katusekalle: 13.8\u00b0 Uks: 1 x 1494 x 1850 mm 1 x 775 x 1850 mm Aken: 1 x 1290 x 882 mm Pakend: 450x118x69 cm 978 kg  Keila 34 manuaal \u00dcldine paigaldusjuhend\" \/>\n<meta property=\"og:url\" content=\"https:\/\/suveleht.ee\/toode\/keila34-1143m2\/\" \/>\n<meta property=\"og:site_name\" content=\"Suveleht\" \/>\n<meta property=\"article:modified_time\" content=\"2026-02-25T15:25:48+00:00\" \/>\n<meta property=\"og:image\" content=\"http:\/\/suveleht.ee\/wp-content\/uploads\/2023\/05\/Keila-34-taust-1024x683.jpg\" \/>\n\t<meta property=\"og:image:width\" content=\"1024\" \/>\n\t<meta property=\"og:image:height\" content=\"683\" \/>\n\t<meta property=\"og:image:type\" content=\"image\/jpeg\" \/>\n<meta name=\"twitter:card\" content=\"summary_large_image\" \/>\n<meta name=\"twitter:label1\" content=\"Est. reading time\" \/>\n\t<meta name=\"twitter:data1\" content=\"1 minute\" \/>\n<script type=\"application\/ld+json\" class=\"yoast-schema-graph\">{\"@context\":\"https:\\\/\\\/schema.org\",\"@graph\":[{\"@type\":\"WebPage\",\"@id\":\"https:\\\/\\\/suveleht.ee\\\/toode\\\/keila34-1143m2\\\/\",\"url\":\"https:\\\/\\\/suveleht.ee\\\/toode\\\/keila34-1143m2\\\/\",\"name\":\"Keila34 11,43m2 - Suveleht\",\"isPartOf\":{\"@id\":\"https:\\\/\\\/suveleht.ee\\\/#website\"},\"primaryImageOfPage\":{\"@id\":\"https:\\\/\\\/suveleht.ee\\\/toode\\\/keila34-1143m2\\\/#primaryimage\"},\"image\":{\"@id\":\"https:\\\/\\\/suveleht.ee\\\/toode\\\/keila34-1143m2\\\/#primaryimage\"},\"thumbnailUrl\":\"https:\\\/\\\/suveleht.ee\\\/wp-content\\\/uploads\\\/2023\\\/05\\\/Keila-34-taust.jpg\",\"datePublished\":\"2023-06-04T18:22:59+00:00\",\"dateModified\":\"2026-02-25T15:25:48+00:00\",\"breadcrumb\":{\"@id\":\"https:\\\/\\\/suveleht.ee\\\/toode\\\/keila34-1143m2\\\/#breadcrumb\"},\"inLanguage\":\"en-US\",\"potentialAction\":[{\"@type\":\"ReadAction\",\"target\":[\"https:\\\/\\\/suveleht.ee\\\/toode\\\/keila34-1143m2\\\/\"]}]},{\"@type\":\"ImageObject\",\"inLanguage\":\"en-US\",\"@id\":\"https:\\\/\\\/suveleht.ee\\\/toode\\\/keila34-1143m2\\\/#primaryimage\",\"url\":\"https:\\\/\\\/suveleht.ee\\\/wp-content\\\/uploads\\\/2023\\\/05\\\/Keila-34-taust.jpg\",\"contentUrl\":\"https:\\\/\\\/suveleht.ee\\\/wp-content\\\/uploads\\\/2023\\\/05\\\/Keila-34-taust.jpg\",\"width\":2500,\"height\":1667},{\"@type\":\"BreadcrumbList\",\"@id\":\"https:\\\/\\\/suveleht.ee\\\/toode\\\/keila34-1143m2\\\/#breadcrumb\",\"itemListElement\":[{\"@type\":\"ListItem\",\"position\":1,\"name\":\"Home\",\"item\":\"https:\\\/\\\/suveleht.ee\\\/\"},{\"@type\":\"ListItem\",\"position\":2,\"name\":\"Tooted\",\"item\":\"https:\\\/\\\/suveleht.ee\\\/tooted\\\/\"},{\"@type\":\"ListItem\",\"position\":3,\"name\":\"Keila34 11,43m2\"}]},{\"@type\":\"WebSite\",\"@id\":\"https:\\\/\\\/suveleht.ee\\\/#website\",\"url\":\"https:\\\/\\\/suveleht.ee\\\/\",\"name\":\"Suveleht\",\"description\":\"Eestis toodetud aiamajad, m\u00e4nguv\u00e4ljakud ja k\u00fcmblust\u00fcnnid\",\"potentialAction\":[{\"@type\":\"SearchAction\",\"target\":{\"@type\":\"EntryPoint\",\"urlTemplate\":\"https:\\\/\\\/suveleht.ee\\\/?s={search_term_string}\"},\"query-input\":{\"@type\":\"PropertyValueSpecification\",\"valueRequired\":true,\"valueName\":\"search_term_string\"}}],\"inLanguage\":\"en-US\"}]}<\/script>\n<!-- \/ Yoast SEO plugin. -->","yoast_head_json":{"title":"Keila34 11,43m2 - Suveleht","robots":{"index":"index","follow":"follow","max-snippet":"max-snippet:-1","max-image-preview":"max-image-preview:large","max-video-preview":"max-video-preview:-1"},"canonical":"https:\/\/suveleht.ee\/toode\/keila34-1143m2\/","og_locale":"en_US","og_type":"article","og_title":"Keila34 11,43m2 - Suveleht","og_description":"* TASUTA TRANSPORT * Garantii 5 aastat Keila 34 aiamaja on klassikalise v\u00e4limusega aiamaja, millel on t\u00e4islaudis uksega praktiline kuur, samas kui teine osa on t\u00e4nu osaliste klaasuste ja aknaga valgusk\u00fcllane mitmeotstarbeline ruum. P\u00f5rand kuulub komplekti.  Ehitus: Tuuletapiga nurga\u00fchendus Seina paksus: 34 mm Seinam\u00f5\u00f5dud: 425x280 cm P\u00f5randa pindala: 11.43 m2 Viiluseina k\u00f5rgus: 256.5 cm Seina k\u00f5rgus: 205.2 cm Katuse \u00fcleulatus: 50 cm Katuse pindala: 17.15 m2 Katusekalle: 13.8\u00b0 Uks: 1 x 1494 x 1850 mm 1 x 775 x 1850 mm Aken: 1 x 1290 x 882 mm Pakend: 450x118x69 cm 978 kg  Keila 34 manuaal \u00dcldine paigaldusjuhend","og_url":"https:\/\/suveleht.ee\/toode\/keila34-1143m2\/","og_site_name":"Suveleht","article_modified_time":"2026-02-25T15:25:48+00:00","og_image":[{"width":1024,"height":683,"url":"http:\/\/suveleht.ee\/wp-content\/uploads\/2023\/05\/Keila-34-taust-1024x683.jpg","type":"image\/jpeg"}],"twitter_card":"summary_large_image","twitter_misc":{"Est. reading time":"1 minute"},"schema":{"@context":"https:\/\/schema.org","@graph":[{"@type":"WebPage","@id":"https:\/\/suveleht.ee\/toode\/keila34-1143m2\/","url":"https:\/\/suveleht.ee\/toode\/keila34-1143m2\/","name":"Keila34 11,43m2 - Suveleht","isPartOf":{"@id":"https:\/\/suveleht.ee\/#website"},"primaryImageOfPage":{"@id":"https:\/\/suveleht.ee\/toode\/keila34-1143m2\/#primaryimage"},"image":{"@id":"https:\/\/suveleht.ee\/toode\/keila34-1143m2\/#primaryimage"},"thumbnailUrl":"https:\/\/suveleht.ee\/wp-content\/uploads\/2023\/05\/Keila-34-taust.jpg","datePublished":"2023-06-04T18:22:59+00:00","dateModified":"2026-02-25T15:25:48+00:00","breadcrumb":{"@id":"https:\/\/suveleht.ee\/toode\/keila34-1143m2\/#breadcrumb"},"inLanguage":"en-US","potentialAction":[{"@type":"ReadAction","target":["https:\/\/suveleht.ee\/toode\/keila34-1143m2\/"]}]},{"@type":"ImageObject","inLanguage":"en-US","@id":"https:\/\/suveleht.ee\/toode\/keila34-1143m2\/#primaryimage","url":"https:\/\/suveleht.ee\/wp-content\/uploads\/2023\/05\/Keila-34-taust.jpg","contentUrl":"https:\/\/suveleht.ee\/wp-content\/uploads\/2023\/05\/Keila-34-taust.jpg","width":2500,"height":1667},{"@type":"BreadcrumbList","@id":"https:\/\/suveleht.ee\/toode\/keila34-1143m2\/#breadcrumb","itemListElement":[{"@type":"ListItem","position":1,"name":"Home","item":"https:\/\/suveleht.ee\/"},{"@type":"ListItem","position":2,"name":"Tooted","item":"https:\/\/suveleht.ee\/tooted\/"},{"@type":"ListItem","position":3,"name":"Keila34 11,43m2"}]},{"@type":"WebSite","@id":"https:\/\/suveleht.ee\/#website","url":"https:\/\/suveleht.ee\/","name":"Suveleht","description":"Eestis toodetud aiamajad, m\u00e4nguv\u00e4ljakud ja k\u00fcmblust\u00fcnnid","potentialAction":[{"@type":"SearchAction","target":{"@type":"EntryPoint","urlTemplate":"https:\/\/suveleht.ee\/?s={search_term_string}"},"query-input":{"@type":"PropertyValueSpecification","valueRequired":true,"valueName":"search_term_string"}}],"inLanguage":"en-US"}]}},"_links":{"self":[{"href":"https:\/\/suveleht.ee\/en\/wp-json\/wp\/v2\/product\/4498","targetHints":{"allow":["GET"]}}],"collection":[{"href":"https:\/\/suveleht.ee\/en\/wp-json\/wp\/v2\/product"}],"about":[{"href":"https:\/\/suveleht.ee\/en\/wp-json\/wp\/v2\/types\/product"}],"wp:featuredmedia":[{"embeddable":true,"href":"https:\/\/suveleht.ee\/en\/wp-json\/wp\/v2\/media\/1484"}],"wp:attachment":[{"href":"https:\/\/suveleht.ee\/en\/wp-json\/wp\/v2\/media?parent=4498"}],"wp:term":[{"taxonomy":"product_brand","embeddable":true,"href":"https:\/\/suveleht.ee\/en\/wp-json\/wp\/v2\/product_brand?post=4498"},{"taxonomy":"product_cat","embeddable":true,"href":"https:\/\/suveleht.ee\/en\/wp-json\/wp\/v2\/product_cat?post=4498"},{"taxonomy":"product_tag","embeddable":true,"href":"https:\/\/suveleht.ee\/en\/wp-json\/wp\/v2\/product_tag?post=4498"}],"curies":[{"name":"wp","href":"https:\/\/api.w.org\/{rel}","templated":true}]}}